{"id":1909,"date":"2018-07-06T09:19:54","date_gmt":"2018-07-06T09:19:54","guid":{"rendered":"http:\/\/192.168.1.123\/woovina.net\/mimosa-03\/?page_id=1909"},"modified":"2018-07-06T09:19:54","modified_gmt":"2018-07-06T09:19:54","slug":"coming-soon","status":"publish","type":"page","link":"https:\/\/chocolatlulu.com\/en\/coming-soon\/","title":{"rendered":"Coming Soon"},"content":{"rendered":"\t\t<div data-elementor-type=\"wp-post\" data-elementor-id=\"1909\" class=\"elementor elementor-1909 elementor-bc-flex-widget\">\n\t\t\t\t\t\t<section class=\"elementor-section elementor-top-section elementor-element elementor-element-9c94306 elementor-section-stretched elementor-section-full_width elementor-section-height-full elementor-section-content-middle elementor-section-height-default elementor-section-items-middle\" data-id=\"9c94306\" data-element_type=\"section\" data-e-type=\"section\" data-settings=\"{&quot;stretch_section&quot;:&quot;section-stretched&quot;,&quot;background_background&quot;:&quot;classic&quot;}\">\n\t\t\t\t\t\t\t<div class=\"elementor-background-overlay\"><\/div>\n\t\t\t\t\t\t\t<div class=\"elementor-container elementor-column-gap-default\">\n\t\t\t\t\t<div class=\"elementor-column elementor-col-100 elementor-top-column elementor-element elementor-element-56f0db9\" data-id=\"56f0db9\" data-element_type=\"column\" data-e-type=\"column\">\n\t\t\t<div class=\"elementor-widget-wrap elementor-element-populated\">\n\t\t\t\t\t\t<div class=\"elementor-element elementor-element-a05ba8c elementor-widget elementor-widget-heading\" data-id=\"a05ba8c\" data-element_type=\"widget\" data-e-type=\"widget\" data-widget_type=\"heading.default\">\n\t\t\t\t<div class=\"elementor-widget-container\">\n\t\t\t\t\t<h2 class=\"elementor-heading-title elementor-size-default\">We\u2019re working hard for the best experience<\/h2>\t\t\t\t<\/div>\n\t\t\t\t<\/div>\n\t\t\t\t<div class=\"elementor-element elementor-element-2be9564 elementor-widget elementor-widget-countdown\" data-id=\"2be9564\" data-element_type=\"widget\" data-e-type=\"widget\" data-widget_type=\"countdown.default\">\n\t\t\t\t<div class=\"elementor-widget-container\">\n\t\t\t\t\t \t\t\t\t<\/div>\n\t\t\t\t<\/div>\n\t\t\t\t<div class=\"elementor-element elementor-element-c5949f6 elementor-widget-divider--view-line elementor-widget elementor-widget-divider\" data-id=\"c5949f6\" data-element_type=\"widget\" data-e-type=\"widget\" data-widget_type=\"divider.default\">\n\t\t\t\t<div class=\"elementor-widget-container\">\n\t\t\t\t\t\t\t<div class=\"elementor-divider\">\n\t\t\t<span class=\"elementor-divider-separator\">\n\t\t\t\t\t\t<\/span>\n\t\t<\/div>\n\t\t\t\t\t\t<\/div>\n\t\t\t\t<\/div>\n\t\t\t\t<div class=\"elementor-element elementor-element-5895e18 elementor-widget elementor-widget-text-editor\" data-id=\"5895e18\" data-element_type=\"widget\" data-e-type=\"widget\" data-widget_type=\"text-editor.default\">\n\t\t\t\t<div class=\"elementor-widget-container\">\n\t\t\t\t\t\t\t\t\t<p>Enter your e-mail address to get the latest notificatons from us<\/p>\t\t\t\t\t\t\t\t<\/div>\n\t\t\t\t<\/div>\n\t\t\t\t<div class=\"elementor-element elementor-element-caa3f89 elementor-align-center elementor-widget elementor-widget-wew-newsletter\" data-id=\"caa3f89\" data-element_type=\"widget\" data-e-type=\"widget\" data-widget_type=\"wew-newsletter.default\">\n\t\t\t\t<div class=\"elementor-widget-container\">\n\t\t\t\t\t\n\t\t<div class=\"wew-newsletter-form clr\" data-ajaxurl=\"https:\/\/chocolatlulu.com\/wp-admin\/admin-ajax.php\">\n\n\t\t\t<div id=\"mc_embed_signup\" class=\"wew-newsletter-form-wrap\">\n\n\t            <form action=\"\" method=\"post\" id=\"mc-embedded-subscribe-form\" name=\"mc-embedded-subscribe-form\" class=\"validate\" novalidate>\n\n                    <div class=\"email-wrap elem-wrap\">\n                        <input type=\"email\" value=\"Your e-mail...\" onfocus=\"if(this.value == this.defaultValue)this.value = '';\" onblur=\"if(this.value == '')this.value = this.defaultValue;\" name=\"EMAIL\" class=\"required email\">\n\n                                                    <button type=\"submit\" value=\"\" name=\"subscribe\" class=\"wew-newsletter-form-button button\">\n                                Go                            <\/button>\n                                            <\/div>\n                    <span class=\"email-err err-msg req\" style=\"display:none;\">Email is required.<\/span>\n                    <span class=\"email-err err-msg not-valid\" style=\"display:none;\">Email not valid.<\/span>\n\n                                            <div class=\"gdpr-wrap elem-wrap\">\n                            <label><input type=\"checkbox\" name=\"GDPR\" value=\"1\" class=\"gdpr required\">Accept GDPR Terms<\/label>\n                            <span class=\"gdpr-err err-msg\" style=\"display:none;\">This field is required<\/span>\n                        <\/div>\n                    \n                    <div class=\"success res-msg\" style=\"display:none;\">Thanks for your subscription.<\/div>\n                    <div class=\"failed  res-msg\" style=\"display:none;\">Failed to subscribe, please contact admin.<\/div>\n                <\/form>\n\n\t        <\/div><!--.wew-newsletter-form-wrap-->\n\n\t    <\/div><!-- .wew-newsletter-form -->\n\n\t\t\t\t\t<\/div>\n\t\t\t\t<\/div>\n\t\t\t\t\t<\/div>\n\t\t<\/div>\n\t\t\t\t\t<\/div>\n\t\t<\/section>\n\t\t\t\t<\/div>\n\t\t","protected":false},"excerpt":{"rendered":"<p>We\u2019re working hard for the best experience Enter your e-mail address to get the latest notificatons from us Go<\/p>\n","protected":false},"author":1,"featured_media":0,"parent":0,"menu_order":0,"comment_status":"closed","ping_status":"closed","template":"","meta":{"jetpack_post_was_ever_published":false,"footnotes":""},"class_list":["post-1909","page","type-page","status-publish","hentry","entry","wvn-thumbs-layout-horizontal","wvn-btn-normal","wvn-tabs-layout-horizontal","has-no-thumbnails"],"yoast_head":"<!-- This site is optimized with the Yoast SEO plugin v27.2 - https:\/\/yoast.com\/product\/yoast-seo-wordpress\/ -->\n<title>Chocolat Lulu Coming Soon -<\/title>\n<meta name=\"robots\" content=\"index, follow, max-snippet:-1, max-image-preview:large, max-video-preview:-1\" \/>\n<link rel=\"canonical\" href=\"https:\/\/chocolatlulu.com\/en\/coming-soon\/\" \/>\n<meta property=\"og:locale\" content=\"fr_FR\" \/>\n<meta property=\"og:locale:alternate\" content=\"fr_FR\" \/>\n<meta property=\"og:type\" content=\"article\" \/>\n<meta property=\"og:title\" content=\"Chocolat Lulu Coming Soon -\" \/>\n<meta property=\"og:description\" content=\"We\u2019re working hard for the best experience Enter your e-mail address to get the latest notificatons from us Go\" \/>\n<meta property=\"og:url\" content=\"https:\/\/chocolatlulu.com\/en\/coming-soon\/?lang=en\" \/>\n<meta property=\"og:site_name\" content=\"Chocolat Lulu\" \/>\n<meta property=\"article:publisher\" content=\"https:\/\/www.facebook.com\/ChocolatsLulu\/\" \/>\n<meta name=\"twitter:card\" content=\"summary_large_image\" \/>\n<script type=\"application\/ld+json\" class=\"yoast-schema-graph\">{\"@context\":\"https:\/\/schema.org\",\"@graph\":[{\"@type\":\"WebPage\",\"@id\":\"https:\/\/chocolatlulu.com\/en\/coming-soon\/?lang=en\",\"url\":\"https:\/\/chocolatlulu.com\/en\/coming-soon\/?lang=en\",\"name\":\"Chocolat Lulu Coming Soon -\",\"isPartOf\":{\"@id\":\"https:\/\/chocolatlulu.com\/#website\"},\"datePublished\":\"2018-07-06T09:19:54+00:00\",\"breadcrumb\":{\"@id\":\"https:\/\/chocolatlulu.com\/en\/coming-soon\/?lang=en#breadcrumb\"},\"inLanguage\":\"fr-FR\",\"potentialAction\":[{\"@type\":\"ReadAction\",\"target\":[\"https:\/\/chocolatlulu.com\/en\/coming-soon\/?lang=en\"]}]},{\"@type\":\"BreadcrumbList\",\"@id\":\"https:\/\/chocolatlulu.com\/en\/coming-soon\/?lang=en#breadcrumb\",\"itemListElement\":[{\"@type\":\"ListItem\",\"position\":1,\"name\":\"Accueil\",\"item\":\"https:\/\/chocolatlulu.com\/\"},{\"@type\":\"ListItem\",\"position\":2,\"name\":\"Coming Soon\"}]},{\"@type\":\"WebSite\",\"@id\":\"https:\/\/chocolatlulu.com\/#website\",\"url\":\"https:\/\/chocolatlulu.com\/\",\"name\":\"Chocolat Lulu\",\"description\":\"Chocolaterie, Bar Laitier !\",\"publisher\":{\"@id\":\"https:\/\/chocolatlulu.com\/#organization\"},\"potentialAction\":[{\"@type\":\"SearchAction\",\"target\":{\"@type\":\"EntryPoint\",\"urlTemplate\":\"https:\/\/chocolatlulu.com\/?s={search_term_string}\"},\"query-input\":{\"@type\":\"PropertyValueSpecification\",\"valueRequired\":true,\"valueName\":\"search_term_string\"}}],\"inLanguage\":\"fr-FR\"},{\"@type\":\"Organization\",\"@id\":\"https:\/\/chocolatlulu.com\/#organization\",\"name\":\"Chocolat Lulu\",\"url\":\"https:\/\/chocolatlulu.com\/\",\"logo\":{\"@type\":\"ImageObject\",\"inLanguage\":\"fr-FR\",\"@id\":\"https:\/\/chocolatlulu.com\/#\/schema\/logo\/image\/\",\"url\":\"https:\/\/chocolatlulu.com\/wp-content\/uploads\/2018\/09\/cropped-logotransparant.png\",\"contentUrl\":\"https:\/\/chocolatlulu.com\/wp-content\/uploads\/2018\/09\/cropped-logotransparant.png\",\"width\":512,\"height\":512,\"caption\":\"Chocolat Lulu\"},\"image\":{\"@id\":\"https:\/\/chocolatlulu.com\/#\/schema\/logo\/image\/\"},\"sameAs\":[\"https:\/\/www.facebook.com\/ChocolatsLulu\/\"]}]}<\/script>\n<!-- \/ Yoast SEO plugin. -->","yoast_head_json":{"title":"Chocolat Lulu Coming Soon -","robots":{"index":"index","follow":"follow","max-snippet":"max-snippet:-1","max-image-preview":"max-image-preview:large","max-video-preview":"max-video-preview:-1"},"canonical":"https:\/\/chocolatlulu.com\/en\/coming-soon\/","og_locale":"fr_FR","og_type":"article","og_title":"Chocolat Lulu Coming Soon -","og_description":"We\u2019re working hard for the best experience Enter your e-mail address to get the latest notificatons from us Go","og_url":"https:\/\/chocolatlulu.com\/en\/coming-soon\/?lang=en","og_site_name":"Chocolat Lulu","article_publisher":"https:\/\/www.facebook.com\/ChocolatsLulu\/","twitter_card":"summary_large_image","schema":{"@context":"https:\/\/schema.org","@graph":[{"@type":"WebPage","@id":"https:\/\/chocolatlulu.com\/en\/coming-soon\/?lang=en","url":"https:\/\/chocolatlulu.com\/en\/coming-soon\/?lang=en","name":"Chocolat Lulu Coming Soon -","isPartOf":{"@id":"https:\/\/chocolatlulu.com\/#website"},"datePublished":"2018-07-06T09:19:54+00:00","breadcrumb":{"@id":"https:\/\/chocolatlulu.com\/en\/coming-soon\/?lang=en#breadcrumb"},"inLanguage":"fr-FR","potentialAction":[{"@type":"ReadAction","target":["https:\/\/chocolatlulu.com\/en\/coming-soon\/?lang=en"]}]},{"@type":"BreadcrumbList","@id":"https:\/\/chocolatlulu.com\/en\/coming-soon\/?lang=en#breadcrumb","itemListElement":[{"@type":"ListItem","position":1,"name":"Accueil","item":"https:\/\/chocolatlulu.com\/"},{"@type":"ListItem","position":2,"name":"Coming Soon"}]},{"@type":"WebSite","@id":"https:\/\/chocolatlulu.com\/#website","url":"https:\/\/chocolatlulu.com\/","name":"Chocolat Lulu","description":"Chocolaterie, Bar Laitier !","publisher":{"@id":"https:\/\/chocolatlulu.com\/#organization"},"potentialAction":[{"@type":"SearchAction","target":{"@type":"EntryPoint","urlTemplate":"https:\/\/chocolatlulu.com\/?s={search_term_string}"},"query-input":{"@type":"PropertyValueSpecification","valueRequired":true,"valueName":"search_term_string"}}],"inLanguage":"fr-FR"},{"@type":"Organization","@id":"https:\/\/chocolatlulu.com\/#organization","name":"Chocolat Lulu","url":"https:\/\/chocolatlulu.com\/","logo":{"@type":"ImageObject","inLanguage":"fr-FR","@id":"https:\/\/chocolatlulu.com\/#\/schema\/logo\/image\/","url":"https:\/\/chocolatlulu.com\/wp-content\/uploads\/2018\/09\/cropped-logotransparant.png","contentUrl":"https:\/\/chocolatlulu.com\/wp-content\/uploads\/2018\/09\/cropped-logotransparant.png","width":512,"height":512,"caption":"Chocolat Lulu"},"image":{"@id":"https:\/\/chocolatlulu.com\/#\/schema\/logo\/image\/"},"sameAs":["https:\/\/www.facebook.com\/ChocolatsLulu\/"]}]}},"jetpack_sharing_enabled":true,"jetpack_shortlink":"https:\/\/wp.me\/P9Deiw-uN","jetpack-related-posts":[{"id":7402,"url":"https:\/\/chocolatlulu.com\/en\/remboursements_retours\/","url_meta":{"origin":1909,"position":0},"title":"Politique en mati\u00e8re de remboursements et de retours","author":"AdEnakLbVa","date":"1 April 2022","format":false,"excerpt":"[:fr] This is a sample page. Overview Our refund and returns policy lasts 30 days. If 30 days have passed since your purchase, we can\u2019t offer you a full refund or exchange. To be eligible for a return, your item must be unused and in the same condition that you\u2026","rel":"","context":"Similar post","block_context":{"text":"Similar post","link":""},"img":{"alt_text":"","src":"","width":0,"height":0},"classes":[]},{"id":1884,"url":"https:\/\/chocolatlulu.com\/en\/faqs\/?lang=en","url_meta":{"origin":1909,"position":1},"title":"FAQs","author":"AdEnakLbVa","date":"6 July 2018","format":false,"excerpt":"Frequently Asked QustionsDonec tincidunt ligula sed risus semper lobortis. Quisque vitae nibh id eros ullamcorper tincidunt in eget lectus. Quisque porttitor massa vel massa rutrum, quis tempor ipsum ullamcorper. Interdum et malesuada fames ac ante ipsum primis in faucibus. Aliquam vel dui vel neque tincidunt pharetra. How can I change\u2026","rel":"","context":"Similar post","block_context":{"text":"Similar post","link":""},"img":{"alt_text":"","src":"","width":0,"height":0},"classes":[]},{"id":1473,"url":"https:\/\/chocolatlulu.com\/en\/contact-us\/?lang=en","url_meta":{"origin":1909,"position":2},"title":"Contact Us","author":"AdEnakLbVa","date":"19 April 2018","format":false,"excerpt":"[:fr]Come & Visit Us Praesent et tristique orci. Nulla consequat tincidunt tortor, nec consectetur dolor. Cras nec fringilla justo. Vivamus vel tempor erat. Proin vestibulum metus sit amet eros interdum vestibulum. Contact Form Your email address will not be published. Required fields are marked *[:]","rel":"","context":"Similar post","block_context":{"text":"Similar post","link":""},"img":{"alt_text":"Jesuery 00 \u2013 WooVina","src":"https:\/\/i0.wp.com\/192.168.1.123\/woovina.net\/mimosa-03\/wp-content\/uploads\/2018\/07\/logo.png?resize=350%2C200","width":350,"height":200},"classes":[]},{"id":10,"url":"https:\/\/chocolatlulu.com\/en\/about-us\/?lang=en","url_meta":{"origin":1909,"position":3},"title":"About Us","author":"AdEnakLbVa","date":"15 January 2018","format":false,"excerpt":"[:fr]About Jesuery Bakery\u201cJesuery rutrum turpis eget risus dapibus maximus. Morbi vel porttitor diam. Proin consectetur suscipit commodo. Fusce et tristique ipsum, quis auctor lectus. Cras aliquam arcu sit amet risus fermentum mattis. Nunc sit amet semper lectus. Nullam mattis enim at ultricies vestibulum. Ut feugiat rutrum velit vitae interdum. Donec\u2026","rel":"","context":"Similar post","block_context":{"text":"Similar post","link":""},"img":{"alt_text":"","src":"","width":0,"height":0},"classes":[]},{"id":2641,"url":"https:\/\/chocolatlulu.com\/en\/","url_meta":{"origin":1909,"position":4},"title":"Accueil","author":"AdEnakLbVa","date":"15 January 2018","format":false,"excerpt":"[:fr]BalaisAchetez maintenantFondue au chocolatAchetez maintenantCr\u00e8me molle Cornet caramel au beurreAchetez maintenantChocolats \u00e0 l'unit\u00e9Achetez MaintenantAchetez Maintenant Pr\u00e9c\u00e9dent Suivant Paniers Cadeaux Cornet caramel au beurre produits \u00e0 la guimauve Bulletin de nouvelles[:]","rel":"","context":"Similar post","block_context":{"text":"Similar post","link":""},"img":{"alt_text":"","src":"","width":0,"height":0},"classes":[]},{"id":3852,"url":"https:\/\/chocolatlulu.com\/en\/politique-de-confidentialite-2\/","url_meta":{"origin":1909,"position":5},"title":"Politique de confidentialit\u00e9","author":"AdEnakLbVa","date":"22 November 2018","format":false,"excerpt":"[:fr]Votre s\u00e9curit\u00e9La s\u00e9curit\u00e9 de vos renseignements personnels est importante pour Chocolat Lulu. Aussi, nous nous engageons \u00e0 appliquer toutes les mesures n\u00e9cessaires afin d'assurer la protection et la confidentialit\u00e9 de vos renseignements personnels tels que votre nom, adresse de r\u00e9sidence, adresse de courriel personnelle, num\u00e9ro de t\u00e9l\u00e9phone au domicile ou\u2026","rel":"","context":"Similar post","block_context":{"text":"Similar post","link":""},"img":{"alt_text":"","src":"","width":0,"height":0},"classes":[]}],"_links":{"self":[{"href":"https:\/\/chocolatlulu.com\/en\/wp-json\/wp\/v2\/pages\/1909","targetHints":{"allow":["GET"]}}],"collection":[{"href":"https:\/\/chocolatlulu.com\/en\/wp-json\/wp\/v2\/pages"}],"about":[{"href":"https:\/\/chocolatlulu.com\/en\/wp-json\/wp\/v2\/types\/page"}],"author":[{"embeddable":true,"href":"https:\/\/chocolatlulu.com\/en\/wp-json\/wp\/v2\/users\/1"}],"replies":[{"embeddable":true,"href":"https:\/\/chocolatlulu.com\/en\/wp-json\/wp\/v2\/comments?post=1909"}],"version-history":[{"count":0,"href":"https:\/\/chocolatlulu.com\/en\/wp-json\/wp\/v2\/pages\/1909\/revisions"}],"wp:attachment":[{"href":"https:\/\/chocolatlulu.com\/en\/wp-json\/wp\/v2\/media?parent=1909"}],"curies":[{"name":"wp","href":"https:\/\/api.w.org\/{rel}","templated":true}]}}