{"id":2641,"date":"2018-01-15T03:16:49","date_gmt":"2018-01-15T08:16:49","guid":{"rendered":"https:\/\/chocolatlulu.com\/home\/"},"modified":"2023-05-02T11:54:46","modified_gmt":"2023-05-02T16:54:46","slug":"accueil","status":"publish","type":"page","link":"https:\/\/chocolatlulu.com\/en\/","title":{"rendered":"Accueil"},"content":{"rendered":"\t\t<div data-elementor-type=\"wp-post\" data-elementor-id=\"2641\" class=\"elementor elementor-2641\">\n\t\t\t\t\t\t<section class=\"elementor-section elementor-top-section elementor-element elementor-element-380e019a elementor-section-stretched elementor-section-full_width elementor-section-height-default elementor-section-height-default\" data-id=\"380e019a\" data-element_type=\"section\" data-e-type=\"section\" data-settings=\"{&quot;stretch_section&quot;:&quot;section-stretched&quot;}\">\n\t\t\t\t\t\t<div class=\"elementor-container elementor-column-gap-default\">\n\t\t\t\t\t<div class=\"elementor-column elementor-col-100 elementor-top-column elementor-element elementor-element-16bc88f7\" data-id=\"16bc88f7\" data-element_type=\"column\" data-e-type=\"column\">\n\t\t\t<div class=\"elementor-widget-wrap elementor-element-populated\">\n\t\t\t\t\t\t<div class=\"elementor-element elementor-element-55d45c5 elementor-widget elementor-widget-slides\" data-id=\"55d45c5\" data-element_type=\"widget\" data-e-type=\"widget\" data-widget_type=\"slides.default\">\n\t\t\t\t<div class=\"elementor-widget-container\">\n\t\t\t\t\t \t\t\t\t<\/div>\n\t\t\t\t<\/div>\n\t\t\t\t\t<\/div>\n\t\t<\/div>\n\t\t\t\t\t<\/div>\n\t\t<\/section>\n\t\t\t\t<section class=\"elementor-section elementor-top-section elementor-element elementor-element-381a3edc elementor-section-boxed elementor-section-height-default elementor-section-height-default\" data-id=\"381a3edc\" data-element_type=\"section\" data-e-type=\"section\">\n\t\t\t\t\t\t<div class=\"elementor-container elementor-column-gap-default\">\n\t\t\t\t\t\t<\/div>\n\t\t<\/section>\n\t\t\t\t<section class=\"elementor-section elementor-top-section elementor-element elementor-element-7e08095 elementor-section-full_width elementor-section-height-default elementor-section-height-default\" data-id=\"7e08095\" data-element_type=\"section\" data-e-type=\"section\">\n\t\t\t\t\t\t<div class=\"elementor-container elementor-column-gap-default\">\n\t\t\t\t\t<div class=\"elementor-column elementor-col-100 elementor-top-column elementor-element elementor-element-f2a3dff\" data-id=\"f2a3dff\" data-element_type=\"column\" data-e-type=\"column\">\n\t\t\t<div class=\"elementor-widget-wrap elementor-element-populated\">\n\t\t\t\t\t\t<div class=\"elementor-element elementor-element-1f47dc9 elementor-widget elementor-widget-html\" data-id=\"1f47dc9\" data-element_type=\"widget\" data-e-type=\"widget\" data-widget_type=\"html.default\">\n\t\t\t\t<div class=\"elementor-widget-container\">\n\t\t\t\t\t<!DOCTYPE html>\n<html>\n<style>\n* {\n  box-sizing: border-box;\n}\n\nbody {\n  margin: 0;\n  text-align:center;\n  font-family: Arial;\n}\n\n\n.row_ok {\n  display: -ms-flexbox; \/* IE10 *\/\n  display: flex;\n  -ms-flex-wrap: wrap; \/* IE10 *\/\n  flex-wrap: wrap;\n  padding: 0 0px;\n  justify-content:center;\n}\n\n\n\/* Create four equal columns that sits next to each other *\/\n.column_10 {\n    -ms-flex: 25%;\n    flex: 25%;\n    max-width: 33%;\n    margin:6px;\n    position:relative;\n}\n\n.column_10 img {\n  margin-top: 8px;\n  vertical-align: center;\n}\n\n.column_10:before{\n    background-color:#000;\n    opacity:0.1;\n    content:'';\n    position:absolute;\n    width:100%;\n    transition:all 0.6s;\n    height:100%;\n}\n\n.column_10:hover:before{\n    opacity:0.3;\n    content:'';\n    position:absolute;\n    width:100%;\n    color:#fff;\n    height:100%;\n    background-color:#000;\n}\n\n.column_10 a{\n    color:#fff !important;\n    line-height:1.3em;\n    position:absolute;\n    margin:0 auto;\n    font-size:4em;\n    font-weight:bold;\n    text-transform:uppercase;\n    text-align: center !important;\n    left:0;\n    right:0;\n}\n\n.column_10:nth-child(1) {\n  background:url(\"https:\/\/chocolatlulu.com\/wp-content\/uploads\/2020\/12\/Panier-cadeaux-Noel-br-1-1.jpg\" ) ;\n  background-color: black;\n  background-repeat:no-repeat;\n  background-size:cover;\n   width:600px;\n  height:600px;\n  \n  display: flex;\n  text-align: center;\n  align-items: center;\n}\n\n.column_10:nth-child(2) {\n  background-image:url(\"https:\/\/chocolatlulu.com\/wp-content\/uploads\/2020\/11\/Cornet_5149_B-compressor-1.jpg\");\n  background-color: black;\n  background-repeat:no-repeat;\n  background-size:cover;\n  width:600px;\n  height:600px;\n  display: flex;\n  text-align: center;\n  align-items: center;\n}\n\n.column_10:nth-child(3) {\n  background-image:url(\"https:\/\/chocolatlulu.com\/wp-content\/uploads\/2020\/12\/Sapin-marshmallow.jpg\");\n  background-color: black;\n  background-repeat:no-repeat;\n  background-size:cover;\n  width:600px;\n  height:600px;\n  \n  display: flex;\n  text-align: center;\n  align-items: center;\n}\n\n\n@media screen and (max-width: 1000px) {\n  .column_10 {\n    -ms-flex: 25%;\n    flex: 25%;\n    max-width: 33%;\n  }\n  \n  \n.column_10 a {\n    color: #fff !important;\n    line-height: 50px;\n    position: absolute;\n    margin: 0 auto;\n    font-size: 20px;\n    font-weight: bold;\n    text-transform: uppercase;\n    text-align: center !important;\n    left: 0;\n    right: 0;\n}\n  \n  .column_10:nth-child(1) {\n  background:url(\"https:\/\/chocolatlulu.com\/wp-content\/uploads\/2020\/12\/Panier-cadeaux-Noel-br-1-1.jpg\" ) ;\n  background-color: black;\n  background-repeat:no-repeat;\n  background-size:cover;\n  width:300px;\n  height:300px;\n  \n  display: flex;\n  text-align: center;\n  align-items: center;\n}\n\n.column_10:nth-child(2) {\n  background-image:url(\"https:\/\/chocolatlulu.com\/wp-content\/uploads\/2020\/11\/Cornet_5149_B-compressor-1.jpg\");\n  background-color: black;\n  background-repeat:no-repeat;\n  background-size:cover;\n  width:300px;\n  height:300px;\n  display: flex;\n  text-align: center;\n  align-items: center;\n}\n\n.column_10:nth-child(3) {\n  background-image:url(\"https:\/\/chocolatlulu.com\/wp-content\/uploads\/2020\/12\/Sapin-marshmallow.jpg\");\n  background-color: black;\n  background-repeat:no-repeat;\n  background-size:cover;\n  width:300px;\n  height:300px;\n  \n  display: flex;\n  text-align: center;\n  align-items: center;\n}\n  \n}\n\n\n\/* Responsive layout - makes the two columns stack on top of each other instead of next to each other *\/\n@media screen and (max-width: 600px) {\n  .column_10 {\n    -ms-flex: 100%;\n    flex: 100%;\n    max-width: 100%;\n    font-size:2em;\n    \n  }\n}\n\n\n@media screen and (max-width: 600px) {\n.column_10:nth-child(1) {\n  width:300px;\n  height:600px;\n  \n}\n.column_10:nth-child(2) {\n  width:300px;\n  height:600px;\n\n}\n.column_10:nth-child(3) {\n  width:300px;\n  height:600px;\n\n}\n}\n<\/style>\n<body>\n\n<!-- Photo Grid -->\n\n<div class=\"row_ok\"> \n  <div class=\"column_10\">\n      <a href=\"https:\/\/chocolatlulu.com\/categorie-produit\/panier-cadeaux\">Paniers Cadeaux <\/a><\/div>\n      <div class=\"column_10\">\n      <a href=\"https:\/\/chocolatlulu.com\/boutique\/cornet-caramel\/\">Cornet caramel au beurre<\/a>\n      <\/div>\n  <div class=\"column_10\"><a href=\"https:\/\/chocolatlulu.com\/categorie-produit\/balais\">produits \u00e0 la guimauve<\/a><\/div>\n<\/div>\n<\/body>\n<\/html>\n\t\t\t\t<\/div>\n\t\t\t\t<\/div>\n\t\t\t\t\t<\/div>\n\t\t<\/div>\n\t\t\t\t\t<\/div>\n\t\t<\/section>\n\t\t\t\t<section class=\"elementor-section elementor-top-section elementor-element elementor-element-23a3a599 elementor-section-boxed elementor-section-height-default elementor-section-height-default\" data-id=\"23a3a599\" data-element_type=\"section\" data-e-type=\"section\">\n\t\t\t\t\t\t<div class=\"elementor-container elementor-column-gap-default\">\n\t\t\t\t\t<div class=\"elementor-column elementor-col-100 elementor-top-column elementor-element elementor-element-11a6e176\" data-id=\"11a6e176\" data-element_type=\"column\" data-e-type=\"column\">\n\t\t\t<div class=\"elementor-widget-wrap\">\n\t\t\t\t\t\t\t<\/div>\n\t\t<\/div>\n\t\t\t\t\t<\/div>\n\t\t<\/section>\n\t\t\t\t<section class=\"elementor-section elementor-top-section elementor-element elementor-element-1655c656 elementor-section-boxed elementor-section-height-default elementor-section-height-default\" data-id=\"1655c656\" data-element_type=\"section\" data-e-type=\"section\">\n\t\t\t\t\t\t<div class=\"elementor-container elementor-column-gap-default\">\n\t\t\t\t\t<div class=\"elementor-column elementor-col-100 elementor-top-column elementor-element elementor-element-2336802a\" data-id=\"2336802a\" data-element_type=\"column\" data-e-type=\"column\">\n\t\t\t<div class=\"elementor-widget-wrap elementor-element-populated\">\n\t\t\t\t\t\t<div class=\"elementor-element elementor-element-aed1acc elementor-widget elementor-widget-heading\" data-id=\"aed1acc\" data-element_type=\"widget\" data-e-type=\"widget\" data-widget_type=\"heading.default\">\n\t\t\t\t<div class=\"elementor-widget-container\">\n\t\t\t\t\t<h2 class=\"elementor-heading-title elementor-size-default\">Bulletin de nouvelles<\/h2>\t\t\t\t<\/div>\n\t\t\t\t<\/div>\n\t\t\t\t\t<\/div>\n\t\t<\/div>\n\t\t\t\t<div class=\"elementor-column elementor-col-100 elementor-top-column elementor-element elementor-element-3c1b4306\" data-id=\"3c1b4306\" data-element_type=\"column\" data-e-type=\"column\">\n\t\t\t<div class=\"elementor-widget-wrap elementor-element-populated\">\n\t\t\t\t\t\t<div class=\"elementor-element elementor-element-53dfeea elementor-widget elementor-widget-spacer\" data-id=\"53dfeea\" data-element_type=\"widget\" data-e-type=\"widget\" data-widget_type=\"spacer.default\">\n\t\t\t\t<div class=\"elementor-widget-container\">\n\t\t\t\t\t\t\t<div class=\"elementor-spacer\">\n\t\t\t<div class=\"elementor-spacer-inner\"><\/div>\n\t\t<\/div>\n\t\t\t\t\t\t<\/div>\n\t\t\t\t<\/div>\n\t\t\t\t\t<\/div>\n\t\t<\/div>\n\t\t\t\t\t<\/div>\n\t\t<\/section>\n\t\t\t\t<\/div>\n\t\t","protected":false},"excerpt":{"rendered":"<p>BalaisAchetez maintenantFondue au chocolatAchetez maintenantCr\u00e8me molle Cornet caramel au beurreAchetez maintenantChocolats \u00e0 l&#8217;unit\u00e9Achetez MaintenantAchetez Maintenant Pr\u00e9c\u00e9dent Suivant Paniers Cadeaux Cornet caramel au beurre produits \u00e0 la guimauve Bulletin de nouvelles<\/p>\n","protected":false},"author":1,"featured_media":0,"parent":0,"menu_order":0,"comment_status":"closed","ping_status":"closed","template":"elementor_header_footer","meta":{"jetpack_post_was_ever_published":false,"footnotes":""},"class_list":["post-2641","page","type-page","status-publish","hentry","entry","wvn-thumbs-layout-horizontal","wvn-btn-normal","wvn-tabs-layout-horizontal","has-no-thumbnails"],"yoast_head":"<!-- This site is optimized with the Yoast SEO plugin v27.2 - https:\/\/yoast.com\/product\/yoast-seo-wordpress\/ -->\n<title>Accueil<\/title>\n<meta name=\"description\" content=\"Chocolat Lulu entreprise. %%sep%% R\u00e9gional Saguenay-Lac-Saint-Jean, ventes de chocolats, fudges, su\u00e7ons, enrob\u00e9s, cr\u00e8me molle, casse-cro\u00fbte !\" \/>\n<meta name=\"robots\" content=\"index, follow, max-snippet:-1, max-image-preview:large, max-video-preview:-1\" \/>\n<link rel=\"canonical\" href=\"https:\/\/chocolatlulu.com\/en\/\" \/>\n<meta property=\"og:locale\" content=\"fr_FR\" \/>\n<meta property=\"og:locale:alternate\" content=\"fr_FR\" \/>\n<meta property=\"og:type\" content=\"article\" \/>\n<meta property=\"og:title\" content=\"Chocolat Lulu\" \/>\n<meta property=\"og:description\" content=\"Chocolat Lulu entreprise. - R\u00e9gional Saguenay-Lac-Saint-Jean, ventes de chocolats, fudges, su\u00e7ons, enrob\u00e9s, cr\u00e8me molle, casse-cro\u00fbte !\" \/>\n<meta property=\"og:url\" content=\"https:\/\/chocolatlulu.com\/en\/\" \/>\n<meta property=\"og:site_name\" content=\"Chocolat Lulu\" \/>\n<meta property=\"article:publisher\" content=\"https:\/\/www.facebook.com\/ChocolatsLulu\/\" \/>\n<meta property=\"article:modified_time\" content=\"2023-05-02T16:54:46+00:00\" \/>\n<meta property=\"og:image\" content=\"https:\/\/chocolatlulu.com\/wp-content\/uploads\/2018\/09\/cropped-logotransparant.png\" \/>\n\t<meta property=\"og:image:width\" content=\"512\" \/>\n\t<meta property=\"og:image:height\" content=\"512\" \/>\n\t<meta property=\"og:image:type\" content=\"image\/png\" \/>\n<meta name=\"twitter:card\" content=\"summary_large_image\" \/>\n<meta name=\"twitter:label1\" content=\"Dur\u00e9e de lecture estim\u00e9e\" \/>\n\t<meta name=\"twitter:data1\" content=\"2 minutes\" \/>\n<script type=\"application\/ld+json\" class=\"yoast-schema-graph\">{\"@context\":\"https:\/\/schema.org\",\"@graph\":[{\"@type\":\"WebPage\",\"@id\":\"https:\/\/chocolatlulu.com\/en\/\",\"url\":\"https:\/\/chocolatlulu.com\/en\/\",\"name\":\"Accueil\",\"isPartOf\":{\"@id\":\"https:\/\/chocolatlulu.com\/#website\"},\"datePublished\":\"2018-01-15T08:16:49+00:00\",\"dateModified\":\"2023-05-02T16:54:46+00:00\",\"description\":\"Chocolat Lulu entreprise. - R\u00e9gional Saguenay-Lac-Saint-Jean, ventes de chocolats, fudges, su\u00e7ons, enrob\u00e9s, cr\u00e8me molle, casse-cro\u00fbte !\",\"breadcrumb\":{\"@id\":\"https:\/\/chocolatlulu.com\/en\/#breadcrumb\"},\"inLanguage\":\"fr-FR\",\"potentialAction\":[{\"@type\":\"ReadAction\",\"target\":[\"https:\/\/chocolatlulu.com\/en\/\"]}]},{\"@type\":\"BreadcrumbList\",\"@id\":\"https:\/\/chocolatlulu.com\/en\/#breadcrumb\",\"itemListElement\":[{\"@type\":\"ListItem\",\"position\":1,\"name\":\"Accueil\",\"item\":\"https:\/\/chocolatlulu.com\/\"},{\"@type\":\"ListItem\",\"position\":2,\"name\":\"Index\"}]},{\"@type\":\"WebSite\",\"@id\":\"https:\/\/chocolatlulu.com\/#website\",\"url\":\"https:\/\/chocolatlulu.com\/\",\"name\":\"Chocolat Lulu\",\"description\":\"Chocolaterie, Bar Laitier !\",\"publisher\":{\"@id\":\"https:\/\/chocolatlulu.com\/#organization\"},\"potentialAction\":[{\"@type\":\"SearchAction\",\"target\":{\"@type\":\"EntryPoint\",\"urlTemplate\":\"https:\/\/chocolatlulu.com\/?s={search_term_string}\"},\"query-input\":{\"@type\":\"PropertyValueSpecification\",\"valueRequired\":true,\"valueName\":\"search_term_string\"}}],\"inLanguage\":\"fr-FR\"},{\"@type\":\"Organization\",\"@id\":\"https:\/\/chocolatlulu.com\/#organization\",\"name\":\"Chocolat Lulu\",\"url\":\"https:\/\/chocolatlulu.com\/\",\"logo\":{\"@type\":\"ImageObject\",\"inLanguage\":\"fr-FR\",\"@id\":\"https:\/\/chocolatlulu.com\/#\/schema\/logo\/image\/\",\"url\":\"https:\/\/chocolatlulu.com\/wp-content\/uploads\/2018\/09\/cropped-logotransparant.png\",\"contentUrl\":\"https:\/\/chocolatlulu.com\/wp-content\/uploads\/2018\/09\/cropped-logotransparant.png\",\"width\":512,\"height\":512,\"caption\":\"Chocolat Lulu\"},\"image\":{\"@id\":\"https:\/\/chocolatlulu.com\/#\/schema\/logo\/image\/\"},\"sameAs\":[\"https:\/\/www.facebook.com\/ChocolatsLulu\/\"]}]}<\/script>\n<!-- \/ Yoast SEO plugin. -->","yoast_head_json":{"title":"Accueil","description":"Chocolat Lulu entreprise. %%sep%% R\u00e9gional Saguenay-Lac-Saint-Jean, ventes de chocolats, fudges, su\u00e7ons, enrob\u00e9s, cr\u00e8me molle, casse-cro\u00fbte !","robots":{"index":"index","follow":"follow","max-snippet":"max-snippet:-1","max-image-preview":"max-image-preview:large","max-video-preview":"max-video-preview:-1"},"canonical":"https:\/\/chocolatlulu.com\/en\/","og_locale":"fr_FR","og_type":"article","og_title":"[:fr]Chocolat Lulu[:]","og_description":"Chocolat Lulu entreprise. - R\u00e9gional Saguenay-Lac-Saint-Jean, ventes de chocolats, fudges, su\u00e7ons, enrob\u00e9s, cr\u00e8me molle, casse-cro\u00fbte !","og_url":"https:\/\/chocolatlulu.com\/en\/","og_site_name":"Chocolat Lulu","article_publisher":"https:\/\/www.facebook.com\/ChocolatsLulu\/","article_modified_time":"2023-05-02T16:54:46+00:00","og_image":[{"width":512,"height":512,"url":"https:\/\/chocolatlulu.com\/wp-content\/uploads\/2018\/09\/cropped-logotransparant.png","type":"image\/png"}],"twitter_card":"summary_large_image","twitter_misc":{"Dur\u00e9e de lecture estim\u00e9e":"2 minutes"},"schema":{"@context":"https:\/\/schema.org","@graph":[{"@type":"WebPage","@id":"https:\/\/chocolatlulu.com\/en\/","url":"https:\/\/chocolatlulu.com\/en\/","name":"Accueil","isPartOf":{"@id":"https:\/\/chocolatlulu.com\/#website"},"datePublished":"2018-01-15T08:16:49+00:00","dateModified":"2023-05-02T16:54:46+00:00","description":"Chocolat Lulu entreprise. - R\u00e9gional Saguenay-Lac-Saint-Jean, ventes de chocolats, fudges, su\u00e7ons, enrob\u00e9s, cr\u00e8me molle, casse-cro\u00fbte !","breadcrumb":{"@id":"https:\/\/chocolatlulu.com\/en\/#breadcrumb"},"inLanguage":"fr-FR","potentialAction":[{"@type":"ReadAction","target":["https:\/\/chocolatlulu.com\/en\/"]}]},{"@type":"BreadcrumbList","@id":"https:\/\/chocolatlulu.com\/en\/#breadcrumb","itemListElement":[{"@type":"ListItem","position":1,"name":"Accueil","item":"https:\/\/chocolatlulu.com\/"},{"@type":"ListItem","position":2,"name":"Index"}]},{"@type":"WebSite","@id":"https:\/\/chocolatlulu.com\/#website","url":"https:\/\/chocolatlulu.com\/","name":"Chocolat Lulu","description":"Chocolaterie, Bar Laitier !","publisher":{"@id":"https:\/\/chocolatlulu.com\/#organization"},"potentialAction":[{"@type":"SearchAction","target":{"@type":"EntryPoint","urlTemplate":"https:\/\/chocolatlulu.com\/?s={search_term_string}"},"query-input":{"@type":"PropertyValueSpecification","valueRequired":true,"valueName":"search_term_string"}}],"inLanguage":"fr-FR"},{"@type":"Organization","@id":"https:\/\/chocolatlulu.com\/#organization","name":"Chocolat Lulu","url":"https:\/\/chocolatlulu.com\/","logo":{"@type":"ImageObject","inLanguage":"fr-FR","@id":"https:\/\/chocolatlulu.com\/#\/schema\/logo\/image\/","url":"https:\/\/chocolatlulu.com\/wp-content\/uploads\/2018\/09\/cropped-logotransparant.png","contentUrl":"https:\/\/chocolatlulu.com\/wp-content\/uploads\/2018\/09\/cropped-logotransparant.png","width":512,"height":512,"caption":"Chocolat Lulu"},"image":{"@id":"https:\/\/chocolatlulu.com\/#\/schema\/logo\/image\/"},"sameAs":["https:\/\/www.facebook.com\/ChocolatsLulu\/"]}]}},"jetpack_sharing_enabled":true,"jetpack_shortlink":"https:\/\/wp.me\/P9Deiw-GB","jetpack-related-posts":[{"id":2760,"url":"https:\/\/chocolatlulu.com\/en\/campagne-de-financement\/","url_meta":{"origin":2641,"position":0},"title":"Campagne de Financement","author":"AdEnakLbVa","date":"13 September 2018","format":false,"excerpt":"[:fr]Veuillez noter que nous ne prenons aucune campagne de financement pour l'instant. Notre carnet de commande est complet. Merci de votre compr\u00e9hension. Les d\u00e9lices Canneberges s\u00e8ch\u00e9es 140 gSKU : CS140 Amandes 125 gSKU : AB125 Bleuets s\u00e8ch\u00e9s 100 gSKU : BS100 Lunes de miel 125 gSKU : LM125 Les classiques\u2026","rel":"","context":"Similar post","block_context":{"text":"Similar post","link":""},"img":{"alt_text":"","src":"","width":0,"height":0},"classes":[]},{"id":2411,"url":"https:\/\/chocolatlulu.com\/en\/panier\/","url_meta":{"origin":2641,"position":1},"title":"Panier","author":"AdEnakLbVa","date":"8 September 2018","format":false,"excerpt":"[:fr][:]","rel":"","context":"Similar post","block_context":{"text":"Similar post","link":""},"img":{"alt_text":"","src":"","width":0,"height":0},"classes":[]},{"id":2412,"url":"https:\/\/chocolatlulu.com\/en\/validation\/","url_meta":{"origin":2641,"position":2},"title":"Validation","author":"AdEnakLbVa","date":"8 September 2018","format":false,"excerpt":"[:fr][:]","rel":"","context":"Similar post","block_context":{"text":"Similar post","link":""},"img":{"alt_text":"","src":"","width":0,"height":0},"classes":[]},{"id":4099,"url":"https:\/\/chocolatlulu.com\/en\/vendors\/","url_meta":{"origin":2641,"position":3},"title":"Vendors","author":"AdEnakLbVa","date":"4 February 2019","format":false,"excerpt":"[:fr][wcv_vendorslist][:]","rel":"","context":"Similar post","block_context":{"text":"Similar post","link":""},"img":{"alt_text":"","src":"","width":0,"height":0},"classes":[]},{"id":4349,"url":"https:\/\/chocolatlulu.com\/en\/commande\/","url_meta":{"origin":2641,"position":4},"title":"Validation de la commande","author":"AdEnakLbVa","date":"24 March 2020","format":false,"excerpt":"[:fr][:]","rel":"","context":"Similar post","block_context":{"text":"Similar post","link":""},"img":{"alt_text":"","src":"","width":0,"height":0},"classes":[]},{"id":4098,"url":"https:\/\/chocolatlulu.com\/en\/vendor_dashboard\/","url_meta":{"origin":2641,"position":5},"title":"Vendeur Dashboard","author":"AdEnakLbVa","date":"4 February 2019","format":false,"excerpt":"[:fr][wcv_vendor_dashboard][:]","rel":"","context":"Similar post","block_context":{"text":"Similar post","link":""},"img":{"alt_text":"","src":"","width":0,"height":0},"classes":[]}],"_links":{"self":[{"href":"https:\/\/chocolatlulu.com\/en\/wp-json\/wp\/v2\/pages\/2641","targetHints":{"allow":["GET"]}}],"collection":[{"href":"https:\/\/chocolatlulu.com\/en\/wp-json\/wp\/v2\/pages"}],"about":[{"href":"https:\/\/chocolatlulu.com\/en\/wp-json\/wp\/v2\/types\/page"}],"author":[{"embeddable":true,"href":"https:\/\/chocolatlulu.com\/en\/wp-json\/wp\/v2\/users\/1"}],"replies":[{"embeddable":true,"href":"https:\/\/chocolatlulu.com\/en\/wp-json\/wp\/v2\/comments?post=2641"}],"version-history":[{"count":0,"href":"https:\/\/chocolatlulu.com\/en\/wp-json\/wp\/v2\/pages\/2641\/revisions"}],"wp:attachment":[{"href":"https:\/\/chocolatlulu.com\/en\/wp-json\/wp\/v2\/media?parent=2641"}],"curies":[{"name":"wp","href":"https:\/\/api.w.org\/{rel}","templated":true}]}}