{"id":2937,"date":"2018-09-15T09:15:51","date_gmt":"2018-09-15T14:15:51","guid":{"rendered":"https:\/\/chocolatlulu.com\/?page_id=2937"},"modified":"2018-09-15T09:15:51","modified_gmt":"2018-09-15T14:15:51","slug":"jonquiere","status":"publish","type":"page","link":"https:\/\/chocolatlulu.com\/en\/jonquiere\/","title":{"rendered":"Jonqui\u00e8re"},"content":{"rendered":"","protected":false},"excerpt":{"rendered":"","protected":false},"author":1,"featured_media":0,"parent":0,"menu_order":0,"comment_status":"closed","ping_status":"closed","template":"elementor_header_footer","meta":{"jetpack_post_was_ever_published":false,"footnotes":""},"class_list":["post-2937","page","type-page","status-publish","hentry","entry","wvn-thumbs-layout-horizontal","wvn-btn-normal","wvn-tabs-layout-horizontal","has-no-thumbnails"],"yoast_head":"<!-- This site is optimized with the Yoast SEO plugin v27.2 - https:\/\/yoast.com\/product\/yoast-seo-wordpress\/ -->\n<title>Jonqui\u00e8re<\/title>\n<meta name=\"robots\" content=\"index, follow, max-snippet:-1, max-image-preview:large, max-video-preview:-1\" \/>\n<link rel=\"canonical\" href=\"https:\/\/chocolatlulu.com\/en\/jonquiere\/\" \/>\n<meta property=\"og:locale\" content=\"fr_FR\" \/>\n<meta property=\"og:locale:alternate\" content=\"fr_FR\" \/>\n<meta property=\"og:type\" content=\"article\" \/>\n<meta property=\"og:title\" content=\"Jonqui\u00e8re\" \/>\n<meta property=\"og:url\" content=\"https:\/\/chocolatlulu.com\/en\/jonquiere\/?lang=en\" \/>\n<meta property=\"og:site_name\" content=\"Chocolat Lulu\" \/>\n<meta property=\"article:publisher\" content=\"https:\/\/www.facebook.com\/ChocolatsLulu\/\" \/>\n<meta name=\"twitter:card\" content=\"summary_large_image\" \/>\n<script type=\"application\/ld+json\" class=\"yoast-schema-graph\">{\"@context\":\"https:\/\/schema.org\",\"@graph\":[{\"@type\":\"WebPage\",\"@id\":\"https:\/\/chocolatlulu.com\/en\/jonquiere\/?lang=en\",\"url\":\"https:\/\/chocolatlulu.com\/en\/jonquiere\/?lang=en\",\"name\":\"Jonqui\u00e8re\",\"isPartOf\":{\"@id\":\"https:\/\/chocolatlulu.com\/#website\"},\"datePublished\":\"2018-09-15T14:15:51+00:00\",\"breadcrumb\":{\"@id\":\"https:\/\/chocolatlulu.com\/en\/jonquiere\/?lang=en#breadcrumb\"},\"inLanguage\":\"fr-FR\",\"potentialAction\":[{\"@type\":\"ReadAction\",\"target\":[\"https:\/\/chocolatlulu.com\/en\/jonquiere\/?lang=en\"]}]},{\"@type\":\"BreadcrumbList\",\"@id\":\"https:\/\/chocolatlulu.com\/en\/jonquiere\/?lang=en#breadcrumb\",\"itemListElement\":[{\"@type\":\"ListItem\",\"position\":1,\"name\":\"Accueil\",\"item\":\"https:\/\/chocolatlulu.com\/\"},{\"@type\":\"ListItem\",\"position\":2,\"name\":\"Jonqui\u00e8re\"}]},{\"@type\":\"WebSite\",\"@id\":\"https:\/\/chocolatlulu.com\/#website\",\"url\":\"https:\/\/chocolatlulu.com\/\",\"name\":\"Chocolat Lulu\",\"description\":\"Chocolaterie, Bar Laitier !\",\"publisher\":{\"@id\":\"https:\/\/chocolatlulu.com\/#organization\"},\"potentialAction\":[{\"@type\":\"SearchAction\",\"target\":{\"@type\":\"EntryPoint\",\"urlTemplate\":\"https:\/\/chocolatlulu.com\/?s={search_term_string}\"},\"query-input\":{\"@type\":\"PropertyValueSpecification\",\"valueRequired\":true,\"valueName\":\"search_term_string\"}}],\"inLanguage\":\"fr-FR\"},{\"@type\":\"Organization\",\"@id\":\"https:\/\/chocolatlulu.com\/#organization\",\"name\":\"Chocolat Lulu\",\"url\":\"https:\/\/chocolatlulu.com\/\",\"logo\":{\"@type\":\"ImageObject\",\"inLanguage\":\"fr-FR\",\"@id\":\"https:\/\/chocolatlulu.com\/#\/schema\/logo\/image\/\",\"url\":\"https:\/\/chocolatlulu.com\/wp-content\/uploads\/2018\/09\/cropped-logotransparant.png\",\"contentUrl\":\"https:\/\/chocolatlulu.com\/wp-content\/uploads\/2018\/09\/cropped-logotransparant.png\",\"width\":512,\"height\":512,\"caption\":\"Chocolat Lulu\"},\"image\":{\"@id\":\"https:\/\/chocolatlulu.com\/#\/schema\/logo\/image\/\"},\"sameAs\":[\"https:\/\/www.facebook.com\/ChocolatsLulu\/\"]}]}<\/script>\n<!-- \/ Yoast SEO plugin. -->","yoast_head_json":{"title":"Jonqui\u00e8re","robots":{"index":"index","follow":"follow","max-snippet":"max-snippet:-1","max-image-preview":"max-image-preview:large","max-video-preview":"max-video-preview:-1"},"canonical":"https:\/\/chocolatlulu.com\/en\/jonquiere\/","og_locale":"fr_FR","og_type":"article","og_title":"Chocolat Lulu [:fr]Jonqui\u00e8re[:] -","og_url":"https:\/\/chocolatlulu.com\/en\/jonquiere\/?lang=en","og_site_name":"Chocolat Lulu","article_publisher":"https:\/\/www.facebook.com\/ChocolatsLulu\/","twitter_card":"summary_large_image","schema":{"@context":"https:\/\/schema.org","@graph":[{"@type":"WebPage","@id":"https:\/\/chocolatlulu.com\/en\/jonquiere\/?lang=en","url":"https:\/\/chocolatlulu.com\/en\/jonquiere\/?lang=en","name":"Jonqui\u00e8re","isPartOf":{"@id":"https:\/\/chocolatlulu.com\/#website"},"datePublished":"2018-09-15T14:15:51+00:00","breadcrumb":{"@id":"https:\/\/chocolatlulu.com\/en\/jonquiere\/?lang=en#breadcrumb"},"inLanguage":"fr-FR","potentialAction":[{"@type":"ReadAction","target":["https:\/\/chocolatlulu.com\/en\/jonquiere\/?lang=en"]}]},{"@type":"BreadcrumbList","@id":"https:\/\/chocolatlulu.com\/en\/jonquiere\/?lang=en#breadcrumb","itemListElement":[{"@type":"ListItem","position":1,"name":"Accueil","item":"https:\/\/chocolatlulu.com\/"},{"@type":"ListItem","position":2,"name":"Jonqui\u00e8re"}]},{"@type":"WebSite","@id":"https:\/\/chocolatlulu.com\/#website","url":"https:\/\/chocolatlulu.com\/","name":"Chocolat Lulu","description":"Chocolaterie, Bar Laitier !","publisher":{"@id":"https:\/\/chocolatlulu.com\/#organization"},"potentialAction":[{"@type":"SearchAction","target":{"@type":"EntryPoint","urlTemplate":"https:\/\/chocolatlulu.com\/?s={search_term_string}"},"query-input":{"@type":"PropertyValueSpecification","valueRequired":true,"valueName":"search_term_string"}}],"inLanguage":"fr-FR"},{"@type":"Organization","@id":"https:\/\/chocolatlulu.com\/#organization","name":"Chocolat Lulu","url":"https:\/\/chocolatlulu.com\/","logo":{"@type":"ImageObject","inLanguage":"fr-FR","@id":"https:\/\/chocolatlulu.com\/#\/schema\/logo\/image\/","url":"https:\/\/chocolatlulu.com\/wp-content\/uploads\/2018\/09\/cropped-logotransparant.png","contentUrl":"https:\/\/chocolatlulu.com\/wp-content\/uploads\/2018\/09\/cropped-logotransparant.png","width":512,"height":512,"caption":"Chocolat Lulu"},"image":{"@id":"https:\/\/chocolatlulu.com\/#\/schema\/logo\/image\/"},"sameAs":["https:\/\/www.facebook.com\/ChocolatsLulu\/"]}]}},"jetpack_sharing_enabled":true,"jetpack_shortlink":"https:\/\/wp.me\/P9Deiw-Ln","jetpack-related-posts":[{"id":2940,"url":"https:\/\/chocolatlulu.com\/en\/jonquiere\/","url_meta":{"origin":2937,"position":0},"title":"Jonqui\u00e8re","author":"AdEnakLbVa","date":"15 September 2018","format":false,"excerpt":"[:fr]Information 2612 rue Saint-Hubert Jonqui\u00e8re , Qu\u00e9bec , Canada , G7X 8S3 1-800-265-1296 ventes@chocolatlulu.com DimancheFerm\u00e9LundiFerm\u00e9MardiFerm\u00e9MercrediFerm\u00e9JeudiFerm\u00e9VendrediFerm\u00e9SamediFerm\u00e9 Nous contacter Facebook Twitter [:]","rel":"","context":"Similar post","block_context":{"text":"Similar post","link":""},"img":{"alt_text":"","src":"","width":0,"height":0},"classes":[]},{"id":2411,"url":"https:\/\/chocolatlulu.com\/en\/panier\/","url_meta":{"origin":2937,"position":1},"title":"Panier","author":"AdEnakLbVa","date":"8 September 2018","format":false,"excerpt":"[:fr][:]","rel":"","context":"Similar post","block_context":{"text":"Similar post","link":""},"img":{"alt_text":"","src":"","width":0,"height":0},"classes":[]},{"id":2412,"url":"https:\/\/chocolatlulu.com\/en\/validation\/","url_meta":{"origin":2937,"position":2},"title":"Validation","author":"AdEnakLbVa","date":"8 September 2018","format":false,"excerpt":"[:fr][:]","rel":"","context":"Similar post","block_context":{"text":"Similar post","link":""},"img":{"alt_text":"","src":"","width":0,"height":0},"classes":[]},{"id":4099,"url":"https:\/\/chocolatlulu.com\/en\/vendors\/","url_meta":{"origin":2937,"position":3},"title":"Vendors","author":"AdEnakLbVa","date":"4 February 2019","format":false,"excerpt":"[:fr][wcv_vendorslist][:]","rel":"","context":"Similar post","block_context":{"text":"Similar post","link":""},"img":{"alt_text":"","src":"","width":0,"height":0},"classes":[]},{"id":4349,"url":"https:\/\/chocolatlulu.com\/en\/commande\/","url_meta":{"origin":2937,"position":4},"title":"Validation de la commande","author":"AdEnakLbVa","date":"24 March 2020","format":false,"excerpt":"[:fr][:]","rel":"","context":"Similar post","block_context":{"text":"Similar post","link":""},"img":{"alt_text":"","src":"","width":0,"height":0},"classes":[]},{"id":4098,"url":"https:\/\/chocolatlulu.com\/en\/vendor_dashboard\/","url_meta":{"origin":2937,"position":5},"title":"Vendeur Dashboard","author":"AdEnakLbVa","date":"4 February 2019","format":false,"excerpt":"[:fr][wcv_vendor_dashboard][:]","rel":"","context":"Similar post","block_context":{"text":"Similar post","link":""},"img":{"alt_text":"","src":"","width":0,"height":0},"classes":[]}],"_links":{"self":[{"href":"https:\/\/chocolatlulu.com\/en\/wp-json\/wp\/v2\/pages\/2937","targetHints":{"allow":["GET"]}}],"collection":[{"href":"https:\/\/chocolatlulu.com\/en\/wp-json\/wp\/v2\/pages"}],"about":[{"href":"https:\/\/chocolatlulu.com\/en\/wp-json\/wp\/v2\/types\/page"}],"author":[{"embeddable":true,"href":"https:\/\/chocolatlulu.com\/en\/wp-json\/wp\/v2\/users\/1"}],"replies":[{"embeddable":true,"href":"https:\/\/chocolatlulu.com\/en\/wp-json\/wp\/v2\/comments?post=2937"}],"version-history":[{"count":0,"href":"https:\/\/chocolatlulu.com\/en\/wp-json\/wp\/v2\/pages\/2937\/revisions"}],"wp:attachment":[{"href":"https:\/\/chocolatlulu.com\/en\/wp-json\/wp\/v2\/media?parent=2937"}],"curies":[{"name":"wp","href":"https:\/\/api.w.org\/{rel}","templated":true}]}}