{"id":3515,"date":"2018-10-22T21:45:32","date_gmt":"2018-10-23T02:45:32","guid":{"rendered":"https:\/\/chocolatlulu.com\/?page_id=3515"},"modified":"2023-06-20T17:19:38","modified_gmt":"2023-06-20T22:19:38","slug":"metabetchouan","status":"publish","type":"page","link":"https:\/\/chocolatlulu.com\/en\/metabetchouan\/","title":{"rendered":"M\u00e9tabetchouan"},"content":{"rendered":"\t\t<div data-elementor-type=\"wp-post\" data-elementor-id=\"3515\" class=\"elementor elementor-3515\">\n\t\t\t\t\t\t<section class=\"elementor-section elementor-top-section elementor-element elementor-element-f5a5d77 elementor-section-boxed elementor-section-height-default elementor-section-height-default\" data-id=\"f5a5d77\" data-element_type=\"section\" data-e-type=\"section\">\n\t\t\t\t\t\t<div class=\"elementor-container elementor-column-gap-default\">\n\t\t\t\t\t<div class=\"elementor-column elementor-col-100 elementor-top-column elementor-element elementor-element-538dd04\" data-id=\"538dd04\" data-element_type=\"column\" data-e-type=\"column\">\n\t\t\t<div class=\"elementor-widget-wrap elementor-element-populated\">\n\t\t\t\t\t\t<div class=\"elementor-element elementor-element-7890040 elementor-widget elementor-widget-spacer\" data-id=\"7890040\" data-element_type=\"widget\" data-e-type=\"widget\" data-widget_type=\"spacer.default\">\n\t\t\t\t<div class=\"elementor-widget-container\">\n\t\t\t\t\t\t\t<div class=\"elementor-spacer\">\n\t\t\t<div class=\"elementor-spacer-inner\"><\/div>\n\t\t<\/div>\n\t\t\t\t\t\t<\/div>\n\t\t\t\t<\/div>\n\t\t\t\t\t<\/div>\n\t\t<\/div>\n\t\t\t\t\t<\/div>\n\t\t<\/section>\n\t\t\t\t<section class=\"elementor-section elementor-top-section elementor-element elementor-element-1c8bfbb elementor-section-boxed elementor-section-height-default elementor-section-height-default\" data-id=\"1c8bfbb\" data-element_type=\"section\" data-e-type=\"section\">\n\t\t\t\t\t\t<div class=\"elementor-container elementor-column-gap-wide\">\n\t\t\t\t\t<div class=\"elementor-column elementor-col-50 elementor-top-column elementor-element elementor-element-6f7758d\" data-id=\"6f7758d\" data-element_type=\"column\" data-e-type=\"column\" data-settings=\"{&quot;background_background&quot;:&quot;classic&quot;}\">\n\t\t\t<div class=\"elementor-widget-wrap elementor-element-populated\">\n\t\t\t\t\t\t<div class=\"elementor-element elementor-element-24a72aa elementor-widget elementor-widget-heading\" data-id=\"24a72aa\" data-element_type=\"widget\" data-e-type=\"widget\" data-widget_type=\"heading.default\">\n\t\t\t\t<div class=\"elementor-widget-container\">\n\t\t\t\t\t<h1 class=\"elementor-heading-title elementor-size-xxl\">Information<\/h1>\t\t\t\t<\/div>\n\t\t\t\t<\/div>\n\t\t\t\t<div class=\"elementor-element elementor-element-aae5c7e elementor-icon-list--layout-traditional elementor-list-item-link-full_width elementor-widget elementor-widget-icon-list\" data-id=\"aae5c7e\" data-element_type=\"widget\" data-e-type=\"widget\" data-widget_type=\"icon-list.default\">\n\t\t\t\t<div class=\"elementor-widget-container\">\n\t\t\t\t\t\t\t<ul class=\"elementor-icon-list-items\">\n\t\t\t\t\t\t\t<li class=\"elementor-icon-list-item\">\n\t\t\t\t\t\t\t\t\t\t<span class=\"elementor-icon-list-text\">1832 route 169<\/span>\n\t\t\t\t\t\t\t\t\t<\/li>\n\t\t\t\t\t\t\t\t<li class=\"elementor-icon-list-item\">\n\t\t\t\t\t\t\t\t\t\t<span class=\"elementor-icon-list-text\">M\u00e9tabetchouan-Lac-\u00e0-la-Croix, Quebec, Canada, G8G 1B3<\/span>\n\t\t\t\t\t\t\t\t\t<\/li>\n\t\t\t\t\t\t\t\t<li class=\"elementor-icon-list-item\">\n\t\t\t\t\t\t\t\t\t\t<span class=\"elementor-icon-list-text\">(581)716-0154<\/span>\n\t\t\t\t\t\t\t\t\t<\/li>\n\t\t\t\t\t\t\t\t<li class=\"elementor-icon-list-item\">\n\t\t\t\t\t\t\t\t\t\t\t<a href=\"mailto:ventes@chocolatlulu.com\">\n\n\t\t\t\t\t\t\t\t\t\t\t<span class=\"elementor-icon-list-text\"> ventes@chocolatlulu.com<\/span>\n\t\t\t\t\t\t\t\t\t\t\t<\/a>\n\t\t\t\t\t\t\t\t\t<\/li>\n\t\t\t\t\t\t<\/ul>\n\t\t\t\t\t\t<\/div>\n\t\t\t\t<\/div>\n\t\t\t\t<div class=\"elementor-element elementor-element-c96446e elementor-icon-list--layout-traditional elementor-list-item-link-full_width elementor-widget elementor-widget-icon-list\" data-id=\"c96446e\" data-element_type=\"widget\" data-e-type=\"widget\" data-widget_type=\"icon-list.default\">\n\t\t\t\t<div class=\"elementor-widget-container\">\n\t\t\t\t\t\t\t<ul class=\"elementor-icon-list-items\">\n\t\t\t\t\t\t\t<li class=\"elementor-icon-list-item\">\n\t\t\t\t\t\t\t\t\t\t<span class=\"elementor-icon-list-text\">Cremerie Lulu<\/span>\n\t\t\t\t\t\t\t\t\t<\/li>\n\t\t\t\t\t\t<\/ul>\n\t\t\t\t\t\t<\/div>\n\t\t\t\t<\/div>\n\t\t\t\t<div class=\"elementor-element elementor-element-f82f7a0 elementor-widget elementor-widget-text-editor\" data-id=\"f82f7a0\" data-element_type=\"widget\" data-e-type=\"widget\" data-widget_type=\"text-editor.default\">\n\t\t\t\t<div class=\"elementor-widget-container\">\n\t\t\t\t\t\t\t\t\t<div class=\"ZdM7x r-ieCxAzXnqCHs t_oh\"><div class=\"vk_bk a_h\" tabindex=\"0\" data-ved=\"2ahUKEwjo-arF1ZHeAhVwx1kKHf2hALAQ5nEwEXoECAsQMg\"><table class=\"WgFkxc aligncenter\"><tbody><tr class=\"K7Ltle\"><td class=\"SKNSIb\">Dimanche<\/td><td>11h00 &#8211; 21h30<\/td><\/tr><tr><td class=\"SKNSIb\">Lundi<\/td><td>11h00 &#8211; 21h30<\/td><\/tr><tr><td class=\"SKNSIb\">Mardi<\/td><td>11h00 &#8211; 21h30<\/td><\/tr><tr><td class=\"SKNSIb\">Mercredi<\/td><td>11h00 &#8211; 21h30<\/td><\/tr><tr><td class=\"SKNSIb\">Jeudi<\/td><td>11h00 &#8211; 21h30<\/td><\/tr><tr><td class=\"SKNSIb\">Vendredi<\/td><td>11h00 &#8211; 21h30<\/td><\/tr><tr><td class=\"SKNSIb\">Samedi<\/td><td>11h00 &#8211; 21h30<\/td><\/tr><\/tbody><\/table><\/div><\/div>\t\t\t\t\t\t\t\t<\/div>\n\t\t\t\t<\/div>\n\t\t\t\t<div class=\"elementor-element elementor-element-8572dd4 elementor-icon-list--layout-traditional elementor-list-item-link-full_width elementor-widget elementor-widget-icon-list\" data-id=\"8572dd4\" data-element_type=\"widget\" data-e-type=\"widget\" data-widget_type=\"icon-list.default\">\n\t\t\t\t<div class=\"elementor-widget-container\">\n\t\t\t\t\t\t\t<ul class=\"elementor-icon-list-items\">\n\t\t\t\t\t\t\t<li class=\"elementor-icon-list-item\">\n\t\t\t\t\t\t\t\t\t\t<span class=\"elementor-icon-list-text\">Casse Croute Lulu<\/span>\n\t\t\t\t\t\t\t\t\t<\/li>\n\t\t\t\t\t\t<\/ul>\n\t\t\t\t\t\t<\/div>\n\t\t\t\t<\/div>\n\t\t\t\t<div class=\"elementor-element elementor-element-d41d707 elementor-widget elementor-widget-text-editor\" data-id=\"d41d707\" data-element_type=\"widget\" data-e-type=\"widget\" data-widget_type=\"text-editor.default\">\n\t\t\t\t<div class=\"elementor-widget-container\">\n\t\t\t\t\t\t\t\t\t<div class=\"ZdM7x r-ieCxAzXnqCHs t_oh\"><div class=\"vk_bk a_h\" tabindex=\"0\" data-ved=\"2ahUKEwjo-arF1ZHeAhVwx1kKHf2hALAQ5nEwEXoECAsQMg\"><table class=\"WgFkxc aligncenter\"><tbody><tr class=\"K7Ltle\"><td class=\"SKNSIb\">Dimanche<\/td><td>11h00 &#8211; 20h30<\/td><\/tr><tr><td class=\"SKNSIb\">Lundi<\/td><td>11h00 &#8211; 20h30<\/td><\/tr><tr><td class=\"SKNSIb\">Mardi<\/td><td>11h00 &#8211; 20h30<\/td><\/tr><tr><td class=\"SKNSIb\">Mercredi<\/td><td>11h00 &#8211; 20h30<\/td><\/tr><tr><td class=\"SKNSIb\">Jeudi<\/td><td>11h00 &#8211; 20h30<\/td><\/tr><tr><td class=\"SKNSIb\">Vendredi<\/td><td>11h00 &#8211; 20h30<\/td><\/tr><tr><td class=\"SKNSIb\">Samedi<\/td><td>11h00 &#8211; 20h30<\/td><\/tr><\/tbody><\/table><\/div><\/div>\t\t\t\t\t\t\t\t<\/div>\n\t\t\t\t<\/div>\n\t\t\t\t\t<\/div>\n\t\t<\/div>\n\t\t\t\t<div class=\"elementor-column elementor-col-50 elementor-top-column elementor-element elementor-element-f69c69b\" data-id=\"f69c69b\" data-element_type=\"column\" data-e-type=\"column\" data-settings=\"{&quot;background_background&quot;:&quot;classic&quot;}\">\n\t\t\t<div class=\"elementor-widget-wrap elementor-element-populated\">\n\t\t\t\t\t\t<div class=\"elementor-element elementor-element-d961294 elementor-widget elementor-widget-heading\" data-id=\"d961294\" data-element_type=\"widget\" data-e-type=\"widget\" data-widget_type=\"heading.default\">\n\t\t\t\t<div class=\"elementor-widget-container\">\n\t\t\t\t\t<h1 class=\"elementor-heading-title elementor-size-xxl\">Nous contacter<\/h1>\t\t\t\t<\/div>\n\t\t\t\t<\/div>\n\t\t\t\t<div class=\"elementor-element elementor-element-904ac2a elementor-widget elementor-widget-form\" data-id=\"904ac2a\" data-element_type=\"widget\" data-e-type=\"widget\" data-widget_type=\"form.default\">\n\t\t\t\t<div class=\"elementor-widget-container\">\n\t\t\t\t\t \t\t\t\t<\/div>\n\t\t\t\t<\/div>\n\t\t\t\t<div class=\"elementor-element elementor-element-c4486e2 elementor-shape-square e-grid-align-left elementor-grid-0 elementor-widget elementor-widget-social-icons\" data-id=\"c4486e2\" data-element_type=\"widget\" data-e-type=\"widget\" data-widget_type=\"social-icons.default\">\n\t\t\t\t<div class=\"elementor-widget-container\">\n\t\t\t\t\t\t\t<div class=\"elementor-social-icons-wrapper elementor-grid\" role=\"list\">\n\t\t\t\t\t\t\t<span class=\"elementor-grid-item\" role=\"listitem\">\n\t\t\t\t\t<a class=\"elementor-icon elementor-social-icon elementor-social-icon-facebook elementor-repeater-item-6fdd4fa\" href=\"https:\/\/www.facebook.com\/ChocolatsLulu\/\" target=\"_blank\">\n\t\t\t\t\t\t<span class=\"elementor-screen-only\">Facebook<\/span>\n\t\t\t\t\t\t\t\t\t\t\t\t\t<i class=\"fa fa-facebook\" aria-hidden=\"true\"><\/i>\n\t\t\t\t\t\t\t\t\t\t\t<\/a>\n\t\t\t\t<\/span>\n\t\t\t\t\t\t\t<span class=\"elementor-grid-item\" role=\"listitem\">\n\t\t\t\t\t<a class=\"elementor-icon elementor-social-icon elementor-social-icon-twitter elementor-repeater-item-ae1e391\" target=\"_blank\">\n\t\t\t\t\t\t<span class=\"elementor-screen-only\">Twitter<\/span>\n\t\t\t\t\t\t\t\t\t\t\t\t\t<i class=\"fa fa-twitter\" aria-hidden=\"true\"><\/i>\n\t\t\t\t\t\t\t\t\t\t\t<\/a>\n\t\t\t\t<\/span>\n\t\t\t\t\t<\/div>\n\t\t\t\t\t\t<\/div>\n\t\t\t\t<\/div>\n\t\t\t\t\t<\/div>\n\t\t<\/div>\n\t\t\t\t\t<\/div>\n\t\t<\/section>\n\t\t\t\t<section class=\"elementor-section elementor-top-section elementor-element elementor-element-01f73bb elementor-section-boxed elementor-section-height-default elementor-section-height-default\" data-id=\"01f73bb\" data-element_type=\"section\" data-e-type=\"section\">\n\t\t\t\t\t\t<div class=\"elementor-container elementor-column-gap-default\">\n\t\t\t\t\t<div class=\"elementor-column elementor-col-100 elementor-top-column elementor-element elementor-element-46dd407\" data-id=\"46dd407\" data-element_type=\"column\" data-e-type=\"column\">\n\t\t\t<div class=\"elementor-widget-wrap elementor-element-populated\">\n\t\t\t\t\t\t<div class=\"elementor-element elementor-element-6035375 elementor-widget elementor-widget-spacer\" data-id=\"6035375\" data-element_type=\"widget\" data-e-type=\"widget\" data-widget_type=\"spacer.default\">\n\t\t\t\t<div class=\"elementor-widget-container\">\n\t\t\t\t\t\t\t<div class=\"elementor-spacer\">\n\t\t\t<div class=\"elementor-spacer-inner\"><\/div>\n\t\t<\/div>\n\t\t\t\t\t\t<\/div>\n\t\t\t\t<\/div>\n\t\t\t\t\t<\/div>\n\t\t<\/div>\n\t\t\t\t\t<\/div>\n\t\t<\/section>\n\t\t\t\t<section class=\"elementor-section elementor-top-section elementor-element elementor-element-5be9296 elementor-section-boxed elementor-section-height-default elementor-section-height-default\" data-id=\"5be9296\" data-element_type=\"section\" data-e-type=\"section\">\n\t\t\t\t\t\t<div class=\"elementor-container elementor-column-gap-default\">\n\t\t\t\t\t<div class=\"elementor-column elementor-col-100 elementor-top-column elementor-element elementor-element-383593a\" data-id=\"383593a\" data-element_type=\"column\" data-e-type=\"column\">\n\t\t\t<div class=\"elementor-widget-wrap elementor-element-populated\">\n\t\t\t\t\t\t<div class=\"elementor-element elementor-element-f579742 elementor-widget elementor-widget-google_maps\" data-id=\"f579742\" data-element_type=\"widget\" data-e-type=\"widget\" data-widget_type=\"google_maps.default\">\n\t\t\t\t<div class=\"elementor-widget-container\">\n\t\t\t\t\t\t\t<div class=\"elementor-custom-embed\">\n\t\t\t<iframe loading=\"lazy\"\n\t\t\t\t\tsrc=\"https:\/\/maps.google.com\/maps?q=1832%20Route%20169%2C%20M%C3%A9tabetchouan-Lac-%C3%A0-la-Croix%2C%20QC%20G8G%201B3&#038;t=m&#038;z=10&#038;output=embed&#038;iwloc=near\"\n\t\t\t\t\ttitle=\"1832 Route 169, M\u00e9tabetchouan-Lac-\u00e0-la-Croix, QC G8G 1B3\"\n\t\t\t\t\taria-label=\"1832 Route 169, M\u00e9tabetchouan-Lac-\u00e0-la-Croix, QC G8G 1B3\"\n\t\t\t><\/iframe>\n\t\t<\/div>\n\t\t\t\t\t\t<\/div>\n\t\t\t\t<\/div>\n\t\t\t\t\t<\/div>\n\t\t<\/div>\n\t\t\t\t\t<\/div>\n\t\t<\/section>\n\t\t\t\t<section class=\"elementor-section elementor-top-section elementor-element elementor-element-24f070b elementor-section-boxed elementor-section-height-default elementor-section-height-default\" data-id=\"24f070b\" data-element_type=\"section\" data-e-type=\"section\">\n\t\t\t\t\t\t<div class=\"elementor-container elementor-column-gap-default\">\n\t\t\t\t\t<div class=\"elementor-column elementor-col-100 elementor-top-column elementor-element elementor-element-6868ea1\" data-id=\"6868ea1\" data-element_type=\"column\" data-e-type=\"column\">\n\t\t\t<div class=\"elementor-widget-wrap elementor-element-populated\">\n\t\t\t\t\t\t<div class=\"elementor-element elementor-element-7e4de2d elementor-widget elementor-widget-spacer\" data-id=\"7e4de2d\" data-element_type=\"widget\" data-e-type=\"widget\" data-widget_type=\"spacer.default\">\n\t\t\t\t<div class=\"elementor-widget-container\">\n\t\t\t\t\t\t\t<div class=\"elementor-spacer\">\n\t\t\t<div class=\"elementor-spacer-inner\"><\/div>\n\t\t<\/div>\n\t\t\t\t\t\t<\/div>\n\t\t\t\t<\/div>\n\t\t\t\t\t<\/div>\n\t\t<\/div>\n\t\t\t\t\t<\/div>\n\t\t<\/section>\n\t\t\t\t<\/div>\n\t\t","protected":false},"excerpt":{"rendered":"<p>Information 1832 route 169 M\u00e9tabetchouan-Lac-\u00e0-la-Croix, Quebec, Canada, G8G 1B3 (581)716-0154 ventes@chocolatlulu.com Cremerie Lulu Dimanche 11h00 &#8211; 21h30 Lundi 11h00 &#8211; 21h30 Mardi 11h00 &#8211; 21h30 Mercredi 11h00 &#8211; 21h30 Jeudi 11h00 &#8211; 21h30 Vendredi 11h00 &#8211; 21h30 Samedi 11h00 &#8211; 21h30 Casse Croute Lulu Dimanche 11h00 &#8211; 20h30 Lundi 11h00 &#8211; 20h30 Mardi 11h00 &#8211; [&hellip;]<\/p>\n","protected":false},"author":1,"featured_media":0,"parent":0,"menu_order":0,"comment_status":"closed","ping_status":"closed","template":"elementor_header_footer","meta":{"jetpack_post_was_ever_published":false,"footnotes":""},"class_list":["post-3515","page","type-page","status-publish","hentry","entry","wvn-thumbs-layout-horizontal","wvn-btn-normal","wvn-tabs-layout-horizontal","has-no-thumbnails"],"yoast_head":"<!-- This site is optimized with the Yoast SEO plugin v27.2 - https:\/\/yoast.com\/product\/yoast-seo-wordpress\/ -->\n<title>M\u00e9tabetchouan<\/title>\n<meta name=\"robots\" content=\"index, follow, max-snippet:-1, max-image-preview:large, max-video-preview:-1\" \/>\n<link rel=\"canonical\" href=\"https:\/\/chocolatlulu.com\/en\/metabetchouan\/\" \/>\n<meta property=\"og:locale\" content=\"fr_FR\" \/>\n<meta property=\"og:locale:alternate\" content=\"fr_FR\" \/>\n<meta property=\"og:type\" content=\"article\" \/>\n<meta property=\"og:title\" content=\"M\u00e9tabetchouan\" \/>\n<meta property=\"og:description\" content=\"Information 1832 route 169 M\u00e9tabetchouan-Lac-\u00e0-la-Croix, Quebec, Canada, G8G 1B3 (581)716-0154 ventes@chocolatlulu.com Cremerie Lulu Dimanche 11h00 &#8211; 21h30 Lundi 11h00 &#8211; 21h30 Mardi 11h00 &#8211; 21h30 Mercredi 11h00 &#8211; 21h30 Jeudi 11h00 &#8211; 21h30 Vendredi 11h00 &#8211; 21h30 Samedi 11h00 &#8211; 21h30 Casse Croute Lulu Dimanche 11h00 &#8211; 20h30 Lundi 11h00 &#8211; 20h30 Mardi 11h00 &#8211; [&hellip;]\" \/>\n<meta property=\"og:url\" content=\"https:\/\/chocolatlulu.com\/en\/metabetchouan\/\" \/>\n<meta property=\"og:site_name\" content=\"Chocolat Lulu\" \/>\n<meta property=\"article:publisher\" content=\"https:\/\/www.facebook.com\/ChocolatsLulu\/\" \/>\n<meta property=\"article:modified_time\" content=\"2023-06-20T22:19:38+00:00\" \/>\n<meta name=\"twitter:card\" content=\"summary_large_image\" \/>\n<script type=\"application\/ld+json\" class=\"yoast-schema-graph\">{\"@context\":\"https:\/\/schema.org\",\"@graph\":[{\"@type\":\"WebPage\",\"@id\":\"https:\/\/chocolatlulu.com\/en\/metabetchouan\/\",\"url\":\"https:\/\/chocolatlulu.com\/en\/metabetchouan\/\",\"name\":\"M\u00e9tabetchouan\",\"isPartOf\":{\"@id\":\"https:\/\/chocolatlulu.com\/#website\"},\"datePublished\":\"2018-10-23T02:45:32+00:00\",\"dateModified\":\"2023-06-20T22:19:38+00:00\",\"breadcrumb\":{\"@id\":\"https:\/\/chocolatlulu.com\/en\/metabetchouan\/#breadcrumb\"},\"inLanguage\":\"fr-FR\",\"potentialAction\":[{\"@type\":\"ReadAction\",\"target\":[\"https:\/\/chocolatlulu.com\/en\/metabetchouan\/\"]}]},{\"@type\":\"BreadcrumbList\",\"@id\":\"https:\/\/chocolatlulu.com\/en\/metabetchouan\/#breadcrumb\",\"itemListElement\":[{\"@type\":\"ListItem\",\"position\":1,\"name\":\"Accueil\",\"item\":\"https:\/\/chocolatlulu.com\/\"},{\"@type\":\"ListItem\",\"position\":2,\"name\":\"M\u00e9tabetchouan\"}]},{\"@type\":\"WebSite\",\"@id\":\"https:\/\/chocolatlulu.com\/#website\",\"url\":\"https:\/\/chocolatlulu.com\/\",\"name\":\"Chocolat Lulu\",\"description\":\"Chocolaterie, Bar Laitier !\",\"publisher\":{\"@id\":\"https:\/\/chocolatlulu.com\/#organization\"},\"potentialAction\":[{\"@type\":\"SearchAction\",\"target\":{\"@type\":\"EntryPoint\",\"urlTemplate\":\"https:\/\/chocolatlulu.com\/?s={search_term_string}\"},\"query-input\":{\"@type\":\"PropertyValueSpecification\",\"valueRequired\":true,\"valueName\":\"search_term_string\"}}],\"inLanguage\":\"fr-FR\"},{\"@type\":\"Organization\",\"@id\":\"https:\/\/chocolatlulu.com\/#organization\",\"name\":\"Chocolat Lulu\",\"url\":\"https:\/\/chocolatlulu.com\/\",\"logo\":{\"@type\":\"ImageObject\",\"inLanguage\":\"fr-FR\",\"@id\":\"https:\/\/chocolatlulu.com\/#\/schema\/logo\/image\/\",\"url\":\"https:\/\/chocolatlulu.com\/wp-content\/uploads\/2018\/09\/cropped-logotransparant.png\",\"contentUrl\":\"https:\/\/chocolatlulu.com\/wp-content\/uploads\/2018\/09\/cropped-logotransparant.png\",\"width\":512,\"height\":512,\"caption\":\"Chocolat Lulu\"},\"image\":{\"@id\":\"https:\/\/chocolatlulu.com\/#\/schema\/logo\/image\/\"},\"sameAs\":[\"https:\/\/www.facebook.com\/ChocolatsLulu\/\"]}]}<\/script>\n<!-- \/ Yoast SEO plugin. -->","yoast_head_json":{"title":"M\u00e9tabetchouan","robots":{"index":"index","follow":"follow","max-snippet":"max-snippet:-1","max-image-preview":"max-image-preview:large","max-video-preview":"max-video-preview:-1"},"canonical":"https:\/\/chocolatlulu.com\/en\/metabetchouan\/","og_locale":"fr_FR","og_type":"article","og_title":"Chocolat Lulu [:fr]M\u00e9tabetchouan[:] -","og_description":"Information 1832 route 169 M\u00e9tabetchouan-Lac-\u00e0-la-Croix, Quebec, Canada, G8G 1B3 (581)716-0154 ventes@chocolatlulu.com Cremerie Lulu Dimanche 11h00 &#8211; 21h30 Lundi 11h00 &#8211; 21h30 Mardi 11h00 &#8211; 21h30 Mercredi 11h00 &#8211; 21h30 Jeudi 11h00 &#8211; 21h30 Vendredi 11h00 &#8211; 21h30 Samedi 11h00 &#8211; 21h30 Casse Croute Lulu Dimanche 11h00 &#8211; 20h30 Lundi 11h00 &#8211; 20h30 Mardi 11h00 &#8211; [&hellip;]","og_url":"https:\/\/chocolatlulu.com\/en\/metabetchouan\/","og_site_name":"Chocolat Lulu","article_publisher":"https:\/\/www.facebook.com\/ChocolatsLulu\/","article_modified_time":"2023-06-20T22:19:38+00:00","twitter_card":"summary_large_image","schema":{"@context":"https:\/\/schema.org","@graph":[{"@type":"WebPage","@id":"https:\/\/chocolatlulu.com\/en\/metabetchouan\/","url":"https:\/\/chocolatlulu.com\/en\/metabetchouan\/","name":"M\u00e9tabetchouan","isPartOf":{"@id":"https:\/\/chocolatlulu.com\/#website"},"datePublished":"2018-10-23T02:45:32+00:00","dateModified":"2023-06-20T22:19:38+00:00","breadcrumb":{"@id":"https:\/\/chocolatlulu.com\/en\/metabetchouan\/#breadcrumb"},"inLanguage":"fr-FR","potentialAction":[{"@type":"ReadAction","target":["https:\/\/chocolatlulu.com\/en\/metabetchouan\/"]}]},{"@type":"BreadcrumbList","@id":"https:\/\/chocolatlulu.com\/en\/metabetchouan\/#breadcrumb","itemListElement":[{"@type":"ListItem","position":1,"name":"Accueil","item":"https:\/\/chocolatlulu.com\/"},{"@type":"ListItem","position":2,"name":"M\u00e9tabetchouan"}]},{"@type":"WebSite","@id":"https:\/\/chocolatlulu.com\/#website","url":"https:\/\/chocolatlulu.com\/","name":"Chocolat Lulu","description":"Chocolaterie, Bar Laitier !","publisher":{"@id":"https:\/\/chocolatlulu.com\/#organization"},"potentialAction":[{"@type":"SearchAction","target":{"@type":"EntryPoint","urlTemplate":"https:\/\/chocolatlulu.com\/?s={search_term_string}"},"query-input":{"@type":"PropertyValueSpecification","valueRequired":true,"valueName":"search_term_string"}}],"inLanguage":"fr-FR"},{"@type":"Organization","@id":"https:\/\/chocolatlulu.com\/#organization","name":"Chocolat Lulu","url":"https:\/\/chocolatlulu.com\/","logo":{"@type":"ImageObject","inLanguage":"fr-FR","@id":"https:\/\/chocolatlulu.com\/#\/schema\/logo\/image\/","url":"https:\/\/chocolatlulu.com\/wp-content\/uploads\/2018\/09\/cropped-logotransparant.png","contentUrl":"https:\/\/chocolatlulu.com\/wp-content\/uploads\/2018\/09\/cropped-logotransparant.png","width":512,"height":512,"caption":"Chocolat Lulu"},"image":{"@id":"https:\/\/chocolatlulu.com\/#\/schema\/logo\/image\/"},"sameAs":["https:\/\/www.facebook.com\/ChocolatsLulu\/"]}]}},"jetpack_sharing_enabled":true,"jetpack_shortlink":"https:\/\/wp.me\/P9Deiw-UH","jetpack-related-posts":[{"id":3852,"url":"https:\/\/chocolatlulu.com\/en\/politique-de-confidentialite-2\/","url_meta":{"origin":3515,"position":0},"title":"Politique de confidentialit\u00e9","author":"AdEnakLbVa","date":"22 November 2018","format":false,"excerpt":"[:fr]Votre s\u00e9curit\u00e9La s\u00e9curit\u00e9 de vos renseignements personnels est importante pour Chocolat Lulu. Aussi, nous nous engageons \u00e0 appliquer toutes les mesures n\u00e9cessaires afin d'assurer la protection et la confidentialit\u00e9 de vos renseignements personnels tels que votre nom, adresse de r\u00e9sidence, adresse de courriel personnelle, num\u00e9ro de t\u00e9l\u00e9phone au domicile ou\u2026","rel":"","context":"Similar post","block_context":{"text":"Similar post","link":""},"img":{"alt_text":"","src":"","width":0,"height":0},"classes":[]},{"id":3854,"url":"https:\/\/chocolatlulu.com\/en\/conditions-generales-de-vente\/","url_meta":{"origin":3515,"position":1},"title":"Conditions g\u00e9n\u00e9rales de vente","author":"AdEnakLbVa","date":"22 November 2018","format":false,"excerpt":"[:fr] Ce site web est exploit\u00e9 par Chocolat Lulu. Sur ce site, les termes \"nous\", \"notre\" et \"nos\" font r\u00e9f\u00e9rence \u00e0 Chocolat Lulu. Chocolat Lulu propose ce site web, y compris toutes les informations, tous les outils et tous les services qui y sont disponibles pour vous, l\u2019utilisateur, sous r\u00e9serve\u2026","rel":"","context":"Similar post","block_context":{"text":"Similar post","link":""},"img":{"alt_text":"","src":"","width":0,"height":0},"classes":[]},{"id":2411,"url":"https:\/\/chocolatlulu.com\/en\/panier\/","url_meta":{"origin":3515,"position":2},"title":"Panier","author":"AdEnakLbVa","date":"8 September 2018","format":false,"excerpt":"[:fr][:]","rel":"","context":"Similar post","block_context":{"text":"Similar post","link":""},"img":{"alt_text":"","src":"","width":0,"height":0},"classes":[]},{"id":2412,"url":"https:\/\/chocolatlulu.com\/en\/validation\/","url_meta":{"origin":3515,"position":3},"title":"Validation","author":"AdEnakLbVa","date":"8 September 2018","format":false,"excerpt":"[:fr][:]","rel":"","context":"Similar post","block_context":{"text":"Similar post","link":""},"img":{"alt_text":"","src":"","width":0,"height":0},"classes":[]},{"id":4099,"url":"https:\/\/chocolatlulu.com\/en\/vendors\/","url_meta":{"origin":3515,"position":4},"title":"Vendors","author":"AdEnakLbVa","date":"4 February 2019","format":false,"excerpt":"[:fr][wcv_vendorslist][:]","rel":"","context":"Similar post","block_context":{"text":"Similar post","link":""},"img":{"alt_text":"","src":"","width":0,"height":0},"classes":[]},{"id":4349,"url":"https:\/\/chocolatlulu.com\/en\/commande\/","url_meta":{"origin":3515,"position":5},"title":"Validation de la commande","author":"AdEnakLbVa","date":"24 March 2020","format":false,"excerpt":"[:fr][:]","rel":"","context":"Similar post","block_context":{"text":"Similar post","link":""},"img":{"alt_text":"","src":"","width":0,"height":0},"classes":[]}],"_links":{"self":[{"href":"https:\/\/chocolatlulu.com\/en\/wp-json\/wp\/v2\/pages\/3515","targetHints":{"allow":["GET"]}}],"collection":[{"href":"https:\/\/chocolatlulu.com\/en\/wp-json\/wp\/v2\/pages"}],"about":[{"href":"https:\/\/chocolatlulu.com\/en\/wp-json\/wp\/v2\/types\/page"}],"author":[{"embeddable":true,"href":"https:\/\/chocolatlulu.com\/en\/wp-json\/wp\/v2\/users\/1"}],"replies":[{"embeddable":true,"href":"https:\/\/chocolatlulu.com\/en\/wp-json\/wp\/v2\/comments?post=3515"}],"version-history":[{"count":0,"href":"https:\/\/chocolatlulu.com\/en\/wp-json\/wp\/v2\/pages\/3515\/revisions"}],"wp:attachment":[{"href":"https:\/\/chocolatlulu.com\/en\/wp-json\/wp\/v2\/media?parent=3515"}],"curies":[{"name":"wp","href":"https:\/\/api.w.org\/{rel}","templated":true}]}}