{"id":7116,"date":"2021-05-10T11:28:37","date_gmt":"2021-05-10T16:28:37","guid":{"rendered":"https:\/\/chocolatlulu.com\/?page_id=7116"},"modified":"2021-05-10T14:33:13","modified_gmt":"2021-05-10T19:33:13","slug":"menu-cremerie","status":"publish","type":"page","link":"https:\/\/chocolatlulu.com\/en\/menu-cremerie\/","title":{"rendered":"Menu Cr\u00e8merie"},"content":{"rendered":"\t\t<div data-elementor-type=\"wp-page\" data-elementor-id=\"7116\" class=\"elementor elementor-7116\">\n\t\t\t\t\t\t<section class=\"elementor-section elementor-top-section elementor-element elementor-element-b453cec elementor-section-stretched elementor-section-full_width elementor-section-height-default elementor-section-height-default\" data-id=\"b453cec\" data-element_type=\"section\" data-e-type=\"section\" data-settings=\"{&quot;stretch_section&quot;:&quot;section-stretched&quot;}\">\n\t\t\t\t\t\t<div class=\"elementor-container elementor-column-gap-default\">\n\t\t\t\t\t<div class=\"elementor-column elementor-col-100 elementor-top-column elementor-element elementor-element-20028ab\" data-id=\"20028ab\" data-element_type=\"column\" data-e-type=\"column\">\n\t\t\t<div class=\"elementor-widget-wrap elementor-element-populated\">\n\t\t\t\t\t\t<div class=\"elementor-element elementor-element-0350132 elementor-widget elementor-widget-image\" data-id=\"0350132\" data-element_type=\"widget\" data-e-type=\"widget\" data-widget_type=\"image.default\">\n\t\t\t\t<div class=\"elementor-widget-container\">\n\t\t\t\t\t\t\t\t\t\t\t\t\t\t\t<img fetchpriority=\"high\" decoding=\"async\" width=\"2560\" height=\"1440\" src=\"https:\/\/chocolatlulu.com\/wp-content\/uploads\/2021\/05\/1-2-scaled.jpg\" class=\"attachment-full size-full wp-image-7119\" alt=\"\" srcset=\"https:\/\/chocolatlulu.com\/wp-content\/uploads\/2021\/05\/1-2-scaled.jpg 2560w, https:\/\/chocolatlulu.com\/wp-content\/uploads\/2021\/05\/1-2-300x169.jpg 300w, https:\/\/chocolatlulu.com\/wp-content\/uploads\/2021\/05\/1-2-1024x576.jpg 1024w, https:\/\/chocolatlulu.com\/wp-content\/uploads\/2021\/05\/1-2-768x432.jpg 768w, https:\/\/chocolatlulu.com\/wp-content\/uploads\/2021\/05\/1-2-1536x864.jpg 1536w, https:\/\/chocolatlulu.com\/wp-content\/uploads\/2021\/05\/1-2-2048x1152.jpg 2048w, https:\/\/chocolatlulu.com\/wp-content\/uploads\/2021\/05\/1-2-600x338.jpg 600w\" sizes=\"(max-width: 2560px) 100vw, 2560px\" \/>\t\t\t\t\t\t\t\t\t\t\t\t\t\t\t<\/div>\n\t\t\t\t<\/div>\n\t\t\t\t\t<\/div>\n\t\t<\/div>\n\t\t\t\t\t<\/div>\n\t\t<\/section>\n\t\t\t\t<section class=\"elementor-section elementor-top-section elementor-element elementor-element-556bd04 elementor-section-boxed elementor-section-height-default elementor-section-height-default\" data-id=\"556bd04\" data-element_type=\"section\" data-e-type=\"section\">\n\t\t\t\t\t\t<div class=\"elementor-container elementor-column-gap-default\">\n\t\t\t\t\t<div class=\"elementor-column elementor-col-100 elementor-top-column elementor-element elementor-element-dac93bd\" data-id=\"dac93bd\" data-element_type=\"column\" data-e-type=\"column\">\n\t\t\t<div class=\"elementor-widget-wrap\">\n\t\t\t\t\t\t\t<\/div>\n\t\t<\/div>\n\t\t\t\t\t<\/div>\n\t\t<\/section>\n\t\t\t\t<section class=\"elementor-section elementor-top-section elementor-element elementor-element-c8522a8 elementor-section-stretched elementor-section-full_width elementor-section-height-default elementor-section-height-default\" data-id=\"c8522a8\" data-element_type=\"section\" data-e-type=\"section\" data-settings=\"{&quot;stretch_section&quot;:&quot;section-stretched&quot;}\">\n\t\t\t\t\t\t<div class=\"elementor-container elementor-column-gap-default\">\n\t\t\t\t\t<div class=\"elementor-column elementor-col-100 elementor-top-column elementor-element elementor-element-f20eafc\" data-id=\"f20eafc\" data-element_type=\"column\" data-e-type=\"column\">\n\t\t\t<div class=\"elementor-widget-wrap elementor-element-populated\">\n\t\t\t\t\t\t<div class=\"elementor-element elementor-element-e171ebb elementor-widget elementor-widget-image\" data-id=\"e171ebb\" data-element_type=\"widget\" data-e-type=\"widget\" data-widget_type=\"image.default\">\n\t\t\t\t<div class=\"elementor-widget-container\">\n\t\t\t\t\t\t\t\t\t\t\t\t\t\t\t<img decoding=\"async\" width=\"2560\" height=\"1440\" src=\"https:\/\/chocolatlulu.com\/wp-content\/uploads\/2021\/05\/4-5-scaled.jpg\" class=\"attachment-full size-full wp-image-7121\" alt=\"\" srcset=\"https:\/\/chocolatlulu.com\/wp-content\/uploads\/2021\/05\/4-5-scaled.jpg 2560w, https:\/\/chocolatlulu.com\/wp-content\/uploads\/2021\/05\/4-5-300x169.jpg 300w, https:\/\/chocolatlulu.com\/wp-content\/uploads\/2021\/05\/4-5-1024x576.jpg 1024w, https:\/\/chocolatlulu.com\/wp-content\/uploads\/2021\/05\/4-5-768x432.jpg 768w, https:\/\/chocolatlulu.com\/wp-content\/uploads\/2021\/05\/4-5-1536x864.jpg 1536w, https:\/\/chocolatlulu.com\/wp-content\/uploads\/2021\/05\/4-5-2048x1152.jpg 2048w, https:\/\/chocolatlulu.com\/wp-content\/uploads\/2021\/05\/4-5-600x338.jpg 600w\" sizes=\"(max-width: 2560px) 100vw, 2560px\" \/>\t\t\t\t\t\t\t\t\t\t\t\t\t\t\t<\/div>\n\t\t\t\t<\/div>\n\t\t\t\t\t<\/div>\n\t\t<\/div>\n\t\t\t\t\t<\/div>\n\t\t<\/section>\n\t\t\t\t<section class=\"elementor-section elementor-top-section elementor-element elementor-element-3962b6d elementor-section-boxed elementor-section-height-default elementor-section-height-default\" data-id=\"3962b6d\" data-element_type=\"section\" data-e-type=\"section\">\n\t\t\t\t\t\t<div class=\"elementor-container elementor-column-gap-default\">\n\t\t\t\t\t<div class=\"elementor-column elementor-col-100 elementor-top-column elementor-element elementor-element-535b92a\" data-id=\"535b92a\" data-element_type=\"column\" data-e-type=\"column\">\n\t\t\t<div class=\"elementor-widget-wrap\">\n\t\t\t\t\t\t\t<\/div>\n\t\t<\/div>\n\t\t\t\t\t<\/div>\n\t\t<\/section>\n\t\t\t\t<section class=\"elementor-section elementor-top-section elementor-element elementor-element-7b925a2 elementor-section-stretched elementor-section-full_width elementor-section-height-default elementor-section-height-default\" data-id=\"7b925a2\" data-element_type=\"section\" data-e-type=\"section\" data-settings=\"{&quot;stretch_section&quot;:&quot;section-stretched&quot;}\">\n\t\t\t\t\t\t<div class=\"elementor-container elementor-column-gap-default\">\n\t\t\t\t\t<div class=\"elementor-column elementor-col-100 elementor-top-column elementor-element elementor-element-98842f6\" data-id=\"98842f6\" data-element_type=\"column\" data-e-type=\"column\">\n\t\t\t<div class=\"elementor-widget-wrap elementor-element-populated\">\n\t\t\t\t\t\t<div class=\"elementor-element elementor-element-dfbf027 elementor-widget elementor-widget-image\" data-id=\"dfbf027\" data-element_type=\"widget\" data-e-type=\"widget\" data-widget_type=\"image.default\">\n\t\t\t\t<div class=\"elementor-widget-container\">\n\t\t\t\t\t\t\t\t\t\t\t\t\t\t\t<img decoding=\"async\" width=\"2560\" height=\"1440\" src=\"https:\/\/chocolatlulu.com\/wp-content\/uploads\/2021\/05\/6-7-scaled.jpg\" class=\"attachment-full size-full wp-image-7125\" alt=\"\" srcset=\"https:\/\/chocolatlulu.com\/wp-content\/uploads\/2021\/05\/6-7-scaled.jpg 2560w, https:\/\/chocolatlulu.com\/wp-content\/uploads\/2021\/05\/6-7-300x169.jpg 300w, https:\/\/chocolatlulu.com\/wp-content\/uploads\/2021\/05\/6-7-1024x576.jpg 1024w, https:\/\/chocolatlulu.com\/wp-content\/uploads\/2021\/05\/6-7-768x432.jpg 768w, https:\/\/chocolatlulu.com\/wp-content\/uploads\/2021\/05\/6-7-1536x864.jpg 1536w, https:\/\/chocolatlulu.com\/wp-content\/uploads\/2021\/05\/6-7-2048x1152.jpg 2048w, https:\/\/chocolatlulu.com\/wp-content\/uploads\/2021\/05\/6-7-600x338.jpg 600w\" sizes=\"(max-width: 2560px) 100vw, 2560px\" \/>\t\t\t\t\t\t\t\t\t\t\t\t\t\t\t<\/div>\n\t\t\t\t<\/div>\n\t\t\t\t\t<\/div>\n\t\t<\/div>\n\t\t\t\t\t<\/div>\n\t\t<\/section>\n\t\t\t\t<section class=\"elementor-section elementor-top-section elementor-element elementor-element-fe76337 elementor-section-boxed elementor-section-height-default elementor-section-height-default\" data-id=\"fe76337\" data-element_type=\"section\" data-e-type=\"section\">\n\t\t\t\t\t\t<div class=\"elementor-container elementor-column-gap-default\">\n\t\t\t\t\t<div class=\"elementor-column elementor-col-100 elementor-top-column elementor-element elementor-element-54bc163\" data-id=\"54bc163\" data-element_type=\"column\" data-e-type=\"column\">\n\t\t\t<div class=\"elementor-widget-wrap\">\n\t\t\t\t\t\t\t<\/div>\n\t\t<\/div>\n\t\t\t\t\t<\/div>\n\t\t<\/section>\n\t\t\t\t<section class=\"elementor-section elementor-top-section elementor-element elementor-element-9f58e86 elementor-section-stretched elementor-section-full_width elementor-section-height-default elementor-section-height-default\" data-id=\"9f58e86\" data-element_type=\"section\" data-e-type=\"section\" data-settings=\"{&quot;stretch_section&quot;:&quot;section-stretched&quot;}\">\n\t\t\t\t\t\t<div class=\"elementor-container elementor-column-gap-default\">\n\t\t\t\t\t<div class=\"elementor-column elementor-col-100 elementor-top-column elementor-element elementor-element-59bab92\" data-id=\"59bab92\" data-element_type=\"column\" data-e-type=\"column\">\n\t\t\t<div class=\"elementor-widget-wrap elementor-element-populated\">\n\t\t\t\t\t\t<div class=\"elementor-element elementor-element-25c495c elementor-widget elementor-widget-image\" data-id=\"25c495c\" data-element_type=\"widget\" data-e-type=\"widget\" data-widget_type=\"image.default\">\n\t\t\t\t<div class=\"elementor-widget-container\">\n\t\t\t\t\t\t\t\t\t\t\t\t\t\t\t<img loading=\"lazy\" decoding=\"async\" width=\"2560\" height=\"1440\" src=\"https:\/\/chocolatlulu.com\/wp-content\/uploads\/2021\/05\/8-9-scaled.jpg\" class=\"attachment-full size-full wp-image-7128\" alt=\"\" srcset=\"https:\/\/chocolatlulu.com\/wp-content\/uploads\/2021\/05\/8-9-scaled.jpg 2560w, https:\/\/chocolatlulu.com\/wp-content\/uploads\/2021\/05\/8-9-300x169.jpg 300w, https:\/\/chocolatlulu.com\/wp-content\/uploads\/2021\/05\/8-9-1024x576.jpg 1024w, https:\/\/chocolatlulu.com\/wp-content\/uploads\/2021\/05\/8-9-768x432.jpg 768w, https:\/\/chocolatlulu.com\/wp-content\/uploads\/2021\/05\/8-9-1536x864.jpg 1536w, https:\/\/chocolatlulu.com\/wp-content\/uploads\/2021\/05\/8-9-2048x1152.jpg 2048w, https:\/\/chocolatlulu.com\/wp-content\/uploads\/2021\/05\/8-9-600x338.jpg 600w\" sizes=\"(max-width: 2560px) 100vw, 2560px\" \/>\t\t\t\t\t\t\t\t\t\t\t\t\t\t\t<\/div>\n\t\t\t\t<\/div>\n\t\t\t\t\t<\/div>\n\t\t<\/div>\n\t\t\t\t\t<\/div>\n\t\t<\/section>\n\t\t\t\t<\/div>\n\t\t","protected":false},"excerpt":{"rendered":"","protected":false},"author":1,"featured_media":0,"parent":0,"menu_order":0,"comment_status":"closed","ping_status":"closed","template":"","meta":{"jetpack_post_was_ever_published":false,"footnotes":""},"class_list":["post-7116","page","type-page","status-publish","hentry","entry","wvn-thumbs-layout-horizontal","wvn-btn-normal","wvn-tabs-layout-horizontal","has-no-thumbnails"],"yoast_head":"<!-- This site is optimized with the Yoast SEO plugin v27.2 - https:\/\/yoast.com\/product\/yoast-seo-wordpress\/ -->\n<title>Chocolat Lulu Menu Cr\u00e8merie<\/title>\n<meta name=\"robots\" content=\"index, follow, max-snippet:-1, max-image-preview:large, max-video-preview:-1\" \/>\n<link rel=\"canonical\" href=\"https:\/\/chocolatlulu.com\/en\/menu-cremerie\/\" \/>\n<meta property=\"og:locale\" content=\"fr_FR\" \/>\n<meta property=\"og:locale:alternate\" content=\"fr_FR\" \/>\n<meta property=\"og:type\" content=\"article\" \/>\n<meta property=\"og:title\" content=\"Chocolat Lulu Menu Cr\u00e8merie\" \/>\n<meta property=\"og:url\" content=\"https:\/\/chocolatlulu.com\/en\/menu-cremerie\/\" \/>\n<meta property=\"og:site_name\" content=\"Chocolat Lulu\" \/>\n<meta property=\"article:publisher\" content=\"https:\/\/www.facebook.com\/ChocolatsLulu\/\" \/>\n<meta property=\"article:modified_time\" content=\"2021-05-10T19:33:13+00:00\" \/>\n<meta property=\"og:image\" content=\"https:\/\/chocolatlulu.com\/wp-content\/uploads\/2021\/05\/1-2-scaled.jpg\" \/>\n<meta name=\"twitter:card\" content=\"summary_large_image\" \/>\n<meta name=\"twitter:label1\" content=\"Dur\u00e9e de lecture estim\u00e9e\" \/>\n\t<meta name=\"twitter:data1\" content=\"1 minute\" \/>\n<script type=\"application\/ld+json\" class=\"yoast-schema-graph\">{\"@context\":\"https:\/\/schema.org\",\"@graph\":[{\"@type\":\"WebPage\",\"@id\":\"https:\/\/chocolatlulu.com\/en\/menu-cremerie\/\",\"url\":\"https:\/\/chocolatlulu.com\/en\/menu-cremerie\/\",\"name\":\"Chocolat Lulu Menu Cr\u00e8merie\",\"isPartOf\":{\"@id\":\"https:\/\/chocolatlulu.com\/#website\"},\"primaryImageOfPage\":{\"@id\":\"https:\/\/chocolatlulu.com\/en\/menu-cremerie\/#primaryimage\"},\"image\":{\"@id\":\"https:\/\/chocolatlulu.com\/en\/menu-cremerie\/#primaryimage\"},\"thumbnailUrl\":\"https:\/\/chocolatlulu.com\/wp-content\/uploads\/2021\/05\/1-2-scaled.jpg\",\"datePublished\":\"2021-05-10T16:28:37+00:00\",\"dateModified\":\"2021-05-10T19:33:13+00:00\",\"breadcrumb\":{\"@id\":\"https:\/\/chocolatlulu.com\/en\/menu-cremerie\/#breadcrumb\"},\"inLanguage\":\"fr-FR\",\"potentialAction\":[{\"@type\":\"ReadAction\",\"target\":[\"https:\/\/chocolatlulu.com\/en\/menu-cremerie\/\"]}]},{\"@type\":\"ImageObject\",\"inLanguage\":\"fr-FR\",\"@id\":\"https:\/\/chocolatlulu.com\/en\/menu-cremerie\/#primaryimage\",\"url\":\"https:\/\/chocolatlulu.com\/wp-content\/uploads\/2021\/05\/1-2-scaled.jpg\",\"contentUrl\":\"https:\/\/chocolatlulu.com\/wp-content\/uploads\/2021\/05\/1-2-scaled.jpg\"},{\"@type\":\"BreadcrumbList\",\"@id\":\"https:\/\/chocolatlulu.com\/en\/menu-cremerie\/#breadcrumb\",\"itemListElement\":[{\"@type\":\"ListItem\",\"position\":1,\"name\":\"Accueil\",\"item\":\"https:\/\/chocolatlulu.com\/\"},{\"@type\":\"ListItem\",\"position\":2,\"name\":\"Menu Cr\u00e8merie\"}]},{\"@type\":\"WebSite\",\"@id\":\"https:\/\/chocolatlulu.com\/#website\",\"url\":\"https:\/\/chocolatlulu.com\/\",\"name\":\"Chocolat Lulu\",\"description\":\"Chocolaterie, Bar Laitier !\",\"publisher\":{\"@id\":\"https:\/\/chocolatlulu.com\/#organization\"},\"potentialAction\":[{\"@type\":\"SearchAction\",\"target\":{\"@type\":\"EntryPoint\",\"urlTemplate\":\"https:\/\/chocolatlulu.com\/?s={search_term_string}\"},\"query-input\":{\"@type\":\"PropertyValueSpecification\",\"valueRequired\":true,\"valueName\":\"search_term_string\"}}],\"inLanguage\":\"fr-FR\"},{\"@type\":\"Organization\",\"@id\":\"https:\/\/chocolatlulu.com\/#organization\",\"name\":\"Chocolat Lulu\",\"url\":\"https:\/\/chocolatlulu.com\/\",\"logo\":{\"@type\":\"ImageObject\",\"inLanguage\":\"fr-FR\",\"@id\":\"https:\/\/chocolatlulu.com\/#\/schema\/logo\/image\/\",\"url\":\"https:\/\/chocolatlulu.com\/wp-content\/uploads\/2018\/09\/cropped-logotransparant.png\",\"contentUrl\":\"https:\/\/chocolatlulu.com\/wp-content\/uploads\/2018\/09\/cropped-logotransparant.png\",\"width\":512,\"height\":512,\"caption\":\"Chocolat Lulu\"},\"image\":{\"@id\":\"https:\/\/chocolatlulu.com\/#\/schema\/logo\/image\/\"},\"sameAs\":[\"https:\/\/www.facebook.com\/ChocolatsLulu\/\"]}]}<\/script>\n<!-- \/ Yoast SEO plugin. -->","yoast_head_json":{"title":"Chocolat Lulu Menu Cr\u00e8merie","robots":{"index":"index","follow":"follow","max-snippet":"max-snippet:-1","max-image-preview":"max-image-preview:large","max-video-preview":"max-video-preview:-1"},"canonical":"https:\/\/chocolatlulu.com\/en\/menu-cremerie\/","og_locale":"fr_FR","og_type":"article","og_title":"[:fr]Chocolat Lulu [:fr]Menu Cr\u00e8merie[:] - [:]","og_url":"https:\/\/chocolatlulu.com\/en\/menu-cremerie\/","og_site_name":"Chocolat Lulu","article_publisher":"https:\/\/www.facebook.com\/ChocolatsLulu\/","article_modified_time":"2021-05-10T19:33:13+00:00","og_image":[{"url":"https:\/\/chocolatlulu.com\/wp-content\/uploads\/2021\/05\/1-2-scaled.jpg","type":"","width":"","height":""}],"twitter_card":"summary_large_image","twitter_misc":{"Dur\u00e9e de lecture estim\u00e9e":"1 minute"},"schema":{"@context":"https:\/\/schema.org","@graph":[{"@type":"WebPage","@id":"https:\/\/chocolatlulu.com\/en\/menu-cremerie\/","url":"https:\/\/chocolatlulu.com\/en\/menu-cremerie\/","name":"Chocolat Lulu Menu Cr\u00e8merie","isPartOf":{"@id":"https:\/\/chocolatlulu.com\/#website"},"primaryImageOfPage":{"@id":"https:\/\/chocolatlulu.com\/en\/menu-cremerie\/#primaryimage"},"image":{"@id":"https:\/\/chocolatlulu.com\/en\/menu-cremerie\/#primaryimage"},"thumbnailUrl":"https:\/\/chocolatlulu.com\/wp-content\/uploads\/2021\/05\/1-2-scaled.jpg","datePublished":"2021-05-10T16:28:37+00:00","dateModified":"2021-05-10T19:33:13+00:00","breadcrumb":{"@id":"https:\/\/chocolatlulu.com\/en\/menu-cremerie\/#breadcrumb"},"inLanguage":"fr-FR","potentialAction":[{"@type":"ReadAction","target":["https:\/\/chocolatlulu.com\/en\/menu-cremerie\/"]}]},{"@type":"ImageObject","inLanguage":"fr-FR","@id":"https:\/\/chocolatlulu.com\/en\/menu-cremerie\/#primaryimage","url":"https:\/\/chocolatlulu.com\/wp-content\/uploads\/2021\/05\/1-2-scaled.jpg","contentUrl":"https:\/\/chocolatlulu.com\/wp-content\/uploads\/2021\/05\/1-2-scaled.jpg"},{"@type":"BreadcrumbList","@id":"https:\/\/chocolatlulu.com\/en\/menu-cremerie\/#breadcrumb","itemListElement":[{"@type":"ListItem","position":1,"name":"Accueil","item":"https:\/\/chocolatlulu.com\/"},{"@type":"ListItem","position":2,"name":"Menu Cr\u00e8merie"}]},{"@type":"WebSite","@id":"https:\/\/chocolatlulu.com\/#website","url":"https:\/\/chocolatlulu.com\/","name":"Chocolat Lulu","description":"Chocolaterie, Bar Laitier !","publisher":{"@id":"https:\/\/chocolatlulu.com\/#organization"},"potentialAction":[{"@type":"SearchAction","target":{"@type":"EntryPoint","urlTemplate":"https:\/\/chocolatlulu.com\/?s={search_term_string}"},"query-input":{"@type":"PropertyValueSpecification","valueRequired":true,"valueName":"search_term_string"}}],"inLanguage":"fr-FR"},{"@type":"Organization","@id":"https:\/\/chocolatlulu.com\/#organization","name":"Chocolat Lulu","url":"https:\/\/chocolatlulu.com\/","logo":{"@type":"ImageObject","inLanguage":"fr-FR","@id":"https:\/\/chocolatlulu.com\/#\/schema\/logo\/image\/","url":"https:\/\/chocolatlulu.com\/wp-content\/uploads\/2018\/09\/cropped-logotransparant.png","contentUrl":"https:\/\/chocolatlulu.com\/wp-content\/uploads\/2018\/09\/cropped-logotransparant.png","width":512,"height":512,"caption":"Chocolat Lulu"},"image":{"@id":"https:\/\/chocolatlulu.com\/#\/schema\/logo\/image\/"},"sameAs":["https:\/\/www.facebook.com\/ChocolatsLulu\/"]}]}},"jetpack_sharing_enabled":true,"jetpack_shortlink":"https:\/\/wp.me\/P9Deiw-1QM","jetpack-related-posts":[{"id":3515,"url":"https:\/\/chocolatlulu.com\/en\/metabetchouan\/","url_meta":{"origin":7116,"position":0},"title":"M\u00e9tabetchouan","author":"AdEnakLbVa","date":"22 October 2018","format":false,"excerpt":"[:fr]Information 1832 route 169 M\u00e9tabetchouan-Lac-\u00e0-la-Croix, Quebec, Canada, G8G 1B3 (581)716-0154 ventes@chocolatlulu.com Cremerie Lulu Dimanche11h00 - 21h30Lundi11h00 - 21h30Mardi11h00 - 21h30Mercredi11h00 - 21h30Jeudi11h00 - 21h30Vendredi11h00 - 21h30Samedi11h00 - 21h30 Casse Croute Lulu Dimanche11h00 - 20h30Lundi11h00 - 20h30Mardi11h00 - 20h30Mercredi11h00 - 20h30Jeudi11h00 - 20h30Vendredi11h00 - 20h30Samedi11h00 - 20h30 Nous contacter Facebook Twitter\u2026","rel":"","context":"Similar post","block_context":{"text":"Similar post","link":""},"img":{"alt_text":"","src":"","width":0,"height":0},"classes":[]},{"id":2411,"url":"https:\/\/chocolatlulu.com\/en\/panier\/","url_meta":{"origin":7116,"position":1},"title":"Panier","author":"AdEnakLbVa","date":"8 September 2018","format":false,"excerpt":"[:fr][:]","rel":"","context":"Similar post","block_context":{"text":"Similar post","link":""},"img":{"alt_text":"","src":"","width":0,"height":0},"classes":[]},{"id":2412,"url":"https:\/\/chocolatlulu.com\/en\/validation\/","url_meta":{"origin":7116,"position":2},"title":"Validation","author":"AdEnakLbVa","date":"8 September 2018","format":false,"excerpt":"[:fr][:]","rel":"","context":"Similar post","block_context":{"text":"Similar post","link":""},"img":{"alt_text":"","src":"","width":0,"height":0},"classes":[]},{"id":4099,"url":"https:\/\/chocolatlulu.com\/en\/vendors\/","url_meta":{"origin":7116,"position":3},"title":"Vendors","author":"AdEnakLbVa","date":"4 February 2019","format":false,"excerpt":"[:fr][wcv_vendorslist][:]","rel":"","context":"Similar post","block_context":{"text":"Similar post","link":""},"img":{"alt_text":"","src":"","width":0,"height":0},"classes":[]},{"id":4349,"url":"https:\/\/chocolatlulu.com\/en\/commande\/","url_meta":{"origin":7116,"position":4},"title":"Validation de la commande","author":"AdEnakLbVa","date":"24 March 2020","format":false,"excerpt":"[:fr][:]","rel":"","context":"Similar post","block_context":{"text":"Similar post","link":""},"img":{"alt_text":"","src":"","width":0,"height":0},"classes":[]},{"id":4098,"url":"https:\/\/chocolatlulu.com\/en\/vendor_dashboard\/","url_meta":{"origin":7116,"position":5},"title":"Vendeur Dashboard","author":"AdEnakLbVa","date":"4 February 2019","format":false,"excerpt":"[:fr][wcv_vendor_dashboard][:]","rel":"","context":"Similar post","block_context":{"text":"Similar post","link":""},"img":{"alt_text":"","src":"","width":0,"height":0},"classes":[]}],"_links":{"self":[{"href":"https:\/\/chocolatlulu.com\/en\/wp-json\/wp\/v2\/pages\/7116","targetHints":{"allow":["GET"]}}],"collection":[{"href":"https:\/\/chocolatlulu.com\/en\/wp-json\/wp\/v2\/pages"}],"about":[{"href":"https:\/\/chocolatlulu.com\/en\/wp-json\/wp\/v2\/types\/page"}],"author":[{"embeddable":true,"href":"https:\/\/chocolatlulu.com\/en\/wp-json\/wp\/v2\/users\/1"}],"replies":[{"embeddable":true,"href":"https:\/\/chocolatlulu.com\/en\/wp-json\/wp\/v2\/comments?post=7116"}],"version-history":[{"count":0,"href":"https:\/\/chocolatlulu.com\/en\/wp-json\/wp\/v2\/pages\/7116\/revisions"}],"wp:attachment":[{"href":"https:\/\/chocolatlulu.com\/en\/wp-json\/wp\/v2\/media?parent=7116"}],"curies":[{"name":"wp","href":"https:\/\/api.w.org\/{rel}","templated":true}]}}