{"id":7402,"date":"2022-04-01T18:13:02","date_gmt":"2022-04-01T23:13:02","guid":{"rendered":"https:\/\/chocolatlulu.com\/remboursements_retours\/"},"modified":"2022-04-01T18:13:02","modified_gmt":"2022-04-01T23:13:02","slug":"remboursements_retours","status":"publish","type":"page","link":"https:\/\/chocolatlulu.com\/en\/remboursements_retours\/","title":{"rendered":"Politique en mati\u00e8re de remboursements et de retours"},"content":{"rendered":"\n<p><b>This is a sample page.<\/b><\/p>\n\n\n\n<h3>Overview<\/h3>\n\n\n\n<p>Our refund and returns policy lasts 30 days. If 30 days have passed since your purchase, we can\u2019t offer you a full refund or exchange.<\/p>\n\n\n\n<p>To be eligible for a return, your item must be unused and in the same condition that you received it. It must also be in the original packaging.<\/p>\n\n\n\n<p>Several types of goods are exempt from being returned. Perishable goods such as food, flowers, newspapers or magazines cannot be returned. We also do not accept products that are intimate or sanitary goods, hazardous materials, or flammable liquids or gases.<\/p>\n\n\n\n<p>Additional non-returnable items:<\/p>\n\n\n\n<ul class=\"wp-block-list\">\n<li>Gift cards<\/li>\n<li>Downloadable software products<\/li>\n<li>Some health and personal care items<\/li>\n<\/ul>\n\n\n\n<p>To complete your return, we require a receipt or proof of purchase.<\/p>\n\n\n\n<p>Please do not send your purchase back to the manufacturer.<\/p>\n\n\n\n<p>There are certain situations where only partial refunds are granted:<\/p>\n\n\n\n<ul class=\"wp-block-list\">\n<li>Book with obvious signs of use<\/li>\n<li>CD, DVD, VHS tape, software, video game, cassette tape, or vinyl record that has been opened.<\/li>\n<li>Any item not in its original condition, is damaged or missing parts for reasons not due to our error.<\/li>\n<li>Any item that is returned more than 30 days after delivery<\/li>\n<\/ul>\n\n\n\n<h2>Refunds<\/h2>\n\n\n\n<p>Once your return is received and inspected, we will send you an email to notify you that we have received your returned item. We will also notify you of the approval or rejection of your refund.<\/p>\n\n\n\n<p>If you are approved, then your refund will be processed, and a credit will automatically be applied to your credit card or original method of payment, within a certain amount of days.<\/p>\n\n\n\n<b>Late or missing refunds<\/b>\n\n\n\n<p>If you haven\u2019t received a refund yet, first check your bank account again.<\/p>\n\n\n\n<p>Then contact your credit card company, it may take some time before your refund is officially posted.<\/p>\n\n\n\n<p>Next contact your bank. There is often some processing time before a refund is posted.<\/p>\n\n\n\n<p>If you\u2019ve done all of this and you still have not received your refund yet, please contact us at {email address}.<\/p>\n\n\n\n<b>Sale items<\/b>\n\n\n\n<p>Only regular priced items may be refunded. Sale items cannot be refunded.<\/p>\n\n\n\n<h2>Exchanges<\/h2>\n\n\n\n<p>We only replace items if they are defective or damaged. If you need to exchange it for the same item, send us an email at {email address} and send your item to: {physical address}.<\/p>\n\n\n\n<h2>Gifts<\/h2>\n\n\n\n<p>If the item was marked as a gift when purchased and shipped directly to you, you\u2019ll receive a gift credit for the value of your return. Once the returned item is received, a gift certificate will be mailed to you.<\/p>\n\n\n\n<p>If the item wasn\u2019t marked as a gift when purchased, or the gift giver had the order shipped to themselves to give to you later, we will send a refund to the gift giver and they will find out about your return.<\/p>\n\n\n\n<h2>Shipping returns<\/h2>\n\n\n\n<p>To return your product, you should mail your product to: {physical address}.<\/p>\n\n\n\n<p>You will be responsible for paying for your own shipping costs for returning your item. Shipping costs are non-refundable. If you receive a refund, the cost of return shipping will be deducted from your refund.<\/p>\n\n\n\n<p>Depending on where you live, the time it may take for your exchanged product to reach you may vary.<\/p>\n\n\n\n<p>If you are returning more expensive items, you may consider using a trackable shipping service or purchasing shipping insurance. We don\u2019t guarantee that we will receive your returned item.<\/p>\n\n\n\n<h2>Need help?<\/h2>\n\n\n\n<p>Contact us at {email} for questions related to refunds and returns.<\/p>\n","protected":false},"excerpt":{"rendered":"<p>This is a sample page. Overview Our refund and returns policy lasts 30 days. If 30 days have passed since your purchase, we can\u2019t offer you a full refund or exchange. To be eligible for a return, your item must be unused and in the same condition that you received it. It must also be [&hellip;]<\/p>\n","protected":false},"author":1,"featured_media":0,"parent":0,"menu_order":0,"comment_status":"closed","ping_status":"closed","template":"","meta":{"jetpack_post_was_ever_published":false,"footnotes":""},"class_list":["post-7402","page","type-page","status-publish","hentry","entry","wvn-thumbs-layout-horizontal","wvn-btn-normal","wvn-tabs-layout-horizontal","has-no-thumbnails"],"yoast_head":"<!-- This site is optimized with the Yoast SEO plugin v27.2 - https:\/\/yoast.com\/product\/yoast-seo-wordpress\/ -->\n<title>Politique en mati\u00e8re de remboursements et de retours<\/title>\n<meta name=\"robots\" content=\"index, follow, max-snippet:-1, max-image-preview:large, max-video-preview:-1\" \/>\n<link rel=\"canonical\" href=\"https:\/\/chocolatlulu.com\/en\/remboursements_retours\/\" \/>\n<meta property=\"og:locale\" content=\"fr_FR\" \/>\n<meta property=\"og:locale:alternate\" content=\"fr_FR\" \/>\n<meta property=\"og:type\" content=\"article\" \/>\n<meta property=\"og:title\" content=\"Politique en mati\u00e8re de remboursements et de retours\" \/>\n<meta property=\"og:description\" content=\"This is a sample page. Overview Our refund and returns policy lasts 30 days. If 30 days have passed since your purchase, we can\u2019t offer you a full refund or exchange. To be eligible for a return, your item must be unused and in the same condition that you received it. It must also be [&hellip;]\" \/>\n<meta property=\"og:url\" content=\"https:\/\/chocolatlulu.com\/en\/remboursements_retours\/\" \/>\n<meta property=\"og:site_name\" content=\"Chocolat Lulu\" \/>\n<meta property=\"article:publisher\" content=\"https:\/\/www.facebook.com\/ChocolatsLulu\/\" \/>\n<meta name=\"twitter:card\" content=\"summary_large_image\" \/>\n<meta name=\"twitter:label1\" content=\"Dur\u00e9e de lecture estim\u00e9e\" \/>\n\t<meta name=\"twitter:data1\" content=\"3 minutes\" \/>\n<script type=\"application\/ld+json\" class=\"yoast-schema-graph\">{\"@context\":\"https:\/\/schema.org\",\"@graph\":[{\"@type\":\"WebPage\",\"@id\":\"https:\/\/chocolatlulu.com\/en\/remboursements_retours\/\",\"url\":\"https:\/\/chocolatlulu.com\/en\/remboursements_retours\/\",\"name\":\"Politique en mati\u00e8re de remboursements et de retours\",\"isPartOf\":{\"@id\":\"https:\/\/chocolatlulu.com\/#website\"},\"datePublished\":\"2022-04-01T23:13:02+00:00\",\"breadcrumb\":{\"@id\":\"https:\/\/chocolatlulu.com\/en\/remboursements_retours\/#breadcrumb\"},\"inLanguage\":\"fr-FR\",\"potentialAction\":[{\"@type\":\"ReadAction\",\"target\":[\"https:\/\/chocolatlulu.com\/en\/remboursements_retours\/\"]}]},{\"@type\":\"BreadcrumbList\",\"@id\":\"https:\/\/chocolatlulu.com\/en\/remboursements_retours\/#breadcrumb\",\"itemListElement\":[{\"@type\":\"ListItem\",\"position\":1,\"name\":\"Accueil\",\"item\":\"https:\/\/chocolatlulu.com\/\"},{\"@type\":\"ListItem\",\"position\":2,\"name\":\"Politique en mati\u00e8re de remboursements et de retours\"}]},{\"@type\":\"WebSite\",\"@id\":\"https:\/\/chocolatlulu.com\/#website\",\"url\":\"https:\/\/chocolatlulu.com\/\",\"name\":\"Chocolat Lulu\",\"description\":\"Chocolaterie, Bar Laitier !\",\"publisher\":{\"@id\":\"https:\/\/chocolatlulu.com\/#organization\"},\"potentialAction\":[{\"@type\":\"SearchAction\",\"target\":{\"@type\":\"EntryPoint\",\"urlTemplate\":\"https:\/\/chocolatlulu.com\/?s={search_term_string}\"},\"query-input\":{\"@type\":\"PropertyValueSpecification\",\"valueRequired\":true,\"valueName\":\"search_term_string\"}}],\"inLanguage\":\"fr-FR\"},{\"@type\":\"Organization\",\"@id\":\"https:\/\/chocolatlulu.com\/#organization\",\"name\":\"Chocolat Lulu\",\"url\":\"https:\/\/chocolatlulu.com\/\",\"logo\":{\"@type\":\"ImageObject\",\"inLanguage\":\"fr-FR\",\"@id\":\"https:\/\/chocolatlulu.com\/#\/schema\/logo\/image\/\",\"url\":\"https:\/\/chocolatlulu.com\/wp-content\/uploads\/2018\/09\/cropped-logotransparant.png\",\"contentUrl\":\"https:\/\/chocolatlulu.com\/wp-content\/uploads\/2018\/09\/cropped-logotransparant.png\",\"width\":512,\"height\":512,\"caption\":\"Chocolat Lulu\"},\"image\":{\"@id\":\"https:\/\/chocolatlulu.com\/#\/schema\/logo\/image\/\"},\"sameAs\":[\"https:\/\/www.facebook.com\/ChocolatsLulu\/\"]}]}<\/script>\n<!-- \/ Yoast SEO plugin. -->","yoast_head_json":{"title":"Politique en mati\u00e8re de remboursements et de retours","robots":{"index":"index","follow":"follow","max-snippet":"max-snippet:-1","max-image-preview":"max-image-preview:large","max-video-preview":"max-video-preview:-1"},"canonical":"https:\/\/chocolatlulu.com\/en\/remboursements_retours\/","og_locale":"fr_FR","og_type":"article","og_title":"Chocolat Lulu [:fr]Politique en mati\u00e8re de remboursements et de retours[:] -","og_description":"This is a sample page. Overview Our refund and returns policy lasts 30 days. If 30 days have passed since your purchase, we can\u2019t offer you a full refund or exchange. To be eligible for a return, your item must be unused and in the same condition that you received it. It must also be [&hellip;]","og_url":"https:\/\/chocolatlulu.com\/en\/remboursements_retours\/","og_site_name":"Chocolat Lulu","article_publisher":"https:\/\/www.facebook.com\/ChocolatsLulu\/","twitter_card":"summary_large_image","twitter_misc":{"Dur\u00e9e de lecture estim\u00e9e":"3 minutes"},"schema":{"@context":"https:\/\/schema.org","@graph":[{"@type":"WebPage","@id":"https:\/\/chocolatlulu.com\/en\/remboursements_retours\/","url":"https:\/\/chocolatlulu.com\/en\/remboursements_retours\/","name":"Politique en mati\u00e8re de remboursements et de retours","isPartOf":{"@id":"https:\/\/chocolatlulu.com\/#website"},"datePublished":"2022-04-01T23:13:02+00:00","breadcrumb":{"@id":"https:\/\/chocolatlulu.com\/en\/remboursements_retours\/#breadcrumb"},"inLanguage":"fr-FR","potentialAction":[{"@type":"ReadAction","target":["https:\/\/chocolatlulu.com\/en\/remboursements_retours\/"]}]},{"@type":"BreadcrumbList","@id":"https:\/\/chocolatlulu.com\/en\/remboursements_retours\/#breadcrumb","itemListElement":[{"@type":"ListItem","position":1,"name":"Accueil","item":"https:\/\/chocolatlulu.com\/"},{"@type":"ListItem","position":2,"name":"Politique en mati\u00e8re de remboursements et de retours"}]},{"@type":"WebSite","@id":"https:\/\/chocolatlulu.com\/#website","url":"https:\/\/chocolatlulu.com\/","name":"Chocolat Lulu","description":"Chocolaterie, Bar Laitier !","publisher":{"@id":"https:\/\/chocolatlulu.com\/#organization"},"potentialAction":[{"@type":"SearchAction","target":{"@type":"EntryPoint","urlTemplate":"https:\/\/chocolatlulu.com\/?s={search_term_string}"},"query-input":{"@type":"PropertyValueSpecification","valueRequired":true,"valueName":"search_term_string"}}],"inLanguage":"fr-FR"},{"@type":"Organization","@id":"https:\/\/chocolatlulu.com\/#organization","name":"Chocolat Lulu","url":"https:\/\/chocolatlulu.com\/","logo":{"@type":"ImageObject","inLanguage":"fr-FR","@id":"https:\/\/chocolatlulu.com\/#\/schema\/logo\/image\/","url":"https:\/\/chocolatlulu.com\/wp-content\/uploads\/2018\/09\/cropped-logotransparant.png","contentUrl":"https:\/\/chocolatlulu.com\/wp-content\/uploads\/2018\/09\/cropped-logotransparant.png","width":512,"height":512,"caption":"Chocolat Lulu"},"image":{"@id":"https:\/\/chocolatlulu.com\/#\/schema\/logo\/image\/"},"sameAs":["https:\/\/www.facebook.com\/ChocolatsLulu\/"]}]}},"jetpack_sharing_enabled":true,"jetpack_shortlink":"https:\/\/wp.me\/P9Deiw-1Vo","jetpack-related-posts":[{"id":1884,"url":"https:\/\/chocolatlulu.com\/en\/faqs\/?lang=en","url_meta":{"origin":7402,"position":0},"title":"FAQs","author":"AdEnakLbVa","date":"6 July 2018","format":false,"excerpt":"Frequently Asked QustionsDonec tincidunt ligula sed risus semper lobortis. Quisque vitae nibh id eros ullamcorper tincidunt in eget lectus. Quisque porttitor massa vel massa rutrum, quis tempor ipsum ullamcorper. Interdum et malesuada fames ac ante ipsum primis in faucibus. Aliquam vel dui vel neque tincidunt pharetra. How can I change\u2026","rel":"","context":"Similar post","block_context":{"text":"Similar post","link":""},"img":{"alt_text":"","src":"","width":0,"height":0},"classes":[]},{"id":2641,"url":"https:\/\/chocolatlulu.com\/en\/","url_meta":{"origin":7402,"position":1},"title":"Accueil","author":"AdEnakLbVa","date":"15 January 2018","format":false,"excerpt":"[:fr]BalaisAchetez maintenantFondue au chocolatAchetez maintenantCr\u00e8me molle Cornet caramel au beurreAchetez maintenantChocolats \u00e0 l'unit\u00e9Achetez MaintenantAchetez Maintenant Pr\u00e9c\u00e9dent Suivant Paniers Cadeaux Cornet caramel au beurre produits \u00e0 la guimauve Bulletin de nouvelles[:]","rel":"","context":"Similar post","block_context":{"text":"Similar post","link":""},"img":{"alt_text":"","src":"","width":0,"height":0},"classes":[]},{"id":1473,"url":"https:\/\/chocolatlulu.com\/en\/contact-us\/?lang=en","url_meta":{"origin":7402,"position":2},"title":"Contact Us","author":"AdEnakLbVa","date":"19 April 2018","format":false,"excerpt":"[:fr]Come & Visit Us Praesent et tristique orci. Nulla consequat tincidunt tortor, nec consectetur dolor. Cras nec fringilla justo. Vivamus vel tempor erat. Proin vestibulum metus sit amet eros interdum vestibulum. Contact Form Your email address will not be published. Required fields are marked *[:]","rel":"","context":"Similar post","block_context":{"text":"Similar post","link":""},"img":{"alt_text":"Jesuery 00 \u2013 WooVina","src":"https:\/\/i0.wp.com\/192.168.1.123\/woovina.net\/mimosa-03\/wp-content\/uploads\/2018\/07\/logo.png?resize=350%2C200","width":350,"height":200},"classes":[]},{"id":1869,"url":"https:\/\/chocolatlulu.com\/en\/services\/?lang=en","url_meta":{"origin":7402,"position":3},"title":"Services","author":"AdEnakLbVa","date":"6 July 2018","format":false,"excerpt":"Mimosa fashion Services\u200bDonec tincidunt ligula sed risus semper lobortis. Quisque vitae nibh id eros ullamcorper tincidunt in eget lectus. Quisque porttitor massa vel massa rutrum, quis tempor ipsum ullamcorper. Interdum et malesuada fames ac ante ipsum primis in faucibus. Aliquam vel dui vel neque tincidunt pharetra. Cras posuere purus ante,\u2026","rel":"","context":"Similar post","block_context":{"text":"Similar post","link":""},"img":{"alt_text":"","src":"https:\/\/i0.wp.com\/chocolatlulu.com\/wp-content\/uploads\/2018\/07\/Services_01.png?resize=350%2C200&ssl=1","width":350,"height":200,"srcset":"https:\/\/i0.wp.com\/chocolatlulu.com\/wp-content\/uploads\/2018\/07\/Services_01.png?resize=350%2C200&ssl=1 1x, https:\/\/i0.wp.com\/chocolatlulu.com\/wp-content\/uploads\/2018\/07\/Services_01.png?resize=525%2C300&ssl=1 1.5x, https:\/\/i0.wp.com\/chocolatlulu.com\/wp-content\/uploads\/2018\/07\/Services_01.png?resize=700%2C400&ssl=1 2x, https:\/\/i0.wp.com\/chocolatlulu.com\/wp-content\/uploads\/2018\/07\/Services_01.png?resize=1050%2C600&ssl=1 3x"},"classes":[]},{"id":10,"url":"https:\/\/chocolatlulu.com\/en\/about-us\/?lang=en","url_meta":{"origin":7402,"position":4},"title":"About Us","author":"AdEnakLbVa","date":"15 January 2018","format":false,"excerpt":"[:fr]About Jesuery Bakery\u201cJesuery rutrum turpis eget risus dapibus maximus. Morbi vel porttitor diam. Proin consectetur suscipit commodo. Fusce et tristique ipsum, quis auctor lectus. Cras aliquam arcu sit amet risus fermentum mattis. Nunc sit amet semper lectus. Nullam mattis enim at ultricies vestibulum. Ut feugiat rutrum velit vitae interdum. Donec\u2026","rel":"","context":"Similar post","block_context":{"text":"Similar post","link":""},"img":{"alt_text":"","src":"","width":0,"height":0},"classes":[]},{"id":3852,"url":"https:\/\/chocolatlulu.com\/en\/politique-de-confidentialite-2\/","url_meta":{"origin":7402,"position":5},"title":"Politique de confidentialit\u00e9","author":"AdEnakLbVa","date":"22 November 2018","format":false,"excerpt":"[:fr]Votre s\u00e9curit\u00e9La s\u00e9curit\u00e9 de vos renseignements personnels est importante pour Chocolat Lulu. Aussi, nous nous engageons \u00e0 appliquer toutes les mesures n\u00e9cessaires afin d'assurer la protection et la confidentialit\u00e9 de vos renseignements personnels tels que votre nom, adresse de r\u00e9sidence, adresse de courriel personnelle, num\u00e9ro de t\u00e9l\u00e9phone au domicile ou\u2026","rel":"","context":"Similar post","block_context":{"text":"Similar post","link":""},"img":{"alt_text":"","src":"","width":0,"height":0},"classes":[]}],"_links":{"self":[{"href":"https:\/\/chocolatlulu.com\/en\/wp-json\/wp\/v2\/pages\/7402","targetHints":{"allow":["GET"]}}],"collection":[{"href":"https:\/\/chocolatlulu.com\/en\/wp-json\/wp\/v2\/pages"}],"about":[{"href":"https:\/\/chocolatlulu.com\/en\/wp-json\/wp\/v2\/types\/page"}],"author":[{"embeddable":true,"href":"https:\/\/chocolatlulu.com\/en\/wp-json\/wp\/v2\/users\/1"}],"replies":[{"embeddable":true,"href":"https:\/\/chocolatlulu.com\/en\/wp-json\/wp\/v2\/comments?post=7402"}],"version-history":[{"count":0,"href":"https:\/\/chocolatlulu.com\/en\/wp-json\/wp\/v2\/pages\/7402\/revisions"}],"wp:attachment":[{"href":"https:\/\/chocolatlulu.com\/en\/wp-json\/wp\/v2\/media?parent=7402"}],"curies":[{"name":"wp","href":"https:\/\/api.w.org\/{rel}","templated":true}]}}