{"id":2686,"date":"2025-03-24T10:54:18","date_gmt":"2025-03-24T15:54:18","guid":{"rendered":"https:\/\/chocolatlulu.com\/?post_type=product&#038;p=2686"},"modified":"2025-03-24T17:56:15","modified_gmt":"2025-03-24T22:56:15","slug":"lune-de-miel","status":"publish","type":"product","link":"https:\/\/chocolatlulu.com\/en\/boutique\/enrobes\/lune-de-miel\/","title":{"rendered":"Lunes de miel &#8211; Enrob\u00e9es de chocolat au lait Belge (125g)"},"content":{"rendered":"","protected":false},"excerpt":{"rendered":"","protected":false},"featured_media":3746,"comment_status":"open","ping_status":"closed","template":"","meta":{"jetpack_post_was_ever_published":false,"jetpack_publicize_message":"","jetpack_publicize_feature_enabled":true,"jetpack_social_post_already_shared":false,"jetpack_social_options":{"image_generator_settings":{"template":"highway","default_image_id":0,"font":"","enabled":false},"version":2}},"product_brand":[],"product_cat":[60],"product_tag":[],"class_list":{"0":"post-2686","1":"product","2":"type-product","3":"status-publish","4":"has-post-thumbnail","6":"product_cat-enrobes","7":"entry","8":"has-media","10":"first","11":"instock","12":"taxable","13":"shipping-taxable","14":"purchasable","15":"product-type-simple","16":"col","17":"span_1_of_3","18":"wvn-content-center","19":"wvn-thumbs-layout-horizontal","20":"wvn-btn-normal","21":"wvn-tabs-layout-horizontal","22":"has-no-thumbnails"},"yoast_head":"<!-- This site is optimized with the Yoast SEO plugin v27.2 - https:\/\/yoast.com\/product\/yoast-seo-wordpress\/ -->\n<title>Lunes de miel - Enrob\u00e9es de chocolat au lait Belge (125g)<\/title>\n<meta name=\"robots\" content=\"index, follow, max-snippet:-1, max-image-preview:large, max-video-preview:-1\" \/>\n<link rel=\"canonical\" href=\"https:\/\/chocolatlulu.com\/en\/boutique\/enrobes\/lune-de-miel\/\" \/>\n<meta property=\"og:locale\" content=\"fr_FR\" \/>\n<meta property=\"og:locale:alternate\" content=\"fr_FR\" \/>\n<meta property=\"og:type\" content=\"article\" \/>\n<meta property=\"og:title\" content=\"Lunes de miel - Enrob\u00e9es de chocolat au lait Belge (125g)\" \/>\n<meta property=\"og:url\" content=\"https:\/\/chocolatlulu.com\/en\/boutique\/enrobes\/lune-de-miel\/\" \/>\n<meta property=\"og:site_name\" content=\"Chocolat Lulu\" \/>\n<meta property=\"article:publisher\" content=\"https:\/\/www.facebook.com\/ChocolatsLulu\/\" \/>\n<meta property=\"article:modified_time\" content=\"2025-03-24T22:56:15+00:00\" \/>\n<meta property=\"og:image\" content=\"https:\/\/chocolatlulu.com\/wp-content\/uploads\/2018\/11\/rsz_enrob\u00e9-lune-de-miel-compressor.jpg\" \/>\n\t<meta property=\"og:image:width\" content=\"763\" \/>\n\t<meta property=\"og:image:height\" content=\"1024\" \/>\n\t<meta property=\"og:image:type\" content=\"image\/jpeg\" \/>\n<meta name=\"twitter:card\" content=\"summary_large_image\" \/>\n<script type=\"application\/ld+json\" class=\"yoast-schema-graph\">{\"@context\":\"https:\/\/schema.org\",\"@graph\":[{\"@type\":\"WebPage\",\"@id\":\"https:\/\/chocolatlulu.com\/en\/boutique\/enrobes\/lune-de-miel\/\",\"url\":\"https:\/\/chocolatlulu.com\/en\/boutique\/enrobes\/lune-de-miel\/\",\"name\":\"Lunes de miel - Enrob\u00e9es de chocolat au lait Belge (125g)\",\"isPartOf\":{\"@id\":\"https:\/\/chocolatlulu.com\/#website\"},\"primaryImageOfPage\":{\"@id\":\"https:\/\/chocolatlulu.com\/en\/boutique\/enrobes\/lune-de-miel\/#primaryimage\"},\"image\":{\"@id\":\"https:\/\/chocolatlulu.com\/en\/boutique\/enrobes\/lune-de-miel\/#primaryimage\"},\"thumbnailUrl\":\"https:\/\/chocolatlulu.com\/wp-content\/uploads\/2018\/11\/rsz_enrob\u00e9-lune-de-miel-compressor.jpg\",\"datePublished\":\"2025-03-24T15:54:18+00:00\",\"dateModified\":\"2025-03-24T22:56:15+00:00\",\"breadcrumb\":{\"@id\":\"https:\/\/chocolatlulu.com\/en\/boutique\/enrobes\/lune-de-miel\/#breadcrumb\"},\"inLanguage\":\"fr-FR\",\"potentialAction\":[{\"@type\":\"ReadAction\",\"target\":[\"https:\/\/chocolatlulu.com\/en\/boutique\/enrobes\/lune-de-miel\/\"]}]},{\"@type\":\"ImageObject\",\"inLanguage\":\"fr-FR\",\"@id\":\"https:\/\/chocolatlulu.com\/en\/boutique\/enrobes\/lune-de-miel\/#primaryimage\",\"url\":\"https:\/\/chocolatlulu.com\/wp-content\/uploads\/2018\/11\/rsz_enrob\u00e9-lune-de-miel-compressor.jpg\",\"contentUrl\":\"https:\/\/chocolatlulu.com\/wp-content\/uploads\/2018\/11\/rsz_enrob\u00e9-lune-de-miel-compressor.jpg\",\"width\":763,\"height\":1024},{\"@type\":\"BreadcrumbList\",\"@id\":\"https:\/\/chocolatlulu.com\/en\/boutique\/enrobes\/lune-de-miel\/#breadcrumb\",\"itemListElement\":[{\"@type\":\"ListItem\",\"position\":1,\"name\":\"Accueil\",\"item\":\"https:\/\/chocolatlulu.com\/\"},{\"@type\":\"ListItem\",\"position\":2,\"name\":\"Boutique\",\"item\":\"https:\/\/chocolatlulu.com\/boutique\/\"},{\"@type\":\"ListItem\",\"position\":3,\"name\":\"Lunes de miel &#8211; Enrob\u00e9es de chocolat au lait Belge (125g)\"}]},{\"@type\":\"WebSite\",\"@id\":\"https:\/\/chocolatlulu.com\/#website\",\"url\":\"https:\/\/chocolatlulu.com\/\",\"name\":\"Chocolat Lulu\",\"description\":\"Chocolaterie, Bar Laitier !\",\"publisher\":{\"@id\":\"https:\/\/chocolatlulu.com\/#organization\"},\"potentialAction\":[{\"@type\":\"SearchAction\",\"target\":{\"@type\":\"EntryPoint\",\"urlTemplate\":\"https:\/\/chocolatlulu.com\/?s={search_term_string}\"},\"query-input\":{\"@type\":\"PropertyValueSpecification\",\"valueRequired\":true,\"valueName\":\"search_term_string\"}}],\"inLanguage\":\"fr-FR\"},{\"@type\":\"Organization\",\"@id\":\"https:\/\/chocolatlulu.com\/#organization\",\"name\":\"Chocolat Lulu\",\"url\":\"https:\/\/chocolatlulu.com\/\",\"logo\":{\"@type\":\"ImageObject\",\"inLanguage\":\"fr-FR\",\"@id\":\"https:\/\/chocolatlulu.com\/#\/schema\/logo\/image\/\",\"url\":\"https:\/\/chocolatlulu.com\/wp-content\/uploads\/2018\/09\/cropped-logotransparant.png\",\"contentUrl\":\"https:\/\/chocolatlulu.com\/wp-content\/uploads\/2018\/09\/cropped-logotransparant.png\",\"width\":512,\"height\":512,\"caption\":\"Chocolat Lulu\"},\"image\":{\"@id\":\"https:\/\/chocolatlulu.com\/#\/schema\/logo\/image\/\"},\"sameAs\":[\"https:\/\/www.facebook.com\/ChocolatsLulu\/\"]}]}<\/script>\n<!-- \/ Yoast SEO plugin. -->","yoast_head_json":{"title":"Lunes de miel - Enrob\u00e9es de chocolat au lait Belge (125g)","robots":{"index":"index","follow":"follow","max-snippet":"max-snippet:-1","max-image-preview":"max-image-preview:large","max-video-preview":"max-video-preview:-1"},"canonical":"https:\/\/chocolatlulu.com\/en\/boutique\/enrobes\/lune-de-miel\/","og_locale":"fr_FR","og_type":"article","og_title":"Chocolat Lulu [:fr]Lunes de miel - Enrob\u00e9es de chocolat au lait Belge (125g)[:] -","og_url":"https:\/\/chocolatlulu.com\/en\/boutique\/enrobes\/lune-de-miel\/","og_site_name":"Chocolat Lulu","article_publisher":"https:\/\/www.facebook.com\/ChocolatsLulu\/","article_modified_time":"2025-03-24T22:56:15+00:00","og_image":[{"width":763,"height":1024,"url":"https:\/\/chocolatlulu.com\/wp-content\/uploads\/2018\/11\/rsz_enrob\u00e9-lune-de-miel-compressor.jpg","type":"image\/jpeg"}],"twitter_card":"summary_large_image","schema":{"@context":"https:\/\/schema.org","@graph":[{"@type":"WebPage","@id":"https:\/\/chocolatlulu.com\/en\/boutique\/enrobes\/lune-de-miel\/","url":"https:\/\/chocolatlulu.com\/en\/boutique\/enrobes\/lune-de-miel\/","name":"Lunes de miel - Enrob\u00e9es de chocolat au lait Belge (125g)","isPartOf":{"@id":"https:\/\/chocolatlulu.com\/#website"},"primaryImageOfPage":{"@id":"https:\/\/chocolatlulu.com\/en\/boutique\/enrobes\/lune-de-miel\/#primaryimage"},"image":{"@id":"https:\/\/chocolatlulu.com\/en\/boutique\/enrobes\/lune-de-miel\/#primaryimage"},"thumbnailUrl":"https:\/\/chocolatlulu.com\/wp-content\/uploads\/2018\/11\/rsz_enrob\u00e9-lune-de-miel-compressor.jpg","datePublished":"2025-03-24T15:54:18+00:00","dateModified":"2025-03-24T22:56:15+00:00","breadcrumb":{"@id":"https:\/\/chocolatlulu.com\/en\/boutique\/enrobes\/lune-de-miel\/#breadcrumb"},"inLanguage":"fr-FR","potentialAction":[{"@type":"ReadAction","target":["https:\/\/chocolatlulu.com\/en\/boutique\/enrobes\/lune-de-miel\/"]}]},{"@type":"ImageObject","inLanguage":"fr-FR","@id":"https:\/\/chocolatlulu.com\/en\/boutique\/enrobes\/lune-de-miel\/#primaryimage","url":"https:\/\/chocolatlulu.com\/wp-content\/uploads\/2018\/11\/rsz_enrob\u00e9-lune-de-miel-compressor.jpg","contentUrl":"https:\/\/chocolatlulu.com\/wp-content\/uploads\/2018\/11\/rsz_enrob\u00e9-lune-de-miel-compressor.jpg","width":763,"height":1024},{"@type":"BreadcrumbList","@id":"https:\/\/chocolatlulu.com\/en\/boutique\/enrobes\/lune-de-miel\/#breadcrumb","itemListElement":[{"@type":"ListItem","position":1,"name":"Accueil","item":"https:\/\/chocolatlulu.com\/"},{"@type":"ListItem","position":2,"name":"Boutique","item":"https:\/\/chocolatlulu.com\/boutique\/"},{"@type":"ListItem","position":3,"name":"Lunes de miel &#8211; Enrob\u00e9es de chocolat au lait Belge (125g)"}]},{"@type":"WebSite","@id":"https:\/\/chocolatlulu.com\/#website","url":"https:\/\/chocolatlulu.com\/","name":"Chocolat Lulu","description":"Chocolaterie, Bar Laitier !","publisher":{"@id":"https:\/\/chocolatlulu.com\/#organization"},"potentialAction":[{"@type":"SearchAction","target":{"@type":"EntryPoint","urlTemplate":"https:\/\/chocolatlulu.com\/?s={search_term_string}"},"query-input":{"@type":"PropertyValueSpecification","valueRequired":true,"valueName":"search_term_string"}}],"inLanguage":"fr-FR"},{"@type":"Organization","@id":"https:\/\/chocolatlulu.com\/#organization","name":"Chocolat Lulu","url":"https:\/\/chocolatlulu.com\/","logo":{"@type":"ImageObject","inLanguage":"fr-FR","@id":"https:\/\/chocolatlulu.com\/#\/schema\/logo\/image\/","url":"https:\/\/chocolatlulu.com\/wp-content\/uploads\/2018\/09\/cropped-logotransparant.png","contentUrl":"https:\/\/chocolatlulu.com\/wp-content\/uploads\/2018\/09\/cropped-logotransparant.png","width":512,"height":512,"caption":"Chocolat Lulu"},"image":{"@id":"https:\/\/chocolatlulu.com\/#\/schema\/logo\/image\/"},"sameAs":["https:\/\/www.facebook.com\/ChocolatsLulu\/"]}]}},"jetpack_publicize_connections":[],"jetpack_sharing_enabled":true,"jetpack-related-posts":[{"id":6705,"url":"https:\/\/chocolatlulu.com\/en\/boutique\/enrobes\/lunes-de-miel-enrobees-de-chocolat-au-lait-belge-125g\/","url_meta":{"origin":2686,"position":0},"title":"Lunes de miel enrob\u00e9es de chocolat au lait Belge (125g)","author":"AdEnakLbVa","date":"25 March 2025","format":false,"excerpt":"","rel":"","context":"Similar post","block_context":{"text":"Similar post","link":""},"img":{"alt_text":"","src":"https:\/\/i0.wp.com\/chocolatlulu.com\/wp-content\/uploads\/2021\/01\/Lune-de-miel-sac-vert.jpeg?resize=350%2C200&ssl=1","width":350,"height":200,"srcset":"https:\/\/i0.wp.com\/chocolatlulu.com\/wp-content\/uploads\/2021\/01\/Lune-de-miel-sac-vert.jpeg?resize=350%2C200&ssl=1 1x, https:\/\/i0.wp.com\/chocolatlulu.com\/wp-content\/uploads\/2021\/01\/Lune-de-miel-sac-vert.jpeg?resize=525%2C300&ssl=1 1.5x, https:\/\/i0.wp.com\/chocolatlulu.com\/wp-content\/uploads\/2021\/01\/Lune-de-miel-sac-vert.jpeg?resize=700%2C400&ssl=1 2x"},"classes":[]},{"id":6699,"url":"https:\/\/chocolatlulu.com\/en\/boutique\/enrobes\/lunes-de-miel-enrobees-de-chocolat-au-lait-belge\/","url_meta":{"origin":2686,"position":1},"title":"Lunes de miel enrob\u00e9es de chocolat au lait Belge (380g)","author":"AdEnakLbVa","date":"24 March 2025","format":false,"excerpt":"","rel":"","context":"Similar post","block_context":{"text":"Similar post","link":""},"img":{"alt_text":"","src":"https:\/\/i0.wp.com\/chocolatlulu.com\/wp-content\/uploads\/2021\/01\/LUNE-DE-MIEL-380G.jpeg?resize=350%2C200&ssl=1","width":350,"height":200,"srcset":"https:\/\/i0.wp.com\/chocolatlulu.com\/wp-content\/uploads\/2021\/01\/LUNE-DE-MIEL-380G.jpeg?resize=350%2C200&ssl=1 1x, https:\/\/i0.wp.com\/chocolatlulu.com\/wp-content\/uploads\/2021\/01\/LUNE-DE-MIEL-380G.jpeg?resize=525%2C300&ssl=1 1.5x, https:\/\/i0.wp.com\/chocolatlulu.com\/wp-content\/uploads\/2021\/01\/LUNE-DE-MIEL-380G.jpeg?resize=700%2C400&ssl=1 2x"},"classes":[]},{"id":6702,"url":"https:\/\/chocolatlulu.com\/en\/boutique\/enrobes\/lune-de-miel-enrobees-de-chocolat-au-lait-belge-250g\/","url_meta":{"origin":2686,"position":2},"title":"Lunes de miel enrob\u00e9es de chocolat au lait belge (250g)","author":"AdEnakLbVa","date":"24 March 2025","format":false,"excerpt":"","rel":"","context":"Similar post","block_context":{"text":"Similar post","link":""},"img":{"alt_text":"","src":"https:\/\/i0.wp.com\/chocolatlulu.com\/wp-content\/uploads\/2021\/01\/Lune-de-miel-sac-rose.jpeg?resize=350%2C200&ssl=1","width":350,"height":200,"srcset":"https:\/\/i0.wp.com\/chocolatlulu.com\/wp-content\/uploads\/2021\/01\/Lune-de-miel-sac-rose.jpeg?resize=350%2C200&ssl=1 1x, https:\/\/i0.wp.com\/chocolatlulu.com\/wp-content\/uploads\/2021\/01\/Lune-de-miel-sac-rose.jpeg?resize=525%2C300&ssl=1 1.5x, https:\/\/i0.wp.com\/chocolatlulu.com\/wp-content\/uploads\/2021\/01\/Lune-de-miel-sac-rose.jpeg?resize=700%2C400&ssl=1 2x"},"classes":[]},{"id":2952,"url":"https:\/\/chocolatlulu.com\/en\/boutique\/enrobes\/amandes-enrob\/","url_meta":{"origin":2686,"position":3},"title":"Amandes enrob\u00e9es de chocolat au lait (125g)","author":"AdEnakLbVa","date":"24 March 2025","format":false,"excerpt":"","rel":"","context":"Similar post","block_context":{"text":"Similar post","link":""},"img":{"alt_text":"","src":"https:\/\/i0.wp.com\/chocolatlulu.com\/wp-content\/uploads\/2018\/11\/rsz_enrob%C3%A9-amandes-compressor.jpg?resize=350%2C200&ssl=1","width":350,"height":200,"srcset":"https:\/\/i0.wp.com\/chocolatlulu.com\/wp-content\/uploads\/2018\/11\/rsz_enrob%C3%A9-amandes-compressor.jpg?resize=350%2C200&ssl=1 1x, https:\/\/i0.wp.com\/chocolatlulu.com\/wp-content\/uploads\/2018\/11\/rsz_enrob%C3%A9-amandes-compressor.jpg?resize=525%2C300&ssl=1 1.5x, https:\/\/i0.wp.com\/chocolatlulu.com\/wp-content\/uploads\/2018\/11\/rsz_enrob%C3%A9-amandes-compressor.jpg?resize=700%2C400&ssl=1 2x"},"classes":[]},{"id":7162,"url":"https:\/\/chocolatlulu.com\/en\/boutique\/panier-cadeaux\/panier-je-taime-papa\/","url_meta":{"origin":2686,"position":4},"title":"Panier bleu &#8211; Je t&#8217;aime Papa!","author":"AdEnakLbVa","date":"27 March 2025","format":false,"excerpt":"[:fr]La panier bleu ''Je t'aime papa'' contient: 1 sac de lune de miel 380g - 1 barre \u00e0 fondue 400g - 1 sac de bleuets s\u00e9ch\u00e9s 125g - 1 sac d'amandes enrob\u00e9es 125g - 1 popcorn caramel 125g - 1 barre belge 75g - 1 barre caramel 75g- 1 coeur\u2026","rel":"","context":"Similar post","block_context":{"text":"Similar post","link":""},"img":{"alt_text":"","src":"https:\/\/i0.wp.com\/chocolatlulu.com\/wp-content\/uploads\/2021\/06\/chocolat-lulu-fe%CC%82te-des-pe%CC%80res-19207-scaled.jpg?resize=350%2C200&ssl=1","width":350,"height":200,"srcset":"https:\/\/i0.wp.com\/chocolatlulu.com\/wp-content\/uploads\/2021\/06\/chocolat-lulu-fe%CC%82te-des-pe%CC%80res-19207-scaled.jpg?resize=350%2C200&ssl=1 1x, https:\/\/i0.wp.com\/chocolatlulu.com\/wp-content\/uploads\/2021\/06\/chocolat-lulu-fe%CC%82te-des-pe%CC%80res-19207-scaled.jpg?resize=525%2C300&ssl=1 1.5x, https:\/\/i0.wp.com\/chocolatlulu.com\/wp-content\/uploads\/2021\/06\/chocolat-lulu-fe%CC%82te-des-pe%CC%80res-19207-scaled.jpg?resize=700%2C400&ssl=1 2x, https:\/\/i0.wp.com\/chocolatlulu.com\/wp-content\/uploads\/2021\/06\/chocolat-lulu-fe%CC%82te-des-pe%CC%80res-19207-scaled.jpg?resize=1050%2C600&ssl=1 3x, https:\/\/i0.wp.com\/chocolatlulu.com\/wp-content\/uploads\/2021\/06\/chocolat-lulu-fe%CC%82te-des-pe%CC%80res-19207-scaled.jpg?resize=1400%2C800&ssl=1 4x"},"classes":[]},{"id":7385,"url":"https:\/\/chocolatlulu.com\/en\/boutique\/panier-cadeaux\/chocolats-et-friandises-de-paques-assortis-panier-rose-2\/","url_meta":{"origin":2686,"position":5},"title":"Panier Chocolats et friandises de P\u00e2ques assortis","author":"AdEnakLbVa","date":"22 April 2025","format":false,"excerpt":"[:fr]Le panier contient: 4 poules au lait\u00a0 \u2013\u00a0 1 enveloppe de popcorn - 2 barres de chocolat de 75 gr -pastilles 60gr \u2013 c\u00f4ne de jujubes 150 gr \u2013 perles crispy 40 gr \u2013 Lulu blossom 35 gr \u2013 2 balais 30gr ch *Chaque panier est unique et peut donc\u2026","rel":"","context":"Similar post","block_context":{"text":"Similar post","link":""},"img":{"alt_text":"","src":"https:\/\/i0.wp.com\/chocolatlulu.com\/wp-content\/uploads\/2022\/03\/ROC_2923-scaled.jpg?resize=350%2C200&ssl=1","width":350,"height":200,"srcset":"https:\/\/i0.wp.com\/chocolatlulu.com\/wp-content\/uploads\/2022\/03\/ROC_2923-scaled.jpg?resize=350%2C200&ssl=1 1x, https:\/\/i0.wp.com\/chocolatlulu.com\/wp-content\/uploads\/2022\/03\/ROC_2923-scaled.jpg?resize=525%2C300&ssl=1 1.5x, https:\/\/i0.wp.com\/chocolatlulu.com\/wp-content\/uploads\/2022\/03\/ROC_2923-scaled.jpg?resize=700%2C400&ssl=1 2x, https:\/\/i0.wp.com\/chocolatlulu.com\/wp-content\/uploads\/2022\/03\/ROC_2923-scaled.jpg?resize=1050%2C600&ssl=1 3x, https:\/\/i0.wp.com\/chocolatlulu.com\/wp-content\/uploads\/2022\/03\/ROC_2923-scaled.jpg?resize=1400%2C800&ssl=1 4x"},"classes":[]}],"_links":{"self":[{"href":"https:\/\/chocolatlulu.com\/en\/wp-json\/wp\/v2\/product\/2686","targetHints":{"allow":["GET"]}}],"collection":[{"href":"https:\/\/chocolatlulu.com\/en\/wp-json\/wp\/v2\/product"}],"about":[{"href":"https:\/\/chocolatlulu.com\/en\/wp-json\/wp\/v2\/types\/product"}],"replies":[{"embeddable":true,"href":"https:\/\/chocolatlulu.com\/en\/wp-json\/wp\/v2\/comments?post=2686"}],"wp:featuredmedia":[{"embeddable":true,"href":"https:\/\/chocolatlulu.com\/en\/wp-json\/wp\/v2\/media\/3746"}],"wp:attachment":[{"href":"https:\/\/chocolatlulu.com\/en\/wp-json\/wp\/v2\/media?parent=2686"}],"wp:term":[{"taxonomy":"product_brand","embeddable":true,"href":"https:\/\/chocolatlulu.com\/en\/wp-json\/wp\/v2\/product_brand?post=2686"},{"taxonomy":"product_cat","embeddable":true,"href":"https:\/\/chocolatlulu.com\/en\/wp-json\/wp\/v2\/product_cat?post=2686"},{"taxonomy":"product_tag","embeddable":true,"href":"https:\/\/chocolatlulu.com\/en\/wp-json\/wp\/v2\/product_tag?post=2686"}],"curies":[{"name":"wp","href":"https:\/\/api.w.org\/{rel}","templated":true}]}}