{"id":2952,"date":"2025-03-24T08:14:24","date_gmt":"2025-03-24T13:14:24","guid":{"rendered":"https:\/\/chocolatlulu.com\/?post_type=product&#038;p=2952"},"modified":"2025-03-24T17:57:23","modified_gmt":"2025-03-24T22:57:23","slug":"amandes-enrob","status":"publish","type":"product","link":"https:\/\/chocolatlulu.com\/en\/boutique\/enrobes\/amandes-enrob\/","title":{"rendered":"Amandes enrob\u00e9es de chocolat au lait (125g)"},"content":{"rendered":"","protected":false},"excerpt":{"rendered":"","protected":false},"featured_media":3741,"comment_status":"open","ping_status":"closed","template":"","meta":{"jetpack_post_was_ever_published":false,"jetpack_publicize_message":"","jetpack_publicize_feature_enabled":true,"jetpack_social_post_already_shared":false,"jetpack_social_options":{"image_generator_settings":{"template":"highway","default_image_id":0,"font":"","enabled":false},"version":2}},"product_brand":[],"product_cat":[60],"product_tag":[],"class_list":{"0":"post-2952","1":"product","2":"type-product","3":"status-publish","4":"has-post-thumbnail","6":"product_cat-enrobes","7":"product_shipping_class-boite-1","8":"entry","9":"has-media","11":"first","12":"instock","13":"taxable","14":"shipping-taxable","15":"purchasable","16":"product-type-simple","17":"col","18":"span_1_of_3","19":"wvn-content-center","20":"wvn-thumbs-layout-horizontal","21":"wvn-btn-normal","22":"wvn-tabs-layout-horizontal","23":"has-no-thumbnails"},"yoast_head":"<!-- This site is optimized with the Yoast SEO plugin v27.2 - https:\/\/yoast.com\/product\/yoast-seo-wordpress\/ -->\n<title>Amandes enrob\u00e9es de chocolat au lait (125g)<\/title>\n<meta name=\"robots\" content=\"index, follow, max-snippet:-1, max-image-preview:large, max-video-preview:-1\" \/>\n<link rel=\"canonical\" href=\"https:\/\/chocolatlulu.com\/en\/boutique\/enrobes\/amandes-enrob\/\" \/>\n<meta property=\"og:locale\" content=\"fr_FR\" \/>\n<meta property=\"og:locale:alternate\" content=\"fr_FR\" \/>\n<meta property=\"og:type\" content=\"article\" \/>\n<meta property=\"og:title\" content=\"Amandes enrob\u00e9es de chocolat au lait (125g)\" \/>\n<meta property=\"og:url\" content=\"https:\/\/chocolatlulu.com\/en\/boutique\/enrobes\/amandes-enrob\/\" \/>\n<meta property=\"og:site_name\" content=\"Chocolat Lulu\" \/>\n<meta property=\"article:publisher\" content=\"https:\/\/www.facebook.com\/ChocolatsLulu\/\" \/>\n<meta property=\"article:modified_time\" content=\"2025-03-24T22:57:23+00:00\" \/>\n<meta property=\"og:image\" content=\"https:\/\/chocolatlulu.com\/wp-content\/uploads\/2018\/11\/rsz_enrob\u00e9-amandes-compressor.jpg\" \/>\n\t<meta property=\"og:image:width\" content=\"763\" \/>\n\t<meta property=\"og:image:height\" content=\"1024\" \/>\n\t<meta property=\"og:image:type\" content=\"image\/jpeg\" \/>\n<meta name=\"twitter:card\" content=\"summary_large_image\" \/>\n<script type=\"application\/ld+json\" class=\"yoast-schema-graph\">{\"@context\":\"https:\/\/schema.org\",\"@graph\":[{\"@type\":\"WebPage\",\"@id\":\"https:\/\/chocolatlulu.com\/en\/boutique\/enrobes\/amandes-enrob\/\",\"url\":\"https:\/\/chocolatlulu.com\/en\/boutique\/enrobes\/amandes-enrob\/\",\"name\":\"Amandes enrob\u00e9es de chocolat au lait (125g)\",\"isPartOf\":{\"@id\":\"https:\/\/chocolatlulu.com\/#website\"},\"primaryImageOfPage\":{\"@id\":\"https:\/\/chocolatlulu.com\/en\/boutique\/enrobes\/amandes-enrob\/#primaryimage\"},\"image\":{\"@id\":\"https:\/\/chocolatlulu.com\/en\/boutique\/enrobes\/amandes-enrob\/#primaryimage\"},\"thumbnailUrl\":\"https:\/\/chocolatlulu.com\/wp-content\/uploads\/2018\/11\/rsz_enrob\u00e9-amandes-compressor.jpg\",\"datePublished\":\"2025-03-24T13:14:24+00:00\",\"dateModified\":\"2025-03-24T22:57:23+00:00\",\"breadcrumb\":{\"@id\":\"https:\/\/chocolatlulu.com\/en\/boutique\/enrobes\/amandes-enrob\/#breadcrumb\"},\"inLanguage\":\"fr-FR\",\"potentialAction\":[{\"@type\":\"ReadAction\",\"target\":[\"https:\/\/chocolatlulu.com\/en\/boutique\/enrobes\/amandes-enrob\/\"]}]},{\"@type\":\"ImageObject\",\"inLanguage\":\"fr-FR\",\"@id\":\"https:\/\/chocolatlulu.com\/en\/boutique\/enrobes\/amandes-enrob\/#primaryimage\",\"url\":\"https:\/\/chocolatlulu.com\/wp-content\/uploads\/2018\/11\/rsz_enrob\u00e9-amandes-compressor.jpg\",\"contentUrl\":\"https:\/\/chocolatlulu.com\/wp-content\/uploads\/2018\/11\/rsz_enrob\u00e9-amandes-compressor.jpg\",\"width\":763,\"height\":1024},{\"@type\":\"BreadcrumbList\",\"@id\":\"https:\/\/chocolatlulu.com\/en\/boutique\/enrobes\/amandes-enrob\/#breadcrumb\",\"itemListElement\":[{\"@type\":\"ListItem\",\"position\":1,\"name\":\"Accueil\",\"item\":\"https:\/\/chocolatlulu.com\/\"},{\"@type\":\"ListItem\",\"position\":2,\"name\":\"Boutique\",\"item\":\"https:\/\/chocolatlulu.com\/boutique\/\"},{\"@type\":\"ListItem\",\"position\":3,\"name\":\"Amandes enrob\u00e9es de chocolat au lait (125g)\"}]},{\"@type\":\"WebSite\",\"@id\":\"https:\/\/chocolatlulu.com\/#website\",\"url\":\"https:\/\/chocolatlulu.com\/\",\"name\":\"Chocolat Lulu\",\"description\":\"Chocolaterie, Bar Laitier !\",\"publisher\":{\"@id\":\"https:\/\/chocolatlulu.com\/#organization\"},\"potentialAction\":[{\"@type\":\"SearchAction\",\"target\":{\"@type\":\"EntryPoint\",\"urlTemplate\":\"https:\/\/chocolatlulu.com\/?s={search_term_string}\"},\"query-input\":{\"@type\":\"PropertyValueSpecification\",\"valueRequired\":true,\"valueName\":\"search_term_string\"}}],\"inLanguage\":\"fr-FR\"},{\"@type\":\"Organization\",\"@id\":\"https:\/\/chocolatlulu.com\/#organization\",\"name\":\"Chocolat Lulu\",\"url\":\"https:\/\/chocolatlulu.com\/\",\"logo\":{\"@type\":\"ImageObject\",\"inLanguage\":\"fr-FR\",\"@id\":\"https:\/\/chocolatlulu.com\/#\/schema\/logo\/image\/\",\"url\":\"https:\/\/chocolatlulu.com\/wp-content\/uploads\/2018\/09\/cropped-logotransparant.png\",\"contentUrl\":\"https:\/\/chocolatlulu.com\/wp-content\/uploads\/2018\/09\/cropped-logotransparant.png\",\"width\":512,\"height\":512,\"caption\":\"Chocolat Lulu\"},\"image\":{\"@id\":\"https:\/\/chocolatlulu.com\/#\/schema\/logo\/image\/\"},\"sameAs\":[\"https:\/\/www.facebook.com\/ChocolatsLulu\/\"]}]}<\/script>\n<!-- \/ Yoast SEO plugin. -->","yoast_head_json":{"title":"Amandes enrob\u00e9es de chocolat au lait (125g)","robots":{"index":"index","follow":"follow","max-snippet":"max-snippet:-1","max-image-preview":"max-image-preview:large","max-video-preview":"max-video-preview:-1"},"canonical":"https:\/\/chocolatlulu.com\/en\/boutique\/enrobes\/amandes-enrob\/","og_locale":"fr_FR","og_type":"article","og_title":"Chocolat Lulu [:fr]Amandes enrob\u00e9es de chocolat au lait (125g)[:] -","og_url":"https:\/\/chocolatlulu.com\/en\/boutique\/enrobes\/amandes-enrob\/","og_site_name":"Chocolat Lulu","article_publisher":"https:\/\/www.facebook.com\/ChocolatsLulu\/","article_modified_time":"2025-03-24T22:57:23+00:00","og_image":[{"width":763,"height":1024,"url":"https:\/\/chocolatlulu.com\/wp-content\/uploads\/2018\/11\/rsz_enrob\u00e9-amandes-compressor.jpg","type":"image\/jpeg"}],"twitter_card":"summary_large_image","schema":{"@context":"https:\/\/schema.org","@graph":[{"@type":"WebPage","@id":"https:\/\/chocolatlulu.com\/en\/boutique\/enrobes\/amandes-enrob\/","url":"https:\/\/chocolatlulu.com\/en\/boutique\/enrobes\/amandes-enrob\/","name":"Amandes enrob\u00e9es de chocolat au lait (125g)","isPartOf":{"@id":"https:\/\/chocolatlulu.com\/#website"},"primaryImageOfPage":{"@id":"https:\/\/chocolatlulu.com\/en\/boutique\/enrobes\/amandes-enrob\/#primaryimage"},"image":{"@id":"https:\/\/chocolatlulu.com\/en\/boutique\/enrobes\/amandes-enrob\/#primaryimage"},"thumbnailUrl":"https:\/\/chocolatlulu.com\/wp-content\/uploads\/2018\/11\/rsz_enrob\u00e9-amandes-compressor.jpg","datePublished":"2025-03-24T13:14:24+00:00","dateModified":"2025-03-24T22:57:23+00:00","breadcrumb":{"@id":"https:\/\/chocolatlulu.com\/en\/boutique\/enrobes\/amandes-enrob\/#breadcrumb"},"inLanguage":"fr-FR","potentialAction":[{"@type":"ReadAction","target":["https:\/\/chocolatlulu.com\/en\/boutique\/enrobes\/amandes-enrob\/"]}]},{"@type":"ImageObject","inLanguage":"fr-FR","@id":"https:\/\/chocolatlulu.com\/en\/boutique\/enrobes\/amandes-enrob\/#primaryimage","url":"https:\/\/chocolatlulu.com\/wp-content\/uploads\/2018\/11\/rsz_enrob\u00e9-amandes-compressor.jpg","contentUrl":"https:\/\/chocolatlulu.com\/wp-content\/uploads\/2018\/11\/rsz_enrob\u00e9-amandes-compressor.jpg","width":763,"height":1024},{"@type":"BreadcrumbList","@id":"https:\/\/chocolatlulu.com\/en\/boutique\/enrobes\/amandes-enrob\/#breadcrumb","itemListElement":[{"@type":"ListItem","position":1,"name":"Accueil","item":"https:\/\/chocolatlulu.com\/"},{"@type":"ListItem","position":2,"name":"Boutique","item":"https:\/\/chocolatlulu.com\/boutique\/"},{"@type":"ListItem","position":3,"name":"Amandes enrob\u00e9es de chocolat au lait (125g)"}]},{"@type":"WebSite","@id":"https:\/\/chocolatlulu.com\/#website","url":"https:\/\/chocolatlulu.com\/","name":"Chocolat Lulu","description":"Chocolaterie, Bar Laitier !","publisher":{"@id":"https:\/\/chocolatlulu.com\/#organization"},"potentialAction":[{"@type":"SearchAction","target":{"@type":"EntryPoint","urlTemplate":"https:\/\/chocolatlulu.com\/?s={search_term_string}"},"query-input":{"@type":"PropertyValueSpecification","valueRequired":true,"valueName":"search_term_string"}}],"inLanguage":"fr-FR"},{"@type":"Organization","@id":"https:\/\/chocolatlulu.com\/#organization","name":"Chocolat Lulu","url":"https:\/\/chocolatlulu.com\/","logo":{"@type":"ImageObject","inLanguage":"fr-FR","@id":"https:\/\/chocolatlulu.com\/#\/schema\/logo\/image\/","url":"https:\/\/chocolatlulu.com\/wp-content\/uploads\/2018\/09\/cropped-logotransparant.png","contentUrl":"https:\/\/chocolatlulu.com\/wp-content\/uploads\/2018\/09\/cropped-logotransparant.png","width":512,"height":512,"caption":"Chocolat Lulu"},"image":{"@id":"https:\/\/chocolatlulu.com\/#\/schema\/logo\/image\/"},"sameAs":["https:\/\/www.facebook.com\/ChocolatsLulu\/"]}]}},"jetpack_publicize_connections":[],"jetpack_sharing_enabled":true,"jetpack-related-posts":[{"id":6705,"url":"https:\/\/chocolatlulu.com\/en\/boutique\/enrobes\/lunes-de-miel-enrobees-de-chocolat-au-lait-belge-125g\/","url_meta":{"origin":2952,"position":0},"title":"Lunes de miel enrob\u00e9es de chocolat au lait Belge (125g)","author":"AdEnakLbVa","date":"25 March 2025","format":false,"excerpt":"","rel":"","context":"Similar post","block_context":{"text":"Similar post","link":""},"img":{"alt_text":"","src":"https:\/\/i0.wp.com\/chocolatlulu.com\/wp-content\/uploads\/2021\/01\/Lune-de-miel-sac-vert.jpeg?resize=350%2C200&ssl=1","width":350,"height":200,"srcset":"https:\/\/i0.wp.com\/chocolatlulu.com\/wp-content\/uploads\/2021\/01\/Lune-de-miel-sac-vert.jpeg?resize=350%2C200&ssl=1 1x, https:\/\/i0.wp.com\/chocolatlulu.com\/wp-content\/uploads\/2021\/01\/Lune-de-miel-sac-vert.jpeg?resize=525%2C300&ssl=1 1.5x, https:\/\/i0.wp.com\/chocolatlulu.com\/wp-content\/uploads\/2021\/01\/Lune-de-miel-sac-vert.jpeg?resize=700%2C400&ssl=1 2x"},"classes":[]},{"id":2686,"url":"https:\/\/chocolatlulu.com\/en\/boutique\/enrobes\/lune-de-miel\/","url_meta":{"origin":2952,"position":1},"title":"Lunes de miel &#8211; Enrob\u00e9es de chocolat au lait Belge (125g)","author":"AdEnakLbVa","date":"24 March 2025","format":false,"excerpt":"","rel":"","context":"Similar post","block_context":{"text":"Similar post","link":""},"img":{"alt_text":"","src":"https:\/\/i0.wp.com\/chocolatlulu.com\/wp-content\/uploads\/2018\/11\/rsz_enrob%C3%A9-lune-de-miel-compressor.jpg?resize=350%2C200&ssl=1","width":350,"height":200,"srcset":"https:\/\/i0.wp.com\/chocolatlulu.com\/wp-content\/uploads\/2018\/11\/rsz_enrob%C3%A9-lune-de-miel-compressor.jpg?resize=350%2C200&ssl=1 1x, https:\/\/i0.wp.com\/chocolatlulu.com\/wp-content\/uploads\/2018\/11\/rsz_enrob%C3%A9-lune-de-miel-compressor.jpg?resize=525%2C300&ssl=1 1.5x, https:\/\/i0.wp.com\/chocolatlulu.com\/wp-content\/uploads\/2018\/11\/rsz_enrob%C3%A9-lune-de-miel-compressor.jpg?resize=700%2C400&ssl=1 2x"},"classes":[]},{"id":7547,"url":"https:\/\/chocolatlulu.com\/en\/boutique\/panier-cadeaux\/panier-cadeau-decadent-pour-noel-2\/","url_meta":{"origin":2952,"position":2},"title":"Panier cadeau &#8211; On se g\u00e2te pour No\u00ebl","author":"AdEnakLbVa","date":"24 March 2025","format":false,"excerpt":"[:fr]Contenu:\u00a0 Gros p\u00e8re 150 gr. - Barre fondue 454 gr.- 1 sac de bleuets enrob\u00e9s 100 gr. \u2013 1 sac d\u2019amandes enrob\u00e9es 125 gr. \u2013 Callets 100 gr \u2013 perles crispy 100 gr. \u2013 1 Lulu blossom \u2013 1 \u00e9corce aux noix - 1 sac de lunes de miel 380\u2026","rel":"","context":"Similar post","block_context":{"text":"Similar post","link":""},"img":{"alt_text":"","src":"https:\/\/i0.wp.com\/chocolatlulu.com\/wp-content\/uploads\/2022\/12\/ROC_4104_compressed-scaled.jpg?resize=350%2C200&ssl=1","width":350,"height":200,"srcset":"https:\/\/i0.wp.com\/chocolatlulu.com\/wp-content\/uploads\/2022\/12\/ROC_4104_compressed-scaled.jpg?resize=350%2C200&ssl=1 1x, https:\/\/i0.wp.com\/chocolatlulu.com\/wp-content\/uploads\/2022\/12\/ROC_4104_compressed-scaled.jpg?resize=525%2C300&ssl=1 1.5x, https:\/\/i0.wp.com\/chocolatlulu.com\/wp-content\/uploads\/2022\/12\/ROC_4104_compressed-scaled.jpg?resize=700%2C400&ssl=1 2x, https:\/\/i0.wp.com\/chocolatlulu.com\/wp-content\/uploads\/2022\/12\/ROC_4104_compressed-scaled.jpg?resize=1050%2C600&ssl=1 3x, https:\/\/i0.wp.com\/chocolatlulu.com\/wp-content\/uploads\/2022\/12\/ROC_4104_compressed-scaled.jpg?resize=1400%2C800&ssl=1 4x"},"classes":[]},{"id":7373,"url":"https:\/\/chocolatlulu.com\/en\/boutique\/panier-cadeaux\/panier-bleu-avec-toutou\/","url_meta":{"origin":2952,"position":3},"title":"Panier P\u00e2ques bleu avec toutou","author":"AdEnakLbVa","date":"22 April 2025","format":false,"excerpt":"[:fr]Contient: 1 barre \u00e0 fondue 454 gr.\u00a0 \u2013 1 enveloppe popcorn 150 gr \u2013 1 c\u00f4ne jujubes 250 gr \u2013 1 enveloppe pastilles 60 gr \u2013 1 boite de 4 bouch\u00e9es \u2013 2 barres de chocolat 75 gr. \u2013 1 sac d\u2019amandes enrob\u00e9es 125 gr \u2013 perles crispy 150 gr\u2026","rel":"","context":"Similar post","block_context":{"text":"Similar post","link":""},"img":{"alt_text":"","src":"https:\/\/i0.wp.com\/chocolatlulu.com\/wp-content\/uploads\/2022\/03\/compressjpgchocolat-lulu-pa%CC%82ques-16896-scaled.jpeg?resize=350%2C200&ssl=1","width":350,"height":200,"srcset":"https:\/\/i0.wp.com\/chocolatlulu.com\/wp-content\/uploads\/2022\/03\/compressjpgchocolat-lulu-pa%CC%82ques-16896-scaled.jpeg?resize=350%2C200&ssl=1 1x, https:\/\/i0.wp.com\/chocolatlulu.com\/wp-content\/uploads\/2022\/03\/compressjpgchocolat-lulu-pa%CC%82ques-16896-scaled.jpeg?resize=525%2C300&ssl=1 1.5x, https:\/\/i0.wp.com\/chocolatlulu.com\/wp-content\/uploads\/2022\/03\/compressjpgchocolat-lulu-pa%CC%82ques-16896-scaled.jpeg?resize=700%2C400&ssl=1 2x, https:\/\/i0.wp.com\/chocolatlulu.com\/wp-content\/uploads\/2022\/03\/compressjpgchocolat-lulu-pa%CC%82ques-16896-scaled.jpeg?resize=1050%2C600&ssl=1 3x, https:\/\/i0.wp.com\/chocolatlulu.com\/wp-content\/uploads\/2022\/03\/compressjpgchocolat-lulu-pa%CC%82ques-16896-scaled.jpeg?resize=1400%2C800&ssl=1 4x"},"classes":[]},{"id":7385,"url":"https:\/\/chocolatlulu.com\/en\/boutique\/panier-cadeaux\/chocolats-et-friandises-de-paques-assortis-panier-rose-2\/","url_meta":{"origin":2952,"position":4},"title":"Panier Chocolats et friandises de P\u00e2ques assortis","author":"AdEnakLbVa","date":"22 April 2025","format":false,"excerpt":"[:fr]Le panier contient: 4 poules au lait\u00a0 \u2013\u00a0 1 enveloppe de popcorn - 2 barres de chocolat de 75 gr -pastilles 60gr \u2013 c\u00f4ne de jujubes 150 gr \u2013 perles crispy 40 gr \u2013 Lulu blossom 35 gr \u2013 2 balais 30gr ch *Chaque panier est unique et peut donc\u2026","rel":"","context":"Similar post","block_context":{"text":"Similar post","link":""},"img":{"alt_text":"","src":"https:\/\/i0.wp.com\/chocolatlulu.com\/wp-content\/uploads\/2022\/03\/ROC_2923-scaled.jpg?resize=350%2C200&ssl=1","width":350,"height":200,"srcset":"https:\/\/i0.wp.com\/chocolatlulu.com\/wp-content\/uploads\/2022\/03\/ROC_2923-scaled.jpg?resize=350%2C200&ssl=1 1x, https:\/\/i0.wp.com\/chocolatlulu.com\/wp-content\/uploads\/2022\/03\/ROC_2923-scaled.jpg?resize=525%2C300&ssl=1 1.5x, https:\/\/i0.wp.com\/chocolatlulu.com\/wp-content\/uploads\/2022\/03\/ROC_2923-scaled.jpg?resize=700%2C400&ssl=1 2x, https:\/\/i0.wp.com\/chocolatlulu.com\/wp-content\/uploads\/2022\/03\/ROC_2923-scaled.jpg?resize=1050%2C600&ssl=1 3x, https:\/\/i0.wp.com\/chocolatlulu.com\/wp-content\/uploads\/2022\/03\/ROC_2923-scaled.jpg?resize=1400%2C800&ssl=1 4x"},"classes":[]},{"id":7162,"url":"https:\/\/chocolatlulu.com\/en\/boutique\/panier-cadeaux\/panier-je-taime-papa\/","url_meta":{"origin":2952,"position":5},"title":"Panier bleu &#8211; Je t&#8217;aime Papa!","author":"AdEnakLbVa","date":"27 March 2025","format":false,"excerpt":"[:fr]La panier bleu ''Je t'aime papa'' contient: 1 sac de lune de miel 380g - 1 barre \u00e0 fondue 400g - 1 sac de bleuets s\u00e9ch\u00e9s 125g - 1 sac d'amandes enrob\u00e9es 125g - 1 popcorn caramel 125g - 1 barre belge 75g - 1 barre caramel 75g- 1 coeur\u2026","rel":"","context":"Similar post","block_context":{"text":"Similar post","link":""},"img":{"alt_text":"","src":"https:\/\/i0.wp.com\/chocolatlulu.com\/wp-content\/uploads\/2021\/06\/chocolat-lulu-fe%CC%82te-des-pe%CC%80res-19207-scaled.jpg?resize=350%2C200&ssl=1","width":350,"height":200,"srcset":"https:\/\/i0.wp.com\/chocolatlulu.com\/wp-content\/uploads\/2021\/06\/chocolat-lulu-fe%CC%82te-des-pe%CC%80res-19207-scaled.jpg?resize=350%2C200&ssl=1 1x, https:\/\/i0.wp.com\/chocolatlulu.com\/wp-content\/uploads\/2021\/06\/chocolat-lulu-fe%CC%82te-des-pe%CC%80res-19207-scaled.jpg?resize=525%2C300&ssl=1 1.5x, https:\/\/i0.wp.com\/chocolatlulu.com\/wp-content\/uploads\/2021\/06\/chocolat-lulu-fe%CC%82te-des-pe%CC%80res-19207-scaled.jpg?resize=700%2C400&ssl=1 2x, https:\/\/i0.wp.com\/chocolatlulu.com\/wp-content\/uploads\/2021\/06\/chocolat-lulu-fe%CC%82te-des-pe%CC%80res-19207-scaled.jpg?resize=1050%2C600&ssl=1 3x, https:\/\/i0.wp.com\/chocolatlulu.com\/wp-content\/uploads\/2021\/06\/chocolat-lulu-fe%CC%82te-des-pe%CC%80res-19207-scaled.jpg?resize=1400%2C800&ssl=1 4x"},"classes":[]}],"_links":{"self":[{"href":"https:\/\/chocolatlulu.com\/en\/wp-json\/wp\/v2\/product\/2952","targetHints":{"allow":["GET"]}}],"collection":[{"href":"https:\/\/chocolatlulu.com\/en\/wp-json\/wp\/v2\/product"}],"about":[{"href":"https:\/\/chocolatlulu.com\/en\/wp-json\/wp\/v2\/types\/product"}],"replies":[{"embeddable":true,"href":"https:\/\/chocolatlulu.com\/en\/wp-json\/wp\/v2\/comments?post=2952"}],"wp:featuredmedia":[{"embeddable":true,"href":"https:\/\/chocolatlulu.com\/en\/wp-json\/wp\/v2\/media\/3741"}],"wp:attachment":[{"href":"https:\/\/chocolatlulu.com\/en\/wp-json\/wp\/v2\/media?parent=2952"}],"wp:term":[{"taxonomy":"product_brand","embeddable":true,"href":"https:\/\/chocolatlulu.com\/en\/wp-json\/wp\/v2\/product_brand?post=2952"},{"taxonomy":"product_cat","embeddable":true,"href":"https:\/\/chocolatlulu.com\/en\/wp-json\/wp\/v2\/product_cat?post=2952"},{"taxonomy":"product_tag","embeddable":true,"href":"https:\/\/chocolatlulu.com\/en\/wp-json\/wp\/v2\/product_tag?post=2952"}],"curies":[{"name":"wp","href":"https:\/\/api.w.org\/{rel}","templated":true}]}}