{"id":3333,"date":"2025-03-27T10:33:40","date_gmt":"2025-03-27T15:33:40","guid":{"rendered":"https:\/\/chocolatlulu.com\/?post_type=product&#038;p=3333"},"modified":"2025-03-27T17:28:57","modified_gmt":"2025-03-27T22:28:57","slug":"barre-de-chocolat-amandes","status":"publish","type":"product","link":"https:\/\/chocolatlulu.com\/en\/boutique\/barre-de-chocolat\/barre-de-chocolat-amandes\/","title":{"rendered":"Barre de chocolat aux amandes"},"content":{"rendered":"","protected":false},"excerpt":{"rendered":"","protected":false},"featured_media":3334,"comment_status":"open","ping_status":"closed","template":"","meta":{"jetpack_post_was_ever_published":false,"jetpack_publicize_message":"","jetpack_publicize_feature_enabled":true,"jetpack_social_post_already_shared":true,"jetpack_social_options":{"image_generator_settings":{"template":"highway","default_image_id":0,"font":"","enabled":false},"version":2}},"product_brand":[],"product_cat":[192],"product_tag":[],"class_list":{"0":"post-3333","1":"product","2":"type-product","3":"status-publish","4":"has-post-thumbnail","6":"product_cat-barre-de-chocolat","7":"entry","8":"has-media","10":"first","11":"instock","12":"taxable","13":"shipping-taxable","14":"purchasable","15":"product-type-simple","16":"col","17":"span_1_of_3","18":"wvn-content-center","19":"wvn-thumbs-layout-horizontal","20":"wvn-btn-normal","21":"wvn-tabs-layout-horizontal","22":"has-no-thumbnails"},"yoast_head":"<!-- This site is optimized with the Yoast SEO plugin v27.2 - https:\/\/yoast.com\/product\/yoast-seo-wordpress\/ -->\n<title>Barre de chocolat aux amandes<\/title>\n<meta name=\"robots\" content=\"index, follow, max-snippet:-1, max-image-preview:large, max-video-preview:-1\" \/>\n<link rel=\"canonical\" href=\"https:\/\/chocolatlulu.com\/en\/boutique\/barre-de-chocolat\/barre-de-chocolat-amandes\/\" \/>\n<meta property=\"og:locale\" content=\"fr_FR\" \/>\n<meta property=\"og:locale:alternate\" content=\"fr_FR\" \/>\n<meta property=\"og:type\" content=\"article\" \/>\n<meta property=\"og:title\" content=\"Barre de chocolat aux amandes\" \/>\n<meta property=\"og:url\" content=\"https:\/\/chocolatlulu.com\/en\/boutique\/barre-de-chocolat\/barre-de-chocolat-amandes\/\" \/>\n<meta property=\"og:site_name\" content=\"Chocolat Lulu\" \/>\n<meta property=\"article:publisher\" content=\"https:\/\/www.facebook.com\/ChocolatsLulu\/\" \/>\n<meta property=\"article:modified_time\" content=\"2025-03-27T22:28:57+00:00\" \/>\n<meta property=\"og:image\" content=\"https:\/\/chocolatlulu.com\/wp-content\/uploads\/2018\/09\/Barre-chocolat-Amande-4726.jpg\" \/>\n\t<meta property=\"og:image:width\" content=\"2730\" \/>\n\t<meta property=\"og:image:height\" content=\"1362\" \/>\n\t<meta property=\"og:image:type\" content=\"image\/jpeg\" \/>\n<meta name=\"twitter:card\" content=\"summary_large_image\" \/>\n<script type=\"application\/ld+json\" class=\"yoast-schema-graph\">{\"@context\":\"https:\/\/schema.org\",\"@graph\":[{\"@type\":\"WebPage\",\"@id\":\"https:\/\/chocolatlulu.com\/en\/boutique\/barre-de-chocolat\/barre-de-chocolat-amandes\/\",\"url\":\"https:\/\/chocolatlulu.com\/en\/boutique\/barre-de-chocolat\/barre-de-chocolat-amandes\/\",\"name\":\"Barre de chocolat aux amandes\",\"isPartOf\":{\"@id\":\"https:\/\/chocolatlulu.com\/#website\"},\"primaryImageOfPage\":{\"@id\":\"https:\/\/chocolatlulu.com\/en\/boutique\/barre-de-chocolat\/barre-de-chocolat-amandes\/#primaryimage\"},\"image\":{\"@id\":\"https:\/\/chocolatlulu.com\/en\/boutique\/barre-de-chocolat\/barre-de-chocolat-amandes\/#primaryimage\"},\"thumbnailUrl\":\"https:\/\/chocolatlulu.com\/wp-content\/uploads\/2018\/09\/Barre-chocolat-Amande-4726.jpg\",\"datePublished\":\"2025-03-27T15:33:40+00:00\",\"dateModified\":\"2025-03-27T22:28:57+00:00\",\"breadcrumb\":{\"@id\":\"https:\/\/chocolatlulu.com\/en\/boutique\/barre-de-chocolat\/barre-de-chocolat-amandes\/#breadcrumb\"},\"inLanguage\":\"fr-FR\",\"potentialAction\":[{\"@type\":\"ReadAction\",\"target\":[\"https:\/\/chocolatlulu.com\/en\/boutique\/barre-de-chocolat\/barre-de-chocolat-amandes\/\"]}]},{\"@type\":\"ImageObject\",\"inLanguage\":\"fr-FR\",\"@id\":\"https:\/\/chocolatlulu.com\/en\/boutique\/barre-de-chocolat\/barre-de-chocolat-amandes\/#primaryimage\",\"url\":\"https:\/\/chocolatlulu.com\/wp-content\/uploads\/2018\/09\/Barre-chocolat-Amande-4726.jpg\",\"contentUrl\":\"https:\/\/chocolatlulu.com\/wp-content\/uploads\/2018\/09\/Barre-chocolat-Amande-4726.jpg\",\"width\":2730,\"height\":1362},{\"@type\":\"BreadcrumbList\",\"@id\":\"https:\/\/chocolatlulu.com\/en\/boutique\/barre-de-chocolat\/barre-de-chocolat-amandes\/#breadcrumb\",\"itemListElement\":[{\"@type\":\"ListItem\",\"position\":1,\"name\":\"Accueil\",\"item\":\"https:\/\/chocolatlulu.com\/\"},{\"@type\":\"ListItem\",\"position\":2,\"name\":\"Boutique\",\"item\":\"https:\/\/chocolatlulu.com\/boutique\/\"},{\"@type\":\"ListItem\",\"position\":3,\"name\":\"Barre de chocolat aux amandes\"}]},{\"@type\":\"WebSite\",\"@id\":\"https:\/\/chocolatlulu.com\/#website\",\"url\":\"https:\/\/chocolatlulu.com\/\",\"name\":\"Chocolat Lulu\",\"description\":\"Chocolaterie, Bar Laitier !\",\"publisher\":{\"@id\":\"https:\/\/chocolatlulu.com\/#organization\"},\"potentialAction\":[{\"@type\":\"SearchAction\",\"target\":{\"@type\":\"EntryPoint\",\"urlTemplate\":\"https:\/\/chocolatlulu.com\/?s={search_term_string}\"},\"query-input\":{\"@type\":\"PropertyValueSpecification\",\"valueRequired\":true,\"valueName\":\"search_term_string\"}}],\"inLanguage\":\"fr-FR\"},{\"@type\":\"Organization\",\"@id\":\"https:\/\/chocolatlulu.com\/#organization\",\"name\":\"Chocolat Lulu\",\"url\":\"https:\/\/chocolatlulu.com\/\",\"logo\":{\"@type\":\"ImageObject\",\"inLanguage\":\"fr-FR\",\"@id\":\"https:\/\/chocolatlulu.com\/#\/schema\/logo\/image\/\",\"url\":\"https:\/\/chocolatlulu.com\/wp-content\/uploads\/2018\/09\/cropped-logotransparant.png\",\"contentUrl\":\"https:\/\/chocolatlulu.com\/wp-content\/uploads\/2018\/09\/cropped-logotransparant.png\",\"width\":512,\"height\":512,\"caption\":\"Chocolat Lulu\"},\"image\":{\"@id\":\"https:\/\/chocolatlulu.com\/#\/schema\/logo\/image\/\"},\"sameAs\":[\"https:\/\/www.facebook.com\/ChocolatsLulu\/\"]}]}<\/script>\n<!-- \/ Yoast SEO plugin. -->","yoast_head_json":{"title":"Barre de chocolat aux amandes","robots":{"index":"index","follow":"follow","max-snippet":"max-snippet:-1","max-image-preview":"max-image-preview:large","max-video-preview":"max-video-preview:-1"},"canonical":"https:\/\/chocolatlulu.com\/en\/boutique\/barre-de-chocolat\/barre-de-chocolat-amandes\/","og_locale":"fr_FR","og_type":"article","og_title":"Chocolat Lulu [:fr]Barre de chocolat aux amandes[:] -","og_url":"https:\/\/chocolatlulu.com\/en\/boutique\/barre-de-chocolat\/barre-de-chocolat-amandes\/","og_site_name":"Chocolat Lulu","article_publisher":"https:\/\/www.facebook.com\/ChocolatsLulu\/","article_modified_time":"2025-03-27T22:28:57+00:00","og_image":[{"width":2730,"height":1362,"url":"https:\/\/chocolatlulu.com\/wp-content\/uploads\/2018\/09\/Barre-chocolat-Amande-4726.jpg","type":"image\/jpeg"}],"twitter_card":"summary_large_image","schema":{"@context":"https:\/\/schema.org","@graph":[{"@type":"WebPage","@id":"https:\/\/chocolatlulu.com\/en\/boutique\/barre-de-chocolat\/barre-de-chocolat-amandes\/","url":"https:\/\/chocolatlulu.com\/en\/boutique\/barre-de-chocolat\/barre-de-chocolat-amandes\/","name":"Barre de chocolat aux amandes","isPartOf":{"@id":"https:\/\/chocolatlulu.com\/#website"},"primaryImageOfPage":{"@id":"https:\/\/chocolatlulu.com\/en\/boutique\/barre-de-chocolat\/barre-de-chocolat-amandes\/#primaryimage"},"image":{"@id":"https:\/\/chocolatlulu.com\/en\/boutique\/barre-de-chocolat\/barre-de-chocolat-amandes\/#primaryimage"},"thumbnailUrl":"https:\/\/chocolatlulu.com\/wp-content\/uploads\/2018\/09\/Barre-chocolat-Amande-4726.jpg","datePublished":"2025-03-27T15:33:40+00:00","dateModified":"2025-03-27T22:28:57+00:00","breadcrumb":{"@id":"https:\/\/chocolatlulu.com\/en\/boutique\/barre-de-chocolat\/barre-de-chocolat-amandes\/#breadcrumb"},"inLanguage":"fr-FR","potentialAction":[{"@type":"ReadAction","target":["https:\/\/chocolatlulu.com\/en\/boutique\/barre-de-chocolat\/barre-de-chocolat-amandes\/"]}]},{"@type":"ImageObject","inLanguage":"fr-FR","@id":"https:\/\/chocolatlulu.com\/en\/boutique\/barre-de-chocolat\/barre-de-chocolat-amandes\/#primaryimage","url":"https:\/\/chocolatlulu.com\/wp-content\/uploads\/2018\/09\/Barre-chocolat-Amande-4726.jpg","contentUrl":"https:\/\/chocolatlulu.com\/wp-content\/uploads\/2018\/09\/Barre-chocolat-Amande-4726.jpg","width":2730,"height":1362},{"@type":"BreadcrumbList","@id":"https:\/\/chocolatlulu.com\/en\/boutique\/barre-de-chocolat\/barre-de-chocolat-amandes\/#breadcrumb","itemListElement":[{"@type":"ListItem","position":1,"name":"Accueil","item":"https:\/\/chocolatlulu.com\/"},{"@type":"ListItem","position":2,"name":"Boutique","item":"https:\/\/chocolatlulu.com\/boutique\/"},{"@type":"ListItem","position":3,"name":"Barre de chocolat aux amandes"}]},{"@type":"WebSite","@id":"https:\/\/chocolatlulu.com\/#website","url":"https:\/\/chocolatlulu.com\/","name":"Chocolat Lulu","description":"Chocolaterie, Bar Laitier !","publisher":{"@id":"https:\/\/chocolatlulu.com\/#organization"},"potentialAction":[{"@type":"SearchAction","target":{"@type":"EntryPoint","urlTemplate":"https:\/\/chocolatlulu.com\/?s={search_term_string}"},"query-input":{"@type":"PropertyValueSpecification","valueRequired":true,"valueName":"search_term_string"}}],"inLanguage":"fr-FR"},{"@type":"Organization","@id":"https:\/\/chocolatlulu.com\/#organization","name":"Chocolat Lulu","url":"https:\/\/chocolatlulu.com\/","logo":{"@type":"ImageObject","inLanguage":"fr-FR","@id":"https:\/\/chocolatlulu.com\/#\/schema\/logo\/image\/","url":"https:\/\/chocolatlulu.com\/wp-content\/uploads\/2018\/09\/cropped-logotransparant.png","contentUrl":"https:\/\/chocolatlulu.com\/wp-content\/uploads\/2018\/09\/cropped-logotransparant.png","width":512,"height":512,"caption":"Chocolat Lulu"},"image":{"@id":"https:\/\/chocolatlulu.com\/#\/schema\/logo\/image\/"},"sameAs":["https:\/\/www.facebook.com\/ChocolatsLulu\/"]}]}},"jetpack_publicize_connections":[],"jetpack_sharing_enabled":true,"jetpack-related-posts":[{"id":7515,"url":"https:\/\/chocolatlulu.com\/en\/boutique\/panier-cadeaux\/panier-cadeau-pour-lui\/","url_meta":{"origin":3333,"position":0},"title":"Panier cadeau on se g\u00e2te \u00e0 deux!","author":"AdEnakLbVa","date":"27 March 2025","format":false,"excerpt":"[:fr]Contenu : 4 balais guimauves - 1 - 900 gr. de pastilles - 1 sac de lunes de miel 380 gr. - 1 plaque aux noix - 1 - barre de chocolat au caramel 75 gr. - 1- barrre de chocolat\u00a0 aux amandes 75 gr. - 1- 1 sac de\u2026","rel":"","context":"Similar post","block_context":{"text":"Similar post","link":""},"img":{"alt_text":"","src":"https:\/\/i0.wp.com\/chocolatlulu.com\/wp-content\/uploads\/2022\/10\/Panier-cadeau-69.95-scaled.jpeg?resize=350%2C200&ssl=1","width":350,"height":200,"srcset":"https:\/\/i0.wp.com\/chocolatlulu.com\/wp-content\/uploads\/2022\/10\/Panier-cadeau-69.95-scaled.jpeg?resize=350%2C200&ssl=1 1x, https:\/\/i0.wp.com\/chocolatlulu.com\/wp-content\/uploads\/2022\/10\/Panier-cadeau-69.95-scaled.jpeg?resize=525%2C300&ssl=1 1.5x, https:\/\/i0.wp.com\/chocolatlulu.com\/wp-content\/uploads\/2022\/10\/Panier-cadeau-69.95-scaled.jpeg?resize=700%2C400&ssl=1 2x, https:\/\/i0.wp.com\/chocolatlulu.com\/wp-content\/uploads\/2022\/10\/Panier-cadeau-69.95-scaled.jpeg?resize=1050%2C600&ssl=1 3x, https:\/\/i0.wp.com\/chocolatlulu.com\/wp-content\/uploads\/2022\/10\/Panier-cadeau-69.95-scaled.jpeg?resize=1400%2C800&ssl=1 4x"},"classes":[]},{"id":6105,"url":"https:\/\/chocolatlulu.com\/en\/boutique\/panier-cadeaux\/panier-bleu\/","url_meta":{"origin":3333,"position":1},"title":"Panier bleu","author":"AdEnakLbVa","date":"27 March 2025","format":false,"excerpt":"[:fr]1 su\u00e7on bonhomme en chocolat 4 cornets au caramel 2 sapins \u00e0 la guimauve 1 c\u00f4ne de perles crispy 1 c\u00f4ne de \u2018\u2019callets\u2019\u2019au chocolat marbr\u00e9 2 barres de chocolat 1 grosse barre de chocolat \u00e0 fondue 1 sac de lunes de miel 1 sac de 4 balais \u00e0 la guimauve\u2026","rel":"","context":"Similar post","block_context":{"text":"Similar post","link":""},"img":{"alt_text":"","src":"https:\/\/i0.wp.com\/chocolatlulu.com\/wp-content\/uploads\/2020\/11\/CHOCOLAT-NOEL-LULU-09059-scaled.jpg?resize=350%2C200&ssl=1","width":350,"height":200,"srcset":"https:\/\/i0.wp.com\/chocolatlulu.com\/wp-content\/uploads\/2020\/11\/CHOCOLAT-NOEL-LULU-09059-scaled.jpg?resize=350%2C200&ssl=1 1x, https:\/\/i0.wp.com\/chocolatlulu.com\/wp-content\/uploads\/2020\/11\/CHOCOLAT-NOEL-LULU-09059-scaled.jpg?resize=525%2C300&ssl=1 1.5x, https:\/\/i0.wp.com\/chocolatlulu.com\/wp-content\/uploads\/2020\/11\/CHOCOLAT-NOEL-LULU-09059-scaled.jpg?resize=700%2C400&ssl=1 2x, https:\/\/i0.wp.com\/chocolatlulu.com\/wp-content\/uploads\/2020\/11\/CHOCOLAT-NOEL-LULU-09059-scaled.jpg?resize=1050%2C600&ssl=1 3x, https:\/\/i0.wp.com\/chocolatlulu.com\/wp-content\/uploads\/2020\/11\/CHOCOLAT-NOEL-LULU-09059-scaled.jpg?resize=1400%2C800&ssl=1 4x"},"classes":[]},{"id":7538,"url":"https:\/\/chocolatlulu.com\/en\/boutique\/panier-cadeaux\/tasse-de-chocolat-chaud-friandises-a-noel-2\/","url_meta":{"origin":3333,"position":2},"title":"Panier cadeau d\u00e9licieux pour No\u00ebl","author":"AdEnakLbVa","date":"27 March 2025","format":false,"excerpt":"[:fr]Contenu: 1 enveloppe de popcorn -125 gr.\u00a0 \u2013 c\u00f4ne de bonbons 150 gr. \u2013 Barre caramel 75gr. (1)\u00a0 - Barre aux amandes 75gr. (1) -Perles Crispy60 gr.l \u2013 lune de miel 1 pqt de 8 \u2013 Lulu blossom (1) - \u00a0 4 Balais guimauve \u2013 pastilles au lait 60 gr\u2026","rel":"","context":"Similar post","block_context":{"text":"Similar post","link":""},"img":{"alt_text":"","src":"https:\/\/i0.wp.com\/chocolatlulu.com\/wp-content\/uploads\/2022\/11\/ROC_4076_compressed-scaled.jpg?resize=350%2C200&ssl=1","width":350,"height":200,"srcset":"https:\/\/i0.wp.com\/chocolatlulu.com\/wp-content\/uploads\/2022\/11\/ROC_4076_compressed-scaled.jpg?resize=350%2C200&ssl=1 1x, https:\/\/i0.wp.com\/chocolatlulu.com\/wp-content\/uploads\/2022\/11\/ROC_4076_compressed-scaled.jpg?resize=525%2C300&ssl=1 1.5x, https:\/\/i0.wp.com\/chocolatlulu.com\/wp-content\/uploads\/2022\/11\/ROC_4076_compressed-scaled.jpg?resize=700%2C400&ssl=1 2x, https:\/\/i0.wp.com\/chocolatlulu.com\/wp-content\/uploads\/2022\/11\/ROC_4076_compressed-scaled.jpg?resize=1050%2C600&ssl=1 3x, https:\/\/i0.wp.com\/chocolatlulu.com\/wp-content\/uploads\/2022\/11\/ROC_4076_compressed-scaled.jpg?resize=1400%2C800&ssl=1 4x"},"classes":[]},{"id":7543,"url":"https:\/\/chocolatlulu.com\/en\/boutique\/panier-cadeaux\/chocolat-et-friandises-pour-noel\/","url_meta":{"origin":3333,"position":3},"title":"Panier cadeau d\u00e9cadent pour No\u00ebl!","author":"AdEnakLbVa","date":"24 March 2025","format":false,"excerpt":"[:fr]Contenu: 1 gros p\u00e8re no\u00ebl 150 gr. \u2013 callets\u00a0 100 gr. \u2013 Perles Crispy\u00a0 100gr. \u2013 Lulu blossom \u2013 \u00c9corce de noix \u2013 1 sac de bleuets enrob\u00e9s 100 gr \u2013 1 sac d\u2019amandes enrob\u00e9es 125 gr. \u2013 1 sac de lunes de miel 380 gr. \u2013 su\u00e7on de no\u00ebl\u2026","rel":"","context":"Similar post","block_context":{"text":"Similar post","link":""},"img":{"alt_text":"","src":"https:\/\/i0.wp.com\/chocolatlulu.com\/wp-content\/uploads\/2022\/11\/ROC_4112_compressed-scaled.jpg?resize=350%2C200&ssl=1","width":350,"height":200,"srcset":"https:\/\/i0.wp.com\/chocolatlulu.com\/wp-content\/uploads\/2022\/11\/ROC_4112_compressed-scaled.jpg?resize=350%2C200&ssl=1 1x, https:\/\/i0.wp.com\/chocolatlulu.com\/wp-content\/uploads\/2022\/11\/ROC_4112_compressed-scaled.jpg?resize=525%2C300&ssl=1 1.5x, https:\/\/i0.wp.com\/chocolatlulu.com\/wp-content\/uploads\/2022\/11\/ROC_4112_compressed-scaled.jpg?resize=700%2C400&ssl=1 2x, https:\/\/i0.wp.com\/chocolatlulu.com\/wp-content\/uploads\/2022\/11\/ROC_4112_compressed-scaled.jpg?resize=1050%2C600&ssl=1 3x, https:\/\/i0.wp.com\/chocolatlulu.com\/wp-content\/uploads\/2022\/11\/ROC_4112_compressed-scaled.jpg?resize=1400%2C800&ssl=1 4x"},"classes":[]},{"id":7336,"url":"https:\/\/chocolatlulu.com\/en\/boutique\/panier-cadeaux\/chocolats-de-paques-panier-rose-fushia\/","url_meta":{"origin":3333,"position":4},"title":"Chocolats de P\u00e2ques &#8211; Panier rose fushia","author":"AdEnakLbVa","date":"28 March 2025","format":false,"excerpt":"[:fr]Contient: 1 barre \u00e0 fondue 454 gr \u2013 1 enveloppe popcorn 150 gr \u2013 8\u00a0 poules - 3 barres de chocolat 75 gr \u2013 1 plaque aux noix \u00a0 \u2013 1 c\u00f4ne jujubes 400 gr. \u2013\u00a0 1 c\u00f4ne 100gr de perles - 1 sac 125 gr. d\u2019amandes enrob\u00e9es \u2013 1\u2026","rel":"","context":"Similar post","block_context":{"text":"Similar post","link":""},"img":{"alt_text":"","src":"https:\/\/i0.wp.com\/chocolatlulu.com\/wp-content\/uploads\/2022\/03\/compressjpgchocolat-lulu-pa%CC%82ques-16889-scaled.jpeg?resize=350%2C200&ssl=1","width":350,"height":200,"srcset":"https:\/\/i0.wp.com\/chocolatlulu.com\/wp-content\/uploads\/2022\/03\/compressjpgchocolat-lulu-pa%CC%82ques-16889-scaled.jpeg?resize=350%2C200&ssl=1 1x, https:\/\/i0.wp.com\/chocolatlulu.com\/wp-content\/uploads\/2022\/03\/compressjpgchocolat-lulu-pa%CC%82ques-16889-scaled.jpeg?resize=525%2C300&ssl=1 1.5x, https:\/\/i0.wp.com\/chocolatlulu.com\/wp-content\/uploads\/2022\/03\/compressjpgchocolat-lulu-pa%CC%82ques-16889-scaled.jpeg?resize=700%2C400&ssl=1 2x, https:\/\/i0.wp.com\/chocolatlulu.com\/wp-content\/uploads\/2022\/03\/compressjpgchocolat-lulu-pa%CC%82ques-16889-scaled.jpeg?resize=1050%2C600&ssl=1 3x, https:\/\/i0.wp.com\/chocolatlulu.com\/wp-content\/uploads\/2022\/03\/compressjpgchocolat-lulu-pa%CC%82ques-16889-scaled.jpeg?resize=1400%2C800&ssl=1 4x"},"classes":[]},{"id":6781,"url":"https:\/\/chocolatlulu.com\/en\/boutique\/panier-cadeaux\/panier-celebrons-notre-amour\/","url_meta":{"origin":3333,"position":5},"title":"Panier C\u00e9l\u00e9brons notre amour","author":"AdEnakLbVa","date":"27 March 2025","format":false,"excerpt":"[:fr]Le panier contient: 1 bo\u00eete de 9 bouch\u00e9es de chocolats assortis, 1 bo\u00eete de 8 cornets au caramel, 1 sac de canneberge s\u00e9ch\u00e9es enrob\u00e9es de chocolat, 1 sac d'amandes enrob\u00e9es de chocolat, 1 sac de bleuets s\u00e9ch\u00e9s enrob\u00e9s de chocolat, 1 sac de 4 balais \u00e0 la guimauve, 1 sac\u2026","rel":"","context":"Similar post","block_context":{"text":"Similar post","link":""},"img":{"alt_text":"","src":"https:\/\/i0.wp.com\/chocolatlulu.com\/wp-content\/uploads\/2021\/01\/ROC_7182-scaled.jpg?resize=350%2C200&ssl=1","width":350,"height":200,"srcset":"https:\/\/i0.wp.com\/chocolatlulu.com\/wp-content\/uploads\/2021\/01\/ROC_7182-scaled.jpg?resize=350%2C200&ssl=1 1x, https:\/\/i0.wp.com\/chocolatlulu.com\/wp-content\/uploads\/2021\/01\/ROC_7182-scaled.jpg?resize=525%2C300&ssl=1 1.5x, https:\/\/i0.wp.com\/chocolatlulu.com\/wp-content\/uploads\/2021\/01\/ROC_7182-scaled.jpg?resize=700%2C400&ssl=1 2x, https:\/\/i0.wp.com\/chocolatlulu.com\/wp-content\/uploads\/2021\/01\/ROC_7182-scaled.jpg?resize=1050%2C600&ssl=1 3x, https:\/\/i0.wp.com\/chocolatlulu.com\/wp-content\/uploads\/2021\/01\/ROC_7182-scaled.jpg?resize=1400%2C800&ssl=1 4x"},"classes":[]}],"_links":{"self":[{"href":"https:\/\/chocolatlulu.com\/en\/wp-json\/wp\/v2\/product\/3333","targetHints":{"allow":["GET"]}}],"collection":[{"href":"https:\/\/chocolatlulu.com\/en\/wp-json\/wp\/v2\/product"}],"about":[{"href":"https:\/\/chocolatlulu.com\/en\/wp-json\/wp\/v2\/types\/product"}],"replies":[{"embeddable":true,"href":"https:\/\/chocolatlulu.com\/en\/wp-json\/wp\/v2\/comments?post=3333"}],"wp:featuredmedia":[{"embeddable":true,"href":"https:\/\/chocolatlulu.com\/en\/wp-json\/wp\/v2\/media\/3334"}],"wp:attachment":[{"href":"https:\/\/chocolatlulu.com\/en\/wp-json\/wp\/v2\/media?parent=3333"}],"wp:term":[{"taxonomy":"product_brand","embeddable":true,"href":"https:\/\/chocolatlulu.com\/en\/wp-json\/wp\/v2\/product_brand?post=3333"},{"taxonomy":"product_cat","embeddable":true,"href":"https:\/\/chocolatlulu.com\/en\/wp-json\/wp\/v2\/product_cat?post=3333"},{"taxonomy":"product_tag","embeddable":true,"href":"https:\/\/chocolatlulu.com\/en\/wp-json\/wp\/v2\/product_tag?post=3333"}],"curies":[{"name":"wp","href":"https:\/\/api.w.org\/{rel}","templated":true}]}}