{"id":3356,"date":"2018-09-29T12:21:51","date_gmt":"2018-09-29T17:21:51","guid":{"rendered":"https:\/\/chocolatlulu.com\/?post_type=product&#038;p=3356"},"modified":"2022-04-06T16:56:57","modified_gmt":"2022-04-06T21:56:57","slug":"bleuets-enrobes","status":"publish","type":"product","link":"https:\/\/chocolatlulu.com\/en\/boutique\/bleuets-frais-enrobes\/bleuets-enrobes\/","title":{"rendered":"Bleuets frais enrob\u00e9s de chocolat au lait"},"content":{"rendered":"","protected":false},"excerpt":{"rendered":"","protected":false},"featured_media":3357,"comment_status":"open","ping_status":"closed","template":"","meta":{"jetpack_post_was_ever_published":false,"jetpack_publicize_message":"","jetpack_publicize_feature_enabled":true,"jetpack_social_post_already_shared":true,"jetpack_social_options":{"image_generator_settings":{"template":"highway","default_image_id":0,"font":"","enabled":false},"version":2}},"product_brand":[],"product_cat":[58],"product_tag":[],"class_list":{"0":"post-3356","1":"product","2":"type-product","3":"status-publish","4":"has-post-thumbnail","6":"product_cat-bleuets-frais-enrobes","7":"entry","8":"has-media","10":"first","11":"outofstock","12":"taxable","13":"shipping-taxable","14":"purchasable","15":"product-type-simple","16":"col","17":"span_1_of_3","18":"wvn-content-center","19":"wvn-thumbs-layout-horizontal","20":"wvn-btn-normal","21":"wvn-tabs-layout-horizontal","22":"has-no-thumbnails"},"yoast_head":"<!-- This site is optimized with the Yoast SEO plugin v27.2 - https:\/\/yoast.com\/product\/yoast-seo-wordpress\/ -->\n<title>Bleuets frais enrob\u00e9s de chocolat au lait<\/title>\n<meta name=\"robots\" content=\"index, follow, max-snippet:-1, max-image-preview:large, max-video-preview:-1\" \/>\n<link rel=\"canonical\" href=\"https:\/\/chocolatlulu.com\/en\/boutique\/bleuets-frais-enrobes\/bleuets-enrobes\/\" \/>\n<meta property=\"og:locale\" content=\"fr_FR\" \/>\n<meta property=\"og:locale:alternate\" content=\"fr_FR\" \/>\n<meta property=\"og:type\" content=\"article\" \/>\n<meta property=\"og:title\" content=\"Bleuets frais enrob\u00e9s de chocolat au lait\" \/>\n<meta property=\"og:url\" content=\"https:\/\/chocolatlulu.com\/en\/boutique\/bleuets-frais-enrobes\/bleuets-enrobes\/\" \/>\n<meta property=\"og:site_name\" content=\"Chocolat Lulu\" \/>\n<meta property=\"article:publisher\" content=\"https:\/\/www.facebook.com\/ChocolatsLulu\/\" \/>\n<meta property=\"article:modified_time\" content=\"2022-04-06T21:56:57+00:00\" \/>\n<meta property=\"og:image\" content=\"https:\/\/chocolatlulu.com\/wp-content\/uploads\/2018\/09\/Bleuets-chocolat-0565-1024x1024.jpg\" \/>\n\t<meta property=\"og:image:width\" content=\"1024\" \/>\n\t<meta property=\"og:image:height\" content=\"1024\" \/>\n\t<meta property=\"og:image:type\" content=\"image\/jpeg\" \/>\n<meta name=\"twitter:card\" content=\"summary_large_image\" \/>\n<script type=\"application\/ld+json\" class=\"yoast-schema-graph\">{\"@context\":\"https:\/\/schema.org\",\"@graph\":[{\"@type\":\"WebPage\",\"@id\":\"https:\/\/chocolatlulu.com\/en\/boutique\/bleuets-frais-enrobes\/bleuets-enrobes\/\",\"url\":\"https:\/\/chocolatlulu.com\/en\/boutique\/bleuets-frais-enrobes\/bleuets-enrobes\/\",\"name\":\"Bleuets frais enrob\u00e9s de chocolat au lait\",\"isPartOf\":{\"@id\":\"https:\/\/chocolatlulu.com\/#website\"},\"primaryImageOfPage\":{\"@id\":\"https:\/\/chocolatlulu.com\/en\/boutique\/bleuets-frais-enrobes\/bleuets-enrobes\/#primaryimage\"},\"image\":{\"@id\":\"https:\/\/chocolatlulu.com\/en\/boutique\/bleuets-frais-enrobes\/bleuets-enrobes\/#primaryimage\"},\"thumbnailUrl\":\"https:\/\/chocolatlulu.com\/wp-content\/uploads\/2018\/09\/Bleuets-chocolat-0565.jpg\",\"datePublished\":\"2018-09-29T17:21:51+00:00\",\"dateModified\":\"2022-04-06T21:56:57+00:00\",\"breadcrumb\":{\"@id\":\"https:\/\/chocolatlulu.com\/en\/boutique\/bleuets-frais-enrobes\/bleuets-enrobes\/#breadcrumb\"},\"inLanguage\":\"fr-FR\",\"potentialAction\":[{\"@type\":\"ReadAction\",\"target\":[\"https:\/\/chocolatlulu.com\/en\/boutique\/bleuets-frais-enrobes\/bleuets-enrobes\/\"]}]},{\"@type\":\"ImageObject\",\"inLanguage\":\"fr-FR\",\"@id\":\"https:\/\/chocolatlulu.com\/en\/boutique\/bleuets-frais-enrobes\/bleuets-enrobes\/#primaryimage\",\"url\":\"https:\/\/chocolatlulu.com\/wp-content\/uploads\/2018\/09\/Bleuets-chocolat-0565.jpg\",\"contentUrl\":\"https:\/\/chocolatlulu.com\/wp-content\/uploads\/2018\/09\/Bleuets-chocolat-0565.jpg\",\"width\":3534,\"height\":3534},{\"@type\":\"BreadcrumbList\",\"@id\":\"https:\/\/chocolatlulu.com\/en\/boutique\/bleuets-frais-enrobes\/bleuets-enrobes\/#breadcrumb\",\"itemListElement\":[{\"@type\":\"ListItem\",\"position\":1,\"name\":\"Accueil\",\"item\":\"https:\/\/chocolatlulu.com\/\"},{\"@type\":\"ListItem\",\"position\":2,\"name\":\"Boutique\",\"item\":\"https:\/\/chocolatlulu.com\/boutique\/\"},{\"@type\":\"ListItem\",\"position\":3,\"name\":\"Bleuets frais enrob\u00e9s de chocolat au lait\"}]},{\"@type\":\"WebSite\",\"@id\":\"https:\/\/chocolatlulu.com\/#website\",\"url\":\"https:\/\/chocolatlulu.com\/\",\"name\":\"Chocolat Lulu\",\"description\":\"Chocolaterie, Bar Laitier !\",\"publisher\":{\"@id\":\"https:\/\/chocolatlulu.com\/#organization\"},\"potentialAction\":[{\"@type\":\"SearchAction\",\"target\":{\"@type\":\"EntryPoint\",\"urlTemplate\":\"https:\/\/chocolatlulu.com\/?s={search_term_string}\"},\"query-input\":{\"@type\":\"PropertyValueSpecification\",\"valueRequired\":true,\"valueName\":\"search_term_string\"}}],\"inLanguage\":\"fr-FR\"},{\"@type\":\"Organization\",\"@id\":\"https:\/\/chocolatlulu.com\/#organization\",\"name\":\"Chocolat Lulu\",\"url\":\"https:\/\/chocolatlulu.com\/\",\"logo\":{\"@type\":\"ImageObject\",\"inLanguage\":\"fr-FR\",\"@id\":\"https:\/\/chocolatlulu.com\/#\/schema\/logo\/image\/\",\"url\":\"https:\/\/chocolatlulu.com\/wp-content\/uploads\/2018\/09\/cropped-logotransparant.png\",\"contentUrl\":\"https:\/\/chocolatlulu.com\/wp-content\/uploads\/2018\/09\/cropped-logotransparant.png\",\"width\":512,\"height\":512,\"caption\":\"Chocolat Lulu\"},\"image\":{\"@id\":\"https:\/\/chocolatlulu.com\/#\/schema\/logo\/image\/\"},\"sameAs\":[\"https:\/\/www.facebook.com\/ChocolatsLulu\/\"]}]}<\/script>\n<!-- \/ Yoast SEO plugin. -->","yoast_head_json":{"title":"Bleuets frais enrob\u00e9s de chocolat au lait","robots":{"index":"index","follow":"follow","max-snippet":"max-snippet:-1","max-image-preview":"max-image-preview:large","max-video-preview":"max-video-preview:-1"},"canonical":"https:\/\/chocolatlulu.com\/en\/boutique\/bleuets-frais-enrobes\/bleuets-enrobes\/","og_locale":"fr_FR","og_type":"article","og_title":"Chocolat Lulu [:fr]Bleuets frais enrob\u00e9s de chocolat au lait[:] -","og_url":"https:\/\/chocolatlulu.com\/en\/boutique\/bleuets-frais-enrobes\/bleuets-enrobes\/","og_site_name":"Chocolat Lulu","article_publisher":"https:\/\/www.facebook.com\/ChocolatsLulu\/","article_modified_time":"2022-04-06T21:56:57+00:00","og_image":[{"width":1024,"height":1024,"url":"https:\/\/chocolatlulu.com\/wp-content\/uploads\/2018\/09\/Bleuets-chocolat-0565-1024x1024.jpg","type":"image\/jpeg"}],"twitter_card":"summary_large_image","schema":{"@context":"https:\/\/schema.org","@graph":[{"@type":"WebPage","@id":"https:\/\/chocolatlulu.com\/en\/boutique\/bleuets-frais-enrobes\/bleuets-enrobes\/","url":"https:\/\/chocolatlulu.com\/en\/boutique\/bleuets-frais-enrobes\/bleuets-enrobes\/","name":"Bleuets frais enrob\u00e9s de chocolat au lait","isPartOf":{"@id":"https:\/\/chocolatlulu.com\/#website"},"primaryImageOfPage":{"@id":"https:\/\/chocolatlulu.com\/en\/boutique\/bleuets-frais-enrobes\/bleuets-enrobes\/#primaryimage"},"image":{"@id":"https:\/\/chocolatlulu.com\/en\/boutique\/bleuets-frais-enrobes\/bleuets-enrobes\/#primaryimage"},"thumbnailUrl":"https:\/\/chocolatlulu.com\/wp-content\/uploads\/2018\/09\/Bleuets-chocolat-0565.jpg","datePublished":"2018-09-29T17:21:51+00:00","dateModified":"2022-04-06T21:56:57+00:00","breadcrumb":{"@id":"https:\/\/chocolatlulu.com\/en\/boutique\/bleuets-frais-enrobes\/bleuets-enrobes\/#breadcrumb"},"inLanguage":"fr-FR","potentialAction":[{"@type":"ReadAction","target":["https:\/\/chocolatlulu.com\/en\/boutique\/bleuets-frais-enrobes\/bleuets-enrobes\/"]}]},{"@type":"ImageObject","inLanguage":"fr-FR","@id":"https:\/\/chocolatlulu.com\/en\/boutique\/bleuets-frais-enrobes\/bleuets-enrobes\/#primaryimage","url":"https:\/\/chocolatlulu.com\/wp-content\/uploads\/2018\/09\/Bleuets-chocolat-0565.jpg","contentUrl":"https:\/\/chocolatlulu.com\/wp-content\/uploads\/2018\/09\/Bleuets-chocolat-0565.jpg","width":3534,"height":3534},{"@type":"BreadcrumbList","@id":"https:\/\/chocolatlulu.com\/en\/boutique\/bleuets-frais-enrobes\/bleuets-enrobes\/#breadcrumb","itemListElement":[{"@type":"ListItem","position":1,"name":"Accueil","item":"https:\/\/chocolatlulu.com\/"},{"@type":"ListItem","position":2,"name":"Boutique","item":"https:\/\/chocolatlulu.com\/boutique\/"},{"@type":"ListItem","position":3,"name":"Bleuets frais enrob\u00e9s de chocolat au lait"}]},{"@type":"WebSite","@id":"https:\/\/chocolatlulu.com\/#website","url":"https:\/\/chocolatlulu.com\/","name":"Chocolat Lulu","description":"Chocolaterie, Bar Laitier !","publisher":{"@id":"https:\/\/chocolatlulu.com\/#organization"},"potentialAction":[{"@type":"SearchAction","target":{"@type":"EntryPoint","urlTemplate":"https:\/\/chocolatlulu.com\/?s={search_term_string}"},"query-input":{"@type":"PropertyValueSpecification","valueRequired":true,"valueName":"search_term_string"}}],"inLanguage":"fr-FR"},{"@type":"Organization","@id":"https:\/\/chocolatlulu.com\/#organization","name":"Chocolat Lulu","url":"https:\/\/chocolatlulu.com\/","logo":{"@type":"ImageObject","inLanguage":"fr-FR","@id":"https:\/\/chocolatlulu.com\/#\/schema\/logo\/image\/","url":"https:\/\/chocolatlulu.com\/wp-content\/uploads\/2018\/09\/cropped-logotransparant.png","contentUrl":"https:\/\/chocolatlulu.com\/wp-content\/uploads\/2018\/09\/cropped-logotransparant.png","width":512,"height":512,"caption":"Chocolat Lulu"},"image":{"@id":"https:\/\/chocolatlulu.com\/#\/schema\/logo\/image\/"},"sameAs":["https:\/\/www.facebook.com\/ChocolatsLulu\/"]}]}},"jetpack_publicize_connections":[],"jetpack_sharing_enabled":true,"jetpack-related-posts":[{"id":2955,"url":"https:\/\/chocolatlulu.com\/en\/boutique\/enrobes\/bleuets-sech\/","url_meta":{"origin":3356,"position":0},"title":"Bleuets s\u00e9ch\u00e9s enrob\u00e9s de chocolat noir (100g)","author":"AdEnakLbVa","date":"24 March 2025","format":false,"excerpt":"","rel":"","context":"Similar post","block_context":{"text":"Similar post","link":""},"img":{"alt_text":"","src":"https:\/\/i0.wp.com\/chocolatlulu.com\/wp-content\/uploads\/2018\/11\/rsz_enrob%C3%A9-bleuets-compressor.jpg?resize=350%2C200&ssl=1","width":350,"height":200,"srcset":"https:\/\/i0.wp.com\/chocolatlulu.com\/wp-content\/uploads\/2018\/11\/rsz_enrob%C3%A9-bleuets-compressor.jpg?resize=350%2C200&ssl=1 1x, https:\/\/i0.wp.com\/chocolatlulu.com\/wp-content\/uploads\/2018\/11\/rsz_enrob%C3%A9-bleuets-compressor.jpg?resize=525%2C300&ssl=1 1.5x, https:\/\/i0.wp.com\/chocolatlulu.com\/wp-content\/uploads\/2018\/11\/rsz_enrob%C3%A9-bleuets-compressor.jpg?resize=700%2C400&ssl=1 2x"},"classes":[]},{"id":7547,"url":"https:\/\/chocolatlulu.com\/en\/boutique\/panier-cadeaux\/panier-cadeau-decadent-pour-noel-2\/","url_meta":{"origin":3356,"position":1},"title":"Panier cadeau &#8211; On se g\u00e2te pour No\u00ebl","author":"AdEnakLbVa","date":"24 March 2025","format":false,"excerpt":"[:fr]Contenu:\u00a0 Gros p\u00e8re 150 gr. - Barre fondue 454 gr.- 1 sac de bleuets enrob\u00e9s 100 gr. \u2013 1 sac d\u2019amandes enrob\u00e9es 125 gr. \u2013 Callets 100 gr \u2013 perles crispy 100 gr. \u2013 1 Lulu blossom \u2013 1 \u00e9corce aux noix - 1 sac de lunes de miel 380\u2026","rel":"","context":"Similar post","block_context":{"text":"Similar post","link":""},"img":{"alt_text":"","src":"https:\/\/i0.wp.com\/chocolatlulu.com\/wp-content\/uploads\/2022\/12\/ROC_4104_compressed-scaled.jpg?resize=350%2C200&ssl=1","width":350,"height":200,"srcset":"https:\/\/i0.wp.com\/chocolatlulu.com\/wp-content\/uploads\/2022\/12\/ROC_4104_compressed-scaled.jpg?resize=350%2C200&ssl=1 1x, https:\/\/i0.wp.com\/chocolatlulu.com\/wp-content\/uploads\/2022\/12\/ROC_4104_compressed-scaled.jpg?resize=525%2C300&ssl=1 1.5x, https:\/\/i0.wp.com\/chocolatlulu.com\/wp-content\/uploads\/2022\/12\/ROC_4104_compressed-scaled.jpg?resize=700%2C400&ssl=1 2x, https:\/\/i0.wp.com\/chocolatlulu.com\/wp-content\/uploads\/2022\/12\/ROC_4104_compressed-scaled.jpg?resize=1050%2C600&ssl=1 3x, https:\/\/i0.wp.com\/chocolatlulu.com\/wp-content\/uploads\/2022\/12\/ROC_4104_compressed-scaled.jpg?resize=1400%2C800&ssl=1 4x"},"classes":[]},{"id":7652,"url":"https:\/\/chocolatlulu.com\/en\/boutique\/panier-cadeaux\/je-taime-a-la-folie\/","url_meta":{"origin":3356,"position":2},"title":"Mes yeux p\u00e9tillent pour toi","author":"AdEnakLbVa","date":"27 March 2025","format":false,"excerpt":"[:fr]Contenu: 1 enveloppe popcorn 150 gr. \u2013 1 barre \u00e0 fondu 454 gr \u2013 1 barre belge 75 gr \u2013 lune de miel 60 gr. -1 lulu blossom 35gr \u2013 1 bte de 6 bouch\u00e9es saveurs vari\u00e9es \u2013 Pastilles chocolat 400gr. \u2013 4 cornets caramel \u2013 4 balais guimauve \u2013\u2026","rel":"","context":"Similar post","block_context":{"text":"Similar post","link":""},"img":{"alt_text":"","src":"https:\/\/i0.wp.com\/chocolatlulu.com\/wp-content\/uploads\/2023\/02\/DSC_4790-min-scaled.jpeg?resize=350%2C200&ssl=1","width":350,"height":200,"srcset":"https:\/\/i0.wp.com\/chocolatlulu.com\/wp-content\/uploads\/2023\/02\/DSC_4790-min-scaled.jpeg?resize=350%2C200&ssl=1 1x, https:\/\/i0.wp.com\/chocolatlulu.com\/wp-content\/uploads\/2023\/02\/DSC_4790-min-scaled.jpeg?resize=525%2C300&ssl=1 1.5x, https:\/\/i0.wp.com\/chocolatlulu.com\/wp-content\/uploads\/2023\/02\/DSC_4790-min-scaled.jpeg?resize=700%2C400&ssl=1 2x, https:\/\/i0.wp.com\/chocolatlulu.com\/wp-content\/uploads\/2023\/02\/DSC_4790-min-scaled.jpeg?resize=1050%2C600&ssl=1 3x, https:\/\/i0.wp.com\/chocolatlulu.com\/wp-content\/uploads\/2023\/02\/DSC_4790-min-scaled.jpeg?resize=1400%2C800&ssl=1 4x"},"classes":[]},{"id":7655,"url":"https:\/\/chocolatlulu.com\/en\/boutique\/panier-cadeaux\/mes-yeux-petillent-pour-toi\/","url_meta":{"origin":3356,"position":3},"title":"A deux c&#8217;est mieux","author":"AdEnakLbVa","date":"27 March 2025","format":false,"excerpt":"[:fr]Contenu: 1 bte de 6 bouch\u00e9es saveurs vari\u00e9es \u2013 cornets au caramel (4) \u2013 1 barre \u00e0 fondue 454 gr. \u2013 1 enveloppe popcorn 125gr. \u2013 1 sachet de bleuets enrob\u00e9s 100 gr. \u2013 callets marbr\u00e9s 150gr. \u2013 Perles 100gr. \u2013 4 balais \u00e0 la guimauve \u2013 1 barre belge\u2026","rel":"","context":"Similar post","block_context":{"text":"Similar post","link":""},"img":{"alt_text":"","src":"https:\/\/i0.wp.com\/chocolatlulu.com\/wp-content\/uploads\/2023\/02\/DSC_794-scaled.jpg?resize=350%2C200&ssl=1","width":350,"height":200,"srcset":"https:\/\/i0.wp.com\/chocolatlulu.com\/wp-content\/uploads\/2023\/02\/DSC_794-scaled.jpg?resize=350%2C200&ssl=1 1x, https:\/\/i0.wp.com\/chocolatlulu.com\/wp-content\/uploads\/2023\/02\/DSC_794-scaled.jpg?resize=525%2C300&ssl=1 1.5x, https:\/\/i0.wp.com\/chocolatlulu.com\/wp-content\/uploads\/2023\/02\/DSC_794-scaled.jpg?resize=700%2C400&ssl=1 2x, https:\/\/i0.wp.com\/chocolatlulu.com\/wp-content\/uploads\/2023\/02\/DSC_794-scaled.jpg?resize=1050%2C600&ssl=1 3x, https:\/\/i0.wp.com\/chocolatlulu.com\/wp-content\/uploads\/2023\/02\/DSC_794-scaled.jpg?resize=1400%2C800&ssl=1 4x"},"classes":[]},{"id":7543,"url":"https:\/\/chocolatlulu.com\/en\/boutique\/panier-cadeaux\/chocolat-et-friandises-pour-noel\/","url_meta":{"origin":3356,"position":4},"title":"Panier cadeau d\u00e9cadent pour No\u00ebl!","author":"AdEnakLbVa","date":"24 March 2025","format":false,"excerpt":"[:fr]Contenu: 1 gros p\u00e8re no\u00ebl 150 gr. \u2013 callets\u00a0 100 gr. \u2013 Perles Crispy\u00a0 100gr. \u2013 Lulu blossom \u2013 \u00c9corce de noix \u2013 1 sac de bleuets enrob\u00e9s 100 gr \u2013 1 sac d\u2019amandes enrob\u00e9es 125 gr. \u2013 1 sac de lunes de miel 380 gr. \u2013 su\u00e7on de no\u00ebl\u2026","rel":"","context":"Similar post","block_context":{"text":"Similar post","link":""},"img":{"alt_text":"","src":"https:\/\/i0.wp.com\/chocolatlulu.com\/wp-content\/uploads\/2022\/11\/ROC_4112_compressed-scaled.jpg?resize=350%2C200&ssl=1","width":350,"height":200,"srcset":"https:\/\/i0.wp.com\/chocolatlulu.com\/wp-content\/uploads\/2022\/11\/ROC_4112_compressed-scaled.jpg?resize=350%2C200&ssl=1 1x, https:\/\/i0.wp.com\/chocolatlulu.com\/wp-content\/uploads\/2022\/11\/ROC_4112_compressed-scaled.jpg?resize=525%2C300&ssl=1 1.5x, https:\/\/i0.wp.com\/chocolatlulu.com\/wp-content\/uploads\/2022\/11\/ROC_4112_compressed-scaled.jpg?resize=700%2C400&ssl=1 2x, https:\/\/i0.wp.com\/chocolatlulu.com\/wp-content\/uploads\/2022\/11\/ROC_4112_compressed-scaled.jpg?resize=1050%2C600&ssl=1 3x, https:\/\/i0.wp.com\/chocolatlulu.com\/wp-content\/uploads\/2022\/11\/ROC_4112_compressed-scaled.jpg?resize=1400%2C800&ssl=1 4x"},"classes":[]},{"id":6699,"url":"https:\/\/chocolatlulu.com\/en\/boutique\/enrobes\/lunes-de-miel-enrobees-de-chocolat-au-lait-belge\/","url_meta":{"origin":3356,"position":5},"title":"Lunes de miel enrob\u00e9es de chocolat au lait Belge (380g)","author":"AdEnakLbVa","date":"24 March 2025","format":false,"excerpt":"","rel":"","context":"Similar post","block_context":{"text":"Similar post","link":""},"img":{"alt_text":"","src":"https:\/\/i0.wp.com\/chocolatlulu.com\/wp-content\/uploads\/2021\/01\/LUNE-DE-MIEL-380G.jpeg?resize=350%2C200&ssl=1","width":350,"height":200,"srcset":"https:\/\/i0.wp.com\/chocolatlulu.com\/wp-content\/uploads\/2021\/01\/LUNE-DE-MIEL-380G.jpeg?resize=350%2C200&ssl=1 1x, https:\/\/i0.wp.com\/chocolatlulu.com\/wp-content\/uploads\/2021\/01\/LUNE-DE-MIEL-380G.jpeg?resize=525%2C300&ssl=1 1.5x, https:\/\/i0.wp.com\/chocolatlulu.com\/wp-content\/uploads\/2021\/01\/LUNE-DE-MIEL-380G.jpeg?resize=700%2C400&ssl=1 2x"},"classes":[]}],"_links":{"self":[{"href":"https:\/\/chocolatlulu.com\/en\/wp-json\/wp\/v2\/product\/3356","targetHints":{"allow":["GET"]}}],"collection":[{"href":"https:\/\/chocolatlulu.com\/en\/wp-json\/wp\/v2\/product"}],"about":[{"href":"https:\/\/chocolatlulu.com\/en\/wp-json\/wp\/v2\/types\/product"}],"replies":[{"embeddable":true,"href":"https:\/\/chocolatlulu.com\/en\/wp-json\/wp\/v2\/comments?post=3356"}],"wp:featuredmedia":[{"embeddable":true,"href":"https:\/\/chocolatlulu.com\/en\/wp-json\/wp\/v2\/media\/3357"}],"wp:attachment":[{"href":"https:\/\/chocolatlulu.com\/en\/wp-json\/wp\/v2\/media?parent=3356"}],"wp:term":[{"taxonomy":"product_brand","embeddable":true,"href":"https:\/\/chocolatlulu.com\/en\/wp-json\/wp\/v2\/product_brand?post=3356"},{"taxonomy":"product_cat","embeddable":true,"href":"https:\/\/chocolatlulu.com\/en\/wp-json\/wp\/v2\/product_cat?post=3356"},{"taxonomy":"product_tag","embeddable":true,"href":"https:\/\/chocolatlulu.com\/en\/wp-json\/wp\/v2\/product_tag?post=3356"}],"curies":[{"name":"wp","href":"https:\/\/api.w.org\/{rel}","templated":true}]}}