{"id":3899,"date":"2025-03-24T08:36:13","date_gmt":"2025-03-24T13:36:13","guid":{"rendered":"https:\/\/chocolatlulu.com\/?post_type=product&#038;p=3899"},"modified":"2025-03-24T18:29:16","modified_gmt":"2025-03-24T23:29:16","slug":"boite-sucre-a-la-creme","status":"publish","type":"product","link":"https:\/\/chocolatlulu.com\/en\/boutique\/fudge\/boite-sucre-a-la-creme\/","title":{"rendered":"Bo\u00eete sucre \u00e0 la cr\u00e8me &#038; fudge"},"content":{"rendered":"","protected":false},"excerpt":{"rendered":"","protected":false},"featured_media":3900,"comment_status":"open","ping_status":"closed","template":"","meta":{"jetpack_post_was_ever_published":false,"jetpack_publicize_message":"","jetpack_publicize_feature_enabled":true,"jetpack_social_post_already_shared":true,"jetpack_social_options":{"image_generator_settings":{"template":"highway","default_image_id":0,"font":"","enabled":false},"version":2}},"product_brand":[],"product_cat":[65],"product_tag":[],"class_list":{"0":"post-3899","1":"product","2":"type-product","3":"status-publish","4":"has-post-thumbnail","6":"product_cat-fudge","7":"entry","8":"has-media","10":"first","11":"instock","12":"taxable","13":"shipping-taxable","14":"purchasable","15":"product-type-simple","16":"col","17":"span_1_of_3","18":"wvn-content-center","19":"wvn-thumbs-layout-horizontal","20":"wvn-btn-normal","21":"wvn-tabs-layout-horizontal","22":"has-no-thumbnails"},"yoast_head":"<!-- This site is optimized with the Yoast SEO plugin v27.2 - https:\/\/yoast.com\/product\/yoast-seo-wordpress\/ -->\n<title>Bo\u00eete sucre \u00e0 la cr\u00e8me &amp; fudge<\/title>\n<meta name=\"robots\" content=\"index, follow, max-snippet:-1, max-image-preview:large, max-video-preview:-1\" \/>\n<link rel=\"canonical\" href=\"https:\/\/chocolatlulu.com\/en\/boutique\/fudge\/boite-sucre-a-la-creme\/\" \/>\n<meta property=\"og:locale\" content=\"fr_FR\" \/>\n<meta property=\"og:locale:alternate\" content=\"fr_FR\" \/>\n<meta property=\"og:type\" content=\"article\" \/>\n<meta property=\"og:title\" content=\"Bo\u00eete sucre \u00e0 la cr\u00e8me &amp; fudge\" \/>\n<meta property=\"og:url\" content=\"https:\/\/chocolatlulu.com\/en\/boutique\/fudge\/boite-sucre-a-la-creme\/\" \/>\n<meta property=\"og:site_name\" content=\"Chocolat Lulu\" \/>\n<meta property=\"article:publisher\" content=\"https:\/\/www.facebook.com\/ChocolatsLulu\/\" \/>\n<meta property=\"article:modified_time\" content=\"2025-03-24T23:29:16+00:00\" \/>\n<meta property=\"og:image\" content=\"https:\/\/chocolatlulu.com\/wp-content\/uploads\/2018\/12\/Sucre-\u00e0-la-cr\u00e8me-16.jpg\" \/>\n\t<meta property=\"og:image:width\" content=\"2136\" \/>\n\t<meta property=\"og:image:height\" content=\"2136\" \/>\n\t<meta property=\"og:image:type\" content=\"image\/jpeg\" \/>\n<meta name=\"twitter:card\" content=\"summary_large_image\" \/>\n<script type=\"application\/ld+json\" class=\"yoast-schema-graph\">{\"@context\":\"https:\/\/schema.org\",\"@graph\":[{\"@type\":\"WebPage\",\"@id\":\"https:\/\/chocolatlulu.com\/en\/boutique\/fudge\/boite-sucre-a-la-creme\/\",\"url\":\"https:\/\/chocolatlulu.com\/en\/boutique\/fudge\/boite-sucre-a-la-creme\/\",\"name\":\"Bo\u00eete sucre \u00e0 la cr\u00e8me & fudge\",\"isPartOf\":{\"@id\":\"https:\/\/chocolatlulu.com\/#website\"},\"primaryImageOfPage\":{\"@id\":\"https:\/\/chocolatlulu.com\/en\/boutique\/fudge\/boite-sucre-a-la-creme\/#primaryimage\"},\"image\":{\"@id\":\"https:\/\/chocolatlulu.com\/en\/boutique\/fudge\/boite-sucre-a-la-creme\/#primaryimage\"},\"thumbnailUrl\":\"https:\/\/chocolatlulu.com\/wp-content\/uploads\/2018\/12\/Sucre-\u00e0-la-cr\u00e8me-16.jpg\",\"datePublished\":\"2025-03-24T13:36:13+00:00\",\"dateModified\":\"2025-03-24T23:29:16+00:00\",\"breadcrumb\":{\"@id\":\"https:\/\/chocolatlulu.com\/en\/boutique\/fudge\/boite-sucre-a-la-creme\/#breadcrumb\"},\"inLanguage\":\"fr-FR\",\"potentialAction\":[{\"@type\":\"ReadAction\",\"target\":[\"https:\/\/chocolatlulu.com\/en\/boutique\/fudge\/boite-sucre-a-la-creme\/\"]}]},{\"@type\":\"ImageObject\",\"inLanguage\":\"fr-FR\",\"@id\":\"https:\/\/chocolatlulu.com\/en\/boutique\/fudge\/boite-sucre-a-la-creme\/#primaryimage\",\"url\":\"https:\/\/chocolatlulu.com\/wp-content\/uploads\/2018\/12\/Sucre-\u00e0-la-cr\u00e8me-16.jpg\",\"contentUrl\":\"https:\/\/chocolatlulu.com\/wp-content\/uploads\/2018\/12\/Sucre-\u00e0-la-cr\u00e8me-16.jpg\",\"width\":2136,\"height\":2136},{\"@type\":\"BreadcrumbList\",\"@id\":\"https:\/\/chocolatlulu.com\/en\/boutique\/fudge\/boite-sucre-a-la-creme\/#breadcrumb\",\"itemListElement\":[{\"@type\":\"ListItem\",\"position\":1,\"name\":\"Accueil\",\"item\":\"https:\/\/chocolatlulu.com\/\"},{\"@type\":\"ListItem\",\"position\":2,\"name\":\"Boutique\",\"item\":\"https:\/\/chocolatlulu.com\/boutique\/\"},{\"@type\":\"ListItem\",\"position\":3,\"name\":\"Bo\u00eete sucre \u00e0 la cr\u00e8me &#038; fudge\"}]},{\"@type\":\"WebSite\",\"@id\":\"https:\/\/chocolatlulu.com\/#website\",\"url\":\"https:\/\/chocolatlulu.com\/\",\"name\":\"Chocolat Lulu\",\"description\":\"Chocolaterie, Bar Laitier !\",\"publisher\":{\"@id\":\"https:\/\/chocolatlulu.com\/#organization\"},\"potentialAction\":[{\"@type\":\"SearchAction\",\"target\":{\"@type\":\"EntryPoint\",\"urlTemplate\":\"https:\/\/chocolatlulu.com\/?s={search_term_string}\"},\"query-input\":{\"@type\":\"PropertyValueSpecification\",\"valueRequired\":true,\"valueName\":\"search_term_string\"}}],\"inLanguage\":\"fr-FR\"},{\"@type\":\"Organization\",\"@id\":\"https:\/\/chocolatlulu.com\/#organization\",\"name\":\"Chocolat Lulu\",\"url\":\"https:\/\/chocolatlulu.com\/\",\"logo\":{\"@type\":\"ImageObject\",\"inLanguage\":\"fr-FR\",\"@id\":\"https:\/\/chocolatlulu.com\/#\/schema\/logo\/image\/\",\"url\":\"https:\/\/chocolatlulu.com\/wp-content\/uploads\/2018\/09\/cropped-logotransparant.png\",\"contentUrl\":\"https:\/\/chocolatlulu.com\/wp-content\/uploads\/2018\/09\/cropped-logotransparant.png\",\"width\":512,\"height\":512,\"caption\":\"Chocolat Lulu\"},\"image\":{\"@id\":\"https:\/\/chocolatlulu.com\/#\/schema\/logo\/image\/\"},\"sameAs\":[\"https:\/\/www.facebook.com\/ChocolatsLulu\/\"]}]}<\/script>\n<!-- \/ Yoast SEO plugin. -->","yoast_head_json":{"title":"Bo\u00eete sucre \u00e0 la cr\u00e8me & fudge","robots":{"index":"index","follow":"follow","max-snippet":"max-snippet:-1","max-image-preview":"max-image-preview:large","max-video-preview":"max-video-preview:-1"},"canonical":"https:\/\/chocolatlulu.com\/en\/boutique\/fudge\/boite-sucre-a-la-creme\/","og_locale":"fr_FR","og_type":"article","og_title":"Chocolat Lulu [:fr]Bo\u00eete sucre \u00e0 la cr\u00e8me & fudge[:] -","og_url":"https:\/\/chocolatlulu.com\/en\/boutique\/fudge\/boite-sucre-a-la-creme\/","og_site_name":"Chocolat Lulu","article_publisher":"https:\/\/www.facebook.com\/ChocolatsLulu\/","article_modified_time":"2025-03-24T23:29:16+00:00","og_image":[{"width":2136,"height":2136,"url":"https:\/\/chocolatlulu.com\/wp-content\/uploads\/2018\/12\/Sucre-\u00e0-la-cr\u00e8me-16.jpg","type":"image\/jpeg"}],"twitter_card":"summary_large_image","schema":{"@context":"https:\/\/schema.org","@graph":[{"@type":"WebPage","@id":"https:\/\/chocolatlulu.com\/en\/boutique\/fudge\/boite-sucre-a-la-creme\/","url":"https:\/\/chocolatlulu.com\/en\/boutique\/fudge\/boite-sucre-a-la-creme\/","name":"Bo\u00eete sucre \u00e0 la cr\u00e8me & fudge","isPartOf":{"@id":"https:\/\/chocolatlulu.com\/#website"},"primaryImageOfPage":{"@id":"https:\/\/chocolatlulu.com\/en\/boutique\/fudge\/boite-sucre-a-la-creme\/#primaryimage"},"image":{"@id":"https:\/\/chocolatlulu.com\/en\/boutique\/fudge\/boite-sucre-a-la-creme\/#primaryimage"},"thumbnailUrl":"https:\/\/chocolatlulu.com\/wp-content\/uploads\/2018\/12\/Sucre-\u00e0-la-cr\u00e8me-16.jpg","datePublished":"2025-03-24T13:36:13+00:00","dateModified":"2025-03-24T23:29:16+00:00","breadcrumb":{"@id":"https:\/\/chocolatlulu.com\/en\/boutique\/fudge\/boite-sucre-a-la-creme\/#breadcrumb"},"inLanguage":"fr-FR","potentialAction":[{"@type":"ReadAction","target":["https:\/\/chocolatlulu.com\/en\/boutique\/fudge\/boite-sucre-a-la-creme\/"]}]},{"@type":"ImageObject","inLanguage":"fr-FR","@id":"https:\/\/chocolatlulu.com\/en\/boutique\/fudge\/boite-sucre-a-la-creme\/#primaryimage","url":"https:\/\/chocolatlulu.com\/wp-content\/uploads\/2018\/12\/Sucre-\u00e0-la-cr\u00e8me-16.jpg","contentUrl":"https:\/\/chocolatlulu.com\/wp-content\/uploads\/2018\/12\/Sucre-\u00e0-la-cr\u00e8me-16.jpg","width":2136,"height":2136},{"@type":"BreadcrumbList","@id":"https:\/\/chocolatlulu.com\/en\/boutique\/fudge\/boite-sucre-a-la-creme\/#breadcrumb","itemListElement":[{"@type":"ListItem","position":1,"name":"Accueil","item":"https:\/\/chocolatlulu.com\/"},{"@type":"ListItem","position":2,"name":"Boutique","item":"https:\/\/chocolatlulu.com\/boutique\/"},{"@type":"ListItem","position":3,"name":"Bo\u00eete sucre \u00e0 la cr\u00e8me &#038; fudge"}]},{"@type":"WebSite","@id":"https:\/\/chocolatlulu.com\/#website","url":"https:\/\/chocolatlulu.com\/","name":"Chocolat Lulu","description":"Chocolaterie, Bar Laitier !","publisher":{"@id":"https:\/\/chocolatlulu.com\/#organization"},"potentialAction":[{"@type":"SearchAction","target":{"@type":"EntryPoint","urlTemplate":"https:\/\/chocolatlulu.com\/?s={search_term_string}"},"query-input":{"@type":"PropertyValueSpecification","valueRequired":true,"valueName":"search_term_string"}}],"inLanguage":"fr-FR"},{"@type":"Organization","@id":"https:\/\/chocolatlulu.com\/#organization","name":"Chocolat Lulu","url":"https:\/\/chocolatlulu.com\/","logo":{"@type":"ImageObject","inLanguage":"fr-FR","@id":"https:\/\/chocolatlulu.com\/#\/schema\/logo\/image\/","url":"https:\/\/chocolatlulu.com\/wp-content\/uploads\/2018\/09\/cropped-logotransparant.png","contentUrl":"https:\/\/chocolatlulu.com\/wp-content\/uploads\/2018\/09\/cropped-logotransparant.png","width":512,"height":512,"caption":"Chocolat Lulu"},"image":{"@id":"https:\/\/chocolatlulu.com\/#\/schema\/logo\/image\/"},"sameAs":["https:\/\/www.facebook.com\/ChocolatsLulu\/"]}]}},"jetpack_publicize_connections":[],"jetpack_sharing_enabled":true,"jetpack-related-posts":[{"id":3876,"url":"https:\/\/chocolatlulu.com\/en\/boutique\/fudge\/sucre-a-la-creme\/","url_meta":{"origin":3899,"position":0},"title":"Sucre \u00e0 la cr\u00e8me","author":"AdEnakLbVa","date":"24 March 2025","format":false,"excerpt":"","rel":"","context":"Similar post","block_context":{"text":"Similar post","link":""},"img":{"alt_text":"","src":"https:\/\/i0.wp.com\/chocolatlulu.com\/wp-content\/uploads\/2018\/12\/Sucre-%C3%A0-la-cr%C3%A8me.jpg?resize=350%2C200&ssl=1","width":350,"height":200,"srcset":"https:\/\/i0.wp.com\/chocolatlulu.com\/wp-content\/uploads\/2018\/12\/Sucre-%C3%A0-la-cr%C3%A8me.jpg?resize=350%2C200&ssl=1 1x, https:\/\/i0.wp.com\/chocolatlulu.com\/wp-content\/uploads\/2018\/12\/Sucre-%C3%A0-la-cr%C3%A8me.jpg?resize=525%2C300&ssl=1 1.5x, https:\/\/i0.wp.com\/chocolatlulu.com\/wp-content\/uploads\/2018\/12\/Sucre-%C3%A0-la-cr%C3%A8me.jpg?resize=700%2C400&ssl=1 2x, https:\/\/i0.wp.com\/chocolatlulu.com\/wp-content\/uploads\/2018\/12\/Sucre-%C3%A0-la-cr%C3%A8me.jpg?resize=1050%2C600&ssl=1 3x, https:\/\/i0.wp.com\/chocolatlulu.com\/wp-content\/uploads\/2018\/12\/Sucre-%C3%A0-la-cr%C3%A8me.jpg?resize=1400%2C800&ssl=1 4x"},"classes":[]},{"id":3880,"url":"https:\/\/chocolatlulu.com\/en\/boutique\/fudge\/fudge-2\/","url_meta":{"origin":3899,"position":1},"title":"Fudge","author":"AdEnakLbVa","date":"24 March 2025","format":false,"excerpt":"","rel":"","context":"Similar post","block_context":{"text":"Similar post","link":""},"img":{"alt_text":"","src":"https:\/\/i0.wp.com\/chocolatlulu.com\/wp-content\/uploads\/2018\/12\/Fudge.jpg?resize=350%2C200&ssl=1","width":350,"height":200,"srcset":"https:\/\/i0.wp.com\/chocolatlulu.com\/wp-content\/uploads\/2018\/12\/Fudge.jpg?resize=350%2C200&ssl=1 1x, https:\/\/i0.wp.com\/chocolatlulu.com\/wp-content\/uploads\/2018\/12\/Fudge.jpg?resize=525%2C300&ssl=1 1.5x, https:\/\/i0.wp.com\/chocolatlulu.com\/wp-content\/uploads\/2018\/12\/Fudge.jpg?resize=700%2C400&ssl=1 2x, https:\/\/i0.wp.com\/chocolatlulu.com\/wp-content\/uploads\/2018\/12\/Fudge.jpg?resize=1050%2C600&ssl=1 3x, https:\/\/i0.wp.com\/chocolatlulu.com\/wp-content\/uploads\/2018\/12\/Fudge.jpg?resize=1400%2C800&ssl=1 4x"},"classes":[]},{"id":6171,"url":"https:\/\/chocolatlulu.com\/en\/boutique\/panier-cadeaux\/petite-boite\/","url_meta":{"origin":3899,"position":2},"title":"Petite bo\u00eete","author":"AdEnakLbVa","date":"24 March 2025","format":false,"excerpt":"[:fr]1 sac de 4 pastilles en chocolat 1 sac de perles crispy 2 su\u00e7ons en sucre d\u2019orge 1 sapin \u00e0 la guimauve 1 barre de chocolat 1 sac de 2 petits P\u00e8res No\u00ebl en chocolat 2 cornets au caramel[:]","rel":"","context":"Similar post","block_context":{"text":"Similar post","link":""},"img":{"alt_text":"","src":"https:\/\/i0.wp.com\/chocolatlulu.com\/wp-content\/uploads\/2020\/11\/CHOCOLAT-NOEL-LULU-09075-scaled.jpg?resize=350%2C200&ssl=1","width":350,"height":200,"srcset":"https:\/\/i0.wp.com\/chocolatlulu.com\/wp-content\/uploads\/2020\/11\/CHOCOLAT-NOEL-LULU-09075-scaled.jpg?resize=350%2C200&ssl=1 1x, https:\/\/i0.wp.com\/chocolatlulu.com\/wp-content\/uploads\/2020\/11\/CHOCOLAT-NOEL-LULU-09075-scaled.jpg?resize=525%2C300&ssl=1 1.5x, https:\/\/i0.wp.com\/chocolatlulu.com\/wp-content\/uploads\/2020\/11\/CHOCOLAT-NOEL-LULU-09075-scaled.jpg?resize=700%2C400&ssl=1 2x, https:\/\/i0.wp.com\/chocolatlulu.com\/wp-content\/uploads\/2020\/11\/CHOCOLAT-NOEL-LULU-09075-scaled.jpg?resize=1050%2C600&ssl=1 3x, https:\/\/i0.wp.com\/chocolatlulu.com\/wp-content\/uploads\/2020\/11\/CHOCOLAT-NOEL-LULU-09075-scaled.jpg?resize=1400%2C800&ssl=1 4x"},"classes":[]},{"id":7954,"url":"https:\/\/chocolatlulu.com\/en\/boutique\/panier-cadeaux\/panier-le-lapin-sucre\/","url_meta":{"origin":3899,"position":3},"title":"Le Panier de P\u00e2ques Ultime","author":"AdEnakLbVa","date":"22 April 2025","format":false,"excerpt":"[:fr]Contient: Pop corn 125 gr \u20133 barres chocolat 75gr \u2013 pastilles 60 gr \u2013 2 poules au lait\u00a0 \u2013 2 balais 20gr ch. - Un toutou *Chaque panier est unique et peut donc diff\u00e9rer de celui de la photo. Notez que la valeur des items contenus demeure la m\u00eame selon\u2026","rel":"","context":"Similar post","block_context":{"text":"Similar post","link":""},"img":{"alt_text":"","src":"https:\/\/i0.wp.com\/chocolatlulu.com\/wp-content\/uploads\/2025\/03\/PANIER-200.jpg?resize=350%2C200&ssl=1","width":350,"height":200},"classes":[]},{"id":7953,"url":"https:\/\/chocolatlulu.com\/en\/boutique\/panier-cadeaux\/panier-des-saveurs-de-paques\/","url_meta":{"origin":3899,"position":4},"title":"Panier &#8211; Le Lapin Sucr\u00e9","author":"AdEnakLbVa","date":"22 April 2025","format":false,"excerpt":"[:fr]Contient: Pop corn 125 gr \u20133 barres chocolat 75gr \u2013 pastilles 60 gr \u2013 2 poules au lait\u00a0 \u2013 2 balais 20gr ch. - Un toutou *Chaque panier est unique et peut donc diff\u00e9rer de celui de la photo. Notez que la valeur des items contenus demeure la m\u00eame selon\u2026","rel":"","context":"Similar post","block_context":{"text":"Similar post","link":""},"img":{"alt_text":"","src":"https:\/\/i0.wp.com\/chocolatlulu.com\/wp-content\/uploads\/2025\/03\/DSC_1039-scaled.jpg?resize=350%2C200&ssl=1","width":350,"height":200,"srcset":"https:\/\/i0.wp.com\/chocolatlulu.com\/wp-content\/uploads\/2025\/03\/DSC_1039-scaled.jpg?resize=350%2C200&ssl=1 1x, https:\/\/i0.wp.com\/chocolatlulu.com\/wp-content\/uploads\/2025\/03\/DSC_1039-scaled.jpg?resize=525%2C300&ssl=1 1.5x, https:\/\/i0.wp.com\/chocolatlulu.com\/wp-content\/uploads\/2025\/03\/DSC_1039-scaled.jpg?resize=700%2C400&ssl=1 2x, https:\/\/i0.wp.com\/chocolatlulu.com\/wp-content\/uploads\/2025\/03\/DSC_1039-scaled.jpg?resize=1050%2C600&ssl=1 3x, https:\/\/i0.wp.com\/chocolatlulu.com\/wp-content\/uploads\/2025\/03\/DSC_1039-scaled.jpg?resize=1400%2C800&ssl=1 4x"},"classes":[]},{"id":7516,"url":"https:\/\/chocolatlulu.com\/en\/boutique\/panier-cadeaux\/panier-cadeau-on-se-gate-a-deux\/","url_meta":{"origin":3899,"position":5},"title":"Panier cadeau l&#8217;extravagant!","author":"AdEnakLbVa","date":"27 March 2025","format":false,"excerpt":"[:fr]Contenu: 1- bo\u00eete de 16 balais 1- bo\u00eetes de16 bouch\u00e9es - 1 sac de 900gr. de pastilles. 1 sac de 380 gr de lunes de miel - 1 sac de 125 gr de : canneberges s\u00e9ch\u00e9es , bleuets s\u00e9ch\u00e9s et un sac d'amandes enrob\u00e9es. 1 c\u00f4ne de 400gr. de jujubes\u2026","rel":"","context":"Similar post","block_context":{"text":"Similar post","link":""},"img":{"alt_text":"","src":"https:\/\/i0.wp.com\/chocolatlulu.com\/wp-content\/uploads\/2022\/10\/Panier-cadeau-175-scaled.jpeg?resize=350%2C200&ssl=1","width":350,"height":200,"srcset":"https:\/\/i0.wp.com\/chocolatlulu.com\/wp-content\/uploads\/2022\/10\/Panier-cadeau-175-scaled.jpeg?resize=350%2C200&ssl=1 1x, https:\/\/i0.wp.com\/chocolatlulu.com\/wp-content\/uploads\/2022\/10\/Panier-cadeau-175-scaled.jpeg?resize=525%2C300&ssl=1 1.5x, https:\/\/i0.wp.com\/chocolatlulu.com\/wp-content\/uploads\/2022\/10\/Panier-cadeau-175-scaled.jpeg?resize=700%2C400&ssl=1 2x, https:\/\/i0.wp.com\/chocolatlulu.com\/wp-content\/uploads\/2022\/10\/Panier-cadeau-175-scaled.jpeg?resize=1050%2C600&ssl=1 3x, https:\/\/i0.wp.com\/chocolatlulu.com\/wp-content\/uploads\/2022\/10\/Panier-cadeau-175-scaled.jpeg?resize=1400%2C800&ssl=1 4x"},"classes":[]}],"_links":{"self":[{"href":"https:\/\/chocolatlulu.com\/en\/wp-json\/wp\/v2\/product\/3899","targetHints":{"allow":["GET"]}}],"collection":[{"href":"https:\/\/chocolatlulu.com\/en\/wp-json\/wp\/v2\/product"}],"about":[{"href":"https:\/\/chocolatlulu.com\/en\/wp-json\/wp\/v2\/types\/product"}],"replies":[{"embeddable":true,"href":"https:\/\/chocolatlulu.com\/en\/wp-json\/wp\/v2\/comments?post=3899"}],"wp:featuredmedia":[{"embeddable":true,"href":"https:\/\/chocolatlulu.com\/en\/wp-json\/wp\/v2\/media\/3900"}],"wp:attachment":[{"href":"https:\/\/chocolatlulu.com\/en\/wp-json\/wp\/v2\/media?parent=3899"}],"wp:term":[{"taxonomy":"product_brand","embeddable":true,"href":"https:\/\/chocolatlulu.com\/en\/wp-json\/wp\/v2\/product_brand?post=3899"},{"taxonomy":"product_cat","embeddable":true,"href":"https:\/\/chocolatlulu.com\/en\/wp-json\/wp\/v2\/product_cat?post=3899"},{"taxonomy":"product_tag","embeddable":true,"href":"https:\/\/chocolatlulu.com\/en\/wp-json\/wp\/v2\/product_tag?post=3899"}],"curies":[{"name":"wp","href":"https:\/\/api.w.org\/{rel}","templated":true}]}}