{"id":4552,"date":"2025-03-24T14:47:55","date_gmt":"2025-03-24T19:47:55","guid":{"rendered":"https:\/\/chocolatlulu.com\/?post_type=product&#038;p=4552"},"modified":"2025-03-27T17:37:10","modified_gmt":"2025-03-27T22:37:10","slug":"poules-brise-a-lerable","status":"publish","type":"product","link":"https:\/\/chocolatlulu.com\/en\/boutique\/fondu-chocolat\/poules-brise-a-lerable\/","title":{"rendered":"Chocolat \u00e0 l&#8217;\u00e9rable en morceaux (sac de 150g)"},"content":{"rendered":"","protected":false},"excerpt":{"rendered":"","protected":false},"featured_media":6678,"comment_status":"closed","ping_status":"closed","template":"","meta":{"jetpack_post_was_ever_published":false,"jetpack_publicize_message":"","jetpack_publicize_feature_enabled":true,"jetpack_social_post_already_shared":true,"jetpack_social_options":{"image_generator_settings":{"template":"highway","default_image_id":0,"font":"","enabled":false},"version":2}},"product_brand":[],"product_cat":[257,239,63,224],"product_tag":[],"class_list":{"0":"post-4552","1":"product","2":"type-product","3":"status-publish","4":"has-post-thumbnail","6":"product_cat-chocolat-blanc","7":"product_cat-chocolat-brise","8":"product_cat-fondu-chocolat","9":"product_cat-poules-en-chocolat","10":"product_shipping_class-boite-1","11":"entry","12":"has-media","14":"first","15":"outofstock","16":"taxable","17":"shipping-taxable","18":"purchasable","19":"product-type-simple","20":"col","21":"span_1_of_3","22":"wvn-content-center","23":"wvn-thumbs-layout-horizontal","24":"wvn-btn-normal","25":"wvn-tabs-layout-horizontal","26":"has-no-thumbnails"},"yoast_head":"<!-- This site is optimized with the Yoast SEO plugin v27.2 - https:\/\/yoast.com\/product\/yoast-seo-wordpress\/ -->\n<title>Chocolat \u00e0 l&#039;\u00e9rable en morceaux (sac de 150g)<\/title>\n<meta name=\"robots\" content=\"index, follow, max-snippet:-1, max-image-preview:large, max-video-preview:-1\" \/>\n<link rel=\"canonical\" href=\"https:\/\/chocolatlulu.com\/en\/boutique\/fondu-chocolat\/poules-brise-a-lerable\/\" \/>\n<meta property=\"og:locale\" content=\"fr_FR\" \/>\n<meta property=\"og:locale:alternate\" content=\"fr_FR\" \/>\n<meta property=\"og:type\" content=\"article\" \/>\n<meta property=\"og:title\" content=\"Chocolat \u00e0 l&#039;\u00e9rable en morceaux (sac de 150g)\" \/>\n<meta property=\"og:url\" content=\"https:\/\/chocolatlulu.com\/en\/boutique\/fondu-chocolat\/poules-brise-a-lerable\/\" \/>\n<meta property=\"og:site_name\" content=\"Chocolat Lulu\" \/>\n<meta property=\"article:publisher\" content=\"https:\/\/www.facebook.com\/ChocolatsLulu\/\" \/>\n<meta property=\"article:modified_time\" content=\"2025-03-27T22:37:10+00:00\" \/>\n<meta property=\"og:image\" content=\"https:\/\/chocolatlulu.com\/wp-content\/uploads\/2020\/04\/Chocolat-erable-Eclat-brise.jpeg\" \/>\n\t<meta property=\"og:image:width\" content=\"432\" \/>\n\t<meta property=\"og:image:height\" content=\"432\" \/>\n\t<meta property=\"og:image:type\" content=\"image\/jpeg\" \/>\n<meta name=\"twitter:card\" content=\"summary_large_image\" \/>\n<script type=\"application\/ld+json\" class=\"yoast-schema-graph\">{\"@context\":\"https:\/\/schema.org\",\"@graph\":[{\"@type\":\"WebPage\",\"@id\":\"https:\/\/chocolatlulu.com\/en\/boutique\/fondu-chocolat\/poules-brise-a-lerable\/\",\"url\":\"https:\/\/chocolatlulu.com\/en\/boutique\/fondu-chocolat\/poules-brise-a-lerable\/\",\"name\":\"Chocolat \u00e0 l'\u00e9rable en morceaux (sac de 150g)\",\"isPartOf\":{\"@id\":\"https:\/\/chocolatlulu.com\/#website\"},\"primaryImageOfPage\":{\"@id\":\"https:\/\/chocolatlulu.com\/en\/boutique\/fondu-chocolat\/poules-brise-a-lerable\/#primaryimage\"},\"image\":{\"@id\":\"https:\/\/chocolatlulu.com\/en\/boutique\/fondu-chocolat\/poules-brise-a-lerable\/#primaryimage\"},\"thumbnailUrl\":\"https:\/\/chocolatlulu.com\/wp-content\/uploads\/2020\/04\/Chocolat-erable-Eclat-brise.jpeg\",\"datePublished\":\"2025-03-24T19:47:55+00:00\",\"dateModified\":\"2025-03-27T22:37:10+00:00\",\"breadcrumb\":{\"@id\":\"https:\/\/chocolatlulu.com\/en\/boutique\/fondu-chocolat\/poules-brise-a-lerable\/#breadcrumb\"},\"inLanguage\":\"fr-FR\",\"potentialAction\":[{\"@type\":\"ReadAction\",\"target\":[\"https:\/\/chocolatlulu.com\/en\/boutique\/fondu-chocolat\/poules-brise-a-lerable\/\"]}]},{\"@type\":\"ImageObject\",\"inLanguage\":\"fr-FR\",\"@id\":\"https:\/\/chocolatlulu.com\/en\/boutique\/fondu-chocolat\/poules-brise-a-lerable\/#primaryimage\",\"url\":\"https:\/\/chocolatlulu.com\/wp-content\/uploads\/2020\/04\/Chocolat-erable-Eclat-brise.jpeg\",\"contentUrl\":\"https:\/\/chocolatlulu.com\/wp-content\/uploads\/2020\/04\/Chocolat-erable-Eclat-brise.jpeg\",\"width\":432,\"height\":432},{\"@type\":\"BreadcrumbList\",\"@id\":\"https:\/\/chocolatlulu.com\/en\/boutique\/fondu-chocolat\/poules-brise-a-lerable\/#breadcrumb\",\"itemListElement\":[{\"@type\":\"ListItem\",\"position\":1,\"name\":\"Accueil\",\"item\":\"https:\/\/chocolatlulu.com\/\"},{\"@type\":\"ListItem\",\"position\":2,\"name\":\"Boutique\",\"item\":\"https:\/\/chocolatlulu.com\/boutique\/\"},{\"@type\":\"ListItem\",\"position\":3,\"name\":\"Chocolat \u00e0 l&#8217;\u00e9rable en morceaux (sac de 150g)\"}]},{\"@type\":\"WebSite\",\"@id\":\"https:\/\/chocolatlulu.com\/#website\",\"url\":\"https:\/\/chocolatlulu.com\/\",\"name\":\"Chocolat Lulu\",\"description\":\"Chocolaterie, Bar Laitier !\",\"publisher\":{\"@id\":\"https:\/\/chocolatlulu.com\/#organization\"},\"potentialAction\":[{\"@type\":\"SearchAction\",\"target\":{\"@type\":\"EntryPoint\",\"urlTemplate\":\"https:\/\/chocolatlulu.com\/?s={search_term_string}\"},\"query-input\":{\"@type\":\"PropertyValueSpecification\",\"valueRequired\":true,\"valueName\":\"search_term_string\"}}],\"inLanguage\":\"fr-FR\"},{\"@type\":\"Organization\",\"@id\":\"https:\/\/chocolatlulu.com\/#organization\",\"name\":\"Chocolat Lulu\",\"url\":\"https:\/\/chocolatlulu.com\/\",\"logo\":{\"@type\":\"ImageObject\",\"inLanguage\":\"fr-FR\",\"@id\":\"https:\/\/chocolatlulu.com\/#\/schema\/logo\/image\/\",\"url\":\"https:\/\/chocolatlulu.com\/wp-content\/uploads\/2018\/09\/cropped-logotransparant.png\",\"contentUrl\":\"https:\/\/chocolatlulu.com\/wp-content\/uploads\/2018\/09\/cropped-logotransparant.png\",\"width\":512,\"height\":512,\"caption\":\"Chocolat Lulu\"},\"image\":{\"@id\":\"https:\/\/chocolatlulu.com\/#\/schema\/logo\/image\/\"},\"sameAs\":[\"https:\/\/www.facebook.com\/ChocolatsLulu\/\"]}]}<\/script>\n<!-- \/ Yoast SEO plugin. -->","yoast_head_json":{"title":"Chocolat \u00e0 l'\u00e9rable en morceaux (sac de 150g)","robots":{"index":"index","follow":"follow","max-snippet":"max-snippet:-1","max-image-preview":"max-image-preview:large","max-video-preview":"max-video-preview:-1"},"canonical":"https:\/\/chocolatlulu.com\/en\/boutique\/fondu-chocolat\/poules-brise-a-lerable\/","og_locale":"fr_FR","og_type":"article","og_title":"Chocolat Lulu [:fr]Chocolat \u00e0 l'\u00e9rable en morceaux (sac de 150g)[:] -","og_url":"https:\/\/chocolatlulu.com\/en\/boutique\/fondu-chocolat\/poules-brise-a-lerable\/","og_site_name":"Chocolat Lulu","article_publisher":"https:\/\/www.facebook.com\/ChocolatsLulu\/","article_modified_time":"2025-03-27T22:37:10+00:00","og_image":[{"width":432,"height":432,"url":"https:\/\/chocolatlulu.com\/wp-content\/uploads\/2020\/04\/Chocolat-erable-Eclat-brise.jpeg","type":"image\/jpeg"}],"twitter_card":"summary_large_image","schema":{"@context":"https:\/\/schema.org","@graph":[{"@type":"WebPage","@id":"https:\/\/chocolatlulu.com\/en\/boutique\/fondu-chocolat\/poules-brise-a-lerable\/","url":"https:\/\/chocolatlulu.com\/en\/boutique\/fondu-chocolat\/poules-brise-a-lerable\/","name":"Chocolat \u00e0 l'\u00e9rable en morceaux (sac de 150g)","isPartOf":{"@id":"https:\/\/chocolatlulu.com\/#website"},"primaryImageOfPage":{"@id":"https:\/\/chocolatlulu.com\/en\/boutique\/fondu-chocolat\/poules-brise-a-lerable\/#primaryimage"},"image":{"@id":"https:\/\/chocolatlulu.com\/en\/boutique\/fondu-chocolat\/poules-brise-a-lerable\/#primaryimage"},"thumbnailUrl":"https:\/\/chocolatlulu.com\/wp-content\/uploads\/2020\/04\/Chocolat-erable-Eclat-brise.jpeg","datePublished":"2025-03-24T19:47:55+00:00","dateModified":"2025-03-27T22:37:10+00:00","breadcrumb":{"@id":"https:\/\/chocolatlulu.com\/en\/boutique\/fondu-chocolat\/poules-brise-a-lerable\/#breadcrumb"},"inLanguage":"fr-FR","potentialAction":[{"@type":"ReadAction","target":["https:\/\/chocolatlulu.com\/en\/boutique\/fondu-chocolat\/poules-brise-a-lerable\/"]}]},{"@type":"ImageObject","inLanguage":"fr-FR","@id":"https:\/\/chocolatlulu.com\/en\/boutique\/fondu-chocolat\/poules-brise-a-lerable\/#primaryimage","url":"https:\/\/chocolatlulu.com\/wp-content\/uploads\/2020\/04\/Chocolat-erable-Eclat-brise.jpeg","contentUrl":"https:\/\/chocolatlulu.com\/wp-content\/uploads\/2020\/04\/Chocolat-erable-Eclat-brise.jpeg","width":432,"height":432},{"@type":"BreadcrumbList","@id":"https:\/\/chocolatlulu.com\/en\/boutique\/fondu-chocolat\/poules-brise-a-lerable\/#breadcrumb","itemListElement":[{"@type":"ListItem","position":1,"name":"Accueil","item":"https:\/\/chocolatlulu.com\/"},{"@type":"ListItem","position":2,"name":"Boutique","item":"https:\/\/chocolatlulu.com\/boutique\/"},{"@type":"ListItem","position":3,"name":"Chocolat \u00e0 l&#8217;\u00e9rable en morceaux (sac de 150g)"}]},{"@type":"WebSite","@id":"https:\/\/chocolatlulu.com\/#website","url":"https:\/\/chocolatlulu.com\/","name":"Chocolat Lulu","description":"Chocolaterie, Bar Laitier !","publisher":{"@id":"https:\/\/chocolatlulu.com\/#organization"},"potentialAction":[{"@type":"SearchAction","target":{"@type":"EntryPoint","urlTemplate":"https:\/\/chocolatlulu.com\/?s={search_term_string}"},"query-input":{"@type":"PropertyValueSpecification","valueRequired":true,"valueName":"search_term_string"}}],"inLanguage":"fr-FR"},{"@type":"Organization","@id":"https:\/\/chocolatlulu.com\/#organization","name":"Chocolat Lulu","url":"https:\/\/chocolatlulu.com\/","logo":{"@type":"ImageObject","inLanguage":"fr-FR","@id":"https:\/\/chocolatlulu.com\/#\/schema\/logo\/image\/","url":"https:\/\/chocolatlulu.com\/wp-content\/uploads\/2018\/09\/cropped-logotransparant.png","contentUrl":"https:\/\/chocolatlulu.com\/wp-content\/uploads\/2018\/09\/cropped-logotransparant.png","width":512,"height":512,"caption":"Chocolat Lulu"},"image":{"@id":"https:\/\/chocolatlulu.com\/#\/schema\/logo\/image\/"},"sameAs":["https:\/\/www.facebook.com\/ChocolatsLulu\/"]}]}},"jetpack_publicize_connections":[],"jetpack_sharing_enabled":true,"jetpack-related-posts":[{"id":7568,"url":"https:\/\/chocolatlulu.com\/en\/boutique\/panier-cadeaux\/surprises-pour-noel-2\/","url_meta":{"origin":4552,"position":0},"title":"Panier abondance pour No\u00ebl","author":"AdEnakLbVa","date":"24 March 2025","format":false,"excerpt":"[:fr]Contenu: 1 c\u00f4ne de bonbons 400g, 1 sac de lunes de miel 380g, 1 barre \u00e0 fondue chocolat au lait 454g, 1 gros P\u00e8re No\u00ebl en chocolat 150g, 4 balais \u00e0 la guimauve 25g chacun, 4 c\u00f4nes caramel au beurre 21 g chacun, 1 bo\u00eete de 6 bouch\u00e9es de chocolat,\u2026","rel":"","context":"Similar post","block_context":{"text":"Similar post","link":""},"img":{"alt_text":"","src":"https:\/\/i0.wp.com\/chocolatlulu.com\/wp-content\/uploads\/2022\/12\/319532415_467622265543736_8109850645357438763_n.jpeg?resize=350%2C200&ssl=1","width":350,"height":200,"srcset":"https:\/\/i0.wp.com\/chocolatlulu.com\/wp-content\/uploads\/2022\/12\/319532415_467622265543736_8109850645357438763_n.jpeg?resize=350%2C200&ssl=1 1x, https:\/\/i0.wp.com\/chocolatlulu.com\/wp-content\/uploads\/2022\/12\/319532415_467622265543736_8109850645357438763_n.jpeg?resize=525%2C300&ssl=1 1.5x"},"classes":[]},{"id":4359,"url":"https:\/\/chocolatlulu.com\/en\/boutique\/fondu-chocolat\/chocolat-en-morceaux\/","url_meta":{"origin":4552,"position":1},"title":"Chocolat au lait en morceaux (sac 750g)","author":"AdEnakLbVa","date":"27 March 2025","format":false,"excerpt":"[:fr]Ensemble de chocolat bris\u00e9 Nos s\u00e9lections de figurine bris\u00e9e sauront satisfaire les plus gourmands et les plus \u00e9colos\/\u00e9conos. Pour ceux en faveur du contenu au lieu du contenant, nous vous ferons des associations de figurines pour le montant de votre choix.[:]","rel":"","context":"Similar post","block_context":{"text":"Similar post","link":""},"img":{"alt_text":"","src":"https:\/\/i0.wp.com\/chocolatlulu.com\/wp-content\/uploads\/2020\/03\/chocolat-au-lait-en-morceaux.jpg?resize=350%2C200&ssl=1","width":350,"height":200,"srcset":"https:\/\/i0.wp.com\/chocolatlulu.com\/wp-content\/uploads\/2020\/03\/chocolat-au-lait-en-morceaux.jpg?resize=350%2C200&ssl=1 1x, https:\/\/i0.wp.com\/chocolatlulu.com\/wp-content\/uploads\/2020\/03\/chocolat-au-lait-en-morceaux.jpg?resize=525%2C300&ssl=1 1.5x, https:\/\/i0.wp.com\/chocolatlulu.com\/wp-content\/uploads\/2020\/03\/chocolat-au-lait-en-morceaux.jpg?resize=700%2C400&ssl=1 2x"},"classes":[]},{"id":7952,"url":"https:\/\/chocolatlulu.com\/en\/boutique\/panier-cadeaux\/le-secret-de-paques\/","url_meta":{"origin":4552,"position":2},"title":"Panier des saveurs de P\u00e2ques","author":"AdEnakLbVa","date":"22 April 2025","format":false,"excerpt":"[:fr]Contient: Pop corn 125 gr \u20133 barres chocolat 75gr \u2013 pastilles 60 gr \u2013 2 poules au lait\u00a0 \u2013 2 balais 20gr ch. - Un toutou *Chaque panier est unique et peut donc diff\u00e9rer de celui de la photo. Notez que la valeur des items contenus demeure la m\u00eame selon\u2026","rel":"","context":"Similar post","block_context":{"text":"Similar post","link":""},"img":{"alt_text":"","src":"https:\/\/i0.wp.com\/chocolatlulu.com\/wp-content\/uploads\/2025\/03\/DSC_1056-scaled.jpg?resize=350%2C200&ssl=1","width":350,"height":200,"srcset":"https:\/\/i0.wp.com\/chocolatlulu.com\/wp-content\/uploads\/2025\/03\/DSC_1056-scaled.jpg?resize=350%2C200&ssl=1 1x, https:\/\/i0.wp.com\/chocolatlulu.com\/wp-content\/uploads\/2025\/03\/DSC_1056-scaled.jpg?resize=525%2C300&ssl=1 1.5x, https:\/\/i0.wp.com\/chocolatlulu.com\/wp-content\/uploads\/2025\/03\/DSC_1056-scaled.jpg?resize=700%2C400&ssl=1 2x, https:\/\/i0.wp.com\/chocolatlulu.com\/wp-content\/uploads\/2025\/03\/DSC_1056-scaled.jpg?resize=1050%2C600&ssl=1 3x, https:\/\/i0.wp.com\/chocolatlulu.com\/wp-content\/uploads\/2025\/03\/DSC_1056-scaled.jpg?resize=1400%2C800&ssl=1 4x"},"classes":[]},{"id":7939,"url":"https:\/\/chocolatlulu.com\/en\/boutique\/panier-cadeaux\/choco-et-lapin-toutou-2\/","url_meta":{"origin":4552,"position":3},"title":"Choco pour mon coco","author":"AdEnakLbVa","date":"22 April 2025","format":false,"excerpt":"[:fr]Contient: Pop corn 125 gr \u20133 barres chocolat 75gr \u2013 pastilles 60 gr \u2013 2 poules au lait\u00a0 \u2013 2 balais 20gr ch. - Un toutou *Chaque panier est unique et peut donc diff\u00e9rer de celui de la photo. Notez que la valeur des items contenus demeure la m\u00eame selon\u2026","rel":"","context":"Similar post","block_context":{"text":"Similar post","link":""},"img":{"alt_text":"","src":"https:\/\/i0.wp.com\/chocolatlulu.com\/wp-content\/uploads\/2025\/03\/ROC_2951-scaled.jpg?resize=350%2C200&ssl=1","width":350,"height":200,"srcset":"https:\/\/i0.wp.com\/chocolatlulu.com\/wp-content\/uploads\/2025\/03\/ROC_2951-scaled.jpg?resize=350%2C200&ssl=1 1x, https:\/\/i0.wp.com\/chocolatlulu.com\/wp-content\/uploads\/2025\/03\/ROC_2951-scaled.jpg?resize=525%2C300&ssl=1 1.5x, https:\/\/i0.wp.com\/chocolatlulu.com\/wp-content\/uploads\/2025\/03\/ROC_2951-scaled.jpg?resize=700%2C400&ssl=1 2x, https:\/\/i0.wp.com\/chocolatlulu.com\/wp-content\/uploads\/2025\/03\/ROC_2951-scaled.jpg?resize=1050%2C600&ssl=1 3x, https:\/\/i0.wp.com\/chocolatlulu.com\/wp-content\/uploads\/2025\/03\/ROC_2951-scaled.jpg?resize=1400%2C800&ssl=1 4x"},"classes":[]},{"id":4701,"url":"https:\/\/chocolatlulu.com\/en\/boutique\/fondu-chocolat\/poules-brise\/","url_meta":{"origin":4552,"position":4},"title":"Chocolat au lait en morceaux (sac de 200g)","author":"AdEnakLbVa","date":"22 April 2025","format":false,"excerpt":"[:fr]Ensemble de poules bris\u00e9es ces figurines bris\u00e9 avec d\u00e9fauts de fabrication sauront satisfaire les plus gourmands et les plus \u00e9colos\/\u00e9conos. Pour ceux en faveur du contenu au lieu du contenant, nous vous ferons des associations de figurines pour le montant de votre choix.[:]","rel":"","context":"Similar post","block_context":{"text":"Similar post","link":""},"img":{"alt_text":"","src":"https:\/\/i0.wp.com\/chocolatlulu.com\/wp-content\/uploads\/2020\/12\/Chocolat-casse-picto.jpg?resize=350%2C200&ssl=1","width":350,"height":200,"srcset":"https:\/\/i0.wp.com\/chocolatlulu.com\/wp-content\/uploads\/2020\/12\/Chocolat-casse-picto.jpg?resize=350%2C200&ssl=1 1x, https:\/\/i0.wp.com\/chocolatlulu.com\/wp-content\/uploads\/2020\/12\/Chocolat-casse-picto.jpg?resize=525%2C300&ssl=1 1.5x, https:\/\/i0.wp.com\/chocolatlulu.com\/wp-content\/uploads\/2020\/12\/Chocolat-casse-picto.jpg?resize=700%2C400&ssl=1 2x"},"classes":[]},{"id":4548,"url":"https:\/\/chocolatlulu.com\/en\/boutique\/poules-en-chocolat\/boite-de-8-poules-chocolat-blanc-a-lerable\/","url_meta":{"origin":4552,"position":5},"title":"Boite de 8 poules chocolat blanc \u00e0 l&#8217;\u00e9rable","author":"AdEnakLbVa","date":"27 March 2025","format":false,"excerpt":"","rel":"","context":"Similar post","block_context":{"text":"Similar post","link":""},"img":{"alt_text":"","src":"https:\/\/i0.wp.com\/chocolatlulu.com\/wp-content\/uploads\/2020\/04\/Poule-erable_4872-scaled.jpg?resize=350%2C200&ssl=1","width":350,"height":200,"srcset":"https:\/\/i0.wp.com\/chocolatlulu.com\/wp-content\/uploads\/2020\/04\/Poule-erable_4872-scaled.jpg?resize=350%2C200&ssl=1 1x, https:\/\/i0.wp.com\/chocolatlulu.com\/wp-content\/uploads\/2020\/04\/Poule-erable_4872-scaled.jpg?resize=525%2C300&ssl=1 1.5x, https:\/\/i0.wp.com\/chocolatlulu.com\/wp-content\/uploads\/2020\/04\/Poule-erable_4872-scaled.jpg?resize=700%2C400&ssl=1 2x, https:\/\/i0.wp.com\/chocolatlulu.com\/wp-content\/uploads\/2020\/04\/Poule-erable_4872-scaled.jpg?resize=1050%2C600&ssl=1 3x, https:\/\/i0.wp.com\/chocolatlulu.com\/wp-content\/uploads\/2020\/04\/Poule-erable_4872-scaled.jpg?resize=1400%2C800&ssl=1 4x"},"classes":[]}],"_links":{"self":[{"href":"https:\/\/chocolatlulu.com\/en\/wp-json\/wp\/v2\/product\/4552","targetHints":{"allow":["GET"]}}],"collection":[{"href":"https:\/\/chocolatlulu.com\/en\/wp-json\/wp\/v2\/product"}],"about":[{"href":"https:\/\/chocolatlulu.com\/en\/wp-json\/wp\/v2\/types\/product"}],"replies":[{"embeddable":true,"href":"https:\/\/chocolatlulu.com\/en\/wp-json\/wp\/v2\/comments?post=4552"}],"wp:featuredmedia":[{"embeddable":true,"href":"https:\/\/chocolatlulu.com\/en\/wp-json\/wp\/v2\/media\/6678"}],"wp:attachment":[{"href":"https:\/\/chocolatlulu.com\/en\/wp-json\/wp\/v2\/media?parent=4552"}],"wp:term":[{"taxonomy":"product_brand","embeddable":true,"href":"https:\/\/chocolatlulu.com\/en\/wp-json\/wp\/v2\/product_brand?post=4552"},{"taxonomy":"product_cat","embeddable":true,"href":"https:\/\/chocolatlulu.com\/en\/wp-json\/wp\/v2\/product_cat?post=4552"},{"taxonomy":"product_tag","embeddable":true,"href":"https:\/\/chocolatlulu.com\/en\/wp-json\/wp\/v2\/product_tag?post=4552"}],"curies":[{"name":"wp","href":"https:\/\/api.w.org\/{rel}","templated":true}]}}