{"id":6672,"date":"2025-03-26T14:48:43","date_gmt":"2025-03-26T19:48:43","guid":{"rendered":"https:\/\/chocolatlulu.com\/?post_type=product&#038;p=6672"},"modified":"2025-03-27T10:14:37","modified_gmt":"2025-03-27T15:14:37","slug":"chocolat-en-morceaux-2","status":"publish","type":"product","link":"https:\/\/chocolatlulu.com\/en\/boutique\/fondu-chocolat\/chocolat-en-morceaux-2\/","title":{"rendered":"Chocolat au lait en morceaux 550g"},"content":{"rendered":"","protected":false},"excerpt":{"rendered":"","protected":false},"featured_media":6673,"comment_status":"closed","ping_status":"closed","template":"","meta":{"jetpack_post_was_ever_published":false,"jetpack_publicize_message":"","jetpack_publicize_feature_enabled":true,"jetpack_social_post_already_shared":true,"jetpack_social_options":{"image_generator_settings":{"template":"highway","default_image_id":0,"font":"","enabled":false},"version":2}},"product_brand":[],"product_cat":[239,63],"product_tag":[],"class_list":{"0":"post-6672","1":"product","2":"type-product","3":"status-publish","4":"has-post-thumbnail","6":"product_cat-chocolat-brise","7":"product_cat-fondu-chocolat","8":"product_shipping_class-boite-1","9":"entry","10":"has-media","12":"first","13":"instock","14":"taxable","15":"shipping-taxable","16":"purchasable","17":"product-type-simple","18":"col","19":"span_1_of_3","20":"wvn-content-center","21":"wvn-thumbs-layout-horizontal","22":"wvn-btn-normal","23":"wvn-tabs-layout-horizontal","24":"has-no-thumbnails"},"yoast_head":"<!-- This site is optimized with the Yoast SEO plugin v27.2 - https:\/\/yoast.com\/product\/yoast-seo-wordpress\/ -->\n<title>Chocolat au lait en morceaux 550g<\/title>\n<meta name=\"robots\" content=\"index, follow, max-snippet:-1, max-image-preview:large, max-video-preview:-1\" \/>\n<link rel=\"canonical\" href=\"https:\/\/chocolatlulu.com\/en\/boutique\/fondu-chocolat\/chocolat-en-morceaux-2\/\" \/>\n<meta property=\"og:locale\" content=\"fr_FR\" \/>\n<meta property=\"og:locale:alternate\" content=\"fr_FR\" \/>\n<meta property=\"og:type\" content=\"article\" \/>\n<meta property=\"og:title\" content=\"Chocolat au lait en morceaux 550g\" \/>\n<meta property=\"og:url\" content=\"https:\/\/chocolatlulu.com\/en\/boutique\/fondu-chocolat\/chocolat-en-morceaux-2\/\" \/>\n<meta property=\"og:site_name\" content=\"Chocolat Lulu\" \/>\n<meta property=\"article:publisher\" content=\"https:\/\/www.facebook.com\/ChocolatsLulu\/\" \/>\n<meta property=\"article:modified_time\" content=\"2025-03-27T15:14:37+00:00\" \/>\n<meta property=\"og:image\" content=\"https:\/\/chocolatlulu.com\/wp-content\/uploads\/2021\/01\/Oeuf-brise-5500-scaled.jpeg\" \/>\n\t<meta property=\"og:image:width\" content=\"2560\" \/>\n\t<meta property=\"og:image:height\" content=\"2178\" \/>\n\t<meta property=\"og:image:type\" content=\"image\/jpeg\" \/>\n<meta name=\"twitter:card\" content=\"summary_large_image\" \/>\n<script type=\"application\/ld+json\" class=\"yoast-schema-graph\">{\"@context\":\"https:\/\/schema.org\",\"@graph\":[{\"@type\":\"WebPage\",\"@id\":\"https:\/\/chocolatlulu.com\/en\/boutique\/fondu-chocolat\/chocolat-en-morceaux-2\/\",\"url\":\"https:\/\/chocolatlulu.com\/en\/boutique\/fondu-chocolat\/chocolat-en-morceaux-2\/\",\"name\":\"Chocolat au lait en morceaux 550g\",\"isPartOf\":{\"@id\":\"https:\/\/chocolatlulu.com\/#website\"},\"primaryImageOfPage\":{\"@id\":\"https:\/\/chocolatlulu.com\/en\/boutique\/fondu-chocolat\/chocolat-en-morceaux-2\/#primaryimage\"},\"image\":{\"@id\":\"https:\/\/chocolatlulu.com\/en\/boutique\/fondu-chocolat\/chocolat-en-morceaux-2\/#primaryimage\"},\"thumbnailUrl\":\"https:\/\/chocolatlulu.com\/wp-content\/uploads\/2021\/01\/Oeuf-brise-5500-scaled.jpeg\",\"datePublished\":\"2025-03-26T19:48:43+00:00\",\"dateModified\":\"2025-03-27T15:14:37+00:00\",\"breadcrumb\":{\"@id\":\"https:\/\/chocolatlulu.com\/en\/boutique\/fondu-chocolat\/chocolat-en-morceaux-2\/#breadcrumb\"},\"inLanguage\":\"fr-FR\",\"potentialAction\":[{\"@type\":\"ReadAction\",\"target\":[\"https:\/\/chocolatlulu.com\/en\/boutique\/fondu-chocolat\/chocolat-en-morceaux-2\/\"]}]},{\"@type\":\"ImageObject\",\"inLanguage\":\"fr-FR\",\"@id\":\"https:\/\/chocolatlulu.com\/en\/boutique\/fondu-chocolat\/chocolat-en-morceaux-2\/#primaryimage\",\"url\":\"https:\/\/chocolatlulu.com\/wp-content\/uploads\/2021\/01\/Oeuf-brise-5500-scaled.jpeg\",\"contentUrl\":\"https:\/\/chocolatlulu.com\/wp-content\/uploads\/2021\/01\/Oeuf-brise-5500-scaled.jpeg\",\"width\":2560,\"height\":2178},{\"@type\":\"BreadcrumbList\",\"@id\":\"https:\/\/chocolatlulu.com\/en\/boutique\/fondu-chocolat\/chocolat-en-morceaux-2\/#breadcrumb\",\"itemListElement\":[{\"@type\":\"ListItem\",\"position\":1,\"name\":\"Accueil\",\"item\":\"https:\/\/chocolatlulu.com\/\"},{\"@type\":\"ListItem\",\"position\":2,\"name\":\"Boutique\",\"item\":\"https:\/\/chocolatlulu.com\/boutique\/\"},{\"@type\":\"ListItem\",\"position\":3,\"name\":\"Chocolat au lait en morceaux 550g\"}]},{\"@type\":\"WebSite\",\"@id\":\"https:\/\/chocolatlulu.com\/#website\",\"url\":\"https:\/\/chocolatlulu.com\/\",\"name\":\"Chocolat Lulu\",\"description\":\"Chocolaterie, Bar Laitier !\",\"publisher\":{\"@id\":\"https:\/\/chocolatlulu.com\/#organization\"},\"potentialAction\":[{\"@type\":\"SearchAction\",\"target\":{\"@type\":\"EntryPoint\",\"urlTemplate\":\"https:\/\/chocolatlulu.com\/?s={search_term_string}\"},\"query-input\":{\"@type\":\"PropertyValueSpecification\",\"valueRequired\":true,\"valueName\":\"search_term_string\"}}],\"inLanguage\":\"fr-FR\"},{\"@type\":\"Organization\",\"@id\":\"https:\/\/chocolatlulu.com\/#organization\",\"name\":\"Chocolat Lulu\",\"url\":\"https:\/\/chocolatlulu.com\/\",\"logo\":{\"@type\":\"ImageObject\",\"inLanguage\":\"fr-FR\",\"@id\":\"https:\/\/chocolatlulu.com\/#\/schema\/logo\/image\/\",\"url\":\"https:\/\/chocolatlulu.com\/wp-content\/uploads\/2018\/09\/cropped-logotransparant.png\",\"contentUrl\":\"https:\/\/chocolatlulu.com\/wp-content\/uploads\/2018\/09\/cropped-logotransparant.png\",\"width\":512,\"height\":512,\"caption\":\"Chocolat Lulu\"},\"image\":{\"@id\":\"https:\/\/chocolatlulu.com\/#\/schema\/logo\/image\/\"},\"sameAs\":[\"https:\/\/www.facebook.com\/ChocolatsLulu\/\"]}]}<\/script>\n<!-- \/ Yoast SEO plugin. -->","yoast_head_json":{"title":"Chocolat au lait en morceaux 550g","robots":{"index":"index","follow":"follow","max-snippet":"max-snippet:-1","max-image-preview":"max-image-preview:large","max-video-preview":"max-video-preview:-1"},"canonical":"https:\/\/chocolatlulu.com\/en\/boutique\/fondu-chocolat\/chocolat-en-morceaux-2\/","og_locale":"fr_FR","og_type":"article","og_title":"Chocolat Lulu [:fr]Chocolat au lait en morceaux 550g[:] -","og_url":"https:\/\/chocolatlulu.com\/en\/boutique\/fondu-chocolat\/chocolat-en-morceaux-2\/","og_site_name":"Chocolat Lulu","article_publisher":"https:\/\/www.facebook.com\/ChocolatsLulu\/","article_modified_time":"2025-03-27T15:14:37+00:00","og_image":[{"width":2560,"height":2178,"url":"https:\/\/chocolatlulu.com\/wp-content\/uploads\/2021\/01\/Oeuf-brise-5500-scaled.jpeg","type":"image\/jpeg"}],"twitter_card":"summary_large_image","schema":{"@context":"https:\/\/schema.org","@graph":[{"@type":"WebPage","@id":"https:\/\/chocolatlulu.com\/en\/boutique\/fondu-chocolat\/chocolat-en-morceaux-2\/","url":"https:\/\/chocolatlulu.com\/en\/boutique\/fondu-chocolat\/chocolat-en-morceaux-2\/","name":"Chocolat au lait en morceaux 550g","isPartOf":{"@id":"https:\/\/chocolatlulu.com\/#website"},"primaryImageOfPage":{"@id":"https:\/\/chocolatlulu.com\/en\/boutique\/fondu-chocolat\/chocolat-en-morceaux-2\/#primaryimage"},"image":{"@id":"https:\/\/chocolatlulu.com\/en\/boutique\/fondu-chocolat\/chocolat-en-morceaux-2\/#primaryimage"},"thumbnailUrl":"https:\/\/chocolatlulu.com\/wp-content\/uploads\/2021\/01\/Oeuf-brise-5500-scaled.jpeg","datePublished":"2025-03-26T19:48:43+00:00","dateModified":"2025-03-27T15:14:37+00:00","breadcrumb":{"@id":"https:\/\/chocolatlulu.com\/en\/boutique\/fondu-chocolat\/chocolat-en-morceaux-2\/#breadcrumb"},"inLanguage":"fr-FR","potentialAction":[{"@type":"ReadAction","target":["https:\/\/chocolatlulu.com\/en\/boutique\/fondu-chocolat\/chocolat-en-morceaux-2\/"]}]},{"@type":"ImageObject","inLanguage":"fr-FR","@id":"https:\/\/chocolatlulu.com\/en\/boutique\/fondu-chocolat\/chocolat-en-morceaux-2\/#primaryimage","url":"https:\/\/chocolatlulu.com\/wp-content\/uploads\/2021\/01\/Oeuf-brise-5500-scaled.jpeg","contentUrl":"https:\/\/chocolatlulu.com\/wp-content\/uploads\/2021\/01\/Oeuf-brise-5500-scaled.jpeg","width":2560,"height":2178},{"@type":"BreadcrumbList","@id":"https:\/\/chocolatlulu.com\/en\/boutique\/fondu-chocolat\/chocolat-en-morceaux-2\/#breadcrumb","itemListElement":[{"@type":"ListItem","position":1,"name":"Accueil","item":"https:\/\/chocolatlulu.com\/"},{"@type":"ListItem","position":2,"name":"Boutique","item":"https:\/\/chocolatlulu.com\/boutique\/"},{"@type":"ListItem","position":3,"name":"Chocolat au lait en morceaux 550g"}]},{"@type":"WebSite","@id":"https:\/\/chocolatlulu.com\/#website","url":"https:\/\/chocolatlulu.com\/","name":"Chocolat Lulu","description":"Chocolaterie, Bar Laitier !","publisher":{"@id":"https:\/\/chocolatlulu.com\/#organization"},"potentialAction":[{"@type":"SearchAction","target":{"@type":"EntryPoint","urlTemplate":"https:\/\/chocolatlulu.com\/?s={search_term_string}"},"query-input":{"@type":"PropertyValueSpecification","valueRequired":true,"valueName":"search_term_string"}}],"inLanguage":"fr-FR"},{"@type":"Organization","@id":"https:\/\/chocolatlulu.com\/#organization","name":"Chocolat Lulu","url":"https:\/\/chocolatlulu.com\/","logo":{"@type":"ImageObject","inLanguage":"fr-FR","@id":"https:\/\/chocolatlulu.com\/#\/schema\/logo\/image\/","url":"https:\/\/chocolatlulu.com\/wp-content\/uploads\/2018\/09\/cropped-logotransparant.png","contentUrl":"https:\/\/chocolatlulu.com\/wp-content\/uploads\/2018\/09\/cropped-logotransparant.png","width":512,"height":512,"caption":"Chocolat Lulu"},"image":{"@id":"https:\/\/chocolatlulu.com\/#\/schema\/logo\/image\/"},"sameAs":["https:\/\/www.facebook.com\/ChocolatsLulu\/"]}]}},"jetpack_publicize_connections":[],"jetpack_sharing_enabled":true,"jetpack-related-posts":[{"id":4359,"url":"https:\/\/chocolatlulu.com\/en\/boutique\/fondu-chocolat\/chocolat-en-morceaux\/","url_meta":{"origin":6672,"position":0},"title":"Chocolat au lait en morceaux (sac 750g)","author":"AdEnakLbVa","date":"27 March 2025","format":false,"excerpt":"[:fr]Ensemble de chocolat bris\u00e9 Nos s\u00e9lections de figurine bris\u00e9e sauront satisfaire les plus gourmands et les plus \u00e9colos\/\u00e9conos. Pour ceux en faveur du contenu au lieu du contenant, nous vous ferons des associations de figurines pour le montant de votre choix.[:]","rel":"","context":"Similar post","block_context":{"text":"Similar post","link":""},"img":{"alt_text":"","src":"https:\/\/i0.wp.com\/chocolatlulu.com\/wp-content\/uploads\/2020\/03\/chocolat-au-lait-en-morceaux.jpg?resize=350%2C200&ssl=1","width":350,"height":200,"srcset":"https:\/\/i0.wp.com\/chocolatlulu.com\/wp-content\/uploads\/2020\/03\/chocolat-au-lait-en-morceaux.jpg?resize=350%2C200&ssl=1 1x, https:\/\/i0.wp.com\/chocolatlulu.com\/wp-content\/uploads\/2020\/03\/chocolat-au-lait-en-morceaux.jpg?resize=525%2C300&ssl=1 1.5x, https:\/\/i0.wp.com\/chocolatlulu.com\/wp-content\/uploads\/2020\/03\/chocolat-au-lait-en-morceaux.jpg?resize=700%2C400&ssl=1 2x"},"classes":[]},{"id":4701,"url":"https:\/\/chocolatlulu.com\/en\/boutique\/fondu-chocolat\/poules-brise\/","url_meta":{"origin":6672,"position":1},"title":"Chocolat au lait en morceaux (sac de 200g)","author":"AdEnakLbVa","date":"22 April 2025","format":false,"excerpt":"[:fr]Ensemble de poules bris\u00e9es ces figurines bris\u00e9 avec d\u00e9fauts de fabrication sauront satisfaire les plus gourmands et les plus \u00e9colos\/\u00e9conos. Pour ceux en faveur du contenu au lieu du contenant, nous vous ferons des associations de figurines pour le montant de votre choix.[:]","rel":"","context":"Similar post","block_context":{"text":"Similar post","link":""},"img":{"alt_text":"","src":"https:\/\/i0.wp.com\/chocolatlulu.com\/wp-content\/uploads\/2020\/12\/Chocolat-casse-picto.jpg?resize=350%2C200&ssl=1","width":350,"height":200,"srcset":"https:\/\/i0.wp.com\/chocolatlulu.com\/wp-content\/uploads\/2020\/12\/Chocolat-casse-picto.jpg?resize=350%2C200&ssl=1 1x, https:\/\/i0.wp.com\/chocolatlulu.com\/wp-content\/uploads\/2020\/12\/Chocolat-casse-picto.jpg?resize=525%2C300&ssl=1 1.5x, https:\/\/i0.wp.com\/chocolatlulu.com\/wp-content\/uploads\/2020\/12\/Chocolat-casse-picto.jpg?resize=700%2C400&ssl=1 2x"},"classes":[]},{"id":3954,"url":"https:\/\/chocolatlulu.com\/en\/boutique\/poules-en-chocolat\/boite-de-12-poules-de-chocolat-au-lait-2\/","url_meta":{"origin":6672,"position":2},"title":"Bo\u00eete de 24 poules de chocolat au lait","author":"AdEnakLbVa","date":"27 March 2025","format":false,"excerpt":"","rel":"","context":"Similar post","block_context":{"text":"Similar post","link":""},"img":{"alt_text":"","src":"https:\/\/i0.wp.com\/chocolatlulu.com\/wp-content\/uploads\/2018\/12\/Poule-chocolat-lait-24-4801-1-scaled.jpg?resize=350%2C200&ssl=1","width":350,"height":200,"srcset":"https:\/\/i0.wp.com\/chocolatlulu.com\/wp-content\/uploads\/2018\/12\/Poule-chocolat-lait-24-4801-1-scaled.jpg?resize=350%2C200&ssl=1 1x, https:\/\/i0.wp.com\/chocolatlulu.com\/wp-content\/uploads\/2018\/12\/Poule-chocolat-lait-24-4801-1-scaled.jpg?resize=525%2C300&ssl=1 1.5x, https:\/\/i0.wp.com\/chocolatlulu.com\/wp-content\/uploads\/2018\/12\/Poule-chocolat-lait-24-4801-1-scaled.jpg?resize=700%2C400&ssl=1 2x, https:\/\/i0.wp.com\/chocolatlulu.com\/wp-content\/uploads\/2018\/12\/Poule-chocolat-lait-24-4801-1-scaled.jpg?resize=1050%2C600&ssl=1 3x, https:\/\/i0.wp.com\/chocolatlulu.com\/wp-content\/uploads\/2018\/12\/Poule-chocolat-lait-24-4801-1-scaled.jpg?resize=1400%2C800&ssl=1 4x"},"classes":[]},{"id":3952,"url":"https:\/\/chocolatlulu.com\/en\/boutique\/poules-en-chocolat\/boite-de-12-poules-de-chocolat-au-lait\/","url_meta":{"origin":6672,"position":3},"title":"Bo\u00eete de 12 poules de chocolat au lait","author":"AdEnakLbVa","date":"24 March 2025","format":false,"excerpt":"","rel":"","context":"Similar post","block_context":{"text":"Similar post","link":""},"img":{"alt_text":"","src":"https:\/\/i0.wp.com\/chocolatlulu.com\/wp-content\/uploads\/2018\/11\/rsz_poule-chocolat-lait_2327-compressor.jpg?resize=350%2C200&ssl=1","width":350,"height":200,"srcset":"https:\/\/i0.wp.com\/chocolatlulu.com\/wp-content\/uploads\/2018\/11\/rsz_poule-chocolat-lait_2327-compressor.jpg?resize=350%2C200&ssl=1 1x, https:\/\/i0.wp.com\/chocolatlulu.com\/wp-content\/uploads\/2018\/11\/rsz_poule-chocolat-lait_2327-compressor.jpg?resize=525%2C300&ssl=1 1.5x, https:\/\/i0.wp.com\/chocolatlulu.com\/wp-content\/uploads\/2018\/11\/rsz_poule-chocolat-lait_2327-compressor.jpg?resize=700%2C400&ssl=1 2x, https:\/\/i0.wp.com\/chocolatlulu.com\/wp-content\/uploads\/2018\/11\/rsz_poule-chocolat-lait_2327-compressor.jpg?resize=1050%2C600&ssl=1 3x"},"classes":[]},{"id":6433,"url":"https:\/\/chocolatlulu.com\/en\/boutique\/chocolat-a-lunite\/chocolat-a-lunite-lait-x-12\/","url_meta":{"origin":6672,"position":4},"title":"Chocolat \u00e0 l\u2019unit\u00e9 lait x 12","author":"AdEnakLbVa","date":"27 March 2025","format":false,"excerpt":"","rel":"","context":"Similar post","block_context":{"text":"Similar post","link":""},"img":{"alt_text":"","src":"https:\/\/i0.wp.com\/chocolatlulu.com\/wp-content\/uploads\/2020\/12\/Boite-de-chocolat-au-lait-12.jpg?resize=350%2C200&ssl=1","width":350,"height":200,"srcset":"https:\/\/i0.wp.com\/chocolatlulu.com\/wp-content\/uploads\/2020\/12\/Boite-de-chocolat-au-lait-12.jpg?resize=350%2C200&ssl=1 1x, https:\/\/i0.wp.com\/chocolatlulu.com\/wp-content\/uploads\/2020\/12\/Boite-de-chocolat-au-lait-12.jpg?resize=525%2C300&ssl=1 1.5x"},"classes":[]},{"id":6441,"url":"https:\/\/chocolatlulu.com\/en\/boutique\/chocolat-a-lunite\/chocolat-a-lunite-lait-x-24\/","url_meta":{"origin":6672,"position":5},"title":"Chocolat \u00e0 l\u2019unit\u00e9 lait x 24","author":"AdEnakLbVa","date":"27 March 2025","format":false,"excerpt":"","rel":"","context":"Similar post","block_context":{"text":"Similar post","link":""},"img":{"alt_text":"","src":"https:\/\/i0.wp.com\/chocolatlulu.com\/wp-content\/uploads\/2020\/12\/Chocolat-a-lunite-X-24.jpeg?resize=350%2C200&ssl=1","width":350,"height":200},"classes":[]}],"_links":{"self":[{"href":"https:\/\/chocolatlulu.com\/en\/wp-json\/wp\/v2\/product\/6672","targetHints":{"allow":["GET"]}}],"collection":[{"href":"https:\/\/chocolatlulu.com\/en\/wp-json\/wp\/v2\/product"}],"about":[{"href":"https:\/\/chocolatlulu.com\/en\/wp-json\/wp\/v2\/types\/product"}],"replies":[{"embeddable":true,"href":"https:\/\/chocolatlulu.com\/en\/wp-json\/wp\/v2\/comments?post=6672"}],"wp:featuredmedia":[{"embeddable":true,"href":"https:\/\/chocolatlulu.com\/en\/wp-json\/wp\/v2\/media\/6673"}],"wp:attachment":[{"href":"https:\/\/chocolatlulu.com\/en\/wp-json\/wp\/v2\/media?parent=6672"}],"wp:term":[{"taxonomy":"product_brand","embeddable":true,"href":"https:\/\/chocolatlulu.com\/en\/wp-json\/wp\/v2\/product_brand?post=6672"},{"taxonomy":"product_cat","embeddable":true,"href":"https:\/\/chocolatlulu.com\/en\/wp-json\/wp\/v2\/product_cat?post=6672"},{"taxonomy":"product_tag","embeddable":true,"href":"https:\/\/chocolatlulu.com\/en\/wp-json\/wp\/v2\/product_tag?post=6672"}],"curies":[{"name":"wp","href":"https:\/\/api.w.org\/{rel}","templated":true}]}}