{"id":6714,"date":"2025-03-27T16:45:51","date_gmt":"2025-03-27T21:45:51","guid":{"rendered":"https:\/\/chocolatlulu.com\/?post_type=product&#038;p=6714"},"modified":"2025-03-27T17:14:41","modified_gmt":"2025-03-27T22:14:41","slug":"chocolat-sans-sucre-belge-aux-amandes-75g","status":"publish","type":"product","link":"https:\/\/chocolatlulu.com\/en\/boutique\/sans-sucres\/chocolat-sans-sucre-belge-aux-amandes-75g\/","title":{"rendered":"Chocolat sans sucre Belge aux amandes (75g)"},"content":{"rendered":"","protected":false},"excerpt":{"rendered":"","protected":false},"featured_media":6715,"comment_status":"closed","ping_status":"closed","template":"","meta":{"jetpack_post_was_ever_published":false,"jetpack_publicize_message":"","jetpack_publicize_feature_enabled":true,"jetpack_social_post_already_shared":true,"jetpack_social_options":{"image_generator_settings":{"template":"highway","default_image_id":0,"font":"","enabled":false},"version":2}},"product_brand":[],"product_cat":[243],"product_tag":[],"class_list":{"0":"post-6714","1":"product","2":"type-product","3":"status-publish","4":"has-post-thumbnail","6":"product_cat-sans-sucres","7":"entry","8":"has-media","10":"first","11":"instock","12":"taxable","13":"shipping-taxable","14":"purchasable","15":"product-type-simple","16":"col","17":"span_1_of_3","18":"wvn-content-center","19":"wvn-thumbs-layout-horizontal","20":"wvn-btn-normal","21":"wvn-tabs-layout-horizontal","22":"has-no-thumbnails"},"yoast_head":"<!-- This site is optimized with the Yoast SEO plugin v27.2 - https:\/\/yoast.com\/product\/yoast-seo-wordpress\/ -->\n<title>Chocolat sans sucre Belge aux amandes (75g)<\/title>\n<meta name=\"robots\" content=\"index, follow, max-snippet:-1, max-image-preview:large, max-video-preview:-1\" \/>\n<link rel=\"canonical\" href=\"https:\/\/chocolatlulu.com\/en\/boutique\/sans-sucres\/chocolat-sans-sucre-belge-aux-amandes-75g\/\" \/>\n<meta property=\"og:locale\" content=\"fr_FR\" \/>\n<meta property=\"og:locale:alternate\" content=\"fr_FR\" \/>\n<meta property=\"og:type\" content=\"article\" \/>\n<meta property=\"og:title\" content=\"Chocolat sans sucre Belge aux amandes (75g)\" \/>\n<meta property=\"og:url\" content=\"https:\/\/chocolatlulu.com\/en\/boutique\/sans-sucres\/chocolat-sans-sucre-belge-aux-amandes-75g\/\" \/>\n<meta property=\"og:site_name\" content=\"Chocolat Lulu\" \/>\n<meta property=\"article:publisher\" content=\"https:\/\/www.facebook.com\/ChocolatsLulu\/\" \/>\n<meta property=\"article:modified_time\" content=\"2025-03-27T22:14:41+00:00\" \/>\n<meta property=\"og:image\" content=\"https:\/\/chocolatlulu.com\/wp-content\/uploads\/2021\/01\/Chocolat-amande-ss-75g-scaled.jpg\" \/>\n\t<meta property=\"og:image:width\" content=\"2209\" \/>\n\t<meta property=\"og:image:height\" content=\"2560\" \/>\n\t<meta property=\"og:image:type\" content=\"image\/jpeg\" \/>\n<meta name=\"twitter:card\" content=\"summary_large_image\" \/>\n<script type=\"application\/ld+json\" class=\"yoast-schema-graph\">{\"@context\":\"https:\/\/schema.org\",\"@graph\":[{\"@type\":\"WebPage\",\"@id\":\"https:\/\/chocolatlulu.com\/en\/boutique\/sans-sucres\/chocolat-sans-sucre-belge-aux-amandes-75g\/\",\"url\":\"https:\/\/chocolatlulu.com\/en\/boutique\/sans-sucres\/chocolat-sans-sucre-belge-aux-amandes-75g\/\",\"name\":\"Chocolat sans sucre Belge aux amandes (75g)\",\"isPartOf\":{\"@id\":\"https:\/\/chocolatlulu.com\/#website\"},\"primaryImageOfPage\":{\"@id\":\"https:\/\/chocolatlulu.com\/en\/boutique\/sans-sucres\/chocolat-sans-sucre-belge-aux-amandes-75g\/#primaryimage\"},\"image\":{\"@id\":\"https:\/\/chocolatlulu.com\/en\/boutique\/sans-sucres\/chocolat-sans-sucre-belge-aux-amandes-75g\/#primaryimage\"},\"thumbnailUrl\":\"https:\/\/chocolatlulu.com\/wp-content\/uploads\/2021\/01\/Chocolat-amande-ss-75g-scaled.jpg\",\"datePublished\":\"2025-03-27T21:45:51+00:00\",\"dateModified\":\"2025-03-27T22:14:41+00:00\",\"breadcrumb\":{\"@id\":\"https:\/\/chocolatlulu.com\/en\/boutique\/sans-sucres\/chocolat-sans-sucre-belge-aux-amandes-75g\/#breadcrumb\"},\"inLanguage\":\"fr-FR\",\"potentialAction\":[{\"@type\":\"ReadAction\",\"target\":[\"https:\/\/chocolatlulu.com\/en\/boutique\/sans-sucres\/chocolat-sans-sucre-belge-aux-amandes-75g\/\"]}]},{\"@type\":\"ImageObject\",\"inLanguage\":\"fr-FR\",\"@id\":\"https:\/\/chocolatlulu.com\/en\/boutique\/sans-sucres\/chocolat-sans-sucre-belge-aux-amandes-75g\/#primaryimage\",\"url\":\"https:\/\/chocolatlulu.com\/wp-content\/uploads\/2021\/01\/Chocolat-amande-ss-75g-scaled.jpg\",\"contentUrl\":\"https:\/\/chocolatlulu.com\/wp-content\/uploads\/2021\/01\/Chocolat-amande-ss-75g-scaled.jpg\",\"width\":2209,\"height\":2560},{\"@type\":\"BreadcrumbList\",\"@id\":\"https:\/\/chocolatlulu.com\/en\/boutique\/sans-sucres\/chocolat-sans-sucre-belge-aux-amandes-75g\/#breadcrumb\",\"itemListElement\":[{\"@type\":\"ListItem\",\"position\":1,\"name\":\"Accueil\",\"item\":\"https:\/\/chocolatlulu.com\/\"},{\"@type\":\"ListItem\",\"position\":2,\"name\":\"Boutique\",\"item\":\"https:\/\/chocolatlulu.com\/boutique\/\"},{\"@type\":\"ListItem\",\"position\":3,\"name\":\"Chocolat sans sucre Belge aux amandes (75g)\"}]},{\"@type\":\"WebSite\",\"@id\":\"https:\/\/chocolatlulu.com\/#website\",\"url\":\"https:\/\/chocolatlulu.com\/\",\"name\":\"Chocolat Lulu\",\"description\":\"Chocolaterie, Bar Laitier !\",\"publisher\":{\"@id\":\"https:\/\/chocolatlulu.com\/#organization\"},\"potentialAction\":[{\"@type\":\"SearchAction\",\"target\":{\"@type\":\"EntryPoint\",\"urlTemplate\":\"https:\/\/chocolatlulu.com\/?s={search_term_string}\"},\"query-input\":{\"@type\":\"PropertyValueSpecification\",\"valueRequired\":true,\"valueName\":\"search_term_string\"}}],\"inLanguage\":\"fr-FR\"},{\"@type\":\"Organization\",\"@id\":\"https:\/\/chocolatlulu.com\/#organization\",\"name\":\"Chocolat Lulu\",\"url\":\"https:\/\/chocolatlulu.com\/\",\"logo\":{\"@type\":\"ImageObject\",\"inLanguage\":\"fr-FR\",\"@id\":\"https:\/\/chocolatlulu.com\/#\/schema\/logo\/image\/\",\"url\":\"https:\/\/chocolatlulu.com\/wp-content\/uploads\/2018\/09\/cropped-logotransparant.png\",\"contentUrl\":\"https:\/\/chocolatlulu.com\/wp-content\/uploads\/2018\/09\/cropped-logotransparant.png\",\"width\":512,\"height\":512,\"caption\":\"Chocolat Lulu\"},\"image\":{\"@id\":\"https:\/\/chocolatlulu.com\/#\/schema\/logo\/image\/\"},\"sameAs\":[\"https:\/\/www.facebook.com\/ChocolatsLulu\/\"]}]}<\/script>\n<!-- \/ Yoast SEO plugin. -->","yoast_head_json":{"title":"Chocolat sans sucre Belge aux amandes (75g)","robots":{"index":"index","follow":"follow","max-snippet":"max-snippet:-1","max-image-preview":"max-image-preview:large","max-video-preview":"max-video-preview:-1"},"canonical":"https:\/\/chocolatlulu.com\/en\/boutique\/sans-sucres\/chocolat-sans-sucre-belge-aux-amandes-75g\/","og_locale":"fr_FR","og_type":"article","og_title":"Chocolat Lulu [:fr]Chocolat sans sucre Belge aux amandes (75g)[:] -","og_url":"https:\/\/chocolatlulu.com\/en\/boutique\/sans-sucres\/chocolat-sans-sucre-belge-aux-amandes-75g\/","og_site_name":"Chocolat Lulu","article_publisher":"https:\/\/www.facebook.com\/ChocolatsLulu\/","article_modified_time":"2025-03-27T22:14:41+00:00","og_image":[{"width":2209,"height":2560,"url":"https:\/\/chocolatlulu.com\/wp-content\/uploads\/2021\/01\/Chocolat-amande-ss-75g-scaled.jpg","type":"image\/jpeg"}],"twitter_card":"summary_large_image","schema":{"@context":"https:\/\/schema.org","@graph":[{"@type":"WebPage","@id":"https:\/\/chocolatlulu.com\/en\/boutique\/sans-sucres\/chocolat-sans-sucre-belge-aux-amandes-75g\/","url":"https:\/\/chocolatlulu.com\/en\/boutique\/sans-sucres\/chocolat-sans-sucre-belge-aux-amandes-75g\/","name":"Chocolat sans sucre Belge aux amandes (75g)","isPartOf":{"@id":"https:\/\/chocolatlulu.com\/#website"},"primaryImageOfPage":{"@id":"https:\/\/chocolatlulu.com\/en\/boutique\/sans-sucres\/chocolat-sans-sucre-belge-aux-amandes-75g\/#primaryimage"},"image":{"@id":"https:\/\/chocolatlulu.com\/en\/boutique\/sans-sucres\/chocolat-sans-sucre-belge-aux-amandes-75g\/#primaryimage"},"thumbnailUrl":"https:\/\/chocolatlulu.com\/wp-content\/uploads\/2021\/01\/Chocolat-amande-ss-75g-scaled.jpg","datePublished":"2025-03-27T21:45:51+00:00","dateModified":"2025-03-27T22:14:41+00:00","breadcrumb":{"@id":"https:\/\/chocolatlulu.com\/en\/boutique\/sans-sucres\/chocolat-sans-sucre-belge-aux-amandes-75g\/#breadcrumb"},"inLanguage":"fr-FR","potentialAction":[{"@type":"ReadAction","target":["https:\/\/chocolatlulu.com\/en\/boutique\/sans-sucres\/chocolat-sans-sucre-belge-aux-amandes-75g\/"]}]},{"@type":"ImageObject","inLanguage":"fr-FR","@id":"https:\/\/chocolatlulu.com\/en\/boutique\/sans-sucres\/chocolat-sans-sucre-belge-aux-amandes-75g\/#primaryimage","url":"https:\/\/chocolatlulu.com\/wp-content\/uploads\/2021\/01\/Chocolat-amande-ss-75g-scaled.jpg","contentUrl":"https:\/\/chocolatlulu.com\/wp-content\/uploads\/2021\/01\/Chocolat-amande-ss-75g-scaled.jpg","width":2209,"height":2560},{"@type":"BreadcrumbList","@id":"https:\/\/chocolatlulu.com\/en\/boutique\/sans-sucres\/chocolat-sans-sucre-belge-aux-amandes-75g\/#breadcrumb","itemListElement":[{"@type":"ListItem","position":1,"name":"Accueil","item":"https:\/\/chocolatlulu.com\/"},{"@type":"ListItem","position":2,"name":"Boutique","item":"https:\/\/chocolatlulu.com\/boutique\/"},{"@type":"ListItem","position":3,"name":"Chocolat sans sucre Belge aux amandes (75g)"}]},{"@type":"WebSite","@id":"https:\/\/chocolatlulu.com\/#website","url":"https:\/\/chocolatlulu.com\/","name":"Chocolat Lulu","description":"Chocolaterie, Bar Laitier !","publisher":{"@id":"https:\/\/chocolatlulu.com\/#organization"},"potentialAction":[{"@type":"SearchAction","target":{"@type":"EntryPoint","urlTemplate":"https:\/\/chocolatlulu.com\/?s={search_term_string}"},"query-input":{"@type":"PropertyValueSpecification","valueRequired":true,"valueName":"search_term_string"}}],"inLanguage":"fr-FR"},{"@type":"Organization","@id":"https:\/\/chocolatlulu.com\/#organization","name":"Chocolat Lulu","url":"https:\/\/chocolatlulu.com\/","logo":{"@type":"ImageObject","inLanguage":"fr-FR","@id":"https:\/\/chocolatlulu.com\/#\/schema\/logo\/image\/","url":"https:\/\/chocolatlulu.com\/wp-content\/uploads\/2018\/09\/cropped-logotransparant.png","contentUrl":"https:\/\/chocolatlulu.com\/wp-content\/uploads\/2018\/09\/cropped-logotransparant.png","width":512,"height":512,"caption":"Chocolat Lulu"},"image":{"@id":"https:\/\/chocolatlulu.com\/#\/schema\/logo\/image\/"},"sameAs":["https:\/\/www.facebook.com\/ChocolatsLulu\/"]}]}},"jetpack_publicize_connections":[],"jetpack_sharing_enabled":true,"jetpack-related-posts":[{"id":6709,"url":"https:\/\/chocolatlulu.com\/en\/boutique\/sans-sucres\/chocolat-sans-sucre-belge-noir-75g\/","url_meta":{"origin":6714,"position":0},"title":"Chocolat sans sucre Belge noir (75g)","author":"AdEnakLbVa","date":"27 March 2025","format":false,"excerpt":"","rel":"","context":"Similar post","block_context":{"text":"Similar post","link":""},"img":{"alt_text":"","src":"https:\/\/i0.wp.com\/chocolatlulu.com\/wp-content\/uploads\/2021\/01\/Chocolat-noir-ss-75g-1-scaled.jpg?resize=350%2C200&ssl=1","width":350,"height":200,"srcset":"https:\/\/i0.wp.com\/chocolatlulu.com\/wp-content\/uploads\/2021\/01\/Chocolat-noir-ss-75g-1-scaled.jpg?resize=350%2C200&ssl=1 1x, https:\/\/i0.wp.com\/chocolatlulu.com\/wp-content\/uploads\/2021\/01\/Chocolat-noir-ss-75g-1-scaled.jpg?resize=525%2C300&ssl=1 1.5x, https:\/\/i0.wp.com\/chocolatlulu.com\/wp-content\/uploads\/2021\/01\/Chocolat-noir-ss-75g-1-scaled.jpg?resize=700%2C400&ssl=1 2x, https:\/\/i0.wp.com\/chocolatlulu.com\/wp-content\/uploads\/2021\/01\/Chocolat-noir-ss-75g-1-scaled.jpg?resize=1050%2C600&ssl=1 3x, https:\/\/i0.wp.com\/chocolatlulu.com\/wp-content\/uploads\/2021\/01\/Chocolat-noir-ss-75g-1-scaled.jpg?resize=1400%2C800&ssl=1 4x"},"classes":[]},{"id":6717,"url":"https:\/\/chocolatlulu.com\/en\/boutique\/sans-sucres\/chocolat-sans-sucre-belge-au-lait-75g\/","url_meta":{"origin":6714,"position":1},"title":"Chocolat sans sucre Belge au lait (75g)","author":"AdEnakLbVa","date":"27 March 2025","format":false,"excerpt":"","rel":"","context":"Similar post","block_context":{"text":"Similar post","link":""},"img":{"alt_text":"","src":"https:\/\/i0.wp.com\/chocolatlulu.com\/wp-content\/uploads\/2021\/01\/Chocolat-lait-ss-75g-scaled.jpg?resize=350%2C200&ssl=1","width":350,"height":200,"srcset":"https:\/\/i0.wp.com\/chocolatlulu.com\/wp-content\/uploads\/2021\/01\/Chocolat-lait-ss-75g-scaled.jpg?resize=350%2C200&ssl=1 1x, https:\/\/i0.wp.com\/chocolatlulu.com\/wp-content\/uploads\/2021\/01\/Chocolat-lait-ss-75g-scaled.jpg?resize=525%2C300&ssl=1 1.5x, https:\/\/i0.wp.com\/chocolatlulu.com\/wp-content\/uploads\/2021\/01\/Chocolat-lait-ss-75g-scaled.jpg?resize=700%2C400&ssl=1 2x, https:\/\/i0.wp.com\/chocolatlulu.com\/wp-content\/uploads\/2021\/01\/Chocolat-lait-ss-75g-scaled.jpg?resize=1050%2C600&ssl=1 3x, https:\/\/i0.wp.com\/chocolatlulu.com\/wp-content\/uploads\/2021\/01\/Chocolat-lait-ss-75g-scaled.jpg?resize=1400%2C800&ssl=1 4x"},"classes":[]},{"id":7165,"url":"https:\/\/chocolatlulu.com\/en\/boutique\/panier-cadeaux\/panier-papa-cool\/","url_meta":{"origin":6714,"position":2},"title":"Bol papa cool !","author":"AdEnakLbVa","date":"27 March 2025","format":false,"excerpt":"[:fr]Le bol ''Papa cool'' en porcelaine du Portugal contient: 1 sac de lune de miel 125g - 1 enveloppe Pop corn caramel 125g - 1 barre aux amandes 75g - 1 barre caramel 75g - 1 barre belge - 1 su\u00e7on chocolat\u00e9 25g - 2 su\u00e7ons d'orge 25g - 4\u2026","rel":"","context":"Similar post","block_context":{"text":"Similar post","link":""},"img":{"alt_text":"","src":"https:\/\/i0.wp.com\/chocolatlulu.com\/wp-content\/uploads\/2021\/06\/chocolat-lulu-fe%CC%82te-des-pe%CC%80res-19209-scaled.jpg?resize=350%2C200&ssl=1","width":350,"height":200,"srcset":"https:\/\/i0.wp.com\/chocolatlulu.com\/wp-content\/uploads\/2021\/06\/chocolat-lulu-fe%CC%82te-des-pe%CC%80res-19209-scaled.jpg?resize=350%2C200&ssl=1 1x, https:\/\/i0.wp.com\/chocolatlulu.com\/wp-content\/uploads\/2021\/06\/chocolat-lulu-fe%CC%82te-des-pe%CC%80res-19209-scaled.jpg?resize=525%2C300&ssl=1 1.5x, https:\/\/i0.wp.com\/chocolatlulu.com\/wp-content\/uploads\/2021\/06\/chocolat-lulu-fe%CC%82te-des-pe%CC%80res-19209-scaled.jpg?resize=700%2C400&ssl=1 2x, https:\/\/i0.wp.com\/chocolatlulu.com\/wp-content\/uploads\/2021\/06\/chocolat-lulu-fe%CC%82te-des-pe%CC%80res-19209-scaled.jpg?resize=1050%2C600&ssl=1 3x, https:\/\/i0.wp.com\/chocolatlulu.com\/wp-content\/uploads\/2021\/06\/chocolat-lulu-fe%CC%82te-des-pe%CC%80res-19209-scaled.jpg?resize=1400%2C800&ssl=1 4x"},"classes":[]},{"id":7162,"url":"https:\/\/chocolatlulu.com\/en\/boutique\/panier-cadeaux\/panier-je-taime-papa\/","url_meta":{"origin":6714,"position":3},"title":"Panier bleu &#8211; Je t&#8217;aime Papa!","author":"AdEnakLbVa","date":"27 March 2025","format":false,"excerpt":"[:fr]La panier bleu ''Je t'aime papa'' contient: 1 sac de lune de miel 380g - 1 barre \u00e0 fondue 400g - 1 sac de bleuets s\u00e9ch\u00e9s 125g - 1 sac d'amandes enrob\u00e9es 125g - 1 popcorn caramel 125g - 1 barre belge 75g - 1 barre caramel 75g- 1 coeur\u2026","rel":"","context":"Similar post","block_context":{"text":"Similar post","link":""},"img":{"alt_text":"","src":"https:\/\/i0.wp.com\/chocolatlulu.com\/wp-content\/uploads\/2021\/06\/chocolat-lulu-fe%CC%82te-des-pe%CC%80res-19207-scaled.jpg?resize=350%2C200&ssl=1","width":350,"height":200,"srcset":"https:\/\/i0.wp.com\/chocolatlulu.com\/wp-content\/uploads\/2021\/06\/chocolat-lulu-fe%CC%82te-des-pe%CC%80res-19207-scaled.jpg?resize=350%2C200&ssl=1 1x, https:\/\/i0.wp.com\/chocolatlulu.com\/wp-content\/uploads\/2021\/06\/chocolat-lulu-fe%CC%82te-des-pe%CC%80res-19207-scaled.jpg?resize=525%2C300&ssl=1 1.5x, https:\/\/i0.wp.com\/chocolatlulu.com\/wp-content\/uploads\/2021\/06\/chocolat-lulu-fe%CC%82te-des-pe%CC%80res-19207-scaled.jpg?resize=700%2C400&ssl=1 2x, https:\/\/i0.wp.com\/chocolatlulu.com\/wp-content\/uploads\/2021\/06\/chocolat-lulu-fe%CC%82te-des-pe%CC%80res-19207-scaled.jpg?resize=1050%2C600&ssl=1 3x, https:\/\/i0.wp.com\/chocolatlulu.com\/wp-content\/uploads\/2021\/06\/chocolat-lulu-fe%CC%82te-des-pe%CC%80res-19207-scaled.jpg?resize=1400%2C800&ssl=1 4x"},"classes":[]},{"id":6896,"url":"https:\/\/chocolatlulu.com\/en\/boutique\/panier-cadeaux\/panier-bleu-pale\/","url_meta":{"origin":6714,"position":4},"title":"Panier pour toi Grand-Papa!","author":"AdEnakLbVa","date":"25 March 2025","format":false,"excerpt":"[:fr] Le panier noir ''Pour toi grand-papa'' contient: 1 sac de lune de miel 125g - 1 enveloppe pop corn caramel au beurre 125g - 1 barre aux amandes 75g - 1 barre caramel 75g - 1 su\u00e7on chocolat\u00e9 25g - 2 su\u00e7ons d'orge 25g - 4 balais guimauve -\u2026","rel":"","context":"Similar post","block_context":{"text":"Similar post","link":""},"img":{"alt_text":"","src":"https:\/\/i0.wp.com\/chocolatlulu.com\/wp-content\/uploads\/2021\/03\/chocolat-lulu-fe%CC%82te-des-pe%CC%80res-19206-scaled.jpg?resize=350%2C200&ssl=1","width":350,"height":200,"srcset":"https:\/\/i0.wp.com\/chocolatlulu.com\/wp-content\/uploads\/2021\/03\/chocolat-lulu-fe%CC%82te-des-pe%CC%80res-19206-scaled.jpg?resize=350%2C200&ssl=1 1x, https:\/\/i0.wp.com\/chocolatlulu.com\/wp-content\/uploads\/2021\/03\/chocolat-lulu-fe%CC%82te-des-pe%CC%80res-19206-scaled.jpg?resize=525%2C300&ssl=1 1.5x, https:\/\/i0.wp.com\/chocolatlulu.com\/wp-content\/uploads\/2021\/03\/chocolat-lulu-fe%CC%82te-des-pe%CC%80res-19206-scaled.jpg?resize=700%2C400&ssl=1 2x, https:\/\/i0.wp.com\/chocolatlulu.com\/wp-content\/uploads\/2021\/03\/chocolat-lulu-fe%CC%82te-des-pe%CC%80res-19206-scaled.jpg?resize=1050%2C600&ssl=1 3x, https:\/\/i0.wp.com\/chocolatlulu.com\/wp-content\/uploads\/2021\/03\/chocolat-lulu-fe%CC%82te-des-pe%CC%80res-19206-scaled.jpg?resize=1400%2C800&ssl=1 4x"},"classes":[]},{"id":7538,"url":"https:\/\/chocolatlulu.com\/en\/boutique\/panier-cadeaux\/tasse-de-chocolat-chaud-friandises-a-noel-2\/","url_meta":{"origin":6714,"position":5},"title":"Panier cadeau d\u00e9licieux pour No\u00ebl","author":"AdEnakLbVa","date":"27 March 2025","format":false,"excerpt":"[:fr]Contenu: 1 enveloppe de popcorn -125 gr.\u00a0 \u2013 c\u00f4ne de bonbons 150 gr. \u2013 Barre caramel 75gr. (1)\u00a0 - Barre aux amandes 75gr. (1) -Perles Crispy60 gr.l \u2013 lune de miel 1 pqt de 8 \u2013 Lulu blossom (1) - \u00a0 4 Balais guimauve \u2013 pastilles au lait 60 gr\u2026","rel":"","context":"Similar post","block_context":{"text":"Similar post","link":""},"img":{"alt_text":"","src":"https:\/\/i0.wp.com\/chocolatlulu.com\/wp-content\/uploads\/2022\/11\/ROC_4076_compressed-scaled.jpg?resize=350%2C200&ssl=1","width":350,"height":200,"srcset":"https:\/\/i0.wp.com\/chocolatlulu.com\/wp-content\/uploads\/2022\/11\/ROC_4076_compressed-scaled.jpg?resize=350%2C200&ssl=1 1x, https:\/\/i0.wp.com\/chocolatlulu.com\/wp-content\/uploads\/2022\/11\/ROC_4076_compressed-scaled.jpg?resize=525%2C300&ssl=1 1.5x, https:\/\/i0.wp.com\/chocolatlulu.com\/wp-content\/uploads\/2022\/11\/ROC_4076_compressed-scaled.jpg?resize=700%2C400&ssl=1 2x, https:\/\/i0.wp.com\/chocolatlulu.com\/wp-content\/uploads\/2022\/11\/ROC_4076_compressed-scaled.jpg?resize=1050%2C600&ssl=1 3x, https:\/\/i0.wp.com\/chocolatlulu.com\/wp-content\/uploads\/2022\/11\/ROC_4076_compressed-scaled.jpg?resize=1400%2C800&ssl=1 4x"},"classes":[]}],"_links":{"self":[{"href":"https:\/\/chocolatlulu.com\/en\/wp-json\/wp\/v2\/product\/6714","targetHints":{"allow":["GET"]}}],"collection":[{"href":"https:\/\/chocolatlulu.com\/en\/wp-json\/wp\/v2\/product"}],"about":[{"href":"https:\/\/chocolatlulu.com\/en\/wp-json\/wp\/v2\/types\/product"}],"replies":[{"embeddable":true,"href":"https:\/\/chocolatlulu.com\/en\/wp-json\/wp\/v2\/comments?post=6714"}],"wp:featuredmedia":[{"embeddable":true,"href":"https:\/\/chocolatlulu.com\/en\/wp-json\/wp\/v2\/media\/6715"}],"wp:attachment":[{"href":"https:\/\/chocolatlulu.com\/en\/wp-json\/wp\/v2\/media?parent=6714"}],"wp:term":[{"taxonomy":"product_brand","embeddable":true,"href":"https:\/\/chocolatlulu.com\/en\/wp-json\/wp\/v2\/product_brand?post=6714"},{"taxonomy":"product_cat","embeddable":true,"href":"https:\/\/chocolatlulu.com\/en\/wp-json\/wp\/v2\/product_cat?post=6714"},{"taxonomy":"product_tag","embeddable":true,"href":"https:\/\/chocolatlulu.com\/en\/wp-json\/wp\/v2\/product_tag?post=6714"}],"curies":[{"name":"wp","href":"https:\/\/api.w.org\/{rel}","templated":true}]}}