{"id":6896,"date":"2025-03-25T08:58:31","date_gmt":"2025-03-25T13:58:31","guid":{"rendered":"https:\/\/chocolatlulu.com\/?post_type=product&#038;p=6896"},"modified":"2025-03-25T07:30:22","modified_gmt":"2025-03-25T12:30:22","slug":"panier-bleu-pale","status":"publish","type":"product","link":"https:\/\/chocolatlulu.com\/en\/boutique\/panier-cadeaux\/panier-bleu-pale\/","title":{"rendered":"Panier pour toi Grand-Papa!"},"content":{"rendered":"","protected":false},"excerpt":{"rendered":"<div class=\"cxgpxx05 d1544ag0 sj5x9vvc tw6a2znq l9j0dhe7 ni8dbmo4 stjgntxs e72ty7fz qlfml3jp inkptoze qmr60zad jm1wdb64 qv66sw1b ljqsnud1 odn2s2vf tkr6xdv7\" role=\"none\" data-testid=\"solid-message-bubble\">\n<div class=\"rq0escxv l9j0dhe7 du4w35lb __fb-light-mode\" role=\"none\">\n<div class=\"hzawbc8m ii04i59q jq4qci2q g9io39s2 oo9gr5id\" dir=\"auto\" role=\"none\">Le panier noir &#8221;Pour toi grand-papa&#8221; contient: 1 sac de lune de miel 125g &#8211; 1 enveloppe pop corn caramel au beurre 125g &#8211; 1 barre aux amandes 75g &#8211; 1 barre caramel 75g &#8211; 1 su\u00e7on chocolat\u00e9 25g &#8211; 2 su\u00e7ons d&#8217;orge 25g &#8211; 4 balais guimauve &#8211; 2 bouch\u00e9es &#8211; 1 coeur 60g &#8211; 1 sac perles 60g &#8211; 1 Lulu Blossom.<\/div>\n<\/div>\n<\/div>\n<div class=\"ns4p8fja j83agx80 cbu4d94t a6sixzi8 bkfpd7mw d2edcug0 buofh1pr nred35xi\" role=\"none\"><\/div>\n","protected":false},"featured_media":7482,"comment_status":"closed","ping_status":"closed","template":"","meta":{"jetpack_post_was_ever_published":false,"jetpack_publicize_message":"","jetpack_publicize_feature_enabled":true,"jetpack_social_post_already_shared":true,"jetpack_social_options":{"image_generator_settings":{"template":"highway","default_image_id":0,"font":"","enabled":false},"version":2}},"product_brand":[],"product_cat":[244],"product_tag":[],"class_list":{"0":"post-6896","1":"product","2":"type-product","3":"status-publish","4":"has-post-thumbnail","6":"product_cat-panier-cadeaux","7":"entry","8":"has-media","10":"first","11":"outofstock","12":"taxable","13":"shipping-taxable","14":"purchasable","15":"product-type-simple","16":"col","17":"span_1_of_3","18":"wvn-content-center","19":"wvn-thumbs-layout-horizontal","20":"wvn-btn-normal","21":"wvn-tabs-layout-horizontal","22":"has-no-thumbnails"},"yoast_head":"<!-- This site is optimized with the Yoast SEO plugin v27.2 - https:\/\/yoast.com\/product\/yoast-seo-wordpress\/ -->\n<title>Panier pour toi Grand-Papa!<\/title>\n<meta name=\"robots\" content=\"index, follow, max-snippet:-1, max-image-preview:large, max-video-preview:-1\" \/>\n<link rel=\"canonical\" href=\"https:\/\/chocolatlulu.com\/en\/boutique\/panier-cadeaux\/panier-bleu-pale\/\" \/>\n<meta property=\"og:locale\" content=\"fr_FR\" \/>\n<meta property=\"og:locale:alternate\" content=\"fr_FR\" \/>\n<meta property=\"og:type\" content=\"article\" \/>\n<meta property=\"og:title\" content=\"Panier pour toi Grand-Papa!\" \/>\n<meta property=\"og:description\" content=\"Le panier noir &#039;&#039;Pour toi grand-papa&#039;&#039; contient: 1 sac de lune de miel 125g - 1 enveloppe pop corn caramel au beurre 125g - 1 barre aux amandes 75g - 1 barre caramel 75g - 1 su\u00e7on chocolat\u00e9 25g - 2 su\u00e7ons d&#039;orge 25g - 4 balais guimauve - 2 bouch\u00e9es - 1 coeur 60g - 1 sac perles 60g - 1 Lulu Blossom.\" \/>\n<meta property=\"og:url\" content=\"https:\/\/chocolatlulu.com\/en\/boutique\/panier-cadeaux\/panier-bleu-pale\/\" \/>\n<meta property=\"og:site_name\" content=\"Chocolat Lulu\" \/>\n<meta property=\"article:publisher\" content=\"https:\/\/www.facebook.com\/ChocolatsLulu\/\" \/>\n<meta property=\"og:image\" content=\"https:\/\/chocolatlulu.com\/wp-content\/uploads\/2021\/03\/chocolat-lulu-fe\u0302te-des-pe\u0300res-19206-scaled.jpg\" \/>\n\t<meta property=\"og:image:width\" content=\"2398\" \/>\n\t<meta property=\"og:image:height\" content=\"2560\" \/>\n\t<meta property=\"og:image:type\" content=\"image\/jpeg\" \/>\n<meta name=\"twitter:card\" content=\"summary_large_image\" \/>\n<script type=\"application\/ld+json\" class=\"yoast-schema-graph\">{\"@context\":\"https:\/\/schema.org\",\"@graph\":[{\"@type\":\"WebPage\",\"@id\":\"https:\/\/chocolatlulu.com\/en\/boutique\/panier-cadeaux\/panier-bleu-pale\/\",\"url\":\"https:\/\/chocolatlulu.com\/en\/boutique\/panier-cadeaux\/panier-bleu-pale\/\",\"name\":\"Panier pour toi Grand-Papa!\",\"isPartOf\":{\"@id\":\"https:\/\/chocolatlulu.com\/#website\"},\"primaryImageOfPage\":{\"@id\":\"https:\/\/chocolatlulu.com\/en\/boutique\/panier-cadeaux\/panier-bleu-pale\/#primaryimage\"},\"image\":{\"@id\":\"https:\/\/chocolatlulu.com\/en\/boutique\/panier-cadeaux\/panier-bleu-pale\/#primaryimage\"},\"thumbnailUrl\":\"https:\/\/chocolatlulu.com\/wp-content\/uploads\/2021\/03\/chocolat-lulu-fe\u0302te-des-pe\u0300res-19206-scaled.jpg\",\"datePublished\":\"2025-03-25T13:58:31+00:00\",\"breadcrumb\":{\"@id\":\"https:\/\/chocolatlulu.com\/en\/boutique\/panier-cadeaux\/panier-bleu-pale\/#breadcrumb\"},\"inLanguage\":\"fr-FR\",\"potentialAction\":[{\"@type\":\"ReadAction\",\"target\":[\"https:\/\/chocolatlulu.com\/en\/boutique\/panier-cadeaux\/panier-bleu-pale\/\"]}]},{\"@type\":\"ImageObject\",\"inLanguage\":\"fr-FR\",\"@id\":\"https:\/\/chocolatlulu.com\/en\/boutique\/panier-cadeaux\/panier-bleu-pale\/#primaryimage\",\"url\":\"https:\/\/chocolatlulu.com\/wp-content\/uploads\/2021\/03\/chocolat-lulu-fe\u0302te-des-pe\u0300res-19206-scaled.jpg\",\"contentUrl\":\"https:\/\/chocolatlulu.com\/wp-content\/uploads\/2021\/03\/chocolat-lulu-fe\u0302te-des-pe\u0300res-19206-scaled.jpg\",\"width\":2398,\"height\":2560},{\"@type\":\"BreadcrumbList\",\"@id\":\"https:\/\/chocolatlulu.com\/en\/boutique\/panier-cadeaux\/panier-bleu-pale\/#breadcrumb\",\"itemListElement\":[{\"@type\":\"ListItem\",\"position\":1,\"name\":\"Accueil\",\"item\":\"https:\/\/chocolatlulu.com\/\"},{\"@type\":\"ListItem\",\"position\":2,\"name\":\"Boutique\",\"item\":\"https:\/\/chocolatlulu.com\/boutique\/\"},{\"@type\":\"ListItem\",\"position\":3,\"name\":\"Panier pour toi Grand-Papa!\"}]},{\"@type\":\"WebSite\",\"@id\":\"https:\/\/chocolatlulu.com\/#website\",\"url\":\"https:\/\/chocolatlulu.com\/\",\"name\":\"Chocolat Lulu\",\"description\":\"Chocolaterie, Bar Laitier !\",\"publisher\":{\"@id\":\"https:\/\/chocolatlulu.com\/#organization\"},\"potentialAction\":[{\"@type\":\"SearchAction\",\"target\":{\"@type\":\"EntryPoint\",\"urlTemplate\":\"https:\/\/chocolatlulu.com\/?s={search_term_string}\"},\"query-input\":{\"@type\":\"PropertyValueSpecification\",\"valueRequired\":true,\"valueName\":\"search_term_string\"}}],\"inLanguage\":\"fr-FR\"},{\"@type\":\"Organization\",\"@id\":\"https:\/\/chocolatlulu.com\/#organization\",\"name\":\"Chocolat Lulu\",\"url\":\"https:\/\/chocolatlulu.com\/\",\"logo\":{\"@type\":\"ImageObject\",\"inLanguage\":\"fr-FR\",\"@id\":\"https:\/\/chocolatlulu.com\/#\/schema\/logo\/image\/\",\"url\":\"https:\/\/chocolatlulu.com\/wp-content\/uploads\/2018\/09\/cropped-logotransparant.png\",\"contentUrl\":\"https:\/\/chocolatlulu.com\/wp-content\/uploads\/2018\/09\/cropped-logotransparant.png\",\"width\":512,\"height\":512,\"caption\":\"Chocolat Lulu\"},\"image\":{\"@id\":\"https:\/\/chocolatlulu.com\/#\/schema\/logo\/image\/\"},\"sameAs\":[\"https:\/\/www.facebook.com\/ChocolatsLulu\/\"]}]}<\/script>\n<!-- \/ Yoast SEO plugin. -->","yoast_head_json":{"title":"Panier pour toi Grand-Papa!","robots":{"index":"index","follow":"follow","max-snippet":"max-snippet:-1","max-image-preview":"max-image-preview:large","max-video-preview":"max-video-preview:-1"},"canonical":"https:\/\/chocolatlulu.com\/en\/boutique\/panier-cadeaux\/panier-bleu-pale\/","og_locale":"fr_FR","og_type":"article","og_title":"Chocolat Lulu [:fr]Panier pour toi Grand-Papa![:] -","og_description":"Le panier noir ''Pour toi grand-papa'' contient: 1 sac de lune de miel 125g - 1 enveloppe pop corn caramel au beurre 125g - 1 barre aux amandes 75g - 1 barre caramel 75g - 1 su\u00e7on chocolat\u00e9 25g - 2 su\u00e7ons d'orge 25g - 4 balais guimauve - 2 bouch\u00e9es - 1 coeur 60g - 1 sac perles 60g - 1 Lulu Blossom.","og_url":"https:\/\/chocolatlulu.com\/en\/boutique\/panier-cadeaux\/panier-bleu-pale\/","og_site_name":"Chocolat Lulu","article_publisher":"https:\/\/www.facebook.com\/ChocolatsLulu\/","og_image":[{"width":2398,"height":2560,"url":"https:\/\/chocolatlulu.com\/wp-content\/uploads\/2021\/03\/chocolat-lulu-fe\u0302te-des-pe\u0300res-19206-scaled.jpg","type":"image\/jpeg"}],"twitter_card":"summary_large_image","schema":{"@context":"https:\/\/schema.org","@graph":[{"@type":"WebPage","@id":"https:\/\/chocolatlulu.com\/en\/boutique\/panier-cadeaux\/panier-bleu-pale\/","url":"https:\/\/chocolatlulu.com\/en\/boutique\/panier-cadeaux\/panier-bleu-pale\/","name":"Panier pour toi Grand-Papa!","isPartOf":{"@id":"https:\/\/chocolatlulu.com\/#website"},"primaryImageOfPage":{"@id":"https:\/\/chocolatlulu.com\/en\/boutique\/panier-cadeaux\/panier-bleu-pale\/#primaryimage"},"image":{"@id":"https:\/\/chocolatlulu.com\/en\/boutique\/panier-cadeaux\/panier-bleu-pale\/#primaryimage"},"thumbnailUrl":"https:\/\/chocolatlulu.com\/wp-content\/uploads\/2021\/03\/chocolat-lulu-fe\u0302te-des-pe\u0300res-19206-scaled.jpg","datePublished":"2025-03-25T13:58:31+00:00","breadcrumb":{"@id":"https:\/\/chocolatlulu.com\/en\/boutique\/panier-cadeaux\/panier-bleu-pale\/#breadcrumb"},"inLanguage":"fr-FR","potentialAction":[{"@type":"ReadAction","target":["https:\/\/chocolatlulu.com\/en\/boutique\/panier-cadeaux\/panier-bleu-pale\/"]}]},{"@type":"ImageObject","inLanguage":"fr-FR","@id":"https:\/\/chocolatlulu.com\/en\/boutique\/panier-cadeaux\/panier-bleu-pale\/#primaryimage","url":"https:\/\/chocolatlulu.com\/wp-content\/uploads\/2021\/03\/chocolat-lulu-fe\u0302te-des-pe\u0300res-19206-scaled.jpg","contentUrl":"https:\/\/chocolatlulu.com\/wp-content\/uploads\/2021\/03\/chocolat-lulu-fe\u0302te-des-pe\u0300res-19206-scaled.jpg","width":2398,"height":2560},{"@type":"BreadcrumbList","@id":"https:\/\/chocolatlulu.com\/en\/boutique\/panier-cadeaux\/panier-bleu-pale\/#breadcrumb","itemListElement":[{"@type":"ListItem","position":1,"name":"Accueil","item":"https:\/\/chocolatlulu.com\/"},{"@type":"ListItem","position":2,"name":"Boutique","item":"https:\/\/chocolatlulu.com\/boutique\/"},{"@type":"ListItem","position":3,"name":"Panier pour toi Grand-Papa!"}]},{"@type":"WebSite","@id":"https:\/\/chocolatlulu.com\/#website","url":"https:\/\/chocolatlulu.com\/","name":"Chocolat Lulu","description":"Chocolaterie, Bar Laitier !","publisher":{"@id":"https:\/\/chocolatlulu.com\/#organization"},"potentialAction":[{"@type":"SearchAction","target":{"@type":"EntryPoint","urlTemplate":"https:\/\/chocolatlulu.com\/?s={search_term_string}"},"query-input":{"@type":"PropertyValueSpecification","valueRequired":true,"valueName":"search_term_string"}}],"inLanguage":"fr-FR"},{"@type":"Organization","@id":"https:\/\/chocolatlulu.com\/#organization","name":"Chocolat Lulu","url":"https:\/\/chocolatlulu.com\/","logo":{"@type":"ImageObject","inLanguage":"fr-FR","@id":"https:\/\/chocolatlulu.com\/#\/schema\/logo\/image\/","url":"https:\/\/chocolatlulu.com\/wp-content\/uploads\/2018\/09\/cropped-logotransparant.png","contentUrl":"https:\/\/chocolatlulu.com\/wp-content\/uploads\/2018\/09\/cropped-logotransparant.png","width":512,"height":512,"caption":"Chocolat Lulu"},"image":{"@id":"https:\/\/chocolatlulu.com\/#\/schema\/logo\/image\/"},"sameAs":["https:\/\/www.facebook.com\/ChocolatsLulu\/"]}]}},"jetpack_publicize_connections":[],"jetpack_sharing_enabled":true,"jetpack-related-posts":[{"id":7165,"url":"https:\/\/chocolatlulu.com\/en\/boutique\/panier-cadeaux\/panier-papa-cool\/","url_meta":{"origin":6896,"position":0},"title":"Bol papa cool !","author":"AdEnakLbVa","date":"27 March 2025","format":false,"excerpt":"[:fr]Le bol ''Papa cool'' en porcelaine du Portugal contient: 1 sac de lune de miel 125g - 1 enveloppe Pop corn caramel 125g - 1 barre aux amandes 75g - 1 barre caramel 75g - 1 barre belge - 1 su\u00e7on chocolat\u00e9 25g - 2 su\u00e7ons d'orge 25g - 4\u2026","rel":"","context":"Similar post","block_context":{"text":"Similar post","link":""},"img":{"alt_text":"","src":"https:\/\/i0.wp.com\/chocolatlulu.com\/wp-content\/uploads\/2021\/06\/chocolat-lulu-fe%CC%82te-des-pe%CC%80res-19209-scaled.jpg?resize=350%2C200&ssl=1","width":350,"height":200,"srcset":"https:\/\/i0.wp.com\/chocolatlulu.com\/wp-content\/uploads\/2021\/06\/chocolat-lulu-fe%CC%82te-des-pe%CC%80res-19209-scaled.jpg?resize=350%2C200&ssl=1 1x, https:\/\/i0.wp.com\/chocolatlulu.com\/wp-content\/uploads\/2021\/06\/chocolat-lulu-fe%CC%82te-des-pe%CC%80res-19209-scaled.jpg?resize=525%2C300&ssl=1 1.5x, https:\/\/i0.wp.com\/chocolatlulu.com\/wp-content\/uploads\/2021\/06\/chocolat-lulu-fe%CC%82te-des-pe%CC%80res-19209-scaled.jpg?resize=700%2C400&ssl=1 2x, https:\/\/i0.wp.com\/chocolatlulu.com\/wp-content\/uploads\/2021\/06\/chocolat-lulu-fe%CC%82te-des-pe%CC%80res-19209-scaled.jpg?resize=1050%2C600&ssl=1 3x, https:\/\/i0.wp.com\/chocolatlulu.com\/wp-content\/uploads\/2021\/06\/chocolat-lulu-fe%CC%82te-des-pe%CC%80res-19209-scaled.jpg?resize=1400%2C800&ssl=1 4x"},"classes":[]},{"id":7162,"url":"https:\/\/chocolatlulu.com\/en\/boutique\/panier-cadeaux\/panier-je-taime-papa\/","url_meta":{"origin":6896,"position":1},"title":"Panier bleu &#8211; Je t&#8217;aime Papa!","author":"AdEnakLbVa","date":"27 March 2025","format":false,"excerpt":"[:fr]La panier bleu ''Je t'aime papa'' contient: 1 sac de lune de miel 380g - 1 barre \u00e0 fondue 400g - 1 sac de bleuets s\u00e9ch\u00e9s 125g - 1 sac d'amandes enrob\u00e9es 125g - 1 popcorn caramel 125g - 1 barre belge 75g - 1 barre caramel 75g- 1 coeur\u2026","rel":"","context":"Similar post","block_context":{"text":"Similar post","link":""},"img":{"alt_text":"","src":"https:\/\/i0.wp.com\/chocolatlulu.com\/wp-content\/uploads\/2021\/06\/chocolat-lulu-fe%CC%82te-des-pe%CC%80res-19207-scaled.jpg?resize=350%2C200&ssl=1","width":350,"height":200,"srcset":"https:\/\/i0.wp.com\/chocolatlulu.com\/wp-content\/uploads\/2021\/06\/chocolat-lulu-fe%CC%82te-des-pe%CC%80res-19207-scaled.jpg?resize=350%2C200&ssl=1 1x, https:\/\/i0.wp.com\/chocolatlulu.com\/wp-content\/uploads\/2021\/06\/chocolat-lulu-fe%CC%82te-des-pe%CC%80res-19207-scaled.jpg?resize=525%2C300&ssl=1 1.5x, https:\/\/i0.wp.com\/chocolatlulu.com\/wp-content\/uploads\/2021\/06\/chocolat-lulu-fe%CC%82te-des-pe%CC%80res-19207-scaled.jpg?resize=700%2C400&ssl=1 2x, https:\/\/i0.wp.com\/chocolatlulu.com\/wp-content\/uploads\/2021\/06\/chocolat-lulu-fe%CC%82te-des-pe%CC%80res-19207-scaled.jpg?resize=1050%2C600&ssl=1 3x, https:\/\/i0.wp.com\/chocolatlulu.com\/wp-content\/uploads\/2021\/06\/chocolat-lulu-fe%CC%82te-des-pe%CC%80res-19207-scaled.jpg?resize=1400%2C800&ssl=1 4x"},"classes":[]},{"id":7948,"url":"https:\/\/chocolatlulu.com\/en\/boutique\/panier-cadeaux\/choco-pour-mon-coco-2\/","url_meta":{"origin":6896,"position":2},"title":"Le Coeur de P\u00e2ques","author":"AdEnakLbVa","date":"22 April 2025","format":false,"excerpt":"[:fr]Contient: Pop corn 125 gr \u20133 barres chocolat 75gr \u2013 pastilles 60 gr \u2013 2 poules au lait\u00a0 \u2013 2 balais 20gr ch. - Un toutou *Chaque panier est unique et peut donc diff\u00e9rer de celui de la photo. Notez que la valeur des items contenus demeure la m\u00eame selon\u2026","rel":"","context":"Similar post","block_context":{"text":"Similar post","link":""},"img":{"alt_text":"","src":"","width":0,"height":0},"classes":[]},{"id":7385,"url":"https:\/\/chocolatlulu.com\/en\/boutique\/panier-cadeaux\/chocolats-et-friandises-de-paques-assortis-panier-rose-2\/","url_meta":{"origin":6896,"position":3},"title":"Panier Chocolats et friandises de P\u00e2ques assortis","author":"AdEnakLbVa","date":"22 April 2025","format":false,"excerpt":"[:fr]Le panier contient: 4 poules au lait\u00a0 \u2013\u00a0 1 enveloppe de popcorn - 2 barres de chocolat de 75 gr -pastilles 60gr \u2013 c\u00f4ne de jujubes 150 gr \u2013 perles crispy 40 gr \u2013 Lulu blossom 35 gr \u2013 2 balais 30gr ch *Chaque panier est unique et peut donc\u2026","rel":"","context":"Similar post","block_context":{"text":"Similar post","link":""},"img":{"alt_text":"","src":"https:\/\/i0.wp.com\/chocolatlulu.com\/wp-content\/uploads\/2022\/03\/ROC_2923-scaled.jpg?resize=350%2C200&ssl=1","width":350,"height":200,"srcset":"https:\/\/i0.wp.com\/chocolatlulu.com\/wp-content\/uploads\/2022\/03\/ROC_2923-scaled.jpg?resize=350%2C200&ssl=1 1x, https:\/\/i0.wp.com\/chocolatlulu.com\/wp-content\/uploads\/2022\/03\/ROC_2923-scaled.jpg?resize=525%2C300&ssl=1 1.5x, https:\/\/i0.wp.com\/chocolatlulu.com\/wp-content\/uploads\/2022\/03\/ROC_2923-scaled.jpg?resize=700%2C400&ssl=1 2x, https:\/\/i0.wp.com\/chocolatlulu.com\/wp-content\/uploads\/2022\/03\/ROC_2923-scaled.jpg?resize=1050%2C600&ssl=1 3x, https:\/\/i0.wp.com\/chocolatlulu.com\/wp-content\/uploads\/2022\/03\/ROC_2923-scaled.jpg?resize=1400%2C800&ssl=1 4x"},"classes":[]},{"id":7945,"url":"https:\/\/chocolatlulu.com\/en\/boutique\/panier-cadeaux\/les-plaisirs-de-paques-2\/","url_meta":{"origin":6896,"position":4},"title":"Panier de P\u00e2querettes Sucr\u00e9es","author":"AdEnakLbVa","date":"22 April 2025","format":false,"excerpt":"[:fr]Contient: Pop corn 125 gr \u20133 barres chocolat 75gr \u2013 pastilles 60 gr \u2013 2 poules au lait\u00a0 \u2013 2 balais 20gr ch. - Un toutou *Chaque panier est unique et peut donc diff\u00e9rer de celui de la photo. Notez que la valeur des items contenus demeure la m\u00eame selon\u2026","rel":"","context":"Similar post","block_context":{"text":"Similar post","link":""},"img":{"alt_text":"","src":"","width":0,"height":0},"classes":[]},{"id":7168,"url":"https:\/\/chocolatlulu.com\/en\/boutique\/panier-cadeaux\/vase-le-meilleur-cest-mon-pere\/","url_meta":{"origin":6896,"position":5},"title":"Sac cadeau: le meilleur c&#8217;est mon p\u00e8re","author":"AdEnakLbVa","date":"27 March 2025","format":false,"excerpt":"[:fr]Ce sac cadeau contient: 1 sac de popcorn caramel au beurre 124g - 1 sac de 6 g pastilles chocolat - 2 su\u00e7ons sucre d'orge - 2 balais guimauve - 1 Lulu Blossom - 1 barre caramel - 1 barre belge - 2 cornets caramel au beurre - 2 bouch\u00e9es\u2026","rel":"","context":"Similar post","block_context":{"text":"Similar post","link":""},"img":{"alt_text":"","src":"https:\/\/i0.wp.com\/chocolatlulu.com\/wp-content\/uploads\/2021\/06\/chocolat-lulu-fe%CC%82te-des-pe%CC%80res-19204-scaled.jpg?resize=350%2C200&ssl=1","width":350,"height":200,"srcset":"https:\/\/i0.wp.com\/chocolatlulu.com\/wp-content\/uploads\/2021\/06\/chocolat-lulu-fe%CC%82te-des-pe%CC%80res-19204-scaled.jpg?resize=350%2C200&ssl=1 1x, https:\/\/i0.wp.com\/chocolatlulu.com\/wp-content\/uploads\/2021\/06\/chocolat-lulu-fe%CC%82te-des-pe%CC%80res-19204-scaled.jpg?resize=525%2C300&ssl=1 1.5x, https:\/\/i0.wp.com\/chocolatlulu.com\/wp-content\/uploads\/2021\/06\/chocolat-lulu-fe%CC%82te-des-pe%CC%80res-19204-scaled.jpg?resize=700%2C400&ssl=1 2x, https:\/\/i0.wp.com\/chocolatlulu.com\/wp-content\/uploads\/2021\/06\/chocolat-lulu-fe%CC%82te-des-pe%CC%80res-19204-scaled.jpg?resize=1050%2C600&ssl=1 3x, https:\/\/i0.wp.com\/chocolatlulu.com\/wp-content\/uploads\/2021\/06\/chocolat-lulu-fe%CC%82te-des-pe%CC%80res-19204-scaled.jpg?resize=1400%2C800&ssl=1 4x"},"classes":[]}],"_links":{"self":[{"href":"https:\/\/chocolatlulu.com\/en\/wp-json\/wp\/v2\/product\/6896","targetHints":{"allow":["GET"]}}],"collection":[{"href":"https:\/\/chocolatlulu.com\/en\/wp-json\/wp\/v2\/product"}],"about":[{"href":"https:\/\/chocolatlulu.com\/en\/wp-json\/wp\/v2\/types\/product"}],"replies":[{"embeddable":true,"href":"https:\/\/chocolatlulu.com\/en\/wp-json\/wp\/v2\/comments?post=6896"}],"wp:featuredmedia":[{"embeddable":true,"href":"https:\/\/chocolatlulu.com\/en\/wp-json\/wp\/v2\/media\/7482"}],"wp:attachment":[{"href":"https:\/\/chocolatlulu.com\/en\/wp-json\/wp\/v2\/media?parent=6896"}],"wp:term":[{"taxonomy":"product_brand","embeddable":true,"href":"https:\/\/chocolatlulu.com\/en\/wp-json\/wp\/v2\/product_brand?post=6896"},{"taxonomy":"product_cat","embeddable":true,"href":"https:\/\/chocolatlulu.com\/en\/wp-json\/wp\/v2\/product_cat?post=6896"},{"taxonomy":"product_tag","embeddable":true,"href":"https:\/\/chocolatlulu.com\/en\/wp-json\/wp\/v2\/product_tag?post=6896"}],"curies":[{"name":"wp","href":"https:\/\/api.w.org\/{rel}","templated":true}]}}