{"id":7063,"date":"2025-03-27T10:24:57","date_gmt":"2025-03-27T15:24:57","guid":{"rendered":"https:\/\/chocolatlulu.com\/?post_type=product&#038;p=7063"},"modified":"2025-03-27T17:18:00","modified_gmt":"2025-03-27T22:18:00","slug":"maman-damour","status":"publish","type":"product","link":"https:\/\/chocolatlulu.com\/en\/boutique\/panier-cadeaux\/maman-damour\/","title":{"rendered":"Maman d&#8217;Amour"},"content":{"rendered":"","protected":false},"excerpt":{"rendered":"<p>Cet ensemble cadeau contient les items suivants: <span class=\"s1\">Lulu blossom (1)<span class=\"Apple-converted-space\">\u00a0 <\/span>balais \u00e0 la guimauve (4) \u2013 Jujubes 150gr.<span class=\"Apple-converted-space\">\u00a0 <\/span>\u2013 perles 60gr. \u2013 Lunes de miel<span class=\"Apple-converted-space\">\u00a0 <\/span>pqt 8<span class=\"Apple-converted-space\">\u00a0 <\/span>\u2013 Pastilles chocolat au lait 60gr. &#8211; cornets caramel (2) \u2013 chocolat \u00e0 l\u2019unit\u00e9 (1) callets 40gr \u2013 Bouch\u00e9es 2 \u2013 Balais guimauve (2)<\/span><\/p>\n<p>* Notez que certains emballages cadeaux peuvent diff\u00e9r\u00e9s quelque peu mais la valeur totale demeure la m\u00eame.<\/p>\n","protected":false},"featured_media":7724,"comment_status":"closed","ping_status":"closed","template":"","meta":{"jetpack_post_was_ever_published":false,"jetpack_publicize_message":"","jetpack_publicize_feature_enabled":true,"jetpack_social_post_already_shared":true,"jetpack_social_options":{"image_generator_settings":{"template":"highway","default_image_id":0,"font":"","enabled":false},"version":2}},"product_brand":[],"product_cat":[244],"product_tag":[],"class_list":{"0":"post-7063","1":"product","2":"type-product","3":"status-publish","4":"has-post-thumbnail","6":"product_cat-panier-cadeaux","7":"entry","8":"has-media","10":"first","11":"outofstock","12":"taxable","13":"shipping-taxable","14":"purchasable","15":"product-type-simple","16":"col","17":"span_1_of_3","18":"wvn-content-center","19":"wvn-thumbs-layout-horizontal","20":"wvn-btn-normal","21":"wvn-tabs-layout-horizontal","22":"has-no-thumbnails"},"yoast_head":"<!-- This site is optimized with the Yoast SEO plugin v27.2 - https:\/\/yoast.com\/product\/yoast-seo-wordpress\/ -->\n<title>Maman d&#039;Amour<\/title>\n<meta name=\"robots\" content=\"index, follow, max-snippet:-1, max-image-preview:large, max-video-preview:-1\" \/>\n<link rel=\"canonical\" href=\"https:\/\/chocolatlulu.com\/en\/boutique\/panier-cadeaux\/maman-damour\/\" \/>\n<meta property=\"og:locale\" content=\"fr_FR\" \/>\n<meta property=\"og:locale:alternate\" content=\"fr_FR\" \/>\n<meta property=\"og:type\" content=\"article\" \/>\n<meta property=\"og:title\" content=\"Maman d&#039;Amour\" \/>\n<meta property=\"og:description\" content=\"Cet ensemble cadeau contient les items suivants: Lulu blossom (1)\u00a0 balais \u00e0 la guimauve (4) \u2013 Jujubes 150gr.\u00a0 \u2013 perles 60gr. \u2013 Lunes de miel\u00a0 pqt 8\u00a0 \u2013 Pastilles chocolat au lait 60gr. - cornets caramel (2) \u2013 chocolat \u00e0 l\u2019unit\u00e9 (1) callets 40gr \u2013 Bouch\u00e9es 2 \u2013 Balais guimauve (2)  * Notez que certains emballages cadeaux peuvent diff\u00e9r\u00e9s quelque peu mais la valeur totale demeure la m\u00eame.\" \/>\n<meta property=\"og:url\" content=\"https:\/\/chocolatlulu.com\/en\/boutique\/panier-cadeaux\/maman-damour\/\" \/>\n<meta property=\"og:site_name\" content=\"Chocolat Lulu\" \/>\n<meta property=\"article:publisher\" content=\"https:\/\/www.facebook.com\/ChocolatsLulu\/\" \/>\n<meta property=\"article:modified_time\" content=\"2025-03-27T22:18:00+00:00\" \/>\n<meta property=\"og:image\" content=\"https:\/\/chocolatlulu.com\/wp-content\/uploads\/2021\/04\/ROC_2080-scaled.jpg\" \/>\n\t<meta property=\"og:image:width\" content=\"1796\" \/>\n\t<meta property=\"og:image:height\" content=\"2560\" \/>\n\t<meta property=\"og:image:type\" content=\"image\/jpeg\" \/>\n<meta name=\"twitter:card\" content=\"summary_large_image\" \/>\n<script type=\"application\/ld+json\" class=\"yoast-schema-graph\">{\"@context\":\"https:\/\/schema.org\",\"@graph\":[{\"@type\":\"WebPage\",\"@id\":\"https:\/\/chocolatlulu.com\/en\/boutique\/panier-cadeaux\/maman-damour\/\",\"url\":\"https:\/\/chocolatlulu.com\/en\/boutique\/panier-cadeaux\/maman-damour\/\",\"name\":\"Maman d'Amour\",\"isPartOf\":{\"@id\":\"https:\/\/chocolatlulu.com\/#website\"},\"primaryImageOfPage\":{\"@id\":\"https:\/\/chocolatlulu.com\/en\/boutique\/panier-cadeaux\/maman-damour\/#primaryimage\"},\"image\":{\"@id\":\"https:\/\/chocolatlulu.com\/en\/boutique\/panier-cadeaux\/maman-damour\/#primaryimage\"},\"thumbnailUrl\":\"https:\/\/chocolatlulu.com\/wp-content\/uploads\/2021\/04\/ROC_2080-scaled.jpg\",\"datePublished\":\"2025-03-27T15:24:57+00:00\",\"dateModified\":\"2025-03-27T22:18:00+00:00\",\"breadcrumb\":{\"@id\":\"https:\/\/chocolatlulu.com\/en\/boutique\/panier-cadeaux\/maman-damour\/#breadcrumb\"},\"inLanguage\":\"fr-FR\",\"potentialAction\":[{\"@type\":\"ReadAction\",\"target\":[\"https:\/\/chocolatlulu.com\/en\/boutique\/panier-cadeaux\/maman-damour\/\"]}]},{\"@type\":\"ImageObject\",\"inLanguage\":\"fr-FR\",\"@id\":\"https:\/\/chocolatlulu.com\/en\/boutique\/panier-cadeaux\/maman-damour\/#primaryimage\",\"url\":\"https:\/\/chocolatlulu.com\/wp-content\/uploads\/2021\/04\/ROC_2080-scaled.jpg\",\"contentUrl\":\"https:\/\/chocolatlulu.com\/wp-content\/uploads\/2021\/04\/ROC_2080-scaled.jpg\",\"width\":1796,\"height\":2560},{\"@type\":\"BreadcrumbList\",\"@id\":\"https:\/\/chocolatlulu.com\/en\/boutique\/panier-cadeaux\/maman-damour\/#breadcrumb\",\"itemListElement\":[{\"@type\":\"ListItem\",\"position\":1,\"name\":\"Accueil\",\"item\":\"https:\/\/chocolatlulu.com\/\"},{\"@type\":\"ListItem\",\"position\":2,\"name\":\"Boutique\",\"item\":\"https:\/\/chocolatlulu.com\/boutique\/\"},{\"@type\":\"ListItem\",\"position\":3,\"name\":\"Maman d&#8217;Amour\"}]},{\"@type\":\"WebSite\",\"@id\":\"https:\/\/chocolatlulu.com\/#website\",\"url\":\"https:\/\/chocolatlulu.com\/\",\"name\":\"Chocolat Lulu\",\"description\":\"Chocolaterie, Bar Laitier !\",\"publisher\":{\"@id\":\"https:\/\/chocolatlulu.com\/#organization\"},\"potentialAction\":[{\"@type\":\"SearchAction\",\"target\":{\"@type\":\"EntryPoint\",\"urlTemplate\":\"https:\/\/chocolatlulu.com\/?s={search_term_string}\"},\"query-input\":{\"@type\":\"PropertyValueSpecification\",\"valueRequired\":true,\"valueName\":\"search_term_string\"}}],\"inLanguage\":\"fr-FR\"},{\"@type\":\"Organization\",\"@id\":\"https:\/\/chocolatlulu.com\/#organization\",\"name\":\"Chocolat Lulu\",\"url\":\"https:\/\/chocolatlulu.com\/\",\"logo\":{\"@type\":\"ImageObject\",\"inLanguage\":\"fr-FR\",\"@id\":\"https:\/\/chocolatlulu.com\/#\/schema\/logo\/image\/\",\"url\":\"https:\/\/chocolatlulu.com\/wp-content\/uploads\/2018\/09\/cropped-logotransparant.png\",\"contentUrl\":\"https:\/\/chocolatlulu.com\/wp-content\/uploads\/2018\/09\/cropped-logotransparant.png\",\"width\":512,\"height\":512,\"caption\":\"Chocolat Lulu\"},\"image\":{\"@id\":\"https:\/\/chocolatlulu.com\/#\/schema\/logo\/image\/\"},\"sameAs\":[\"https:\/\/www.facebook.com\/ChocolatsLulu\/\"]}]}<\/script>\n<!-- \/ Yoast SEO plugin. -->","yoast_head_json":{"title":"Maman d'Amour","robots":{"index":"index","follow":"follow","max-snippet":"max-snippet:-1","max-image-preview":"max-image-preview:large","max-video-preview":"max-video-preview:-1"},"canonical":"https:\/\/chocolatlulu.com\/en\/boutique\/panier-cadeaux\/maman-damour\/","og_locale":"fr_FR","og_type":"article","og_title":"Chocolat Lulu [:fr]Maman d'Amour[:] -","og_description":"Cet ensemble cadeau contient les items suivants: Lulu blossom (1)\u00a0 balais \u00e0 la guimauve (4) \u2013 Jujubes 150gr.\u00a0 \u2013 perles 60gr. \u2013 Lunes de miel\u00a0 pqt 8\u00a0 \u2013 Pastilles chocolat au lait 60gr. - cornets caramel (2) \u2013 chocolat \u00e0 l\u2019unit\u00e9 (1) callets 40gr \u2013 Bouch\u00e9es 2 \u2013 Balais guimauve (2)  * Notez que certains emballages cadeaux peuvent diff\u00e9r\u00e9s quelque peu mais la valeur totale demeure la m\u00eame.","og_url":"https:\/\/chocolatlulu.com\/en\/boutique\/panier-cadeaux\/maman-damour\/","og_site_name":"Chocolat Lulu","article_publisher":"https:\/\/www.facebook.com\/ChocolatsLulu\/","article_modified_time":"2025-03-27T22:18:00+00:00","og_image":[{"width":1796,"height":2560,"url":"https:\/\/chocolatlulu.com\/wp-content\/uploads\/2021\/04\/ROC_2080-scaled.jpg","type":"image\/jpeg"}],"twitter_card":"summary_large_image","schema":{"@context":"https:\/\/schema.org","@graph":[{"@type":"WebPage","@id":"https:\/\/chocolatlulu.com\/en\/boutique\/panier-cadeaux\/maman-damour\/","url":"https:\/\/chocolatlulu.com\/en\/boutique\/panier-cadeaux\/maman-damour\/","name":"Maman d'Amour","isPartOf":{"@id":"https:\/\/chocolatlulu.com\/#website"},"primaryImageOfPage":{"@id":"https:\/\/chocolatlulu.com\/en\/boutique\/panier-cadeaux\/maman-damour\/#primaryimage"},"image":{"@id":"https:\/\/chocolatlulu.com\/en\/boutique\/panier-cadeaux\/maman-damour\/#primaryimage"},"thumbnailUrl":"https:\/\/chocolatlulu.com\/wp-content\/uploads\/2021\/04\/ROC_2080-scaled.jpg","datePublished":"2025-03-27T15:24:57+00:00","dateModified":"2025-03-27T22:18:00+00:00","breadcrumb":{"@id":"https:\/\/chocolatlulu.com\/en\/boutique\/panier-cadeaux\/maman-damour\/#breadcrumb"},"inLanguage":"fr-FR","potentialAction":[{"@type":"ReadAction","target":["https:\/\/chocolatlulu.com\/en\/boutique\/panier-cadeaux\/maman-damour\/"]}]},{"@type":"ImageObject","inLanguage":"fr-FR","@id":"https:\/\/chocolatlulu.com\/en\/boutique\/panier-cadeaux\/maman-damour\/#primaryimage","url":"https:\/\/chocolatlulu.com\/wp-content\/uploads\/2021\/04\/ROC_2080-scaled.jpg","contentUrl":"https:\/\/chocolatlulu.com\/wp-content\/uploads\/2021\/04\/ROC_2080-scaled.jpg","width":1796,"height":2560},{"@type":"BreadcrumbList","@id":"https:\/\/chocolatlulu.com\/en\/boutique\/panier-cadeaux\/maman-damour\/#breadcrumb","itemListElement":[{"@type":"ListItem","position":1,"name":"Accueil","item":"https:\/\/chocolatlulu.com\/"},{"@type":"ListItem","position":2,"name":"Boutique","item":"https:\/\/chocolatlulu.com\/boutique\/"},{"@type":"ListItem","position":3,"name":"Maman d&#8217;Amour"}]},{"@type":"WebSite","@id":"https:\/\/chocolatlulu.com\/#website","url":"https:\/\/chocolatlulu.com\/","name":"Chocolat Lulu","description":"Chocolaterie, Bar Laitier !","publisher":{"@id":"https:\/\/chocolatlulu.com\/#organization"},"potentialAction":[{"@type":"SearchAction","target":{"@type":"EntryPoint","urlTemplate":"https:\/\/chocolatlulu.com\/?s={search_term_string}"},"query-input":{"@type":"PropertyValueSpecification","valueRequired":true,"valueName":"search_term_string"}}],"inLanguage":"fr-FR"},{"@type":"Organization","@id":"https:\/\/chocolatlulu.com\/#organization","name":"Chocolat Lulu","url":"https:\/\/chocolatlulu.com\/","logo":{"@type":"ImageObject","inLanguage":"fr-FR","@id":"https:\/\/chocolatlulu.com\/#\/schema\/logo\/image\/","url":"https:\/\/chocolatlulu.com\/wp-content\/uploads\/2018\/09\/cropped-logotransparant.png","contentUrl":"https:\/\/chocolatlulu.com\/wp-content\/uploads\/2018\/09\/cropped-logotransparant.png","width":512,"height":512,"caption":"Chocolat Lulu"},"image":{"@id":"https:\/\/chocolatlulu.com\/#\/schema\/logo\/image\/"},"sameAs":["https:\/\/www.facebook.com\/ChocolatsLulu\/"]}]}},"jetpack_publicize_connections":[],"jetpack_sharing_enabled":true,"jetpack-related-posts":[{"id":7630,"url":"https:\/\/chocolatlulu.com\/en\/boutique\/panier-cadeaux\/chocolats-entre-amoureux\/","url_meta":{"origin":7063,"position":0},"title":"Ma valentine","author":"AdEnakLbVa","date":"24 March 2025","format":false,"excerpt":"[:fr]Contenu: Lulu blossom (1) - Pastilles au lait 60gr. \u2013 Callets marbr\u00e9s 60gr. \u2013 Lunes de miel (pqt8) \u2013 balai \u00e0 la guimauve (2) \u2013 barre Belge (1) \u2013 Su\u00e7on chocolat au lait 25gr. (1) Perles 40gr. [:]","rel":"","context":"Similar post","block_context":{"text":"Similar post","link":""},"img":{"alt_text":"","src":"https:\/\/i0.wp.com\/chocolatlulu.com\/wp-content\/uploads\/2023\/02\/DSC_739-scaled.jpg?resize=350%2C200&ssl=1","width":350,"height":200,"srcset":"https:\/\/i0.wp.com\/chocolatlulu.com\/wp-content\/uploads\/2023\/02\/DSC_739-scaled.jpg?resize=350%2C200&ssl=1 1x, https:\/\/i0.wp.com\/chocolatlulu.com\/wp-content\/uploads\/2023\/02\/DSC_739-scaled.jpg?resize=525%2C300&ssl=1 1.5x, https:\/\/i0.wp.com\/chocolatlulu.com\/wp-content\/uploads\/2023\/02\/DSC_739-scaled.jpg?resize=700%2C400&ssl=1 2x, https:\/\/i0.wp.com\/chocolatlulu.com\/wp-content\/uploads\/2023\/02\/DSC_739-scaled.jpg?resize=1050%2C600&ssl=1 3x, https:\/\/i0.wp.com\/chocolatlulu.com\/wp-content\/uploads\/2023\/02\/DSC_739-scaled.jpg?resize=1400%2C800&ssl=1 4x"},"classes":[]},{"id":7539,"url":"https:\/\/chocolatlulu.com\/en\/boutique\/panier-cadeaux\/panier-cadeau-delicieux-pour-noel\/","url_meta":{"origin":7063,"position":1},"title":"Panier cadeau avec P\u00e8re No\u00ebl en chocolat","author":"AdEnakLbVa","date":"24 March 2025","format":false,"excerpt":"[:fr]Contenu: Gros p\u00e8re no\u00ebl 150 gr. \u2013 Balais \u00e0 la guimauve (4) \u2013 pastilles au lait 60gr. \u2013 sucre d\u2019orge (2) \u2013 lunes de miel 1 pqt de 8 \u2013 Barre caramel 75 gr (1) \u2013 Barre aux amandes (1) \u2013 Perles Crispy \u2013 60 gr. \u2013 C\u00f4ne de bonbons\u2026","rel":"","context":"Similar post","block_context":{"text":"Similar post","link":""},"img":{"alt_text":"","src":"https:\/\/i0.wp.com\/chocolatlulu.com\/wp-content\/uploads\/2022\/11\/ROC_4083_compressed-scaled.jpg?resize=350%2C200&ssl=1","width":350,"height":200,"srcset":"https:\/\/i0.wp.com\/chocolatlulu.com\/wp-content\/uploads\/2022\/11\/ROC_4083_compressed-scaled.jpg?resize=350%2C200&ssl=1 1x, https:\/\/i0.wp.com\/chocolatlulu.com\/wp-content\/uploads\/2022\/11\/ROC_4083_compressed-scaled.jpg?resize=525%2C300&ssl=1 1.5x, https:\/\/i0.wp.com\/chocolatlulu.com\/wp-content\/uploads\/2022\/11\/ROC_4083_compressed-scaled.jpg?resize=700%2C400&ssl=1 2x, https:\/\/i0.wp.com\/chocolatlulu.com\/wp-content\/uploads\/2022\/11\/ROC_4083_compressed-scaled.jpg?resize=1050%2C600&ssl=1 3x, https:\/\/i0.wp.com\/chocolatlulu.com\/wp-content\/uploads\/2022\/11\/ROC_4083_compressed-scaled.jpg?resize=1400%2C800&ssl=1 4x"},"classes":[]},{"id":7515,"url":"https:\/\/chocolatlulu.com\/en\/boutique\/panier-cadeaux\/panier-cadeau-pour-lui\/","url_meta":{"origin":7063,"position":2},"title":"Panier cadeau on se g\u00e2te \u00e0 deux!","author":"AdEnakLbVa","date":"27 March 2025","format":false,"excerpt":"[:fr]Contenu : 4 balais guimauves - 1 - 900 gr. de pastilles - 1 sac de lunes de miel 380 gr. - 1 plaque aux noix - 1 - barre de chocolat au caramel 75 gr. - 1- barrre de chocolat\u00a0 aux amandes 75 gr. - 1- 1 sac de\u2026","rel":"","context":"Similar post","block_context":{"text":"Similar post","link":""},"img":{"alt_text":"","src":"https:\/\/i0.wp.com\/chocolatlulu.com\/wp-content\/uploads\/2022\/10\/Panier-cadeau-69.95-scaled.jpeg?resize=350%2C200&ssl=1","width":350,"height":200,"srcset":"https:\/\/i0.wp.com\/chocolatlulu.com\/wp-content\/uploads\/2022\/10\/Panier-cadeau-69.95-scaled.jpeg?resize=350%2C200&ssl=1 1x, https:\/\/i0.wp.com\/chocolatlulu.com\/wp-content\/uploads\/2022\/10\/Panier-cadeau-69.95-scaled.jpeg?resize=525%2C300&ssl=1 1.5x, https:\/\/i0.wp.com\/chocolatlulu.com\/wp-content\/uploads\/2022\/10\/Panier-cadeau-69.95-scaled.jpeg?resize=700%2C400&ssl=1 2x, https:\/\/i0.wp.com\/chocolatlulu.com\/wp-content\/uploads\/2022\/10\/Panier-cadeau-69.95-scaled.jpeg?resize=1050%2C600&ssl=1 3x, https:\/\/i0.wp.com\/chocolatlulu.com\/wp-content\/uploads\/2022\/10\/Panier-cadeau-69.95-scaled.jpeg?resize=1400%2C800&ssl=1 4x"},"classes":[]},{"id":7681,"url":"https:\/\/chocolatlulu.com\/en\/boutique\/panier-cadeaux\/a-deux-cest-mieux-3\/","url_meta":{"origin":7063,"position":3},"title":"Bourse de P\u00e2ques","author":"AdEnakLbVa","date":"27 March 2025","format":false,"excerpt":"[:fr]Contenu: Lulu blossom (1) \u2013 balais \u00e0 la guimauve (2) \u2013 Jujubes 150gr. \u00a0 \u2013 Pastilles chocolat au lait 60gr. - cornets caramel (2) \u2013 chocolat \u00e0 l\u2019unit\u00e9 (2) sucre d\u2019orge (1) callets 40 gr.- Poules (2) -[:]","rel":"","context":"Similar post","block_context":{"text":"Similar post","link":""},"img":{"alt_text":"","src":"https:\/\/i0.wp.com\/chocolatlulu.com\/wp-content\/uploads\/2023\/03\/ROC_7213-scaled.jpg?resize=350%2C200&ssl=1","width":350,"height":200,"srcset":"https:\/\/i0.wp.com\/chocolatlulu.com\/wp-content\/uploads\/2023\/03\/ROC_7213-scaled.jpg?resize=350%2C200&ssl=1 1x, https:\/\/i0.wp.com\/chocolatlulu.com\/wp-content\/uploads\/2023\/03\/ROC_7213-scaled.jpg?resize=525%2C300&ssl=1 1.5x, https:\/\/i0.wp.com\/chocolatlulu.com\/wp-content\/uploads\/2023\/03\/ROC_7213-scaled.jpg?resize=700%2C400&ssl=1 2x, https:\/\/i0.wp.com\/chocolatlulu.com\/wp-content\/uploads\/2023\/03\/ROC_7213-scaled.jpg?resize=1050%2C600&ssl=1 3x, https:\/\/i0.wp.com\/chocolatlulu.com\/wp-content\/uploads\/2023\/03\/ROC_7213-scaled.jpg?resize=1400%2C800&ssl=1 4x"},"classes":[]},{"id":7100,"url":"https:\/\/chocolatlulu.com\/en\/boutique\/panier-cadeaux\/la-cool-mom\/","url_meta":{"origin":7063,"position":4},"title":"La cool Mom","author":"AdEnakLbVa","date":"27 March 2025","format":false,"excerpt":"[:fr]L'ensemble cadeau ''La cool Mom'' contient: Lulu blossom (1) - Pastilles au lait ( 60gr.) \u2013 Lunes de miel (pqt8) 60gr. \u2013 balai \u00e0 la guimauve (1)\u00a0 \u2013\u00a0 (1) Perles 40gr. \u2013 (1) Jujubes 60 gr.-\u00a0 (1) bte de 2 bouch\u00e9es \u2013 2 balais guimauve \u2013 2 cornets caramel au\u2026","rel":"","context":"Similar post","block_context":{"text":"Similar post","link":""},"img":{"alt_text":"","src":"https:\/\/i0.wp.com\/chocolatlulu.com\/wp-content\/uploads\/2021\/04\/ROC_2092-scaled.jpg?resize=350%2C200&ssl=1","width":350,"height":200,"srcset":"https:\/\/i0.wp.com\/chocolatlulu.com\/wp-content\/uploads\/2021\/04\/ROC_2092-scaled.jpg?resize=350%2C200&ssl=1 1x, https:\/\/i0.wp.com\/chocolatlulu.com\/wp-content\/uploads\/2021\/04\/ROC_2092-scaled.jpg?resize=525%2C300&ssl=1 1.5x, https:\/\/i0.wp.com\/chocolatlulu.com\/wp-content\/uploads\/2021\/04\/ROC_2092-scaled.jpg?resize=700%2C400&ssl=1 2x, https:\/\/i0.wp.com\/chocolatlulu.com\/wp-content\/uploads\/2021\/04\/ROC_2092-scaled.jpg?resize=1050%2C600&ssl=1 3x, https:\/\/i0.wp.com\/chocolatlulu.com\/wp-content\/uploads\/2021\/04\/ROC_2092-scaled.jpg?resize=1400%2C800&ssl=1 4x"},"classes":[]},{"id":6775,"url":"https:\/\/chocolatlulu.com\/en\/boutique\/panier-cadeaux\/panier-mon-coeur-bat-pour-toi\/","url_meta":{"origin":7063,"position":5},"title":"Panier Mon coeur bat pour toi","author":"AdEnakLbVa","date":"27 March 2025","format":false,"excerpt":"[:fr]1 c\u0153ur \u00e0 la guimauve 35gr \u2013\u00a0 1 enveloppe de popcorn - 2 barres de chocolat de 75 gr -pastilles 60gr \u2013 c\u00f4ne de jujubes 150 gr \u2013 perles crispy 60 gr \u2013 Lulu blossom 35 gr \u2013 2 balais 30gr chacun[:]","rel":"","context":"Similar post","block_context":{"text":"Similar post","link":""},"img":{"alt_text":"","src":"https:\/\/i0.wp.com\/chocolatlulu.com\/wp-content\/uploads\/2021\/01\/chocolat-lulu-saint-valentin-3999-scaled.jpg?resize=350%2C200&ssl=1","width":350,"height":200,"srcset":"https:\/\/i0.wp.com\/chocolatlulu.com\/wp-content\/uploads\/2021\/01\/chocolat-lulu-saint-valentin-3999-scaled.jpg?resize=350%2C200&ssl=1 1x, https:\/\/i0.wp.com\/chocolatlulu.com\/wp-content\/uploads\/2021\/01\/chocolat-lulu-saint-valentin-3999-scaled.jpg?resize=525%2C300&ssl=1 1.5x, https:\/\/i0.wp.com\/chocolatlulu.com\/wp-content\/uploads\/2021\/01\/chocolat-lulu-saint-valentin-3999-scaled.jpg?resize=700%2C400&ssl=1 2x, https:\/\/i0.wp.com\/chocolatlulu.com\/wp-content\/uploads\/2021\/01\/chocolat-lulu-saint-valentin-3999-scaled.jpg?resize=1050%2C600&ssl=1 3x, https:\/\/i0.wp.com\/chocolatlulu.com\/wp-content\/uploads\/2021\/01\/chocolat-lulu-saint-valentin-3999-scaled.jpg?resize=1400%2C800&ssl=1 4x"},"classes":[]}],"_links":{"self":[{"href":"https:\/\/chocolatlulu.com\/en\/wp-json\/wp\/v2\/product\/7063","targetHints":{"allow":["GET"]}}],"collection":[{"href":"https:\/\/chocolatlulu.com\/en\/wp-json\/wp\/v2\/product"}],"about":[{"href":"https:\/\/chocolatlulu.com\/en\/wp-json\/wp\/v2\/types\/product"}],"replies":[{"embeddable":true,"href":"https:\/\/chocolatlulu.com\/en\/wp-json\/wp\/v2\/comments?post=7063"}],"wp:featuredmedia":[{"embeddable":true,"href":"https:\/\/chocolatlulu.com\/en\/wp-json\/wp\/v2\/media\/7724"}],"wp:attachment":[{"href":"https:\/\/chocolatlulu.com\/en\/wp-json\/wp\/v2\/media?parent=7063"}],"wp:term":[{"taxonomy":"product_brand","embeddable":true,"href":"https:\/\/chocolatlulu.com\/en\/wp-json\/wp\/v2\/product_brand?post=7063"},{"taxonomy":"product_cat","embeddable":true,"href":"https:\/\/chocolatlulu.com\/en\/wp-json\/wp\/v2\/product_cat?post=7063"},{"taxonomy":"product_tag","embeddable":true,"href":"https:\/\/chocolatlulu.com\/en\/wp-json\/wp\/v2\/product_tag?post=7063"}],"curies":[{"name":"wp","href":"https:\/\/api.w.org\/{rel}","templated":true}]}}