{"id":7097,"date":"2025-03-27T14:37:34","date_gmt":"2025-03-27T19:37:34","guid":{"rendered":"https:\/\/chocolatlulu.com\/?post_type=product&#038;p=7097"},"modified":"2025-03-27T18:00:11","modified_gmt":"2025-03-27T23:00:11","slug":"la-belle-mere","status":"publish","type":"product","link":"https:\/\/chocolatlulu.com\/en\/boutique\/panier-cadeaux\/la-belle-mere\/","title":{"rendered":"La belle-m\u00e8re"},"content":{"rendered":"","protected":false},"excerpt":{"rendered":"<p>Cet ensemble cadeau contient les items suivants: <span class=\"s1\">Lunes de miel (125gr.) \u2013 pastilles chocolat au lait (60 gr.) \u2013 gros c\u0153ur (60gr.) \u2013 2 balais \u00e0 la guimauve \u2013 Perles (100 gr. ) \u2013 Lulu blossom (1)<\/span><\/p>\n<p>* Notez que certains emballages cadeaux peuvent diff\u00e9r\u00e9s quelque peu mais la valeur totale demeure la m\u00eame.<\/p>\n","protected":false},"featured_media":7734,"comment_status":"closed","ping_status":"closed","template":"","meta":{"jetpack_post_was_ever_published":false,"jetpack_publicize_message":"","jetpack_publicize_feature_enabled":true,"jetpack_social_post_already_shared":true,"jetpack_social_options":{"image_generator_settings":{"template":"highway","default_image_id":0,"font":"","enabled":false},"version":2}},"product_brand":[],"product_cat":[244],"product_tag":[],"class_list":{"0":"post-7097","1":"product","2":"type-product","3":"status-publish","4":"has-post-thumbnail","6":"product_cat-panier-cadeaux","7":"entry","8":"has-media","10":"first","11":"outofstock","12":"taxable","13":"shipping-taxable","14":"purchasable","15":"product-type-simple","16":"col","17":"span_1_of_3","18":"wvn-content-center","19":"wvn-thumbs-layout-horizontal","20":"wvn-btn-normal","21":"wvn-tabs-layout-horizontal","22":"has-no-thumbnails"},"yoast_head":"<!-- This site is optimized with the Yoast SEO plugin v27.2 - https:\/\/yoast.com\/product\/yoast-seo-wordpress\/ -->\n<title>La belle-m\u00e8re<\/title>\n<meta name=\"robots\" content=\"index, follow, max-snippet:-1, max-image-preview:large, max-video-preview:-1\" \/>\n<link rel=\"canonical\" href=\"https:\/\/chocolatlulu.com\/en\/boutique\/panier-cadeaux\/la-belle-mere\/\" \/>\n<meta property=\"og:locale\" content=\"fr_FR\" \/>\n<meta property=\"og:locale:alternate\" content=\"fr_FR\" \/>\n<meta property=\"og:type\" content=\"article\" \/>\n<meta property=\"og:title\" content=\"La belle-m\u00e8re\" \/>\n<meta property=\"og:description\" content=\"Cet ensemble cadeau contient les items suivants: Lunes de miel (125gr.) \u2013 pastilles chocolat au lait (60 gr.) \u2013 gros c\u0153ur (60gr.) \u2013 2 balais \u00e0 la guimauve \u2013 Perles (100 gr. ) \u2013 Lulu blossom (1)  * Notez que certains emballages cadeaux peuvent diff\u00e9r\u00e9s quelque peu mais la valeur totale demeure la m\u00eame.\" \/>\n<meta property=\"og:url\" content=\"https:\/\/chocolatlulu.com\/en\/boutique\/panier-cadeaux\/la-belle-mere\/\" \/>\n<meta property=\"og:site_name\" content=\"Chocolat Lulu\" \/>\n<meta property=\"article:publisher\" content=\"https:\/\/www.facebook.com\/ChocolatsLulu\/\" \/>\n<meta property=\"article:modified_time\" content=\"2025-03-27T23:00:11+00:00\" \/>\n<meta property=\"og:image\" content=\"https:\/\/chocolatlulu.com\/wp-content\/uploads\/2021\/04\/ROC_2096-scaled.jpg\" \/>\n\t<meta property=\"og:image:width\" content=\"1973\" \/>\n\t<meta property=\"og:image:height\" content=\"2560\" \/>\n\t<meta property=\"og:image:type\" content=\"image\/jpeg\" \/>\n<meta name=\"twitter:card\" content=\"summary_large_image\" \/>\n<script type=\"application\/ld+json\" class=\"yoast-schema-graph\">{\"@context\":\"https:\/\/schema.org\",\"@graph\":[{\"@type\":\"WebPage\",\"@id\":\"https:\/\/chocolatlulu.com\/en\/boutique\/panier-cadeaux\/la-belle-mere\/\",\"url\":\"https:\/\/chocolatlulu.com\/en\/boutique\/panier-cadeaux\/la-belle-mere\/\",\"name\":\"La belle-m\u00e8re\",\"isPartOf\":{\"@id\":\"https:\/\/chocolatlulu.com\/#website\"},\"primaryImageOfPage\":{\"@id\":\"https:\/\/chocolatlulu.com\/en\/boutique\/panier-cadeaux\/la-belle-mere\/#primaryimage\"},\"image\":{\"@id\":\"https:\/\/chocolatlulu.com\/en\/boutique\/panier-cadeaux\/la-belle-mere\/#primaryimage\"},\"thumbnailUrl\":\"https:\/\/chocolatlulu.com\/wp-content\/uploads\/2021\/04\/ROC_2096-scaled.jpg\",\"datePublished\":\"2025-03-27T19:37:34+00:00\",\"dateModified\":\"2025-03-27T23:00:11+00:00\",\"breadcrumb\":{\"@id\":\"https:\/\/chocolatlulu.com\/en\/boutique\/panier-cadeaux\/la-belle-mere\/#breadcrumb\"},\"inLanguage\":\"fr-FR\",\"potentialAction\":[{\"@type\":\"ReadAction\",\"target\":[\"https:\/\/chocolatlulu.com\/en\/boutique\/panier-cadeaux\/la-belle-mere\/\"]}]},{\"@type\":\"ImageObject\",\"inLanguage\":\"fr-FR\",\"@id\":\"https:\/\/chocolatlulu.com\/en\/boutique\/panier-cadeaux\/la-belle-mere\/#primaryimage\",\"url\":\"https:\/\/chocolatlulu.com\/wp-content\/uploads\/2021\/04\/ROC_2096-scaled.jpg\",\"contentUrl\":\"https:\/\/chocolatlulu.com\/wp-content\/uploads\/2021\/04\/ROC_2096-scaled.jpg\",\"width\":1973,\"height\":2560},{\"@type\":\"BreadcrumbList\",\"@id\":\"https:\/\/chocolatlulu.com\/en\/boutique\/panier-cadeaux\/la-belle-mere\/#breadcrumb\",\"itemListElement\":[{\"@type\":\"ListItem\",\"position\":1,\"name\":\"Accueil\",\"item\":\"https:\/\/chocolatlulu.com\/\"},{\"@type\":\"ListItem\",\"position\":2,\"name\":\"Boutique\",\"item\":\"https:\/\/chocolatlulu.com\/boutique\/\"},{\"@type\":\"ListItem\",\"position\":3,\"name\":\"La belle-m\u00e8re\"}]},{\"@type\":\"WebSite\",\"@id\":\"https:\/\/chocolatlulu.com\/#website\",\"url\":\"https:\/\/chocolatlulu.com\/\",\"name\":\"Chocolat Lulu\",\"description\":\"Chocolaterie, Bar Laitier !\",\"publisher\":{\"@id\":\"https:\/\/chocolatlulu.com\/#organization\"},\"potentialAction\":[{\"@type\":\"SearchAction\",\"target\":{\"@type\":\"EntryPoint\",\"urlTemplate\":\"https:\/\/chocolatlulu.com\/?s={search_term_string}\"},\"query-input\":{\"@type\":\"PropertyValueSpecification\",\"valueRequired\":true,\"valueName\":\"search_term_string\"}}],\"inLanguage\":\"fr-FR\"},{\"@type\":\"Organization\",\"@id\":\"https:\/\/chocolatlulu.com\/#organization\",\"name\":\"Chocolat Lulu\",\"url\":\"https:\/\/chocolatlulu.com\/\",\"logo\":{\"@type\":\"ImageObject\",\"inLanguage\":\"fr-FR\",\"@id\":\"https:\/\/chocolatlulu.com\/#\/schema\/logo\/image\/\",\"url\":\"https:\/\/chocolatlulu.com\/wp-content\/uploads\/2018\/09\/cropped-logotransparant.png\",\"contentUrl\":\"https:\/\/chocolatlulu.com\/wp-content\/uploads\/2018\/09\/cropped-logotransparant.png\",\"width\":512,\"height\":512,\"caption\":\"Chocolat Lulu\"},\"image\":{\"@id\":\"https:\/\/chocolatlulu.com\/#\/schema\/logo\/image\/\"},\"sameAs\":[\"https:\/\/www.facebook.com\/ChocolatsLulu\/\"]}]}<\/script>\n<!-- \/ Yoast SEO plugin. -->","yoast_head_json":{"title":"La belle-m\u00e8re","robots":{"index":"index","follow":"follow","max-snippet":"max-snippet:-1","max-image-preview":"max-image-preview:large","max-video-preview":"max-video-preview:-1"},"canonical":"https:\/\/chocolatlulu.com\/en\/boutique\/panier-cadeaux\/la-belle-mere\/","og_locale":"fr_FR","og_type":"article","og_title":"Chocolat Lulu [:fr]La belle-m\u00e8re[:] -","og_description":"Cet ensemble cadeau contient les items suivants: Lunes de miel (125gr.) \u2013 pastilles chocolat au lait (60 gr.) \u2013 gros c\u0153ur (60gr.) \u2013 2 balais \u00e0 la guimauve \u2013 Perles (100 gr. ) \u2013 Lulu blossom (1)  * Notez que certains emballages cadeaux peuvent diff\u00e9r\u00e9s quelque peu mais la valeur totale demeure la m\u00eame.","og_url":"https:\/\/chocolatlulu.com\/en\/boutique\/panier-cadeaux\/la-belle-mere\/","og_site_name":"Chocolat Lulu","article_publisher":"https:\/\/www.facebook.com\/ChocolatsLulu\/","article_modified_time":"2025-03-27T23:00:11+00:00","og_image":[{"width":1973,"height":2560,"url":"https:\/\/chocolatlulu.com\/wp-content\/uploads\/2021\/04\/ROC_2096-scaled.jpg","type":"image\/jpeg"}],"twitter_card":"summary_large_image","schema":{"@context":"https:\/\/schema.org","@graph":[{"@type":"WebPage","@id":"https:\/\/chocolatlulu.com\/en\/boutique\/panier-cadeaux\/la-belle-mere\/","url":"https:\/\/chocolatlulu.com\/en\/boutique\/panier-cadeaux\/la-belle-mere\/","name":"La belle-m\u00e8re","isPartOf":{"@id":"https:\/\/chocolatlulu.com\/#website"},"primaryImageOfPage":{"@id":"https:\/\/chocolatlulu.com\/en\/boutique\/panier-cadeaux\/la-belle-mere\/#primaryimage"},"image":{"@id":"https:\/\/chocolatlulu.com\/en\/boutique\/panier-cadeaux\/la-belle-mere\/#primaryimage"},"thumbnailUrl":"https:\/\/chocolatlulu.com\/wp-content\/uploads\/2021\/04\/ROC_2096-scaled.jpg","datePublished":"2025-03-27T19:37:34+00:00","dateModified":"2025-03-27T23:00:11+00:00","breadcrumb":{"@id":"https:\/\/chocolatlulu.com\/en\/boutique\/panier-cadeaux\/la-belle-mere\/#breadcrumb"},"inLanguage":"fr-FR","potentialAction":[{"@type":"ReadAction","target":["https:\/\/chocolatlulu.com\/en\/boutique\/panier-cadeaux\/la-belle-mere\/"]}]},{"@type":"ImageObject","inLanguage":"fr-FR","@id":"https:\/\/chocolatlulu.com\/en\/boutique\/panier-cadeaux\/la-belle-mere\/#primaryimage","url":"https:\/\/chocolatlulu.com\/wp-content\/uploads\/2021\/04\/ROC_2096-scaled.jpg","contentUrl":"https:\/\/chocolatlulu.com\/wp-content\/uploads\/2021\/04\/ROC_2096-scaled.jpg","width":1973,"height":2560},{"@type":"BreadcrumbList","@id":"https:\/\/chocolatlulu.com\/en\/boutique\/panier-cadeaux\/la-belle-mere\/#breadcrumb","itemListElement":[{"@type":"ListItem","position":1,"name":"Accueil","item":"https:\/\/chocolatlulu.com\/"},{"@type":"ListItem","position":2,"name":"Boutique","item":"https:\/\/chocolatlulu.com\/boutique\/"},{"@type":"ListItem","position":3,"name":"La belle-m\u00e8re"}]},{"@type":"WebSite","@id":"https:\/\/chocolatlulu.com\/#website","url":"https:\/\/chocolatlulu.com\/","name":"Chocolat Lulu","description":"Chocolaterie, Bar Laitier !","publisher":{"@id":"https:\/\/chocolatlulu.com\/#organization"},"potentialAction":[{"@type":"SearchAction","target":{"@type":"EntryPoint","urlTemplate":"https:\/\/chocolatlulu.com\/?s={search_term_string}"},"query-input":{"@type":"PropertyValueSpecification","valueRequired":true,"valueName":"search_term_string"}}],"inLanguage":"fr-FR"},{"@type":"Organization","@id":"https:\/\/chocolatlulu.com\/#organization","name":"Chocolat Lulu","url":"https:\/\/chocolatlulu.com\/","logo":{"@type":"ImageObject","inLanguage":"fr-FR","@id":"https:\/\/chocolatlulu.com\/#\/schema\/logo\/image\/","url":"https:\/\/chocolatlulu.com\/wp-content\/uploads\/2018\/09\/cropped-logotransparant.png","contentUrl":"https:\/\/chocolatlulu.com\/wp-content\/uploads\/2018\/09\/cropped-logotransparant.png","width":512,"height":512,"caption":"Chocolat Lulu"},"image":{"@id":"https:\/\/chocolatlulu.com\/#\/schema\/logo\/image\/"},"sameAs":["https:\/\/www.facebook.com\/ChocolatsLulu\/"]}]}},"jetpack_publicize_connections":[],"jetpack_sharing_enabled":true,"jetpack-related-posts":[{"id":7513,"url":"https:\/\/chocolatlulu.com\/en\/boutique\/panier-cadeaux\/panier-cadeau-pour-elle\/","url_meta":{"origin":7097,"position":0},"title":"Panier cadeau pour lui","author":"AdEnakLbVa","date":"27 October 2022","format":false,"excerpt":"[:fr]Contenu: 1 emballage de 400 gr de pastilles -\u00a0 1-125 gr de Popcorn caramel - 1 - 125 gr. de lunes de miel - 1 tablette de chocolat caramel 75 gr. - 1 tablette de chocolat aux amandes - 2\u00a0 balais\u00a0 guimauve\u00a0 - 1 sac de 40 gr. de perles\u2026","rel":"","context":"Similar post","block_context":{"text":"Similar post","link":""},"img":{"alt_text":"","src":"https:\/\/i0.wp.com\/chocolatlulu.com\/wp-content\/uploads\/2022\/10\/Panier-cadeau-49.95-scaled.jpeg?resize=350%2C200&ssl=1","width":350,"height":200,"srcset":"https:\/\/i0.wp.com\/chocolatlulu.com\/wp-content\/uploads\/2022\/10\/Panier-cadeau-49.95-scaled.jpeg?resize=350%2C200&ssl=1 1x, https:\/\/i0.wp.com\/chocolatlulu.com\/wp-content\/uploads\/2022\/10\/Panier-cadeau-49.95-scaled.jpeg?resize=525%2C300&ssl=1 1.5x, https:\/\/i0.wp.com\/chocolatlulu.com\/wp-content\/uploads\/2022\/10\/Panier-cadeau-49.95-scaled.jpeg?resize=700%2C400&ssl=1 2x, https:\/\/i0.wp.com\/chocolatlulu.com\/wp-content\/uploads\/2022\/10\/Panier-cadeau-49.95-scaled.jpeg?resize=1050%2C600&ssl=1 3x, https:\/\/i0.wp.com\/chocolatlulu.com\/wp-content\/uploads\/2022\/10\/Panier-cadeau-49.95-scaled.jpeg?resize=1400%2C800&ssl=1 4x"},"classes":[]},{"id":7551,"url":"https:\/\/chocolatlulu.com\/en\/boutique\/panier-cadeaux\/panier-cadeau-on-se-gate-pour-noel\/","url_meta":{"origin":7097,"position":1},"title":"Panier cadeau &#8211; No\u00ebl gourmand","author":"AdEnakLbVa","date":"24 March 2025","format":false,"excerpt":"[:fr]Contenu:\u00a01 barre \u00e0 fondue 454 gr.\u00a0 \u2013 1 enveloppe popcorn 150 gr \u2013 1 c\u00f4ne jujubes 250 gr \u2013 1 enveloppe pastilles 60 gr \u2013 1 boite de 4 bouch\u00e9es \u2013\u00a0 \u2013 1 sac d\u2019amandes enrob\u00e9es 125 gr \u2013 perles crispy 150 gr \u2013 1 plaque aux noix \u2013Chacun \u2013\u2026","rel":"","context":"Similar post","block_context":{"text":"Similar post","link":""},"img":{"alt_text":"","src":"https:\/\/i0.wp.com\/chocolatlulu.com\/wp-content\/uploads\/2022\/12\/ROC_4086_compressed-scaled.jpg?resize=350%2C200&ssl=1","width":350,"height":200,"srcset":"https:\/\/i0.wp.com\/chocolatlulu.com\/wp-content\/uploads\/2022\/12\/ROC_4086_compressed-scaled.jpg?resize=350%2C200&ssl=1 1x, https:\/\/i0.wp.com\/chocolatlulu.com\/wp-content\/uploads\/2022\/12\/ROC_4086_compressed-scaled.jpg?resize=525%2C300&ssl=1 1.5x, https:\/\/i0.wp.com\/chocolatlulu.com\/wp-content\/uploads\/2022\/12\/ROC_4086_compressed-scaled.jpg?resize=700%2C400&ssl=1 2x, https:\/\/i0.wp.com\/chocolatlulu.com\/wp-content\/uploads\/2022\/12\/ROC_4086_compressed-scaled.jpg?resize=1050%2C600&ssl=1 3x, https:\/\/i0.wp.com\/chocolatlulu.com\/wp-content\/uploads\/2022\/12\/ROC_4086_compressed-scaled.jpg?resize=1400%2C800&ssl=1 4x"},"classes":[]},{"id":7515,"url":"https:\/\/chocolatlulu.com\/en\/boutique\/panier-cadeaux\/panier-cadeau-pour-lui\/","url_meta":{"origin":7097,"position":2},"title":"Panier cadeau on se g\u00e2te \u00e0 deux!","author":"AdEnakLbVa","date":"27 March 2025","format":false,"excerpt":"[:fr]Contenu : 4 balais guimauves - 1 - 900 gr. de pastilles - 1 sac de lunes de miel 380 gr. - 1 plaque aux noix - 1 - barre de chocolat au caramel 75 gr. - 1- barrre de chocolat\u00a0 aux amandes 75 gr. - 1- 1 sac de\u2026","rel":"","context":"Similar post","block_context":{"text":"Similar post","link":""},"img":{"alt_text":"","src":"https:\/\/i0.wp.com\/chocolatlulu.com\/wp-content\/uploads\/2022\/10\/Panier-cadeau-69.95-scaled.jpeg?resize=350%2C200&ssl=1","width":350,"height":200,"srcset":"https:\/\/i0.wp.com\/chocolatlulu.com\/wp-content\/uploads\/2022\/10\/Panier-cadeau-69.95-scaled.jpeg?resize=350%2C200&ssl=1 1x, https:\/\/i0.wp.com\/chocolatlulu.com\/wp-content\/uploads\/2022\/10\/Panier-cadeau-69.95-scaled.jpeg?resize=525%2C300&ssl=1 1.5x, https:\/\/i0.wp.com\/chocolatlulu.com\/wp-content\/uploads\/2022\/10\/Panier-cadeau-69.95-scaled.jpeg?resize=700%2C400&ssl=1 2x, https:\/\/i0.wp.com\/chocolatlulu.com\/wp-content\/uploads\/2022\/10\/Panier-cadeau-69.95-scaled.jpeg?resize=1050%2C600&ssl=1 3x, https:\/\/i0.wp.com\/chocolatlulu.com\/wp-content\/uploads\/2022\/10\/Panier-cadeau-69.95-scaled.jpeg?resize=1400%2C800&ssl=1 4x"},"classes":[]},{"id":7547,"url":"https:\/\/chocolatlulu.com\/en\/boutique\/panier-cadeaux\/panier-cadeau-decadent-pour-noel-2\/","url_meta":{"origin":7097,"position":3},"title":"Panier cadeau &#8211; On se g\u00e2te pour No\u00ebl","author":"AdEnakLbVa","date":"24 March 2025","format":false,"excerpt":"[:fr]Contenu:\u00a0 Gros p\u00e8re 150 gr. - Barre fondue 454 gr.- 1 sac de bleuets enrob\u00e9s 100 gr. \u2013 1 sac d\u2019amandes enrob\u00e9es 125 gr. \u2013 Callets 100 gr \u2013 perles crispy 100 gr. \u2013 1 Lulu blossom \u2013 1 \u00e9corce aux noix - 1 sac de lunes de miel 380\u2026","rel":"","context":"Similar post","block_context":{"text":"Similar post","link":""},"img":{"alt_text":"","src":"https:\/\/i0.wp.com\/chocolatlulu.com\/wp-content\/uploads\/2022\/12\/ROC_4104_compressed-scaled.jpg?resize=350%2C200&ssl=1","width":350,"height":200,"srcset":"https:\/\/i0.wp.com\/chocolatlulu.com\/wp-content\/uploads\/2022\/12\/ROC_4104_compressed-scaled.jpg?resize=350%2C200&ssl=1 1x, https:\/\/i0.wp.com\/chocolatlulu.com\/wp-content\/uploads\/2022\/12\/ROC_4104_compressed-scaled.jpg?resize=525%2C300&ssl=1 1.5x, https:\/\/i0.wp.com\/chocolatlulu.com\/wp-content\/uploads\/2022\/12\/ROC_4104_compressed-scaled.jpg?resize=700%2C400&ssl=1 2x, https:\/\/i0.wp.com\/chocolatlulu.com\/wp-content\/uploads\/2022\/12\/ROC_4104_compressed-scaled.jpg?resize=1050%2C600&ssl=1 3x, https:\/\/i0.wp.com\/chocolatlulu.com\/wp-content\/uploads\/2022\/12\/ROC_4104_compressed-scaled.jpg?resize=1400%2C800&ssl=1 4x"},"classes":[]},{"id":7555,"url":"https:\/\/chocolatlulu.com\/en\/boutique\/panier-cadeaux\/panier-cadeau-noel-gourmand\/","url_meta":{"origin":7097,"position":4},"title":"Surprises pour No\u00ebl","author":"AdEnakLbVa","date":"24 March 2025","format":false,"excerpt":"[:fr]Contenu: 1 figurine 170 gr\u00a0 \u2013 1 enveloppe popcorn \u2013 2 barres chocolat 75 gr \u2013 1 plaque au noix\u00a0 \u2013 1 enveloppe pastilles\u00a0 de 100 gr \u2013 1 c\u00f4ne de jujubes 150 gr \u2013 1 lulu blossom 35 gr \u2013 4 balais 30 gr ch. \u2013 1 c\u0153ur guimauve\u2026","rel":"","context":"Similar post","block_context":{"text":"Similar post","link":""},"img":{"alt_text":"","src":"https:\/\/i0.wp.com\/chocolatlulu.com\/wp-content\/uploads\/2022\/12\/ROC_4083_compressed-scaled.jpg?resize=350%2C200&ssl=1","width":350,"height":200,"srcset":"https:\/\/i0.wp.com\/chocolatlulu.com\/wp-content\/uploads\/2022\/12\/ROC_4083_compressed-scaled.jpg?resize=350%2C200&ssl=1 1x, https:\/\/i0.wp.com\/chocolatlulu.com\/wp-content\/uploads\/2022\/12\/ROC_4083_compressed-scaled.jpg?resize=525%2C300&ssl=1 1.5x, https:\/\/i0.wp.com\/chocolatlulu.com\/wp-content\/uploads\/2022\/12\/ROC_4083_compressed-scaled.jpg?resize=700%2C400&ssl=1 2x, https:\/\/i0.wp.com\/chocolatlulu.com\/wp-content\/uploads\/2022\/12\/ROC_4083_compressed-scaled.jpg?resize=1050%2C600&ssl=1 3x, https:\/\/i0.wp.com\/chocolatlulu.com\/wp-content\/uploads\/2022\/12\/ROC_4083_compressed-scaled.jpg?resize=1400%2C800&ssl=1 4x"},"classes":[]},{"id":7539,"url":"https:\/\/chocolatlulu.com\/en\/boutique\/panier-cadeaux\/panier-cadeau-delicieux-pour-noel\/","url_meta":{"origin":7097,"position":5},"title":"Panier cadeau avec P\u00e8re No\u00ebl en chocolat","author":"AdEnakLbVa","date":"24 March 2025","format":false,"excerpt":"[:fr]Contenu: Gros p\u00e8re no\u00ebl 150 gr. \u2013 Balais \u00e0 la guimauve (4) \u2013 pastilles au lait 60gr. \u2013 sucre d\u2019orge (2) \u2013 lunes de miel 1 pqt de 8 \u2013 Barre caramel 75 gr (1) \u2013 Barre aux amandes (1) \u2013 Perles Crispy \u2013 60 gr. \u2013 C\u00f4ne de bonbons\u2026","rel":"","context":"Similar post","block_context":{"text":"Similar post","link":""},"img":{"alt_text":"","src":"https:\/\/i0.wp.com\/chocolatlulu.com\/wp-content\/uploads\/2022\/11\/ROC_4083_compressed-scaled.jpg?resize=350%2C200&ssl=1","width":350,"height":200,"srcset":"https:\/\/i0.wp.com\/chocolatlulu.com\/wp-content\/uploads\/2022\/11\/ROC_4083_compressed-scaled.jpg?resize=350%2C200&ssl=1 1x, https:\/\/i0.wp.com\/chocolatlulu.com\/wp-content\/uploads\/2022\/11\/ROC_4083_compressed-scaled.jpg?resize=525%2C300&ssl=1 1.5x, https:\/\/i0.wp.com\/chocolatlulu.com\/wp-content\/uploads\/2022\/11\/ROC_4083_compressed-scaled.jpg?resize=700%2C400&ssl=1 2x, https:\/\/i0.wp.com\/chocolatlulu.com\/wp-content\/uploads\/2022\/11\/ROC_4083_compressed-scaled.jpg?resize=1050%2C600&ssl=1 3x, https:\/\/i0.wp.com\/chocolatlulu.com\/wp-content\/uploads\/2022\/11\/ROC_4083_compressed-scaled.jpg?resize=1400%2C800&ssl=1 4x"},"classes":[]}],"_links":{"self":[{"href":"https:\/\/chocolatlulu.com\/en\/wp-json\/wp\/v2\/product\/7097","targetHints":{"allow":["GET"]}}],"collection":[{"href":"https:\/\/chocolatlulu.com\/en\/wp-json\/wp\/v2\/product"}],"about":[{"href":"https:\/\/chocolatlulu.com\/en\/wp-json\/wp\/v2\/types\/product"}],"replies":[{"embeddable":true,"href":"https:\/\/chocolatlulu.com\/en\/wp-json\/wp\/v2\/comments?post=7097"}],"wp:featuredmedia":[{"embeddable":true,"href":"https:\/\/chocolatlulu.com\/en\/wp-json\/wp\/v2\/media\/7734"}],"wp:attachment":[{"href":"https:\/\/chocolatlulu.com\/en\/wp-json\/wp\/v2\/media?parent=7097"}],"wp:term":[{"taxonomy":"product_brand","embeddable":true,"href":"https:\/\/chocolatlulu.com\/en\/wp-json\/wp\/v2\/product_brand?post=7097"},{"taxonomy":"product_cat","embeddable":true,"href":"https:\/\/chocolatlulu.com\/en\/wp-json\/wp\/v2\/product_cat?post=7097"},{"taxonomy":"product_tag","embeddable":true,"href":"https:\/\/chocolatlulu.com\/en\/wp-json\/wp\/v2\/product_tag?post=7097"}],"curies":[{"name":"wp","href":"https:\/\/api.w.org\/{rel}","templated":true}]}}