{"id":7100,"date":"2025-03-27T15:19:55","date_gmt":"2025-03-27T20:19:55","guid":{"rendered":"https:\/\/chocolatlulu.com\/?post_type=product&#038;p=7100"},"modified":"2025-03-27T10:44:53","modified_gmt":"2025-03-27T15:44:53","slug":"la-cool-mom","status":"publish","type":"product","link":"https:\/\/chocolatlulu.com\/en\/boutique\/panier-cadeaux\/la-cool-mom\/","title":{"rendered":"La cool Mom"},"content":{"rendered":"","protected":false},"excerpt":{"rendered":"<p>L&#8217;ensemble cadeau &#8221;La cool Mom&#8221; contient: <span class=\"s1\">Lulu blossom (1) &#8211; Pastilles au lait ( 60gr.) \u2013 Lunes de miel (pqt8) 60gr. \u2013 balai \u00e0 la guimauve (1)<span class=\"Apple-converted-space\">\u00a0 <\/span>\u2013<span class=\"Apple-converted-space\">\u00a0 <\/span>(1) Perles 40gr. \u2013 (1) Jujubes 60 gr.-<span class=\"Apple-converted-space\">\u00a0 <\/span>(1) bte de 2 bouch\u00e9es \u2013 2 balais guimauve \u2013 2 cornets caramel au beurre.<\/span><\/p>\n<p>A noter que certains emballages cadeaux peuvent diff\u00e9r\u00e9s quelque peu mais la valeur totale est identique.<\/p>\n","protected":false},"featured_media":7720,"comment_status":"closed","ping_status":"closed","template":"","meta":{"jetpack_post_was_ever_published":false,"jetpack_publicize_message":"","jetpack_publicize_feature_enabled":true,"jetpack_social_post_already_shared":true,"jetpack_social_options":{"image_generator_settings":{"template":"highway","default_image_id":0,"font":"","enabled":false},"version":2}},"product_brand":[],"product_cat":[244],"product_tag":[],"class_list":{"0":"post-7100","1":"product","2":"type-product","3":"status-publish","4":"has-post-thumbnail","6":"product_cat-panier-cadeaux","7":"entry","8":"has-media","10":"first","11":"outofstock","12":"taxable","13":"shipping-taxable","14":"purchasable","15":"product-type-simple","16":"col","17":"span_1_of_3","18":"wvn-content-center","19":"wvn-thumbs-layout-horizontal","20":"wvn-btn-normal","21":"wvn-tabs-layout-horizontal","22":"has-no-thumbnails"},"yoast_head":"<!-- This site is optimized with the Yoast SEO plugin v27.2 - https:\/\/yoast.com\/product\/yoast-seo-wordpress\/ -->\n<title>La cool Mom<\/title>\n<meta name=\"robots\" content=\"index, follow, max-snippet:-1, max-image-preview:large, max-video-preview:-1\" \/>\n<link rel=\"canonical\" href=\"https:\/\/chocolatlulu.com\/en\/boutique\/panier-cadeaux\/la-cool-mom\/\" \/>\n<meta property=\"og:locale\" content=\"fr_FR\" \/>\n<meta property=\"og:locale:alternate\" content=\"fr_FR\" \/>\n<meta property=\"og:type\" content=\"article\" \/>\n<meta property=\"og:title\" content=\"La cool Mom\" \/>\n<meta property=\"og:description\" content=\"L&#039;ensemble cadeau &#039;&#039;La cool Mom&#039;&#039; contient: Lulu blossom (1) - Pastilles au lait ( 60gr.) \u2013 Lunes de miel (pqt8) 60gr. \u2013 balai \u00e0 la guimauve (1)\u00a0 \u2013\u00a0 (1) Perles 40gr. \u2013 (1) Jujubes 60 gr.-\u00a0 (1) bte de 2 bouch\u00e9es \u2013 2 balais guimauve \u2013 2 cornets caramel au beurre.  A noter que certains emballages cadeaux peuvent diff\u00e9r\u00e9s quelque peu mais la valeur totale est identique.\" \/>\n<meta property=\"og:url\" content=\"https:\/\/chocolatlulu.com\/en\/boutique\/panier-cadeaux\/la-cool-mom\/\" \/>\n<meta property=\"og:site_name\" content=\"Chocolat Lulu\" \/>\n<meta property=\"article:publisher\" content=\"https:\/\/www.facebook.com\/ChocolatsLulu\/\" \/>\n<meta property=\"og:image\" content=\"https:\/\/chocolatlulu.com\/wp-content\/uploads\/2021\/04\/ROC_2092-scaled.jpg\" \/>\n\t<meta property=\"og:image:width\" content=\"1998\" \/>\n\t<meta property=\"og:image:height\" content=\"2560\" \/>\n\t<meta property=\"og:image:type\" content=\"image\/jpeg\" \/>\n<meta name=\"twitter:card\" content=\"summary_large_image\" \/>\n<script type=\"application\/ld+json\" class=\"yoast-schema-graph\">{\"@context\":\"https:\/\/schema.org\",\"@graph\":[{\"@type\":\"WebPage\",\"@id\":\"https:\/\/chocolatlulu.com\/en\/boutique\/panier-cadeaux\/la-cool-mom\/\",\"url\":\"https:\/\/chocolatlulu.com\/en\/boutique\/panier-cadeaux\/la-cool-mom\/\",\"name\":\"La cool Mom\",\"isPartOf\":{\"@id\":\"https:\/\/chocolatlulu.com\/#website\"},\"primaryImageOfPage\":{\"@id\":\"https:\/\/chocolatlulu.com\/en\/boutique\/panier-cadeaux\/la-cool-mom\/#primaryimage\"},\"image\":{\"@id\":\"https:\/\/chocolatlulu.com\/en\/boutique\/panier-cadeaux\/la-cool-mom\/#primaryimage\"},\"thumbnailUrl\":\"https:\/\/chocolatlulu.com\/wp-content\/uploads\/2021\/04\/ROC_2092-scaled.jpg\",\"datePublished\":\"2025-03-27T20:19:55+00:00\",\"breadcrumb\":{\"@id\":\"https:\/\/chocolatlulu.com\/en\/boutique\/panier-cadeaux\/la-cool-mom\/#breadcrumb\"},\"inLanguage\":\"fr-FR\",\"potentialAction\":[{\"@type\":\"ReadAction\",\"target\":[\"https:\/\/chocolatlulu.com\/en\/boutique\/panier-cadeaux\/la-cool-mom\/\"]}]},{\"@type\":\"ImageObject\",\"inLanguage\":\"fr-FR\",\"@id\":\"https:\/\/chocolatlulu.com\/en\/boutique\/panier-cadeaux\/la-cool-mom\/#primaryimage\",\"url\":\"https:\/\/chocolatlulu.com\/wp-content\/uploads\/2021\/04\/ROC_2092-scaled.jpg\",\"contentUrl\":\"https:\/\/chocolatlulu.com\/wp-content\/uploads\/2021\/04\/ROC_2092-scaled.jpg\",\"width\":1998,\"height\":2560},{\"@type\":\"BreadcrumbList\",\"@id\":\"https:\/\/chocolatlulu.com\/en\/boutique\/panier-cadeaux\/la-cool-mom\/#breadcrumb\",\"itemListElement\":[{\"@type\":\"ListItem\",\"position\":1,\"name\":\"Accueil\",\"item\":\"https:\/\/chocolatlulu.com\/\"},{\"@type\":\"ListItem\",\"position\":2,\"name\":\"Boutique\",\"item\":\"https:\/\/chocolatlulu.com\/boutique\/\"},{\"@type\":\"ListItem\",\"position\":3,\"name\":\"La cool Mom\"}]},{\"@type\":\"WebSite\",\"@id\":\"https:\/\/chocolatlulu.com\/#website\",\"url\":\"https:\/\/chocolatlulu.com\/\",\"name\":\"Chocolat Lulu\",\"description\":\"Chocolaterie, Bar Laitier !\",\"publisher\":{\"@id\":\"https:\/\/chocolatlulu.com\/#organization\"},\"potentialAction\":[{\"@type\":\"SearchAction\",\"target\":{\"@type\":\"EntryPoint\",\"urlTemplate\":\"https:\/\/chocolatlulu.com\/?s={search_term_string}\"},\"query-input\":{\"@type\":\"PropertyValueSpecification\",\"valueRequired\":true,\"valueName\":\"search_term_string\"}}],\"inLanguage\":\"fr-FR\"},{\"@type\":\"Organization\",\"@id\":\"https:\/\/chocolatlulu.com\/#organization\",\"name\":\"Chocolat Lulu\",\"url\":\"https:\/\/chocolatlulu.com\/\",\"logo\":{\"@type\":\"ImageObject\",\"inLanguage\":\"fr-FR\",\"@id\":\"https:\/\/chocolatlulu.com\/#\/schema\/logo\/image\/\",\"url\":\"https:\/\/chocolatlulu.com\/wp-content\/uploads\/2018\/09\/cropped-logotransparant.png\",\"contentUrl\":\"https:\/\/chocolatlulu.com\/wp-content\/uploads\/2018\/09\/cropped-logotransparant.png\",\"width\":512,\"height\":512,\"caption\":\"Chocolat Lulu\"},\"image\":{\"@id\":\"https:\/\/chocolatlulu.com\/#\/schema\/logo\/image\/\"},\"sameAs\":[\"https:\/\/www.facebook.com\/ChocolatsLulu\/\"]}]}<\/script>\n<!-- \/ Yoast SEO plugin. -->","yoast_head_json":{"title":"La cool Mom","robots":{"index":"index","follow":"follow","max-snippet":"max-snippet:-1","max-image-preview":"max-image-preview:large","max-video-preview":"max-video-preview:-1"},"canonical":"https:\/\/chocolatlulu.com\/en\/boutique\/panier-cadeaux\/la-cool-mom\/","og_locale":"fr_FR","og_type":"article","og_title":"Chocolat Lulu [:fr]La cool Mom[:] -","og_description":"L'ensemble cadeau ''La cool Mom'' contient: Lulu blossom (1) - Pastilles au lait ( 60gr.) \u2013 Lunes de miel (pqt8) 60gr. \u2013 balai \u00e0 la guimauve (1)\u00a0 \u2013\u00a0 (1) Perles 40gr. \u2013 (1) Jujubes 60 gr.-\u00a0 (1) bte de 2 bouch\u00e9es \u2013 2 balais guimauve \u2013 2 cornets caramel au beurre.  A noter que certains emballages cadeaux peuvent diff\u00e9r\u00e9s quelque peu mais la valeur totale est identique.","og_url":"https:\/\/chocolatlulu.com\/en\/boutique\/panier-cadeaux\/la-cool-mom\/","og_site_name":"Chocolat Lulu","article_publisher":"https:\/\/www.facebook.com\/ChocolatsLulu\/","og_image":[{"width":1998,"height":2560,"url":"https:\/\/chocolatlulu.com\/wp-content\/uploads\/2021\/04\/ROC_2092-scaled.jpg","type":"image\/jpeg"}],"twitter_card":"summary_large_image","schema":{"@context":"https:\/\/schema.org","@graph":[{"@type":"WebPage","@id":"https:\/\/chocolatlulu.com\/en\/boutique\/panier-cadeaux\/la-cool-mom\/","url":"https:\/\/chocolatlulu.com\/en\/boutique\/panier-cadeaux\/la-cool-mom\/","name":"La cool Mom","isPartOf":{"@id":"https:\/\/chocolatlulu.com\/#website"},"primaryImageOfPage":{"@id":"https:\/\/chocolatlulu.com\/en\/boutique\/panier-cadeaux\/la-cool-mom\/#primaryimage"},"image":{"@id":"https:\/\/chocolatlulu.com\/en\/boutique\/panier-cadeaux\/la-cool-mom\/#primaryimage"},"thumbnailUrl":"https:\/\/chocolatlulu.com\/wp-content\/uploads\/2021\/04\/ROC_2092-scaled.jpg","datePublished":"2025-03-27T20:19:55+00:00","breadcrumb":{"@id":"https:\/\/chocolatlulu.com\/en\/boutique\/panier-cadeaux\/la-cool-mom\/#breadcrumb"},"inLanguage":"fr-FR","potentialAction":[{"@type":"ReadAction","target":["https:\/\/chocolatlulu.com\/en\/boutique\/panier-cadeaux\/la-cool-mom\/"]}]},{"@type":"ImageObject","inLanguage":"fr-FR","@id":"https:\/\/chocolatlulu.com\/en\/boutique\/panier-cadeaux\/la-cool-mom\/#primaryimage","url":"https:\/\/chocolatlulu.com\/wp-content\/uploads\/2021\/04\/ROC_2092-scaled.jpg","contentUrl":"https:\/\/chocolatlulu.com\/wp-content\/uploads\/2021\/04\/ROC_2092-scaled.jpg","width":1998,"height":2560},{"@type":"BreadcrumbList","@id":"https:\/\/chocolatlulu.com\/en\/boutique\/panier-cadeaux\/la-cool-mom\/#breadcrumb","itemListElement":[{"@type":"ListItem","position":1,"name":"Accueil","item":"https:\/\/chocolatlulu.com\/"},{"@type":"ListItem","position":2,"name":"Boutique","item":"https:\/\/chocolatlulu.com\/boutique\/"},{"@type":"ListItem","position":3,"name":"La cool Mom"}]},{"@type":"WebSite","@id":"https:\/\/chocolatlulu.com\/#website","url":"https:\/\/chocolatlulu.com\/","name":"Chocolat Lulu","description":"Chocolaterie, Bar Laitier !","publisher":{"@id":"https:\/\/chocolatlulu.com\/#organization"},"potentialAction":[{"@type":"SearchAction","target":{"@type":"EntryPoint","urlTemplate":"https:\/\/chocolatlulu.com\/?s={search_term_string}"},"query-input":{"@type":"PropertyValueSpecification","valueRequired":true,"valueName":"search_term_string"}}],"inLanguage":"fr-FR"},{"@type":"Organization","@id":"https:\/\/chocolatlulu.com\/#organization","name":"Chocolat Lulu","url":"https:\/\/chocolatlulu.com\/","logo":{"@type":"ImageObject","inLanguage":"fr-FR","@id":"https:\/\/chocolatlulu.com\/#\/schema\/logo\/image\/","url":"https:\/\/chocolatlulu.com\/wp-content\/uploads\/2018\/09\/cropped-logotransparant.png","contentUrl":"https:\/\/chocolatlulu.com\/wp-content\/uploads\/2018\/09\/cropped-logotransparant.png","width":512,"height":512,"caption":"Chocolat Lulu"},"image":{"@id":"https:\/\/chocolatlulu.com\/#\/schema\/logo\/image\/"},"sameAs":["https:\/\/www.facebook.com\/ChocolatsLulu\/"]}]}},"jetpack_publicize_connections":[],"jetpack_sharing_enabled":true,"jetpack-related-posts":[{"id":7063,"url":"https:\/\/chocolatlulu.com\/en\/boutique\/panier-cadeaux\/maman-damour\/","url_meta":{"origin":7100,"position":0},"title":"Maman d&#8217;Amour","author":"AdEnakLbVa","date":"27 March 2025","format":false,"excerpt":"[:fr]Cet ensemble cadeau contient les items suivants: Lulu blossom (1)\u00a0 balais \u00e0 la guimauve (4) \u2013 Jujubes 150gr.\u00a0 \u2013 perles 60gr. \u2013 Lunes de miel\u00a0 pqt 8\u00a0 \u2013 Pastilles chocolat au lait 60gr. - cornets caramel (2) \u2013 chocolat \u00e0 l\u2019unit\u00e9 (1) callets 40gr \u2013 Bouch\u00e9es 2 \u2013 Balais guimauve\u2026","rel":"","context":"Similar post","block_context":{"text":"Similar post","link":""},"img":{"alt_text":"","src":"https:\/\/i0.wp.com\/chocolatlulu.com\/wp-content\/uploads\/2021\/04\/ROC_2080-scaled.jpg?resize=350%2C200&ssl=1","width":350,"height":200,"srcset":"https:\/\/i0.wp.com\/chocolatlulu.com\/wp-content\/uploads\/2021\/04\/ROC_2080-scaled.jpg?resize=350%2C200&ssl=1 1x, https:\/\/i0.wp.com\/chocolatlulu.com\/wp-content\/uploads\/2021\/04\/ROC_2080-scaled.jpg?resize=525%2C300&ssl=1 1.5x, https:\/\/i0.wp.com\/chocolatlulu.com\/wp-content\/uploads\/2021\/04\/ROC_2080-scaled.jpg?resize=700%2C400&ssl=1 2x, https:\/\/i0.wp.com\/chocolatlulu.com\/wp-content\/uploads\/2021\/04\/ROC_2080-scaled.jpg?resize=1050%2C600&ssl=1 3x, https:\/\/i0.wp.com\/chocolatlulu.com\/wp-content\/uploads\/2021\/04\/ROC_2080-scaled.jpg?resize=1400%2C800&ssl=1 4x"},"classes":[]},{"id":7678,"url":"https:\/\/chocolatlulu.com\/en\/boutique\/panier-cadeaux\/a-deux-cest-mieux-2\/","url_meta":{"origin":7100,"position":1},"title":"Joli cylindre","author":"AdEnakLbVa","date":"27 March 2025","format":false,"excerpt":"[:fr]Contenu: Lulu blossom (1) - Pastilles au lait 60gr. \u2013 Callets marbr\u00e9s 60gr.\u00a0 \u2013 balais \u00e0 la guimauve (2) \u2013 Su\u00e7on d\u2019orge (1) Perles 60 gr. \u2013 Cornets caramel (2) Poules (1) Perles crispy 60gr. [:]","rel":"","context":"Similar post","block_context":{"text":"Similar post","link":""},"img":{"alt_text":"","src":"https:\/\/i0.wp.com\/chocolatlulu.com\/wp-content\/uploads\/2023\/03\/ROC_7225-scaled.jpg?resize=350%2C200&ssl=1","width":350,"height":200,"srcset":"https:\/\/i0.wp.com\/chocolatlulu.com\/wp-content\/uploads\/2023\/03\/ROC_7225-scaled.jpg?resize=350%2C200&ssl=1 1x, https:\/\/i0.wp.com\/chocolatlulu.com\/wp-content\/uploads\/2023\/03\/ROC_7225-scaled.jpg?resize=525%2C300&ssl=1 1.5x, https:\/\/i0.wp.com\/chocolatlulu.com\/wp-content\/uploads\/2023\/03\/ROC_7225-scaled.jpg?resize=700%2C400&ssl=1 2x, https:\/\/i0.wp.com\/chocolatlulu.com\/wp-content\/uploads\/2023\/03\/ROC_7225-scaled.jpg?resize=1050%2C600&ssl=1 3x, https:\/\/i0.wp.com\/chocolatlulu.com\/wp-content\/uploads\/2023\/03\/ROC_7225-scaled.jpg?resize=1400%2C800&ssl=1 4x"},"classes":[]},{"id":7539,"url":"https:\/\/chocolatlulu.com\/en\/boutique\/panier-cadeaux\/panier-cadeau-delicieux-pour-noel\/","url_meta":{"origin":7100,"position":2},"title":"Panier cadeau avec P\u00e8re No\u00ebl en chocolat","author":"AdEnakLbVa","date":"24 March 2025","format":false,"excerpt":"[:fr]Contenu: Gros p\u00e8re no\u00ebl 150 gr. \u2013 Balais \u00e0 la guimauve (4) \u2013 pastilles au lait 60gr. \u2013 sucre d\u2019orge (2) \u2013 lunes de miel 1 pqt de 8 \u2013 Barre caramel 75 gr (1) \u2013 Barre aux amandes (1) \u2013 Perles Crispy \u2013 60 gr. \u2013 C\u00f4ne de bonbons\u2026","rel":"","context":"Similar post","block_context":{"text":"Similar post","link":""},"img":{"alt_text":"","src":"https:\/\/i0.wp.com\/chocolatlulu.com\/wp-content\/uploads\/2022\/11\/ROC_4083_compressed-scaled.jpg?resize=350%2C200&ssl=1","width":350,"height":200,"srcset":"https:\/\/i0.wp.com\/chocolatlulu.com\/wp-content\/uploads\/2022\/11\/ROC_4083_compressed-scaled.jpg?resize=350%2C200&ssl=1 1x, https:\/\/i0.wp.com\/chocolatlulu.com\/wp-content\/uploads\/2022\/11\/ROC_4083_compressed-scaled.jpg?resize=525%2C300&ssl=1 1.5x, https:\/\/i0.wp.com\/chocolatlulu.com\/wp-content\/uploads\/2022\/11\/ROC_4083_compressed-scaled.jpg?resize=700%2C400&ssl=1 2x, https:\/\/i0.wp.com\/chocolatlulu.com\/wp-content\/uploads\/2022\/11\/ROC_4083_compressed-scaled.jpg?resize=1050%2C600&ssl=1 3x, https:\/\/i0.wp.com\/chocolatlulu.com\/wp-content\/uploads\/2022\/11\/ROC_4083_compressed-scaled.jpg?resize=1400%2C800&ssl=1 4x"},"classes":[]},{"id":7630,"url":"https:\/\/chocolatlulu.com\/en\/boutique\/panier-cadeaux\/chocolats-entre-amoureux\/","url_meta":{"origin":7100,"position":3},"title":"Ma valentine","author":"AdEnakLbVa","date":"24 March 2025","format":false,"excerpt":"[:fr]Contenu: Lulu blossom (1) - Pastilles au lait 60gr. \u2013 Callets marbr\u00e9s 60gr. \u2013 Lunes de miel (pqt8) \u2013 balai \u00e0 la guimauve (2) \u2013 barre Belge (1) \u2013 Su\u00e7on chocolat au lait 25gr. (1) Perles 40gr. [:]","rel":"","context":"Similar post","block_context":{"text":"Similar post","link":""},"img":{"alt_text":"","src":"https:\/\/i0.wp.com\/chocolatlulu.com\/wp-content\/uploads\/2023\/02\/DSC_739-scaled.jpg?resize=350%2C200&ssl=1","width":350,"height":200,"srcset":"https:\/\/i0.wp.com\/chocolatlulu.com\/wp-content\/uploads\/2023\/02\/DSC_739-scaled.jpg?resize=350%2C200&ssl=1 1x, https:\/\/i0.wp.com\/chocolatlulu.com\/wp-content\/uploads\/2023\/02\/DSC_739-scaled.jpg?resize=525%2C300&ssl=1 1.5x, https:\/\/i0.wp.com\/chocolatlulu.com\/wp-content\/uploads\/2023\/02\/DSC_739-scaled.jpg?resize=700%2C400&ssl=1 2x, https:\/\/i0.wp.com\/chocolatlulu.com\/wp-content\/uploads\/2023\/02\/DSC_739-scaled.jpg?resize=1050%2C600&ssl=1 3x, https:\/\/i0.wp.com\/chocolatlulu.com\/wp-content\/uploads\/2023\/02\/DSC_739-scaled.jpg?resize=1400%2C800&ssl=1 4x"},"classes":[]},{"id":7515,"url":"https:\/\/chocolatlulu.com\/en\/boutique\/panier-cadeaux\/panier-cadeau-pour-lui\/","url_meta":{"origin":7100,"position":4},"title":"Panier cadeau on se g\u00e2te \u00e0 deux!","author":"AdEnakLbVa","date":"27 March 2025","format":false,"excerpt":"[:fr]Contenu : 4 balais guimauves - 1 - 900 gr. de pastilles - 1 sac de lunes de miel 380 gr. - 1 plaque aux noix - 1 - barre de chocolat au caramel 75 gr. - 1- barrre de chocolat\u00a0 aux amandes 75 gr. - 1- 1 sac de\u2026","rel":"","context":"Similar post","block_context":{"text":"Similar post","link":""},"img":{"alt_text":"","src":"https:\/\/i0.wp.com\/chocolatlulu.com\/wp-content\/uploads\/2022\/10\/Panier-cadeau-69.95-scaled.jpeg?resize=350%2C200&ssl=1","width":350,"height":200,"srcset":"https:\/\/i0.wp.com\/chocolatlulu.com\/wp-content\/uploads\/2022\/10\/Panier-cadeau-69.95-scaled.jpeg?resize=350%2C200&ssl=1 1x, https:\/\/i0.wp.com\/chocolatlulu.com\/wp-content\/uploads\/2022\/10\/Panier-cadeau-69.95-scaled.jpeg?resize=525%2C300&ssl=1 1.5x, https:\/\/i0.wp.com\/chocolatlulu.com\/wp-content\/uploads\/2022\/10\/Panier-cadeau-69.95-scaled.jpeg?resize=700%2C400&ssl=1 2x, https:\/\/i0.wp.com\/chocolatlulu.com\/wp-content\/uploads\/2022\/10\/Panier-cadeau-69.95-scaled.jpeg?resize=1050%2C600&ssl=1 3x, https:\/\/i0.wp.com\/chocolatlulu.com\/wp-content\/uploads\/2022\/10\/Panier-cadeau-69.95-scaled.jpeg?resize=1400%2C800&ssl=1 4x"},"classes":[]},{"id":7681,"url":"https:\/\/chocolatlulu.com\/en\/boutique\/panier-cadeaux\/a-deux-cest-mieux-3\/","url_meta":{"origin":7100,"position":5},"title":"Bourse de P\u00e2ques","author":"AdEnakLbVa","date":"27 March 2025","format":false,"excerpt":"[:fr]Contenu: Lulu blossom (1) \u2013 balais \u00e0 la guimauve (2) \u2013 Jujubes 150gr. \u00a0 \u2013 Pastilles chocolat au lait 60gr. - cornets caramel (2) \u2013 chocolat \u00e0 l\u2019unit\u00e9 (2) sucre d\u2019orge (1) callets 40 gr.- Poules (2) -[:]","rel":"","context":"Similar post","block_context":{"text":"Similar post","link":""},"img":{"alt_text":"","src":"https:\/\/i0.wp.com\/chocolatlulu.com\/wp-content\/uploads\/2023\/03\/ROC_7213-scaled.jpg?resize=350%2C200&ssl=1","width":350,"height":200,"srcset":"https:\/\/i0.wp.com\/chocolatlulu.com\/wp-content\/uploads\/2023\/03\/ROC_7213-scaled.jpg?resize=350%2C200&ssl=1 1x, https:\/\/i0.wp.com\/chocolatlulu.com\/wp-content\/uploads\/2023\/03\/ROC_7213-scaled.jpg?resize=525%2C300&ssl=1 1.5x, https:\/\/i0.wp.com\/chocolatlulu.com\/wp-content\/uploads\/2023\/03\/ROC_7213-scaled.jpg?resize=700%2C400&ssl=1 2x, https:\/\/i0.wp.com\/chocolatlulu.com\/wp-content\/uploads\/2023\/03\/ROC_7213-scaled.jpg?resize=1050%2C600&ssl=1 3x, https:\/\/i0.wp.com\/chocolatlulu.com\/wp-content\/uploads\/2023\/03\/ROC_7213-scaled.jpg?resize=1400%2C800&ssl=1 4x"},"classes":[]}],"_links":{"self":[{"href":"https:\/\/chocolatlulu.com\/en\/wp-json\/wp\/v2\/product\/7100","targetHints":{"allow":["GET"]}}],"collection":[{"href":"https:\/\/chocolatlulu.com\/en\/wp-json\/wp\/v2\/product"}],"about":[{"href":"https:\/\/chocolatlulu.com\/en\/wp-json\/wp\/v2\/types\/product"}],"replies":[{"embeddable":true,"href":"https:\/\/chocolatlulu.com\/en\/wp-json\/wp\/v2\/comments?post=7100"}],"wp:featuredmedia":[{"embeddable":true,"href":"https:\/\/chocolatlulu.com\/en\/wp-json\/wp\/v2\/media\/7720"}],"wp:attachment":[{"href":"https:\/\/chocolatlulu.com\/en\/wp-json\/wp\/v2\/media?parent=7100"}],"wp:term":[{"taxonomy":"product_brand","embeddable":true,"href":"https:\/\/chocolatlulu.com\/en\/wp-json\/wp\/v2\/product_brand?post=7100"},{"taxonomy":"product_cat","embeddable":true,"href":"https:\/\/chocolatlulu.com\/en\/wp-json\/wp\/v2\/product_cat?post=7100"},{"taxonomy":"product_tag","embeddable":true,"href":"https:\/\/chocolatlulu.com\/en\/wp-json\/wp\/v2\/product_tag?post=7100"}],"curies":[{"name":"wp","href":"https:\/\/api.w.org\/{rel}","templated":true}]}}