{"id":7336,"date":"2025-03-28T13:08:03","date_gmt":"2025-03-28T18:08:03","guid":{"rendered":"https:\/\/chocolatlulu.com\/?post_type=product&#038;p=7336"},"modified":"2025-04-22T09:52:37","modified_gmt":"2025-04-22T14:52:37","slug":"chocolats-de-paques-panier-rose-fushia","status":"publish","type":"product","link":"https:\/\/chocolatlulu.com\/en\/boutique\/panier-cadeaux\/chocolats-de-paques-panier-rose-fushia\/","title":{"rendered":"Chocolats de P\u00e2ques &#8211; Panier rose fushia"},"content":{"rendered":"<h3 class=\"p1\"><strong><span class=\"s1\">Contient: 1 barre \u00e0 fondue 454 gr \u2013 1 enveloppe popcorn 150 gr \u2013 8<span class=\"Apple-converted-space\">\u00a0 <\/span>poules &#8211; 3 barres de chocolat 75 gr \u2013 1 plaque aux noix <span class=\"Apple-converted-space\">\u00a0 <\/span>\u2013 1 c\u00f4ne jujubes 400 gr. \u2013<span class=\"Apple-converted-space\">\u00a0 <\/span>1 c\u00f4ne 100gr de perles &#8211; 1 sac 125 gr. d\u2019amandes enrob\u00e9es \u2013 1 boite de 6 bouch\u00e9es \u2013 1 lulu blossom 35gr. \u2013 6 cornets au caramel \u2013 1 figurine de<span class=\"Apple-converted-space\">\u00a0 <\/span>300 gr. 4 balais \u00e0 la guimauve<\/span><\/strong><\/h3>\n<p><strong><span style=\"color: #ff0000;\">*Chaque panier est unique et peut donc diff\u00e9rer de celui de la photo. Notez que la valeur des items contenus demeure la m\u00eame selon les arrangements.<\/span><\/strong><\/p>\n","protected":false},"excerpt":{"rendered":"<h3 class=\"p1\"><strong><span class=\"s1\">Contient: 1 barre \u00e0 fondue 454 gr \u2013 1 enveloppe popcorn 150 gr \u2013 8<span class=\"Apple-converted-space\">\u00a0 <\/span>poules &#8211; 3 barres de chocolat 75 gr \u2013 1 plaque aux noix <span class=\"Apple-converted-space\">\u00a0 <\/span>\u2013 1 c\u00f4ne jujubes 400 gr. \u2013<span class=\"Apple-converted-space\">\u00a0 <\/span>1 c\u00f4ne 100gr de perles &#8211; 1 sac 125 gr. d\u2019amandes enrob\u00e9es \u2013 1 boite de 6 bouch\u00e9es \u2013 1 lulu blossom 35gr. \u2013 6 cornets au caramel \u2013 1 figurine de<span class=\"Apple-converted-space\">\u00a0 <\/span>300 gr. 4 balais \u00e0 la guimauve <\/span><\/strong><\/h3>\n<p><strong><span style=\"color: #ff0000;\">*Chaque panier est unique et peut donc diff\u00e9rer de celui de la photo. Notez que la valeur des items contenus demeure la m\u00eame selon les arrangements.<\/span><\/strong><\/p>\n","protected":false},"featured_media":7337,"comment_status":"closed","ping_status":"closed","template":"","meta":{"jetpack_post_was_ever_published":false,"jetpack_publicize_message":"","jetpack_publicize_feature_enabled":true,"jetpack_social_post_already_shared":true,"jetpack_social_options":{"image_generator_settings":{"template":"highway","default_image_id":0,"font":"","enabled":false},"version":2}},"product_brand":[],"product_cat":[244],"product_tag":[],"class_list":{"0":"post-7336","1":"product","2":"type-product","3":"status-publish","4":"has-post-thumbnail","6":"product_cat-panier-cadeaux","7":"entry","8":"has-media","10":"first","11":"outofstock","12":"taxable","13":"shipping-taxable","14":"purchasable","15":"product-type-simple","16":"col","17":"span_1_of_3","18":"wvn-content-center","19":"wvn-thumbs-layout-horizontal","20":"wvn-btn-normal","21":"wvn-tabs-layout-horizontal","22":"has-no-thumbnails"},"yoast_head":"<!-- This site is optimized with the Yoast SEO plugin v27.2 - https:\/\/yoast.com\/product\/yoast-seo-wordpress\/ -->\n<title>Chocolats de P\u00e2ques - Panier rose fushia<\/title>\n<meta name=\"robots\" content=\"index, follow, max-snippet:-1, max-image-preview:large, max-video-preview:-1\" \/>\n<link rel=\"canonical\" href=\"https:\/\/chocolatlulu.com\/en\/boutique\/panier-cadeaux\/chocolats-de-paques-panier-rose-fushia\/\" \/>\n<meta property=\"og:locale\" content=\"fr_FR\" \/>\n<meta property=\"og:locale:alternate\" content=\"fr_FR\" \/>\n<meta property=\"og:type\" content=\"article\" \/>\n<meta property=\"og:title\" content=\"Chocolats de P\u00e2ques - Panier rose fushia\" \/>\n<meta property=\"og:description\" content=\"Contient: 1 barre \u00e0 fondue 454 gr \u2013 1 enveloppe popcorn 150 gr \u2013 8\u00a0 poules - 3 barres de chocolat 75 gr \u2013 1 plaque aux noix \u00a0 \u2013 1 c\u00f4ne jujubes 400 gr. \u2013\u00a0 1 c\u00f4ne 100gr de perles - 1 sac 125 gr. d\u2019amandes enrob\u00e9es \u2013 1 boite de 6 bouch\u00e9es \u2013 1 lulu blossom 35gr. \u2013 6 cornets au caramel \u2013 1 figurine de\u00a0 300 gr. 4 balais \u00e0 la guimauve  *Chaque panier est unique et peut donc diff\u00e9rer de celui de la photo. Notez que la valeur des items contenus demeure la m\u00eame selon les arrangements.\" \/>\n<meta property=\"og:url\" content=\"https:\/\/chocolatlulu.com\/en\/boutique\/panier-cadeaux\/chocolats-de-paques-panier-rose-fushia\/\" \/>\n<meta property=\"og:site_name\" content=\"Chocolat Lulu\" \/>\n<meta property=\"article:publisher\" content=\"https:\/\/www.facebook.com\/ChocolatsLulu\/\" \/>\n<meta property=\"article:modified_time\" content=\"2025-04-22T14:52:37+00:00\" \/>\n<meta property=\"og:image\" content=\"https:\/\/chocolatlulu.com\/wp-content\/uploads\/2022\/03\/compressjpgchocolat-lulu-pa\u0302ques-16889-scaled.jpeg\" \/>\n\t<meta property=\"og:image:width\" content=\"2560\" \/>\n\t<meta property=\"og:image:height\" content=\"2339\" \/>\n\t<meta property=\"og:image:type\" content=\"image\/jpeg\" \/>\n<meta name=\"twitter:card\" content=\"summary_large_image\" \/>\n<meta name=\"twitter:label1\" content=\"Dur\u00e9e de lecture estim\u00e9e\" \/>\n\t<meta name=\"twitter:data1\" content=\"1 minute\" \/>\n<script type=\"application\/ld+json\" class=\"yoast-schema-graph\">{\"@context\":\"https:\/\/schema.org\",\"@graph\":[{\"@type\":\"WebPage\",\"@id\":\"https:\/\/chocolatlulu.com\/en\/boutique\/panier-cadeaux\/chocolats-de-paques-panier-rose-fushia\/\",\"url\":\"https:\/\/chocolatlulu.com\/en\/boutique\/panier-cadeaux\/chocolats-de-paques-panier-rose-fushia\/\",\"name\":\"Chocolats de P\u00e2ques - Panier rose fushia\",\"isPartOf\":{\"@id\":\"https:\/\/chocolatlulu.com\/#website\"},\"primaryImageOfPage\":{\"@id\":\"https:\/\/chocolatlulu.com\/en\/boutique\/panier-cadeaux\/chocolats-de-paques-panier-rose-fushia\/#primaryimage\"},\"image\":{\"@id\":\"https:\/\/chocolatlulu.com\/en\/boutique\/panier-cadeaux\/chocolats-de-paques-panier-rose-fushia\/#primaryimage\"},\"thumbnailUrl\":\"https:\/\/chocolatlulu.com\/wp-content\/uploads\/2022\/03\/compressjpgchocolat-lulu-pa\u0302ques-16889-scaled.jpeg\",\"datePublished\":\"2025-03-28T18:08:03+00:00\",\"dateModified\":\"2025-04-22T14:52:37+00:00\",\"breadcrumb\":{\"@id\":\"https:\/\/chocolatlulu.com\/en\/boutique\/panier-cadeaux\/chocolats-de-paques-panier-rose-fushia\/#breadcrumb\"},\"inLanguage\":\"fr-FR\",\"potentialAction\":[{\"@type\":\"ReadAction\",\"target\":[\"https:\/\/chocolatlulu.com\/en\/boutique\/panier-cadeaux\/chocolats-de-paques-panier-rose-fushia\/\"]}]},{\"@type\":\"ImageObject\",\"inLanguage\":\"fr-FR\",\"@id\":\"https:\/\/chocolatlulu.com\/en\/boutique\/panier-cadeaux\/chocolats-de-paques-panier-rose-fushia\/#primaryimage\",\"url\":\"https:\/\/chocolatlulu.com\/wp-content\/uploads\/2022\/03\/compressjpgchocolat-lulu-pa\u0302ques-16889-scaled.jpeg\",\"contentUrl\":\"https:\/\/chocolatlulu.com\/wp-content\/uploads\/2022\/03\/compressjpgchocolat-lulu-pa\u0302ques-16889-scaled.jpeg\",\"width\":2560,\"height\":2339},{\"@type\":\"BreadcrumbList\",\"@id\":\"https:\/\/chocolatlulu.com\/en\/boutique\/panier-cadeaux\/chocolats-de-paques-panier-rose-fushia\/#breadcrumb\",\"itemListElement\":[{\"@type\":\"ListItem\",\"position\":1,\"name\":\"Accueil\",\"item\":\"https:\/\/chocolatlulu.com\/\"},{\"@type\":\"ListItem\",\"position\":2,\"name\":\"Boutique\",\"item\":\"https:\/\/chocolatlulu.com\/boutique\/\"},{\"@type\":\"ListItem\",\"position\":3,\"name\":\"Chocolats de P\u00e2ques &#8211; Panier rose fushia\"}]},{\"@type\":\"WebSite\",\"@id\":\"https:\/\/chocolatlulu.com\/#website\",\"url\":\"https:\/\/chocolatlulu.com\/\",\"name\":\"Chocolat Lulu\",\"description\":\"Chocolaterie, Bar Laitier !\",\"publisher\":{\"@id\":\"https:\/\/chocolatlulu.com\/#organization\"},\"potentialAction\":[{\"@type\":\"SearchAction\",\"target\":{\"@type\":\"EntryPoint\",\"urlTemplate\":\"https:\/\/chocolatlulu.com\/?s={search_term_string}\"},\"query-input\":{\"@type\":\"PropertyValueSpecification\",\"valueRequired\":true,\"valueName\":\"search_term_string\"}}],\"inLanguage\":\"fr-FR\"},{\"@type\":\"Organization\",\"@id\":\"https:\/\/chocolatlulu.com\/#organization\",\"name\":\"Chocolat Lulu\",\"url\":\"https:\/\/chocolatlulu.com\/\",\"logo\":{\"@type\":\"ImageObject\",\"inLanguage\":\"fr-FR\",\"@id\":\"https:\/\/chocolatlulu.com\/#\/schema\/logo\/image\/\",\"url\":\"https:\/\/chocolatlulu.com\/wp-content\/uploads\/2018\/09\/cropped-logotransparant.png\",\"contentUrl\":\"https:\/\/chocolatlulu.com\/wp-content\/uploads\/2018\/09\/cropped-logotransparant.png\",\"width\":512,\"height\":512,\"caption\":\"Chocolat Lulu\"},\"image\":{\"@id\":\"https:\/\/chocolatlulu.com\/#\/schema\/logo\/image\/\"},\"sameAs\":[\"https:\/\/www.facebook.com\/ChocolatsLulu\/\"]}]}<\/script>\n<!-- \/ Yoast SEO plugin. -->","yoast_head_json":{"title":"Chocolats de P\u00e2ques - Panier rose fushia","robots":{"index":"index","follow":"follow","max-snippet":"max-snippet:-1","max-image-preview":"max-image-preview:large","max-video-preview":"max-video-preview:-1"},"canonical":"https:\/\/chocolatlulu.com\/en\/boutique\/panier-cadeaux\/chocolats-de-paques-panier-rose-fushia\/","og_locale":"fr_FR","og_type":"article","og_title":"Chocolat Lulu [:fr]Chocolats de P\u00e2ques - Panier rose fushia[:] -","og_description":"Contient: 1 barre \u00e0 fondue 454 gr \u2013 1 enveloppe popcorn 150 gr \u2013 8\u00a0 poules - 3 barres de chocolat 75 gr \u2013 1 plaque aux noix \u00a0 \u2013 1 c\u00f4ne jujubes 400 gr. \u2013\u00a0 1 c\u00f4ne 100gr de perles - 1 sac 125 gr. d\u2019amandes enrob\u00e9es \u2013 1 boite de 6 bouch\u00e9es \u2013 1 lulu blossom 35gr. \u2013 6 cornets au caramel \u2013 1 figurine de\u00a0 300 gr. 4 balais \u00e0 la guimauve  *Chaque panier est unique et peut donc diff\u00e9rer de celui de la photo. Notez que la valeur des items contenus demeure la m\u00eame selon les arrangements.","og_url":"https:\/\/chocolatlulu.com\/en\/boutique\/panier-cadeaux\/chocolats-de-paques-panier-rose-fushia\/","og_site_name":"Chocolat Lulu","article_publisher":"https:\/\/www.facebook.com\/ChocolatsLulu\/","article_modified_time":"2025-04-22T14:52:37+00:00","og_image":[{"width":2560,"height":2339,"url":"https:\/\/chocolatlulu.com\/wp-content\/uploads\/2022\/03\/compressjpgchocolat-lulu-pa\u0302ques-16889-scaled.jpeg","type":"image\/jpeg"}],"twitter_card":"summary_large_image","twitter_misc":{"Dur\u00e9e de lecture estim\u00e9e":"1 minute"},"schema":{"@context":"https:\/\/schema.org","@graph":[{"@type":"WebPage","@id":"https:\/\/chocolatlulu.com\/en\/boutique\/panier-cadeaux\/chocolats-de-paques-panier-rose-fushia\/","url":"https:\/\/chocolatlulu.com\/en\/boutique\/panier-cadeaux\/chocolats-de-paques-panier-rose-fushia\/","name":"Chocolats de P\u00e2ques - Panier rose fushia","isPartOf":{"@id":"https:\/\/chocolatlulu.com\/#website"},"primaryImageOfPage":{"@id":"https:\/\/chocolatlulu.com\/en\/boutique\/panier-cadeaux\/chocolats-de-paques-panier-rose-fushia\/#primaryimage"},"image":{"@id":"https:\/\/chocolatlulu.com\/en\/boutique\/panier-cadeaux\/chocolats-de-paques-panier-rose-fushia\/#primaryimage"},"thumbnailUrl":"https:\/\/chocolatlulu.com\/wp-content\/uploads\/2022\/03\/compressjpgchocolat-lulu-pa\u0302ques-16889-scaled.jpeg","datePublished":"2025-03-28T18:08:03+00:00","dateModified":"2025-04-22T14:52:37+00:00","breadcrumb":{"@id":"https:\/\/chocolatlulu.com\/en\/boutique\/panier-cadeaux\/chocolats-de-paques-panier-rose-fushia\/#breadcrumb"},"inLanguage":"fr-FR","potentialAction":[{"@type":"ReadAction","target":["https:\/\/chocolatlulu.com\/en\/boutique\/panier-cadeaux\/chocolats-de-paques-panier-rose-fushia\/"]}]},{"@type":"ImageObject","inLanguage":"fr-FR","@id":"https:\/\/chocolatlulu.com\/en\/boutique\/panier-cadeaux\/chocolats-de-paques-panier-rose-fushia\/#primaryimage","url":"https:\/\/chocolatlulu.com\/wp-content\/uploads\/2022\/03\/compressjpgchocolat-lulu-pa\u0302ques-16889-scaled.jpeg","contentUrl":"https:\/\/chocolatlulu.com\/wp-content\/uploads\/2022\/03\/compressjpgchocolat-lulu-pa\u0302ques-16889-scaled.jpeg","width":2560,"height":2339},{"@type":"BreadcrumbList","@id":"https:\/\/chocolatlulu.com\/en\/boutique\/panier-cadeaux\/chocolats-de-paques-panier-rose-fushia\/#breadcrumb","itemListElement":[{"@type":"ListItem","position":1,"name":"Accueil","item":"https:\/\/chocolatlulu.com\/"},{"@type":"ListItem","position":2,"name":"Boutique","item":"https:\/\/chocolatlulu.com\/boutique\/"},{"@type":"ListItem","position":3,"name":"Chocolats de P\u00e2ques &#8211; Panier rose fushia"}]},{"@type":"WebSite","@id":"https:\/\/chocolatlulu.com\/#website","url":"https:\/\/chocolatlulu.com\/","name":"Chocolat Lulu","description":"Chocolaterie, Bar Laitier !","publisher":{"@id":"https:\/\/chocolatlulu.com\/#organization"},"potentialAction":[{"@type":"SearchAction","target":{"@type":"EntryPoint","urlTemplate":"https:\/\/chocolatlulu.com\/?s={search_term_string}"},"query-input":{"@type":"PropertyValueSpecification","valueRequired":true,"valueName":"search_term_string"}}],"inLanguage":"fr-FR"},{"@type":"Organization","@id":"https:\/\/chocolatlulu.com\/#organization","name":"Chocolat Lulu","url":"https:\/\/chocolatlulu.com\/","logo":{"@type":"ImageObject","inLanguage":"fr-FR","@id":"https:\/\/chocolatlulu.com\/#\/schema\/logo\/image\/","url":"https:\/\/chocolatlulu.com\/wp-content\/uploads\/2018\/09\/cropped-logotransparant.png","contentUrl":"https:\/\/chocolatlulu.com\/wp-content\/uploads\/2018\/09\/cropped-logotransparant.png","width":512,"height":512,"caption":"Chocolat Lulu"},"image":{"@id":"https:\/\/chocolatlulu.com\/#\/schema\/logo\/image\/"},"sameAs":["https:\/\/www.facebook.com\/ChocolatsLulu\/"]}]}},"jetpack_publicize_connections":[],"jetpack_sharing_enabled":true,"jetpack-related-posts":[{"id":6732,"url":"https:\/\/chocolatlulu.com\/en\/boutique\/panier-cadeaux\/panier-cadeau-st-valentin\/","url_meta":{"origin":7336,"position":0},"title":"Panier Il y a longtemps que je t&#8217;aime","author":"AdEnakLbVa","date":"27 March 2025","format":false,"excerpt":"[:fr]1 barre \u00e0 fondue 454 gr \u2013 1 enveloppe popcorn 150 gr \u2013 3 barres de chocolat 75 gr \u2013 1 plaque aux noix \u2013 4 balais guimauve 30 gr ch, - 1 sac\u00a0 pastilles 200 gr \u2013 1 enveloppe p\u00e9pites caramel 60 gr \u2013 1 c\u00f4ne jujubes 200 gr.\u2026","rel":"","context":"Similar post","block_context":{"text":"Similar post","link":""},"img":{"alt_text":"","src":"https:\/\/i0.wp.com\/chocolatlulu.com\/wp-content\/uploads\/2021\/01\/chocolat-lulu-saint-valentin-8999-scaled.jpg?resize=350%2C200&ssl=1","width":350,"height":200,"srcset":"https:\/\/i0.wp.com\/chocolatlulu.com\/wp-content\/uploads\/2021\/01\/chocolat-lulu-saint-valentin-8999-scaled.jpg?resize=350%2C200&ssl=1 1x, https:\/\/i0.wp.com\/chocolatlulu.com\/wp-content\/uploads\/2021\/01\/chocolat-lulu-saint-valentin-8999-scaled.jpg?resize=525%2C300&ssl=1 1.5x, https:\/\/i0.wp.com\/chocolatlulu.com\/wp-content\/uploads\/2021\/01\/chocolat-lulu-saint-valentin-8999-scaled.jpg?resize=700%2C400&ssl=1 2x, https:\/\/i0.wp.com\/chocolatlulu.com\/wp-content\/uploads\/2021\/01\/chocolat-lulu-saint-valentin-8999-scaled.jpg?resize=1050%2C600&ssl=1 3x, https:\/\/i0.wp.com\/chocolatlulu.com\/wp-content\/uploads\/2021\/01\/chocolat-lulu-saint-valentin-8999-scaled.jpg?resize=1400%2C800&ssl=1 4x"},"classes":[]},{"id":7695,"url":"https:\/\/chocolatlulu.com\/en\/boutique\/panier-cadeaux\/panier-oval-et-chocolats\/","url_meta":{"origin":7336,"position":1},"title":"Sublime panier de P\u00e2ques","author":"AdEnakLbVa","date":"22 April 2025","format":false,"excerpt":"[:fr]Contenu: 1 enveloppe popcorn 150 gr. \u2013 1 barre \u00e0 fondu 454 gr -1 lulu blossom 35gr \u2013 1 bte de 12 bouch\u00e9es saveurs vari\u00e9es \u2013 Pastilles chocolat 600gr. - 1 c\u00f4ne de jujubes 600 gr \u2013 4 cornets caramel \u2013 6 balais guimauve. \u2013 6 poules au lait -\u2026","rel":"","context":"Similar post","block_context":{"text":"Similar post","link":""},"img":{"alt_text":"","src":"https:\/\/i0.wp.com\/chocolatlulu.com\/wp-content\/uploads\/2023\/03\/ROC_7261-scaled.jpg?resize=350%2C200&ssl=1","width":350,"height":200,"srcset":"https:\/\/i0.wp.com\/chocolatlulu.com\/wp-content\/uploads\/2023\/03\/ROC_7261-scaled.jpg?resize=350%2C200&ssl=1 1x, https:\/\/i0.wp.com\/chocolatlulu.com\/wp-content\/uploads\/2023\/03\/ROC_7261-scaled.jpg?resize=525%2C300&ssl=1 1.5x, https:\/\/i0.wp.com\/chocolatlulu.com\/wp-content\/uploads\/2023\/03\/ROC_7261-scaled.jpg?resize=700%2C400&ssl=1 2x, https:\/\/i0.wp.com\/chocolatlulu.com\/wp-content\/uploads\/2023\/03\/ROC_7261-scaled.jpg?resize=1050%2C600&ssl=1 3x, https:\/\/i0.wp.com\/chocolatlulu.com\/wp-content\/uploads\/2023\/03\/ROC_7261-scaled.jpg?resize=1400%2C800&ssl=1 4x"},"classes":[]},{"id":7692,"url":"https:\/\/chocolatlulu.com\/en\/boutique\/panier-cadeaux\/panier-en-paille-et-chocolats\/","url_meta":{"origin":7336,"position":2},"title":"Panier P\u00e2ques oval et chocolats","author":"AdEnakLbVa","date":"22 April 2025","format":false,"excerpt":"[:fr]Contenu: 1 barre \u00e0 fondue 454 gr.\u00a0 \u2013 1 enveloppe popcorn 150 gr \u2013 1 c\u00f4ne de perles 100gr. \u2013 1\u00a0 c\u00f4ne de callets 100 gr. - 1 c\u00f4ne jujubes 400 gr \u2013 1 boite de 6 bouch\u00e9es \u2013 1 sac d\u2019amandes ou bleuets ou canneberges enrob\u00e9es 125 gr. \u2013\u2026","rel":"","context":"Similar post","block_context":{"text":"Similar post","link":""},"img":{"alt_text":"","src":"https:\/\/i0.wp.com\/chocolatlulu.com\/wp-content\/uploads\/2023\/03\/ROC_7252-scaled.jpg?resize=350%2C200&ssl=1","width":350,"height":200,"srcset":"https:\/\/i0.wp.com\/chocolatlulu.com\/wp-content\/uploads\/2023\/03\/ROC_7252-scaled.jpg?resize=350%2C200&ssl=1 1x, https:\/\/i0.wp.com\/chocolatlulu.com\/wp-content\/uploads\/2023\/03\/ROC_7252-scaled.jpg?resize=525%2C300&ssl=1 1.5x, https:\/\/i0.wp.com\/chocolatlulu.com\/wp-content\/uploads\/2023\/03\/ROC_7252-scaled.jpg?resize=700%2C400&ssl=1 2x, https:\/\/i0.wp.com\/chocolatlulu.com\/wp-content\/uploads\/2023\/03\/ROC_7252-scaled.jpg?resize=1050%2C600&ssl=1 3x, https:\/\/i0.wp.com\/chocolatlulu.com\/wp-content\/uploads\/2023\/03\/ROC_7252-scaled.jpg?resize=1400%2C800&ssl=1 4x"},"classes":[]},{"id":7373,"url":"https:\/\/chocolatlulu.com\/en\/boutique\/panier-cadeaux\/panier-bleu-avec-toutou\/","url_meta":{"origin":7336,"position":3},"title":"Panier P\u00e2ques bleu avec toutou","author":"AdEnakLbVa","date":"22 April 2025","format":false,"excerpt":"[:fr]Contient: 1 barre \u00e0 fondue 454 gr.\u00a0 \u2013 1 enveloppe popcorn 150 gr \u2013 1 c\u00f4ne jujubes 250 gr \u2013 1 enveloppe pastilles 60 gr \u2013 1 boite de 4 bouch\u00e9es \u2013 2 barres de chocolat 75 gr. \u2013 1 sac d\u2019amandes enrob\u00e9es 125 gr \u2013 perles crispy 150 gr\u2026","rel":"","context":"Similar post","block_context":{"text":"Similar post","link":""},"img":{"alt_text":"","src":"https:\/\/i0.wp.com\/chocolatlulu.com\/wp-content\/uploads\/2022\/03\/compressjpgchocolat-lulu-pa%CC%82ques-16896-scaled.jpeg?resize=350%2C200&ssl=1","width":350,"height":200,"srcset":"https:\/\/i0.wp.com\/chocolatlulu.com\/wp-content\/uploads\/2022\/03\/compressjpgchocolat-lulu-pa%CC%82ques-16896-scaled.jpeg?resize=350%2C200&ssl=1 1x, https:\/\/i0.wp.com\/chocolatlulu.com\/wp-content\/uploads\/2022\/03\/compressjpgchocolat-lulu-pa%CC%82ques-16896-scaled.jpeg?resize=525%2C300&ssl=1 1.5x, https:\/\/i0.wp.com\/chocolatlulu.com\/wp-content\/uploads\/2022\/03\/compressjpgchocolat-lulu-pa%CC%82ques-16896-scaled.jpeg?resize=700%2C400&ssl=1 2x, https:\/\/i0.wp.com\/chocolatlulu.com\/wp-content\/uploads\/2022\/03\/compressjpgchocolat-lulu-pa%CC%82ques-16896-scaled.jpeg?resize=1050%2C600&ssl=1 3x, https:\/\/i0.wp.com\/chocolatlulu.com\/wp-content\/uploads\/2022\/03\/compressjpgchocolat-lulu-pa%CC%82ques-16896-scaled.jpeg?resize=1400%2C800&ssl=1 4x"},"classes":[]},{"id":7655,"url":"https:\/\/chocolatlulu.com\/en\/boutique\/panier-cadeaux\/mes-yeux-petillent-pour-toi\/","url_meta":{"origin":7336,"position":4},"title":"A deux c&#8217;est mieux","author":"AdEnakLbVa","date":"27 March 2025","format":false,"excerpt":"[:fr]Contenu: 1 bte de 6 bouch\u00e9es saveurs vari\u00e9es \u2013 cornets au caramel (4) \u2013 1 barre \u00e0 fondue 454 gr. \u2013 1 enveloppe popcorn 125gr. \u2013 1 sachet de bleuets enrob\u00e9s 100 gr. \u2013 callets marbr\u00e9s 150gr. \u2013 Perles 100gr. \u2013 4 balais \u00e0 la guimauve \u2013 1 barre belge\u2026","rel":"","context":"Similar post","block_context":{"text":"Similar post","link":""},"img":{"alt_text":"","src":"https:\/\/i0.wp.com\/chocolatlulu.com\/wp-content\/uploads\/2023\/02\/DSC_794-scaled.jpg?resize=350%2C200&ssl=1","width":350,"height":200,"srcset":"https:\/\/i0.wp.com\/chocolatlulu.com\/wp-content\/uploads\/2023\/02\/DSC_794-scaled.jpg?resize=350%2C200&ssl=1 1x, https:\/\/i0.wp.com\/chocolatlulu.com\/wp-content\/uploads\/2023\/02\/DSC_794-scaled.jpg?resize=525%2C300&ssl=1 1.5x, https:\/\/i0.wp.com\/chocolatlulu.com\/wp-content\/uploads\/2023\/02\/DSC_794-scaled.jpg?resize=700%2C400&ssl=1 2x, https:\/\/i0.wp.com\/chocolatlulu.com\/wp-content\/uploads\/2023\/02\/DSC_794-scaled.jpg?resize=1050%2C600&ssl=1 3x, https:\/\/i0.wp.com\/chocolatlulu.com\/wp-content\/uploads\/2023\/02\/DSC_794-scaled.jpg?resize=1400%2C800&ssl=1 4x"},"classes":[]},{"id":7736,"url":"https:\/\/chocolatlulu.com\/en\/boutique\/panier-cadeaux\/la-mamounette\/","url_meta":{"origin":7336,"position":5},"title":"G\u00e2te-toi maman","author":"AdEnakLbVa","date":"27 March 2025","format":false,"excerpt":"[:fr]Cet ensemble cadeau contient les items suivants: 1 bte de 9 bouch\u00e9es saveurs vari\u00e9es \u2013 cornets au caramel (5) \u2013 1 barre \u00e0 fondue 454 gr. \u2013 1 enveloppe popcorn double caramel 125gr. \u2013 1 sachet d\u2019amandes enrob\u00e9es 125gr. \u2013 1 sachet de bleuets enrob\u00e9s 100 gr. - 1 sachet\u2026","rel":"","context":"Similar post","block_context":{"text":"Similar post","link":""},"img":{"alt_text":"","src":"https:\/\/i0.wp.com\/chocolatlulu.com\/wp-content\/uploads\/2021\/04\/ROC_2042-scaled.jpg?resize=350%2C200&ssl=1","width":350,"height":200,"srcset":"https:\/\/i0.wp.com\/chocolatlulu.com\/wp-content\/uploads\/2021\/04\/ROC_2042-scaled.jpg?resize=350%2C200&ssl=1 1x, https:\/\/i0.wp.com\/chocolatlulu.com\/wp-content\/uploads\/2021\/04\/ROC_2042-scaled.jpg?resize=525%2C300&ssl=1 1.5x, https:\/\/i0.wp.com\/chocolatlulu.com\/wp-content\/uploads\/2021\/04\/ROC_2042-scaled.jpg?resize=700%2C400&ssl=1 2x, https:\/\/i0.wp.com\/chocolatlulu.com\/wp-content\/uploads\/2021\/04\/ROC_2042-scaled.jpg?resize=1050%2C600&ssl=1 3x, https:\/\/i0.wp.com\/chocolatlulu.com\/wp-content\/uploads\/2021\/04\/ROC_2042-scaled.jpg?resize=1400%2C800&ssl=1 4x"},"classes":[]}],"_links":{"self":[{"href":"https:\/\/chocolatlulu.com\/en\/wp-json\/wp\/v2\/product\/7336","targetHints":{"allow":["GET"]}}],"collection":[{"href":"https:\/\/chocolatlulu.com\/en\/wp-json\/wp\/v2\/product"}],"about":[{"href":"https:\/\/chocolatlulu.com\/en\/wp-json\/wp\/v2\/types\/product"}],"replies":[{"embeddable":true,"href":"https:\/\/chocolatlulu.com\/en\/wp-json\/wp\/v2\/comments?post=7336"}],"wp:featuredmedia":[{"embeddable":true,"href":"https:\/\/chocolatlulu.com\/en\/wp-json\/wp\/v2\/media\/7337"}],"wp:attachment":[{"href":"https:\/\/chocolatlulu.com\/en\/wp-json\/wp\/v2\/media?parent=7336"}],"wp:term":[{"taxonomy":"product_brand","embeddable":true,"href":"https:\/\/chocolatlulu.com\/en\/wp-json\/wp\/v2\/product_brand?post=7336"},{"taxonomy":"product_cat","embeddable":true,"href":"https:\/\/chocolatlulu.com\/en\/wp-json\/wp\/v2\/product_cat?post=7336"},{"taxonomy":"product_tag","embeddable":true,"href":"https:\/\/chocolatlulu.com\/en\/wp-json\/wp\/v2\/product_tag?post=7336"}],"curies":[{"name":"wp","href":"https:\/\/api.w.org\/{rel}","templated":true}]}}