{"id":7372,"date":"2022-03-21T13:47:13","date_gmt":"2022-03-21T18:47:13","guid":{"rendered":"https:\/\/chocolatlulu.com\/?post_type=product&#038;p=7372"},"modified":"2025-03-27T19:43:01","modified_gmt":"2025-03-28T00:43:01","slug":"boites-surprise-de-paques","status":"publish","type":"product","link":"https:\/\/chocolatlulu.com\/en\/boutique\/panier-cadeaux\/boites-surprise-de-paques\/","title":{"rendered":"Bo\u00eetes surprise de P\u00e2ques"},"content":{"rendered":"<h3 class=\"p1\"><strong><span class=\"s1\">Contient: 1 Lulu blossom, 1 sachet de perles 40g, 1 balai \u00e0 la guimauve, 2 cornets au caramel, 1 c\u00f4ne de callets 40g, 1 su\u00e7on d&#8217;orge et 1 poule.\u00a0<\/span><\/strong><\/h3>\n<p><strong><span style=\"color: #ff0000;\">*Chaque panier est unique et peut donc diff\u00e9rer de celui de la photo. Notez que la valeur des items contenus demeure la m\u00eame selon les arrangements.<\/span><\/strong><\/p>\n","protected":false},"excerpt":{"rendered":"<h3 class=\"p1\"><strong><span class=\"s1\">Contient: Chocolats assortis, balais \u00e0 la guimauve, cherry blossom, cornet caramel au beurre et perles crispy.\u00a0\u00a0<\/span><\/strong><\/h3>\n<p><strong><span style=\"color: #ff0000;\">*Chaque panier est unique et peut donc diff\u00e9rer de celui de la photo. Notez que la valeur des items contenus demeure la m\u00eame selon les arrangements.<\/span><\/strong><\/p>\n","protected":false},"featured_media":0,"comment_status":"closed","ping_status":"closed","template":"","meta":{"jetpack_post_was_ever_published":false,"jetpack_publicize_message":"","jetpack_publicize_feature_enabled":true,"jetpack_social_post_already_shared":true,"jetpack_social_options":{"image_generator_settings":{"template":"highway","default_image_id":0,"font":"","enabled":false},"version":2}},"product_brand":[],"product_cat":[244],"product_tag":[],"class_list":{"0":"post-7372","1":"product","2":"type-product","3":"status-publish","5":"product_cat-panier-cadeaux","6":"entry","8":"first","9":"outofstock","10":"taxable","11":"shipping-taxable","12":"purchasable","13":"product-type-simple","14":"col","15":"span_1_of_3","16":"wvn-content-center","17":"wvn-thumbs-layout-horizontal","18":"wvn-btn-normal","19":"wvn-tabs-layout-horizontal","20":"has-no-thumbnails"},"yoast_head":"<!-- This site is optimized with the Yoast SEO plugin v27.2 - https:\/\/yoast.com\/product\/yoast-seo-wordpress\/ -->\n<title>Bo\u00eetes surprise de P\u00e2ques<\/title>\n<meta name=\"robots\" content=\"index, follow, max-snippet:-1, max-image-preview:large, max-video-preview:-1\" \/>\n<link rel=\"canonical\" href=\"https:\/\/chocolatlulu.com\/en\/boutique\/panier-cadeaux\/boites-surprise-de-paques\/\" \/>\n<meta property=\"og:locale\" content=\"fr_FR\" \/>\n<meta property=\"og:locale:alternate\" content=\"fr_FR\" \/>\n<meta property=\"og:type\" content=\"article\" \/>\n<meta property=\"og:title\" content=\"Bo\u00eetes surprise de P\u00e2ques\" \/>\n<meta property=\"og:description\" content=\"Contient: Chocolats assortis, balais \u00e0 la guimauve, cherry blossom, cornet caramel au beurre et perles crispy.\u00a0\u00a0 *Chaque panier est unique et peut donc diff\u00e9rer de celui de la photo. Notez que la valeur des items contenus demeure la m\u00eame selon les arrangements.\" \/>\n<meta property=\"og:url\" content=\"https:\/\/chocolatlulu.com\/en\/boutique\/panier-cadeaux\/boites-surprise-de-paques\/\" \/>\n<meta property=\"og:site_name\" content=\"Chocolat Lulu\" \/>\n<meta property=\"article:publisher\" content=\"https:\/\/www.facebook.com\/ChocolatsLulu\/\" \/>\n<meta property=\"article:modified_time\" content=\"2025-03-28T00:43:01+00:00\" \/>\n<meta name=\"twitter:card\" content=\"summary_large_image\" \/>\n<meta name=\"twitter:label1\" content=\"Dur\u00e9e de lecture estim\u00e9e\" \/>\n\t<meta name=\"twitter:data1\" content=\"1 minute\" \/>\n<script type=\"application\/ld+json\" class=\"yoast-schema-graph\">{\"@context\":\"https:\/\/schema.org\",\"@graph\":[{\"@type\":\"WebPage\",\"@id\":\"https:\/\/chocolatlulu.com\/en\/boutique\/panier-cadeaux\/boites-surprise-de-paques\/\",\"url\":\"https:\/\/chocolatlulu.com\/en\/boutique\/panier-cadeaux\/boites-surprise-de-paques\/\",\"name\":\"Bo\u00eetes surprise de P\u00e2ques\",\"isPartOf\":{\"@id\":\"https:\/\/chocolatlulu.com\/#website\"},\"datePublished\":\"2022-03-21T18:47:13+00:00\",\"dateModified\":\"2025-03-28T00:43:01+00:00\",\"breadcrumb\":{\"@id\":\"https:\/\/chocolatlulu.com\/en\/boutique\/panier-cadeaux\/boites-surprise-de-paques\/#breadcrumb\"},\"inLanguage\":\"fr-FR\",\"potentialAction\":[{\"@type\":\"ReadAction\",\"target\":[\"https:\/\/chocolatlulu.com\/en\/boutique\/panier-cadeaux\/boites-surprise-de-paques\/\"]}]},{\"@type\":\"BreadcrumbList\",\"@id\":\"https:\/\/chocolatlulu.com\/en\/boutique\/panier-cadeaux\/boites-surprise-de-paques\/#breadcrumb\",\"itemListElement\":[{\"@type\":\"ListItem\",\"position\":1,\"name\":\"Accueil\",\"item\":\"https:\/\/chocolatlulu.com\/\"},{\"@type\":\"ListItem\",\"position\":2,\"name\":\"Boutique\",\"item\":\"https:\/\/chocolatlulu.com\/boutique\/\"},{\"@type\":\"ListItem\",\"position\":3,\"name\":\"Bo\u00eetes surprise de P\u00e2ques\"}]},{\"@type\":\"WebSite\",\"@id\":\"https:\/\/chocolatlulu.com\/#website\",\"url\":\"https:\/\/chocolatlulu.com\/\",\"name\":\"Chocolat Lulu\",\"description\":\"Chocolaterie, Bar Laitier !\",\"publisher\":{\"@id\":\"https:\/\/chocolatlulu.com\/#organization\"},\"potentialAction\":[{\"@type\":\"SearchAction\",\"target\":{\"@type\":\"EntryPoint\",\"urlTemplate\":\"https:\/\/chocolatlulu.com\/?s={search_term_string}\"},\"query-input\":{\"@type\":\"PropertyValueSpecification\",\"valueRequired\":true,\"valueName\":\"search_term_string\"}}],\"inLanguage\":\"fr-FR\"},{\"@type\":\"Organization\",\"@id\":\"https:\/\/chocolatlulu.com\/#organization\",\"name\":\"Chocolat Lulu\",\"url\":\"https:\/\/chocolatlulu.com\/\",\"logo\":{\"@type\":\"ImageObject\",\"inLanguage\":\"fr-FR\",\"@id\":\"https:\/\/chocolatlulu.com\/#\/schema\/logo\/image\/\",\"url\":\"https:\/\/chocolatlulu.com\/wp-content\/uploads\/2018\/09\/cropped-logotransparant.png\",\"contentUrl\":\"https:\/\/chocolatlulu.com\/wp-content\/uploads\/2018\/09\/cropped-logotransparant.png\",\"width\":512,\"height\":512,\"caption\":\"Chocolat Lulu\"},\"image\":{\"@id\":\"https:\/\/chocolatlulu.com\/#\/schema\/logo\/image\/\"},\"sameAs\":[\"https:\/\/www.facebook.com\/ChocolatsLulu\/\"]}]}<\/script>\n<!-- \/ Yoast SEO plugin. -->","yoast_head_json":{"title":"Bo\u00eetes surprise de P\u00e2ques","robots":{"index":"index","follow":"follow","max-snippet":"max-snippet:-1","max-image-preview":"max-image-preview:large","max-video-preview":"max-video-preview:-1"},"canonical":"https:\/\/chocolatlulu.com\/en\/boutique\/panier-cadeaux\/boites-surprise-de-paques\/","og_locale":"fr_FR","og_type":"article","og_title":"Chocolat Lulu [:fr]Bo\u00eetes surprise de P\u00e2ques[:] -","og_description":"Contient: Chocolats assortis, balais \u00e0 la guimauve, cherry blossom, cornet caramel au beurre et perles crispy.\u00a0\u00a0 *Chaque panier est unique et peut donc diff\u00e9rer de celui de la photo. Notez que la valeur des items contenus demeure la m\u00eame selon les arrangements.","og_url":"https:\/\/chocolatlulu.com\/en\/boutique\/panier-cadeaux\/boites-surprise-de-paques\/","og_site_name":"Chocolat Lulu","article_publisher":"https:\/\/www.facebook.com\/ChocolatsLulu\/","article_modified_time":"2025-03-28T00:43:01+00:00","twitter_card":"summary_large_image","twitter_misc":{"Dur\u00e9e de lecture estim\u00e9e":"1 minute"},"schema":{"@context":"https:\/\/schema.org","@graph":[{"@type":"WebPage","@id":"https:\/\/chocolatlulu.com\/en\/boutique\/panier-cadeaux\/boites-surprise-de-paques\/","url":"https:\/\/chocolatlulu.com\/en\/boutique\/panier-cadeaux\/boites-surprise-de-paques\/","name":"Bo\u00eetes surprise de P\u00e2ques","isPartOf":{"@id":"https:\/\/chocolatlulu.com\/#website"},"datePublished":"2022-03-21T18:47:13+00:00","dateModified":"2025-03-28T00:43:01+00:00","breadcrumb":{"@id":"https:\/\/chocolatlulu.com\/en\/boutique\/panier-cadeaux\/boites-surprise-de-paques\/#breadcrumb"},"inLanguage":"fr-FR","potentialAction":[{"@type":"ReadAction","target":["https:\/\/chocolatlulu.com\/en\/boutique\/panier-cadeaux\/boites-surprise-de-paques\/"]}]},{"@type":"BreadcrumbList","@id":"https:\/\/chocolatlulu.com\/en\/boutique\/panier-cadeaux\/boites-surprise-de-paques\/#breadcrumb","itemListElement":[{"@type":"ListItem","position":1,"name":"Accueil","item":"https:\/\/chocolatlulu.com\/"},{"@type":"ListItem","position":2,"name":"Boutique","item":"https:\/\/chocolatlulu.com\/boutique\/"},{"@type":"ListItem","position":3,"name":"Bo\u00eetes surprise de P\u00e2ques"}]},{"@type":"WebSite","@id":"https:\/\/chocolatlulu.com\/#website","url":"https:\/\/chocolatlulu.com\/","name":"Chocolat Lulu","description":"Chocolaterie, Bar Laitier !","publisher":{"@id":"https:\/\/chocolatlulu.com\/#organization"},"potentialAction":[{"@type":"SearchAction","target":{"@type":"EntryPoint","urlTemplate":"https:\/\/chocolatlulu.com\/?s={search_term_string}"},"query-input":{"@type":"PropertyValueSpecification","valueRequired":true,"valueName":"search_term_string"}}],"inLanguage":"fr-FR"},{"@type":"Organization","@id":"https:\/\/chocolatlulu.com\/#organization","name":"Chocolat Lulu","url":"https:\/\/chocolatlulu.com\/","logo":{"@type":"ImageObject","inLanguage":"fr-FR","@id":"https:\/\/chocolatlulu.com\/#\/schema\/logo\/image\/","url":"https:\/\/chocolatlulu.com\/wp-content\/uploads\/2018\/09\/cropped-logotransparant.png","contentUrl":"https:\/\/chocolatlulu.com\/wp-content\/uploads\/2018\/09\/cropped-logotransparant.png","width":512,"height":512,"caption":"Chocolat Lulu"},"image":{"@id":"https:\/\/chocolatlulu.com\/#\/schema\/logo\/image\/"},"sameAs":["https:\/\/www.facebook.com\/ChocolatsLulu\/"]}]}},"jetpack_publicize_connections":[],"jetpack_sharing_enabled":true,"jetpack-related-posts":[{"id":7948,"url":"https:\/\/chocolatlulu.com\/en\/boutique\/panier-cadeaux\/choco-pour-mon-coco-2\/","url_meta":{"origin":7372,"position":0},"title":"Le Coeur de P\u00e2ques","author":"AdEnakLbVa","date":"22 April 2025","format":false,"excerpt":"[:fr]Contient: Pop corn 125 gr \u20133 barres chocolat 75gr \u2013 pastilles 60 gr \u2013 2 poules au lait\u00a0 \u2013 2 balais 20gr ch. - Un toutou *Chaque panier est unique et peut donc diff\u00e9rer de celui de la photo. Notez que la valeur des items contenus demeure la m\u00eame selon\u2026","rel":"","context":"Similar post","block_context":{"text":"Similar post","link":""},"img":{"alt_text":"","src":"","width":0,"height":0},"classes":[]},{"id":7940,"url":"https:\/\/chocolatlulu.com\/en\/boutique\/panier-cadeaux\/choco-pour-mon-coco\/","url_meta":{"origin":7372,"position":1},"title":"\u00c7a roule ma poule!","author":"AdEnakLbVa","date":"2 April 2025","format":false,"excerpt":"[:fr]Contient: Pop corn 125 gr \u20133 barres chocolat 75gr \u2013 pastilles 60 gr \u2013 2 poules au lait\u00a0 \u2013 2 balais 20gr ch. - Un toutou *Chaque panier est unique et peut donc diff\u00e9rer de celui de la photo. Notez que la valeur des items contenus demeure la m\u00eame selon\u2026","rel":"","context":"Similar post","block_context":{"text":"Similar post","link":""},"img":{"alt_text":"","src":"https:\/\/i0.wp.com\/chocolatlulu.com\/wp-content\/uploads\/2025\/03\/ROC_2945-scaled.jpg?resize=350%2C200&ssl=1","width":350,"height":200,"srcset":"https:\/\/i0.wp.com\/chocolatlulu.com\/wp-content\/uploads\/2025\/03\/ROC_2945-scaled.jpg?resize=350%2C200&ssl=1 1x, https:\/\/i0.wp.com\/chocolatlulu.com\/wp-content\/uploads\/2025\/03\/ROC_2945-scaled.jpg?resize=525%2C300&ssl=1 1.5x, https:\/\/i0.wp.com\/chocolatlulu.com\/wp-content\/uploads\/2025\/03\/ROC_2945-scaled.jpg?resize=700%2C400&ssl=1 2x, https:\/\/i0.wp.com\/chocolatlulu.com\/wp-content\/uploads\/2025\/03\/ROC_2945-scaled.jpg?resize=1050%2C600&ssl=1 3x, https:\/\/i0.wp.com\/chocolatlulu.com\/wp-content\/uploads\/2025\/03\/ROC_2945-scaled.jpg?resize=1400%2C800&ssl=1 4x"},"classes":[]},{"id":7941,"url":"https:\/\/chocolatlulu.com\/en\/boutique\/panier-cadeaux\/ca-roule-ma-poule\/","url_meta":{"origin":7372,"position":2},"title":"Le Bouquet Sucr\u00e9 de P\u00e2ques","author":"AdEnakLbVa","date":"22 April 2025","format":false,"excerpt":"[:fr]Contient: Pop corn 125 gr \u20133 barres chocolat 75gr \u2013 pastilles 60 gr \u2013 2 poules au lait\u00a0 \u2013 2 balais 20gr ch. - Un toutou *Chaque panier est unique et peut donc diff\u00e9rer de celui de la photo. Notez que la valeur des items contenus demeure la m\u00eame selon\u2026","rel":"","context":"Similar post","block_context":{"text":"Similar post","link":""},"img":{"alt_text":"","src":"https:\/\/i0.wp.com\/chocolatlulu.com\/wp-content\/uploads\/2025\/03\/ROC_2937-scaled.jpg?resize=350%2C200&ssl=1","width":350,"height":200,"srcset":"https:\/\/i0.wp.com\/chocolatlulu.com\/wp-content\/uploads\/2025\/03\/ROC_2937-scaled.jpg?resize=350%2C200&ssl=1 1x, https:\/\/i0.wp.com\/chocolatlulu.com\/wp-content\/uploads\/2025\/03\/ROC_2937-scaled.jpg?resize=525%2C300&ssl=1 1.5x, https:\/\/i0.wp.com\/chocolatlulu.com\/wp-content\/uploads\/2025\/03\/ROC_2937-scaled.jpg?resize=700%2C400&ssl=1 2x, https:\/\/i0.wp.com\/chocolatlulu.com\/wp-content\/uploads\/2025\/03\/ROC_2937-scaled.jpg?resize=1050%2C600&ssl=1 3x, https:\/\/i0.wp.com\/chocolatlulu.com\/wp-content\/uploads\/2025\/03\/ROC_2937-scaled.jpg?resize=1400%2C800&ssl=1 4x"},"classes":[]},{"id":7945,"url":"https:\/\/chocolatlulu.com\/en\/boutique\/panier-cadeaux\/les-plaisirs-de-paques-2\/","url_meta":{"origin":7372,"position":3},"title":"Panier de P\u00e2querettes Sucr\u00e9es","author":"AdEnakLbVa","date":"22 April 2025","format":false,"excerpt":"[:fr]Contient: Pop corn 125 gr \u20133 barres chocolat 75gr \u2013 pastilles 60 gr \u2013 2 poules au lait\u00a0 \u2013 2 balais 20gr ch. - Un toutou *Chaque panier est unique et peut donc diff\u00e9rer de celui de la photo. Notez que la valeur des items contenus demeure la m\u00eame selon\u2026","rel":"","context":"Similar post","block_context":{"text":"Similar post","link":""},"img":{"alt_text":"","src":"","width":0,"height":0},"classes":[]},{"id":7939,"url":"https:\/\/chocolatlulu.com\/en\/boutique\/panier-cadeaux\/choco-et-lapin-toutou-2\/","url_meta":{"origin":7372,"position":4},"title":"Choco pour mon coco","author":"AdEnakLbVa","date":"22 April 2025","format":false,"excerpt":"[:fr]Contient: Pop corn 125 gr \u20133 barres chocolat 75gr \u2013 pastilles 60 gr \u2013 2 poules au lait\u00a0 \u2013 2 balais 20gr ch. - Un toutou *Chaque panier est unique et peut donc diff\u00e9rer de celui de la photo. Notez que la valeur des items contenus demeure la m\u00eame selon\u2026","rel":"","context":"Similar post","block_context":{"text":"Similar post","link":""},"img":{"alt_text":"","src":"https:\/\/i0.wp.com\/chocolatlulu.com\/wp-content\/uploads\/2025\/03\/ROC_2951-scaled.jpg?resize=350%2C200&ssl=1","width":350,"height":200,"srcset":"https:\/\/i0.wp.com\/chocolatlulu.com\/wp-content\/uploads\/2025\/03\/ROC_2951-scaled.jpg?resize=350%2C200&ssl=1 1x, https:\/\/i0.wp.com\/chocolatlulu.com\/wp-content\/uploads\/2025\/03\/ROC_2951-scaled.jpg?resize=525%2C300&ssl=1 1.5x, https:\/\/i0.wp.com\/chocolatlulu.com\/wp-content\/uploads\/2025\/03\/ROC_2951-scaled.jpg?resize=700%2C400&ssl=1 2x, https:\/\/i0.wp.com\/chocolatlulu.com\/wp-content\/uploads\/2025\/03\/ROC_2951-scaled.jpg?resize=1050%2C600&ssl=1 3x, https:\/\/i0.wp.com\/chocolatlulu.com\/wp-content\/uploads\/2025\/03\/ROC_2951-scaled.jpg?resize=1400%2C800&ssl=1 4x"},"classes":[]},{"id":7336,"url":"https:\/\/chocolatlulu.com\/en\/boutique\/panier-cadeaux\/chocolats-de-paques-panier-rose-fushia\/","url_meta":{"origin":7372,"position":5},"title":"Chocolats de P\u00e2ques &#8211; Panier rose fushia","author":"AdEnakLbVa","date":"28 March 2025","format":false,"excerpt":"[:fr]Contient: 1 barre \u00e0 fondue 454 gr \u2013 1 enveloppe popcorn 150 gr \u2013 8\u00a0 poules - 3 barres de chocolat 75 gr \u2013 1 plaque aux noix \u00a0 \u2013 1 c\u00f4ne jujubes 400 gr. \u2013\u00a0 1 c\u00f4ne 100gr de perles - 1 sac 125 gr. d\u2019amandes enrob\u00e9es \u2013 1\u2026","rel":"","context":"Similar post","block_context":{"text":"Similar post","link":""},"img":{"alt_text":"","src":"https:\/\/i0.wp.com\/chocolatlulu.com\/wp-content\/uploads\/2022\/03\/compressjpgchocolat-lulu-pa%CC%82ques-16889-scaled.jpeg?resize=350%2C200&ssl=1","width":350,"height":200,"srcset":"https:\/\/i0.wp.com\/chocolatlulu.com\/wp-content\/uploads\/2022\/03\/compressjpgchocolat-lulu-pa%CC%82ques-16889-scaled.jpeg?resize=350%2C200&ssl=1 1x, https:\/\/i0.wp.com\/chocolatlulu.com\/wp-content\/uploads\/2022\/03\/compressjpgchocolat-lulu-pa%CC%82ques-16889-scaled.jpeg?resize=525%2C300&ssl=1 1.5x, https:\/\/i0.wp.com\/chocolatlulu.com\/wp-content\/uploads\/2022\/03\/compressjpgchocolat-lulu-pa%CC%82ques-16889-scaled.jpeg?resize=700%2C400&ssl=1 2x, https:\/\/i0.wp.com\/chocolatlulu.com\/wp-content\/uploads\/2022\/03\/compressjpgchocolat-lulu-pa%CC%82ques-16889-scaled.jpeg?resize=1050%2C600&ssl=1 3x, https:\/\/i0.wp.com\/chocolatlulu.com\/wp-content\/uploads\/2022\/03\/compressjpgchocolat-lulu-pa%CC%82ques-16889-scaled.jpeg?resize=1400%2C800&ssl=1 4x"},"classes":[]}],"_links":{"self":[{"href":"https:\/\/chocolatlulu.com\/en\/wp-json\/wp\/v2\/product\/7372","targetHints":{"allow":["GET"]}}],"collection":[{"href":"https:\/\/chocolatlulu.com\/en\/wp-json\/wp\/v2\/product"}],"about":[{"href":"https:\/\/chocolatlulu.com\/en\/wp-json\/wp\/v2\/types\/product"}],"replies":[{"embeddable":true,"href":"https:\/\/chocolatlulu.com\/en\/wp-json\/wp\/v2\/comments?post=7372"}],"wp:attachment":[{"href":"https:\/\/chocolatlulu.com\/en\/wp-json\/wp\/v2\/media?parent=7372"}],"wp:term":[{"taxonomy":"product_brand","embeddable":true,"href":"https:\/\/chocolatlulu.com\/en\/wp-json\/wp\/v2\/product_brand?post=7372"},{"taxonomy":"product_cat","embeddable":true,"href":"https:\/\/chocolatlulu.com\/en\/wp-json\/wp\/v2\/product_cat?post=7372"},{"taxonomy":"product_tag","embeddable":true,"href":"https:\/\/chocolatlulu.com\/en\/wp-json\/wp\/v2\/product_tag?post=7372"}],"curies":[{"name":"wp","href":"https:\/\/api.w.org\/{rel}","templated":true}]}}