{"id":7543,"date":"2025-03-24T18:34:58","date_gmt":"2025-03-24T23:34:58","guid":{"rendered":"https:\/\/chocolatlulu.com\/?post_type=product&#038;p=7543"},"modified":"2025-03-24T19:14:06","modified_gmt":"2025-03-25T00:14:06","slug":"chocolat-et-friandises-pour-noel","status":"publish","type":"product","link":"https:\/\/chocolatlulu.com\/en\/boutique\/panier-cadeaux\/chocolat-et-friandises-pour-noel\/","title":{"rendered":"Panier cadeau d\u00e9cadent pour No\u00ebl!"},"content":{"rendered":"<p class=\"p1\"><span class=\"s1\">1 gros p\u00e8re no\u00ebl 150 gr. \u2013 callets<span class=\"Apple-converted-space\">\u00a0 <\/span>100 gr. \u2013 Perles Crispy<span class=\"Apple-converted-space\">\u00a0 <\/span>100gr. \u2013 Lulu blossom \u2013 \u00c9corce de noix \u2013 1 sac de bleuets enrob\u00e9s 100 gr \u2013 1 sac d\u2019amandes enrob\u00e9es 125 gr. \u2013 1 sac de lunes de miel 380 gr. \u2013 su\u00e7on de no\u00ebl 60 gr. \u2013 Barre \u00e0 fondue 454 gr. \u2013 4 balais guimauve- 4 cornets au beurre \u2013 1 gobelet chocolat chaud ( chocolat chaud \u2013 guimauves- pastilles de chocolat) 150 gr<\/span><\/p>\n","protected":false},"excerpt":{"rendered":"<p class=\"p1\"><span class=\"s1\">Contenu: <\/span><span class=\"s1\">1 gros p\u00e8re no\u00ebl 150 gr. \u2013 callets<span class=\"Apple-converted-space\">\u00a0 <\/span>100 gr. \u2013 Perles Crispy<span class=\"Apple-converted-space\">\u00a0 <\/span>100gr. \u2013 Lulu blossom \u2013 \u00c9corce de noix \u2013 1 sac de bleuets enrob\u00e9s 100 gr \u2013 1 sac d\u2019amandes enrob\u00e9es 125 gr. \u2013 1 sac de lunes de miel 380 gr. \u2013 su\u00e7on de no\u00ebl 60 gr. \u2013 Barre \u00e0 fondue 454 gr. \u2013 4 balais guimauve- 4 cornets au beurre \u2013 1 gobelet chocolat chaud ( chocolat chaud \u2013 guimauves- pastilles de chocolat) 150 gr<\/span><\/p>\n","protected":false},"featured_media":7544,"comment_status":"closed","ping_status":"closed","template":"","meta":{"jetpack_post_was_ever_published":false,"jetpack_publicize_message":"","jetpack_publicize_feature_enabled":true,"jetpack_social_post_already_shared":true,"jetpack_social_options":{"image_generator_settings":{"template":"highway","default_image_id":0,"font":"","enabled":false},"version":2}},"product_brand":[],"product_cat":[244],"product_tag":[],"class_list":{"0":"post-7543","1":"product","2":"type-product","3":"status-publish","4":"has-post-thumbnail","6":"product_cat-panier-cadeaux","7":"entry","8":"has-media","10":"first","11":"outofstock","12":"taxable","13":"shipping-taxable","14":"purchasable","15":"product-type-simple","16":"col","17":"span_1_of_3","18":"wvn-content-center","19":"wvn-thumbs-layout-horizontal","20":"wvn-btn-normal","21":"wvn-tabs-layout-horizontal","22":"has-no-thumbnails"},"yoast_head":"<!-- This site is optimized with the Yoast SEO plugin v27.2 - https:\/\/yoast.com\/product\/yoast-seo-wordpress\/ -->\n<title>Panier cadeau d\u00e9cadent pour No\u00ebl!<\/title>\n<meta name=\"robots\" content=\"index, follow, max-snippet:-1, max-image-preview:large, max-video-preview:-1\" \/>\n<link rel=\"canonical\" href=\"https:\/\/chocolatlulu.com\/en\/boutique\/panier-cadeaux\/chocolat-et-friandises-pour-noel\/\" \/>\n<meta property=\"og:locale\" content=\"fr_FR\" \/>\n<meta property=\"og:locale:alternate\" content=\"fr_FR\" \/>\n<meta property=\"og:type\" content=\"article\" \/>\n<meta property=\"og:title\" content=\"Panier cadeau d\u00e9cadent pour No\u00ebl!\" \/>\n<meta property=\"og:description\" content=\"Contenu: 1 gros p\u00e8re no\u00ebl 150 gr. \u2013 callets\u00a0 100 gr. \u2013 Perles Crispy\u00a0 100gr. \u2013 Lulu blossom \u2013 \u00c9corce de noix \u2013 1 sac de bleuets enrob\u00e9s 100 gr \u2013 1 sac d\u2019amandes enrob\u00e9es 125 gr. \u2013 1 sac de lunes de miel 380 gr. \u2013 su\u00e7on de no\u00ebl 60 gr. \u2013 Barre \u00e0 fondue 454 gr. \u2013 4 balais guimauve- 4 cornets au beurre \u2013 1 gobelet chocolat chaud ( chocolat chaud \u2013 guimauves- pastilles de chocolat) 150 gr\" \/>\n<meta property=\"og:url\" content=\"https:\/\/chocolatlulu.com\/en\/boutique\/panier-cadeaux\/chocolat-et-friandises-pour-noel\/\" \/>\n<meta property=\"og:site_name\" content=\"Chocolat Lulu\" \/>\n<meta property=\"article:publisher\" content=\"https:\/\/www.facebook.com\/ChocolatsLulu\/\" \/>\n<meta property=\"article:modified_time\" content=\"2025-03-25T00:14:06+00:00\" \/>\n<meta property=\"og:image\" content=\"https:\/\/chocolatlulu.com\/wp-content\/uploads\/2022\/11\/ROC_4112_compressed-scaled.jpg\" \/>\n\t<meta property=\"og:image:width\" content=\"2560\" \/>\n\t<meta property=\"og:image:height\" content=\"2411\" \/>\n\t<meta property=\"og:image:type\" content=\"image\/jpeg\" \/>\n<meta name=\"twitter:card\" content=\"summary_large_image\" \/>\n<meta name=\"twitter:label1\" content=\"Dur\u00e9e de lecture estim\u00e9e\" \/>\n\t<meta name=\"twitter:data1\" content=\"1 minute\" \/>\n<script type=\"application\/ld+json\" class=\"yoast-schema-graph\">{\"@context\":\"https:\/\/schema.org\",\"@graph\":[{\"@type\":\"WebPage\",\"@id\":\"https:\/\/chocolatlulu.com\/en\/boutique\/panier-cadeaux\/chocolat-et-friandises-pour-noel\/\",\"url\":\"https:\/\/chocolatlulu.com\/en\/boutique\/panier-cadeaux\/chocolat-et-friandises-pour-noel\/\",\"name\":\"Panier cadeau d\u00e9cadent pour No\u00ebl!\",\"isPartOf\":{\"@id\":\"https:\/\/chocolatlulu.com\/#website\"},\"primaryImageOfPage\":{\"@id\":\"https:\/\/chocolatlulu.com\/en\/boutique\/panier-cadeaux\/chocolat-et-friandises-pour-noel\/#primaryimage\"},\"image\":{\"@id\":\"https:\/\/chocolatlulu.com\/en\/boutique\/panier-cadeaux\/chocolat-et-friandises-pour-noel\/#primaryimage\"},\"thumbnailUrl\":\"https:\/\/chocolatlulu.com\/wp-content\/uploads\/2022\/11\/ROC_4112_compressed-scaled.jpg\",\"datePublished\":\"2025-03-24T23:34:58+00:00\",\"dateModified\":\"2025-03-25T00:14:06+00:00\",\"breadcrumb\":{\"@id\":\"https:\/\/chocolatlulu.com\/en\/boutique\/panier-cadeaux\/chocolat-et-friandises-pour-noel\/#breadcrumb\"},\"inLanguage\":\"fr-FR\",\"potentialAction\":[{\"@type\":\"ReadAction\",\"target\":[\"https:\/\/chocolatlulu.com\/en\/boutique\/panier-cadeaux\/chocolat-et-friandises-pour-noel\/\"]}]},{\"@type\":\"ImageObject\",\"inLanguage\":\"fr-FR\",\"@id\":\"https:\/\/chocolatlulu.com\/en\/boutique\/panier-cadeaux\/chocolat-et-friandises-pour-noel\/#primaryimage\",\"url\":\"https:\/\/chocolatlulu.com\/wp-content\/uploads\/2022\/11\/ROC_4112_compressed-scaled.jpg\",\"contentUrl\":\"https:\/\/chocolatlulu.com\/wp-content\/uploads\/2022\/11\/ROC_4112_compressed-scaled.jpg\",\"width\":2560,\"height\":2411},{\"@type\":\"BreadcrumbList\",\"@id\":\"https:\/\/chocolatlulu.com\/en\/boutique\/panier-cadeaux\/chocolat-et-friandises-pour-noel\/#breadcrumb\",\"itemListElement\":[{\"@type\":\"ListItem\",\"position\":1,\"name\":\"Accueil\",\"item\":\"https:\/\/chocolatlulu.com\/\"},{\"@type\":\"ListItem\",\"position\":2,\"name\":\"Boutique\",\"item\":\"https:\/\/chocolatlulu.com\/boutique\/\"},{\"@type\":\"ListItem\",\"position\":3,\"name\":\"Panier cadeau d\u00e9cadent pour No\u00ebl!\"}]},{\"@type\":\"WebSite\",\"@id\":\"https:\/\/chocolatlulu.com\/#website\",\"url\":\"https:\/\/chocolatlulu.com\/\",\"name\":\"Chocolat Lulu\",\"description\":\"Chocolaterie, Bar Laitier !\",\"publisher\":{\"@id\":\"https:\/\/chocolatlulu.com\/#organization\"},\"potentialAction\":[{\"@type\":\"SearchAction\",\"target\":{\"@type\":\"EntryPoint\",\"urlTemplate\":\"https:\/\/chocolatlulu.com\/?s={search_term_string}\"},\"query-input\":{\"@type\":\"PropertyValueSpecification\",\"valueRequired\":true,\"valueName\":\"search_term_string\"}}],\"inLanguage\":\"fr-FR\"},{\"@type\":\"Organization\",\"@id\":\"https:\/\/chocolatlulu.com\/#organization\",\"name\":\"Chocolat Lulu\",\"url\":\"https:\/\/chocolatlulu.com\/\",\"logo\":{\"@type\":\"ImageObject\",\"inLanguage\":\"fr-FR\",\"@id\":\"https:\/\/chocolatlulu.com\/#\/schema\/logo\/image\/\",\"url\":\"https:\/\/chocolatlulu.com\/wp-content\/uploads\/2018\/09\/cropped-logotransparant.png\",\"contentUrl\":\"https:\/\/chocolatlulu.com\/wp-content\/uploads\/2018\/09\/cropped-logotransparant.png\",\"width\":512,\"height\":512,\"caption\":\"Chocolat Lulu\"},\"image\":{\"@id\":\"https:\/\/chocolatlulu.com\/#\/schema\/logo\/image\/\"},\"sameAs\":[\"https:\/\/www.facebook.com\/ChocolatsLulu\/\"]}]}<\/script>\n<!-- \/ Yoast SEO plugin. -->","yoast_head_json":{"title":"Panier cadeau d\u00e9cadent pour No\u00ebl!","robots":{"index":"index","follow":"follow","max-snippet":"max-snippet:-1","max-image-preview":"max-image-preview:large","max-video-preview":"max-video-preview:-1"},"canonical":"https:\/\/chocolatlulu.com\/en\/boutique\/panier-cadeaux\/chocolat-et-friandises-pour-noel\/","og_locale":"fr_FR","og_type":"article","og_title":"Chocolat Lulu [:fr]Panier cadeau d\u00e9cadent pour No\u00ebl![:] -","og_description":"Contenu: 1 gros p\u00e8re no\u00ebl 150 gr. \u2013 callets\u00a0 100 gr. \u2013 Perles Crispy\u00a0 100gr. \u2013 Lulu blossom \u2013 \u00c9corce de noix \u2013 1 sac de bleuets enrob\u00e9s 100 gr \u2013 1 sac d\u2019amandes enrob\u00e9es 125 gr. \u2013 1 sac de lunes de miel 380 gr. \u2013 su\u00e7on de no\u00ebl 60 gr. \u2013 Barre \u00e0 fondue 454 gr. \u2013 4 balais guimauve- 4 cornets au beurre \u2013 1 gobelet chocolat chaud ( chocolat chaud \u2013 guimauves- pastilles de chocolat) 150 gr","og_url":"https:\/\/chocolatlulu.com\/en\/boutique\/panier-cadeaux\/chocolat-et-friandises-pour-noel\/","og_site_name":"Chocolat Lulu","article_publisher":"https:\/\/www.facebook.com\/ChocolatsLulu\/","article_modified_time":"2025-03-25T00:14:06+00:00","og_image":[{"width":2560,"height":2411,"url":"https:\/\/chocolatlulu.com\/wp-content\/uploads\/2022\/11\/ROC_4112_compressed-scaled.jpg","type":"image\/jpeg"}],"twitter_card":"summary_large_image","twitter_misc":{"Dur\u00e9e de lecture estim\u00e9e":"1 minute"},"schema":{"@context":"https:\/\/schema.org","@graph":[{"@type":"WebPage","@id":"https:\/\/chocolatlulu.com\/en\/boutique\/panier-cadeaux\/chocolat-et-friandises-pour-noel\/","url":"https:\/\/chocolatlulu.com\/en\/boutique\/panier-cadeaux\/chocolat-et-friandises-pour-noel\/","name":"Panier cadeau d\u00e9cadent pour No\u00ebl!","isPartOf":{"@id":"https:\/\/chocolatlulu.com\/#website"},"primaryImageOfPage":{"@id":"https:\/\/chocolatlulu.com\/en\/boutique\/panier-cadeaux\/chocolat-et-friandises-pour-noel\/#primaryimage"},"image":{"@id":"https:\/\/chocolatlulu.com\/en\/boutique\/panier-cadeaux\/chocolat-et-friandises-pour-noel\/#primaryimage"},"thumbnailUrl":"https:\/\/chocolatlulu.com\/wp-content\/uploads\/2022\/11\/ROC_4112_compressed-scaled.jpg","datePublished":"2025-03-24T23:34:58+00:00","dateModified":"2025-03-25T00:14:06+00:00","breadcrumb":{"@id":"https:\/\/chocolatlulu.com\/en\/boutique\/panier-cadeaux\/chocolat-et-friandises-pour-noel\/#breadcrumb"},"inLanguage":"fr-FR","potentialAction":[{"@type":"ReadAction","target":["https:\/\/chocolatlulu.com\/en\/boutique\/panier-cadeaux\/chocolat-et-friandises-pour-noel\/"]}]},{"@type":"ImageObject","inLanguage":"fr-FR","@id":"https:\/\/chocolatlulu.com\/en\/boutique\/panier-cadeaux\/chocolat-et-friandises-pour-noel\/#primaryimage","url":"https:\/\/chocolatlulu.com\/wp-content\/uploads\/2022\/11\/ROC_4112_compressed-scaled.jpg","contentUrl":"https:\/\/chocolatlulu.com\/wp-content\/uploads\/2022\/11\/ROC_4112_compressed-scaled.jpg","width":2560,"height":2411},{"@type":"BreadcrumbList","@id":"https:\/\/chocolatlulu.com\/en\/boutique\/panier-cadeaux\/chocolat-et-friandises-pour-noel\/#breadcrumb","itemListElement":[{"@type":"ListItem","position":1,"name":"Accueil","item":"https:\/\/chocolatlulu.com\/"},{"@type":"ListItem","position":2,"name":"Boutique","item":"https:\/\/chocolatlulu.com\/boutique\/"},{"@type":"ListItem","position":3,"name":"Panier cadeau d\u00e9cadent pour No\u00ebl!"}]},{"@type":"WebSite","@id":"https:\/\/chocolatlulu.com\/#website","url":"https:\/\/chocolatlulu.com\/","name":"Chocolat Lulu","description":"Chocolaterie, Bar Laitier !","publisher":{"@id":"https:\/\/chocolatlulu.com\/#organization"},"potentialAction":[{"@type":"SearchAction","target":{"@type":"EntryPoint","urlTemplate":"https:\/\/chocolatlulu.com\/?s={search_term_string}"},"query-input":{"@type":"PropertyValueSpecification","valueRequired":true,"valueName":"search_term_string"}}],"inLanguage":"fr-FR"},{"@type":"Organization","@id":"https:\/\/chocolatlulu.com\/#organization","name":"Chocolat Lulu","url":"https:\/\/chocolatlulu.com\/","logo":{"@type":"ImageObject","inLanguage":"fr-FR","@id":"https:\/\/chocolatlulu.com\/#\/schema\/logo\/image\/","url":"https:\/\/chocolatlulu.com\/wp-content\/uploads\/2018\/09\/cropped-logotransparant.png","contentUrl":"https:\/\/chocolatlulu.com\/wp-content\/uploads\/2018\/09\/cropped-logotransparant.png","width":512,"height":512,"caption":"Chocolat Lulu"},"image":{"@id":"https:\/\/chocolatlulu.com\/#\/schema\/logo\/image\/"},"sameAs":["https:\/\/www.facebook.com\/ChocolatsLulu\/"]}]}},"jetpack_publicize_connections":[],"jetpack_sharing_enabled":true,"jetpack-related-posts":[{"id":7547,"url":"https:\/\/chocolatlulu.com\/en\/boutique\/panier-cadeaux\/panier-cadeau-decadent-pour-noel-2\/","url_meta":{"origin":7543,"position":0},"title":"Panier cadeau &#8211; On se g\u00e2te pour No\u00ebl","author":"AdEnakLbVa","date":"24 March 2025","format":false,"excerpt":"[:fr]Contenu:\u00a0 Gros p\u00e8re 150 gr. - Barre fondue 454 gr.- 1 sac de bleuets enrob\u00e9s 100 gr. \u2013 1 sac d\u2019amandes enrob\u00e9es 125 gr. \u2013 Callets 100 gr \u2013 perles crispy 100 gr. \u2013 1 Lulu blossom \u2013 1 \u00e9corce aux noix - 1 sac de lunes de miel 380\u2026","rel":"","context":"Similar post","block_context":{"text":"Similar post","link":""},"img":{"alt_text":"","src":"https:\/\/i0.wp.com\/chocolatlulu.com\/wp-content\/uploads\/2022\/12\/ROC_4104_compressed-scaled.jpg?resize=350%2C200&ssl=1","width":350,"height":200,"srcset":"https:\/\/i0.wp.com\/chocolatlulu.com\/wp-content\/uploads\/2022\/12\/ROC_4104_compressed-scaled.jpg?resize=350%2C200&ssl=1 1x, https:\/\/i0.wp.com\/chocolatlulu.com\/wp-content\/uploads\/2022\/12\/ROC_4104_compressed-scaled.jpg?resize=525%2C300&ssl=1 1.5x, https:\/\/i0.wp.com\/chocolatlulu.com\/wp-content\/uploads\/2022\/12\/ROC_4104_compressed-scaled.jpg?resize=700%2C400&ssl=1 2x, https:\/\/i0.wp.com\/chocolatlulu.com\/wp-content\/uploads\/2022\/12\/ROC_4104_compressed-scaled.jpg?resize=1050%2C600&ssl=1 3x, https:\/\/i0.wp.com\/chocolatlulu.com\/wp-content\/uploads\/2022\/12\/ROC_4104_compressed-scaled.jpg?resize=1400%2C800&ssl=1 4x"},"classes":[]},{"id":7540,"url":"https:\/\/chocolatlulu.com\/en\/boutique\/panier-cadeaux\/panier-cadeau-avec-pere-noel-en-chocolat\/","url_meta":{"origin":7543,"position":1},"title":"Chocolat et friandises pour No\u00ebl","author":"AdEnakLbVa","date":"24 March 2025","format":false,"excerpt":"[:fr]Contenu: 1 sac de 900 gr. de pastilles au lait \u2013 1 bonbonni\u00e8res de 24 bouch\u00e9es \u2013 16 balais \u00e0 la guimauve \u2013 lunes de miel 250gr. \u2013 1 c\u00f4ne de bonbons 600 gr. \u2013 1 enveloppe de popcorn 125 gr. \u2013 \u00e9corce de noix \u2013 callets 60 gr. \u2013\u2026","rel":"","context":"Similar post","block_context":{"text":"Similar post","link":""},"img":{"alt_text":"","src":"https:\/\/i0.wp.com\/chocolatlulu.com\/wp-content\/uploads\/2022\/11\/ROC_4133_compressed-scaled.jpg?resize=350%2C200&ssl=1","width":350,"height":200,"srcset":"https:\/\/i0.wp.com\/chocolatlulu.com\/wp-content\/uploads\/2022\/11\/ROC_4133_compressed-scaled.jpg?resize=350%2C200&ssl=1 1x, https:\/\/i0.wp.com\/chocolatlulu.com\/wp-content\/uploads\/2022\/11\/ROC_4133_compressed-scaled.jpg?resize=525%2C300&ssl=1 1.5x, https:\/\/i0.wp.com\/chocolatlulu.com\/wp-content\/uploads\/2022\/11\/ROC_4133_compressed-scaled.jpg?resize=700%2C400&ssl=1 2x, https:\/\/i0.wp.com\/chocolatlulu.com\/wp-content\/uploads\/2022\/11\/ROC_4133_compressed-scaled.jpg?resize=1050%2C600&ssl=1 3x, https:\/\/i0.wp.com\/chocolatlulu.com\/wp-content\/uploads\/2022\/11\/ROC_4133_compressed-scaled.jpg?resize=1400%2C800&ssl=1 4x"},"classes":[]},{"id":7692,"url":"https:\/\/chocolatlulu.com\/en\/boutique\/panier-cadeaux\/panier-en-paille-et-chocolats\/","url_meta":{"origin":7543,"position":2},"title":"Panier P\u00e2ques oval et chocolats","author":"AdEnakLbVa","date":"22 April 2025","format":false,"excerpt":"[:fr]Contenu: 1 barre \u00e0 fondue 454 gr.\u00a0 \u2013 1 enveloppe popcorn 150 gr \u2013 1 c\u00f4ne de perles 100gr. \u2013 1\u00a0 c\u00f4ne de callets 100 gr. - 1 c\u00f4ne jujubes 400 gr \u2013 1 boite de 6 bouch\u00e9es \u2013 1 sac d\u2019amandes ou bleuets ou canneberges enrob\u00e9es 125 gr. \u2013\u2026","rel":"","context":"Similar post","block_context":{"text":"Similar post","link":""},"img":{"alt_text":"","src":"https:\/\/i0.wp.com\/chocolatlulu.com\/wp-content\/uploads\/2023\/03\/ROC_7252-scaled.jpg?resize=350%2C200&ssl=1","width":350,"height":200,"srcset":"https:\/\/i0.wp.com\/chocolatlulu.com\/wp-content\/uploads\/2023\/03\/ROC_7252-scaled.jpg?resize=350%2C200&ssl=1 1x, https:\/\/i0.wp.com\/chocolatlulu.com\/wp-content\/uploads\/2023\/03\/ROC_7252-scaled.jpg?resize=525%2C300&ssl=1 1.5x, https:\/\/i0.wp.com\/chocolatlulu.com\/wp-content\/uploads\/2023\/03\/ROC_7252-scaled.jpg?resize=700%2C400&ssl=1 2x, https:\/\/i0.wp.com\/chocolatlulu.com\/wp-content\/uploads\/2023\/03\/ROC_7252-scaled.jpg?resize=1050%2C600&ssl=1 3x, https:\/\/i0.wp.com\/chocolatlulu.com\/wp-content\/uploads\/2023\/03\/ROC_7252-scaled.jpg?resize=1400%2C800&ssl=1 4x"},"classes":[]},{"id":7336,"url":"https:\/\/chocolatlulu.com\/en\/boutique\/panier-cadeaux\/chocolats-de-paques-panier-rose-fushia\/","url_meta":{"origin":7543,"position":3},"title":"Chocolats de P\u00e2ques &#8211; Panier rose fushia","author":"AdEnakLbVa","date":"28 March 2025","format":false,"excerpt":"[:fr]Contient: 1 barre \u00e0 fondue 454 gr \u2013 1 enveloppe popcorn 150 gr \u2013 8\u00a0 poules - 3 barres de chocolat 75 gr \u2013 1 plaque aux noix \u00a0 \u2013 1 c\u00f4ne jujubes 400 gr. \u2013\u00a0 1 c\u00f4ne 100gr de perles - 1 sac 125 gr. d\u2019amandes enrob\u00e9es \u2013 1\u2026","rel":"","context":"Similar post","block_context":{"text":"Similar post","link":""},"img":{"alt_text":"","src":"https:\/\/i0.wp.com\/chocolatlulu.com\/wp-content\/uploads\/2022\/03\/compressjpgchocolat-lulu-pa%CC%82ques-16889-scaled.jpeg?resize=350%2C200&ssl=1","width":350,"height":200,"srcset":"https:\/\/i0.wp.com\/chocolatlulu.com\/wp-content\/uploads\/2022\/03\/compressjpgchocolat-lulu-pa%CC%82ques-16889-scaled.jpeg?resize=350%2C200&ssl=1 1x, https:\/\/i0.wp.com\/chocolatlulu.com\/wp-content\/uploads\/2022\/03\/compressjpgchocolat-lulu-pa%CC%82ques-16889-scaled.jpeg?resize=525%2C300&ssl=1 1.5x, https:\/\/i0.wp.com\/chocolatlulu.com\/wp-content\/uploads\/2022\/03\/compressjpgchocolat-lulu-pa%CC%82ques-16889-scaled.jpeg?resize=700%2C400&ssl=1 2x, https:\/\/i0.wp.com\/chocolatlulu.com\/wp-content\/uploads\/2022\/03\/compressjpgchocolat-lulu-pa%CC%82ques-16889-scaled.jpeg?resize=1050%2C600&ssl=1 3x, https:\/\/i0.wp.com\/chocolatlulu.com\/wp-content\/uploads\/2022\/03\/compressjpgchocolat-lulu-pa%CC%82ques-16889-scaled.jpeg?resize=1400%2C800&ssl=1 4x"},"classes":[]},{"id":7551,"url":"https:\/\/chocolatlulu.com\/en\/boutique\/panier-cadeaux\/panier-cadeau-on-se-gate-pour-noel\/","url_meta":{"origin":7543,"position":4},"title":"Panier cadeau &#8211; No\u00ebl gourmand","author":"AdEnakLbVa","date":"24 March 2025","format":false,"excerpt":"[:fr]Contenu:\u00a01 barre \u00e0 fondue 454 gr.\u00a0 \u2013 1 enveloppe popcorn 150 gr \u2013 1 c\u00f4ne jujubes 250 gr \u2013 1 enveloppe pastilles 60 gr \u2013 1 boite de 4 bouch\u00e9es \u2013\u00a0 \u2013 1 sac d\u2019amandes enrob\u00e9es 125 gr \u2013 perles crispy 150 gr \u2013 1 plaque aux noix \u2013Chacun \u2013\u2026","rel":"","context":"Similar post","block_context":{"text":"Similar post","link":""},"img":{"alt_text":"","src":"https:\/\/i0.wp.com\/chocolatlulu.com\/wp-content\/uploads\/2022\/12\/ROC_4086_compressed-scaled.jpg?resize=350%2C200&ssl=1","width":350,"height":200,"srcset":"https:\/\/i0.wp.com\/chocolatlulu.com\/wp-content\/uploads\/2022\/12\/ROC_4086_compressed-scaled.jpg?resize=350%2C200&ssl=1 1x, https:\/\/i0.wp.com\/chocolatlulu.com\/wp-content\/uploads\/2022\/12\/ROC_4086_compressed-scaled.jpg?resize=525%2C300&ssl=1 1.5x, https:\/\/i0.wp.com\/chocolatlulu.com\/wp-content\/uploads\/2022\/12\/ROC_4086_compressed-scaled.jpg?resize=700%2C400&ssl=1 2x, https:\/\/i0.wp.com\/chocolatlulu.com\/wp-content\/uploads\/2022\/12\/ROC_4086_compressed-scaled.jpg?resize=1050%2C600&ssl=1 3x, https:\/\/i0.wp.com\/chocolatlulu.com\/wp-content\/uploads\/2022\/12\/ROC_4086_compressed-scaled.jpg?resize=1400%2C800&ssl=1 4x"},"classes":[]},{"id":7373,"url":"https:\/\/chocolatlulu.com\/en\/boutique\/panier-cadeaux\/panier-bleu-avec-toutou\/","url_meta":{"origin":7543,"position":5},"title":"Panier P\u00e2ques bleu avec toutou","author":"AdEnakLbVa","date":"22 April 2025","format":false,"excerpt":"[:fr]Contient: 1 barre \u00e0 fondue 454 gr.\u00a0 \u2013 1 enveloppe popcorn 150 gr \u2013 1 c\u00f4ne jujubes 250 gr \u2013 1 enveloppe pastilles 60 gr \u2013 1 boite de 4 bouch\u00e9es \u2013 2 barres de chocolat 75 gr. \u2013 1 sac d\u2019amandes enrob\u00e9es 125 gr \u2013 perles crispy 150 gr\u2026","rel":"","context":"Similar post","block_context":{"text":"Similar post","link":""},"img":{"alt_text":"","src":"https:\/\/i0.wp.com\/chocolatlulu.com\/wp-content\/uploads\/2022\/03\/compressjpgchocolat-lulu-pa%CC%82ques-16896-scaled.jpeg?resize=350%2C200&ssl=1","width":350,"height":200,"srcset":"https:\/\/i0.wp.com\/chocolatlulu.com\/wp-content\/uploads\/2022\/03\/compressjpgchocolat-lulu-pa%CC%82ques-16896-scaled.jpeg?resize=350%2C200&ssl=1 1x, https:\/\/i0.wp.com\/chocolatlulu.com\/wp-content\/uploads\/2022\/03\/compressjpgchocolat-lulu-pa%CC%82ques-16896-scaled.jpeg?resize=525%2C300&ssl=1 1.5x, https:\/\/i0.wp.com\/chocolatlulu.com\/wp-content\/uploads\/2022\/03\/compressjpgchocolat-lulu-pa%CC%82ques-16896-scaled.jpeg?resize=700%2C400&ssl=1 2x, https:\/\/i0.wp.com\/chocolatlulu.com\/wp-content\/uploads\/2022\/03\/compressjpgchocolat-lulu-pa%CC%82ques-16896-scaled.jpeg?resize=1050%2C600&ssl=1 3x, https:\/\/i0.wp.com\/chocolatlulu.com\/wp-content\/uploads\/2022\/03\/compressjpgchocolat-lulu-pa%CC%82ques-16896-scaled.jpeg?resize=1400%2C800&ssl=1 4x"},"classes":[]}],"_links":{"self":[{"href":"https:\/\/chocolatlulu.com\/en\/wp-json\/wp\/v2\/product\/7543","targetHints":{"allow":["GET"]}}],"collection":[{"href":"https:\/\/chocolatlulu.com\/en\/wp-json\/wp\/v2\/product"}],"about":[{"href":"https:\/\/chocolatlulu.com\/en\/wp-json\/wp\/v2\/types\/product"}],"replies":[{"embeddable":true,"href":"https:\/\/chocolatlulu.com\/en\/wp-json\/wp\/v2\/comments?post=7543"}],"wp:featuredmedia":[{"embeddable":true,"href":"https:\/\/chocolatlulu.com\/en\/wp-json\/wp\/v2\/media\/7544"}],"wp:attachment":[{"href":"https:\/\/chocolatlulu.com\/en\/wp-json\/wp\/v2\/media?parent=7543"}],"wp:term":[{"taxonomy":"product_brand","embeddable":true,"href":"https:\/\/chocolatlulu.com\/en\/wp-json\/wp\/v2\/product_brand?post=7543"},{"taxonomy":"product_cat","embeddable":true,"href":"https:\/\/chocolatlulu.com\/en\/wp-json\/wp\/v2\/product_cat?post=7543"},{"taxonomy":"product_tag","embeddable":true,"href":"https:\/\/chocolatlulu.com\/en\/wp-json\/wp\/v2\/product_tag?post=7543"}],"curies":[{"name":"wp","href":"https:\/\/api.w.org\/{rel}","templated":true}]}}